{"id":8376,"date":"2025-01-26T10:46:33","date_gmt":"2025-01-26T09:46:33","guid":{"rendered":"https:\/\/fontaine-chamonix.com\/skifahren-und-skilanglauf\/"},"modified":"2025-07-18T14:40:27","modified_gmt":"2025-07-18T12:40:27","slug":"skifahren-und-skilanglauf","status":"publish","type":"page","link":"https:\/\/fontaine-chamonix.com\/it\/skifahren-und-skilanglauf\/","title":{"rendered":"Sci e sci di fondo"},"content":{"rendered":"\t\t<div data-elementor-type=\"wp-page\" data-elementor-id=\"8376\" class=\"elementor elementor-8376 elementor-7390\" data-elementor-post-type=\"page\">\n\t\t\t\t<div data-dce-background-image-url=\"https:\/\/fontaine-chamonix.com\/wp-content\/uploads\/2024\/12\/richard-kemp-lXbctKX97-w-unsplash-1-scaled.jpg\" class=\"elementor-element elementor-element-41bdd6cb e-con-full e-flex e-con e-parent\" data-id=\"41bdd6cb\" data-element_type=\"container\" data-e-type=\"container\" data-settings=\"{&quot;background_background&quot;:&quot;classic&quot;,&quot;jet_parallax_layout_list&quot;:[]}\">\n\t\t\t\t<div data-dce-title-color=\"#FFFFFF\" class=\"elementor-element elementor-element-7111a490 elementor-widget elementor-widget-heading\" data-id=\"7111a490\" data-element_type=\"widget\" data-e-type=\"widget\" data-widget_type=\"heading.default\">\n\t\t\t\t\t<h1 class=\"elementor-heading-title elementor-size-default\">Sci e sci di fondo<\/h1>\t\t\t\t<\/div>\n\t\t\t\t<\/div>\n\t\t<div class=\"elementor-element elementor-element-1cb01371 e-con-full e-flex e-con e-parent\" data-id=\"1cb01371\" data-element_type=\"container\" data-e-type=\"container\" data-settings=\"{&quot;jet_parallax_layout_list&quot;:[]}\">\n\t\t\t\t<div class=\"elementor-element elementor-element-2bd6296e elementor-widget elementor-widget-shortcode\" data-id=\"2bd6296e\" data-element_type=\"widget\" data-e-type=\"widget\" data-widget_type=\"shortcode.default\">\n\t\t\t\t\t\t\t<div class=\"elementor-shortcode\"><nav aria-label=\"breadcrumbs\" class=\"rank-math-breadcrumb\"><p><span class=\"last\">Accueil<\/span><\/p><\/nav><\/div>\n\t\t\t\t\t\t<\/div>\n\t\t\t\t<\/div>\n\t\t<div class=\"elementor-element elementor-element-2836bcf0 e-con-full e-flex e-con e-parent\" data-id=\"2836bcf0\" data-element_type=\"container\" data-e-type=\"container\" data-settings=\"{&quot;jet_parallax_layout_list&quot;:[]}\">\n\t\t<div class=\"elementor-element elementor-element-37e3b03e e-con-full e-flex e-con e-child\" data-id=\"37e3b03e\" data-element_type=\"container\" data-e-type=\"container\" data-settings=\"{&quot;background_background&quot;:&quot;classic&quot;,&quot;jet_parallax_layout_list&quot;:[]}\">\n\t\t\t\t<div data-dce-title-color=\"#212028\" class=\"elementor-element elementor-element-7429699d elementor-widget elementor-widget-heading\" data-id=\"7429699d\" data-element_type=\"widget\" data-e-type=\"widget\" data-widget_type=\"heading.default\">\n\t\t\t\t\t<h2 class=\"elementor-heading-title elementor-size-default\">Sciare nella valle di Chamonix<\/h2>\t\t\t\t<\/div>\n\t\t\t\t<div class=\"elementor-element elementor-element-206c538c elementor-widget elementor-widget-text-editor\" data-id=\"206c538c\" data-element_type=\"widget\" data-e-type=\"widget\" data-widget_type=\"text-editor.default\">\n\t\t\t\t\t\t\t\t\t<p>Cosa c&#8217;\u00e8 di pi\u00f9 bello che sciare di fronte al Monte Bianco?<br \/>Sciare nella Valle di Chamonix-Mont-Blanc \u00e8 un&#8217;esperienza indimenticabile su piste leggendarie. Che siate principianti o esperti, troverete aree sciistiche adatte a tutte le capacit\u00e0, con l&#8217;imponente Monte Bianco come sfondo.<\/p>\n\t\t\t\t\t\t\t\t<\/div>\n\t\t<div class=\"elementor-element elementor-element-75062d3b e-con-full e-flex e-con e-child\" data-id=\"75062d3b\" data-element_type=\"container\" data-e-type=\"container\" data-settings=\"{&quot;jet_parallax_layout_list&quot;:[]}\">\n\t\t<div class=\"elementor-element elementor-element-2f5972de e-con-full e-flex e-con e-child\" data-id=\"2f5972de\" data-element_type=\"container\" data-e-type=\"container\" data-settings=\"{&quot;jet_parallax_layout_list&quot;:[]}\">\n\t\t\t\t<div data-dce-title-color=\"#000000\" class=\"elementor-element elementor-element-64e86c5c elementor-widget elementor-widget-heading\" data-id=\"64e86c5c\" data-element_type=\"widget\" data-e-type=\"widget\" data-widget_type=\"heading.default\">\n\t\t\t\t\t<h2 class=\"elementor-heading-title elementor-size-default\">I domini<\/h2>\t\t\t\t<\/div>\n\t\t\t\t<div class=\"elementor-element elementor-element-eedf6ce elementor-widget elementor-widget-text-editor\" data-id=\"eedf6ce\" data-element_type=\"widget\" data-e-type=\"widget\" data-widget_type=\"text-editor.default\">\n\t\t\t\t\t\t\t\t\t<p>Le aree sciistiche di <a href=\"https:\/\/www.leshouches.com\/\" target=\"_blank\" rel=\"noopener\">Les Houches<\/a>, <a href=\"https:\/\/www.montblancnaturalresort.com\/brevent\" target=\"_blank\" rel=\"noopener\">Br\u00e9vent<\/a>, <a href=\"https:\/\/www.montblancnaturalresort.com\/flegere\" target=\"_blank\" rel=\"noopener\">Fl\u00e9g\u00e8re<\/a>, <a href=\"https:\/\/www.montblancnaturalresort.com\/grands-montets\" target=\"_blank\" rel=\"noopener\">Grands-Montets<\/a> e <a href=\"https:\/\/www.montblancnaturalresort.com\/balme\" target=\"_blank\" rel=\"noopener\">Balme<\/a> vi accolgono per un&#8217;esperienza adrenalinica, che si tratti di curve scolpite sulle piste, salti nello snowpark o ricerca di neve fresca nel freeride.<\/p>\n<p>La <a href=\"https:\/\/www.chamonix.com\/\" target=\"_blank\" rel=\"noopener\">Valle di Chamonix-Mont-Blanc<\/a> offre una grande variet\u00e0 di piste, dislivelli ed esposizioni. Gli sciatori esperti vivranno un&#8217;avventura unica godendo di panorami mozzafiato! I principianti e i bambini potranno perfezionare il loro &#8220;plant\u00e9 de b\u00e2ton&#8221; nelle aree sciistiche a bassa quota della valle: <a href=\"https:\/\/www.chamonix.com\/le-tourchet\" target=\"_blank\" rel=\"noopener\">Le Tourchet<\/a>, <a href=\"https:\/\/www.chamonix.com\/le-savoy\" target=\"_blank\" rel=\"noopener\">Le Savoy<\/a>, <a href=\"https:\/\/www.chamonix.com\/les-planards\" target=\"_blank\" rel=\"noopener\">Les Planards<\/a>, <a href=\"https:\/\/www.chamonix.com\/les-chosalets\" target=\"_blank\" rel=\"noopener\">Les Chosalets<\/a>, <a href=\"https:\/\/www.chamonix.com\/la-vormaine\" target=\"_blank\" rel=\"noopener\">La Vormaine<\/a> o <a href=\"https:\/\/www.chamonix.com\/la-poya\" target=\"_blank\" rel=\"noopener\">La Poya<\/a>.<\/p>\n\t\t\t\t\t\t\t\t<\/div>\n\t\t\t\t<div class=\"elementor-element elementor-element-faeb91a elementor-widget elementor-widget-button\" data-id=\"faeb91a\" data-element_type=\"widget\" data-e-type=\"widget\" data-widget_type=\"button.default\">\n\t\t\t\t\t\t\t\t\t\t<a class=\"elementor-button elementor-button-link elementor-size-sm\" href=\"https:\/\/www.chamonix.com\/activites\/hiver\/ski\/forfaits-de-ski\" target=\"_blank\" rel=\"noopener\">\n\t\t\t\t\t\t<span class=\"elementor-button-content-wrapper\">\n\t\t\t\t\t\t\t\t\t<span class=\"elementor-button-text\">Pacchetti<\/span>\n\t\t\t\t\t<\/span>\n\t\t\t\t\t<\/a>\n\t\t\t\t\t\t\t\t<\/div>\n\t\t\t\t<div class=\"elementor-element elementor-element-8732bee elementor-widget elementor-widget-button\" data-id=\"8732bee\" data-element_type=\"widget\" data-e-type=\"widget\" data-widget_type=\"button.default\">\n\t\t\t\t\t\t\t\t\t\t<a class=\"elementor-button elementor-button-link elementor-size-sm\" href=\"https:\/\/live.skiplan.com\/moduleweb\/2.0\/chamonix_hiver_general.php\" target=\"_blank\" rel=\"noopener\">\n\t\t\t\t\t\t<span class=\"elementor-button-content-wrapper\">\n\t\t\t\t\t\t\t\t\t<span class=\"elementor-button-text\">Consulta la mappa interattiva<\/span>\n\t\t\t\t\t<\/span>\n\t\t\t\t\t<\/a>\n\t\t\t\t\t\t\t\t<\/div>\n\t\t\t\t<\/div>\n\t\t<div class=\"elementor-element elementor-element-b2a505 e-con-full e-flex e-con e-child\" data-id=\"b2a505\" data-element_type=\"container\" data-e-type=\"container\" data-settings=\"{&quot;background_background&quot;:&quot;slideshow&quot;,&quot;background_slideshow_gallery&quot;:[{&quot;id&quot;:7403,&quot;url&quot;:&quot;https:\\\/\\\/fontaine-chamonix.com\\\/wp-content\\\/uploads\\\/2025\\\/01\\\/dmitriy-karfagenskiy-GxkUMF40sI8-unsplash-1-scaled.jpg&quot;}],&quot;background_slideshow_slide_duration&quot;:2000,&quot;jet_parallax_layout_list&quot;:[],&quot;background_slideshow_loop&quot;:&quot;yes&quot;,&quot;background_slideshow_slide_transition&quot;:&quot;fade&quot;,&quot;background_slideshow_transition_duration&quot;:500}\">\n\t\t\t\t<\/div>\n\t\t\t\t<\/div>\n\t\t\t\t<div class=\"elementor-element elementor-element-24c9fcc6 elementor-widget elementor-widget-spacer\" data-id=\"24c9fcc6\" data-element_type=\"widget\" data-e-type=\"widget\" data-widget_type=\"spacer.default\">\n\t\t\t\t\t\t\t<div class=\"elementor-spacer\">\n\t\t\t<div class=\"elementor-spacer-inner\"><\/div>\n\t\t<\/div>\n\t\t\t\t\t\t<\/div>\n\t\t<div class=\"elementor-element elementor-element-32acfcce e-con-full e-flex e-con e-child\" data-id=\"32acfcce\" data-element_type=\"container\" data-e-type=\"container\" data-settings=\"{&quot;jet_parallax_layout_list&quot;:[]}\">\n\t\t<div class=\"elementor-element elementor-element-bcc9a29 e-con-full e-flex e-con e-child\" data-id=\"bcc9a29\" data-element_type=\"container\" data-e-type=\"container\" data-settings=\"{&quot;background_background&quot;:&quot;slideshow&quot;,&quot;background_slideshow_gallery&quot;:[{&quot;id&quot;:7413,&quot;url&quot;:&quot;https:\\\/\\\/fontaine-chamonix.com\\\/wp-content\\\/uploads\\\/2025\\\/01\\\/pexels-pixabay-257961-1-scaled.jpg&quot;}],&quot;background_slideshow_slide_duration&quot;:2000,&quot;jet_parallax_layout_list&quot;:[],&quot;background_slideshow_loop&quot;:&quot;yes&quot;,&quot;background_slideshow_slide_transition&quot;:&quot;fade&quot;,&quot;background_slideshow_transition_duration&quot;:500}\">\n\t\t\t\t<\/div>\n\t\t<div class=\"elementor-element elementor-element-23023384 e-con-full e-flex e-con e-child\" data-id=\"23023384\" data-element_type=\"container\" data-e-type=\"container\" data-settings=\"{&quot;jet_parallax_layout_list&quot;:[]}\">\n\t\t\t\t<div data-dce-title-color=\"#000000\" class=\"elementor-element elementor-element-7b1f85af elementor-widget elementor-widget-heading\" data-id=\"7b1f85af\" data-element_type=\"widget\" data-e-type=\"widget\" data-widget_type=\"heading.default\">\n\t\t\t\t\t<h2 class=\"elementor-heading-title elementor-size-default\">Noleggio<\/h2>\t\t\t\t<\/div>\n\t\t\t\t<div class=\"elementor-element elementor-element-3f13be5c elementor-widget elementor-widget-text-editor\" data-id=\"3f13be5c\" data-element_type=\"widget\" data-e-type=\"widget\" data-widget_type=\"text-editor.default\">\n\t\t\t\t\t\t\t\t\t<p>Sia che preferiate una sciata rilassante o che cerchiate emozioni su piste sportive, i professionisti del noleggio sono a vostra disposizione per guidarvi e offrirvi consigli su misura per le vostre esigenze.<\/p>\n\t\t\t\t\t\t\t\t<\/div>\n\t\t\t\t<div class=\"elementor-element elementor-element-686e0136 elementor-widget elementor-widget-button\" data-id=\"686e0136\" data-element_type=\"widget\" data-e-type=\"widget\" data-widget_type=\"button.default\">\n\t\t\t\t\t\t\t\t\t\t<a class=\"elementor-button elementor-button-link elementor-size-sm\" href=\"https:\/\/www.chamonix.com\/activites\/hiver\/le-ski-dans-la-vallee-de-chamonix-mont-blanc\/location-de-ski-et-snowboard\" target=\"_blank\" rel=\"noopener\">\n\t\t\t\t\t\t<span class=\"elementor-button-content-wrapper\">\n\t\t\t\t\t\t\t\t\t<span class=\"elementor-button-text\">Per saperne di pi\u00f9<\/span>\n\t\t\t\t\t<\/span>\n\t\t\t\t\t<\/a>\n\t\t\t\t\t\t\t\t<\/div>\n\t\t\t\t<\/div>\n\t\t\t\t<\/div>\n\t\t\t\t<div class=\"elementor-element elementor-element-742c6844 elementor-widget elementor-widget-spacer\" data-id=\"742c6844\" data-element_type=\"widget\" data-e-type=\"widget\" data-widget_type=\"spacer.default\">\n\t\t\t\t\t\t\t<div class=\"elementor-spacer\">\n\t\t\t<div class=\"elementor-spacer-inner\"><\/div>\n\t\t<\/div>\n\t\t\t\t\t\t<\/div>\n\t\t<div class=\"elementor-element elementor-element-4019a581 e-con-full e-flex e-con e-child\" data-id=\"4019a581\" data-element_type=\"container\" data-e-type=\"container\" data-settings=\"{&quot;jet_parallax_layout_list&quot;:[]}\">\n\t\t<div class=\"elementor-element elementor-element-48089796 e-con-full e-flex e-con e-child\" data-id=\"48089796\" data-element_type=\"container\" data-e-type=\"container\" data-settings=\"{&quot;jet_parallax_layout_list&quot;:[]}\">\n\t\t<div class=\"elementor-element elementor-element-4a337df e-con-full e-flex e-con e-child\" data-id=\"4a337df\" data-element_type=\"container\" data-e-type=\"container\" data-settings=\"{&quot;jet_parallax_layout_list&quot;:[]}\">\n\t\t\t\t<div data-dce-title-color=\"#000000\" class=\"elementor-element elementor-element-6488fe64 elementor-widget elementor-widget-heading\" data-id=\"6488fe64\" data-element_type=\"widget\" data-e-type=\"widget\" data-widget_type=\"heading.default\">\n\t\t\t\t\t<h2 class=\"elementor-heading-title elementor-size-default\">Sci di fondo<\/h2>\t\t\t\t<\/div>\n\t\t\t\t<div class=\"elementor-element elementor-element-43399de elementor-widget elementor-widget-text-editor\" data-id=\"43399de\" data-element_type=\"widget\" data-e-type=\"widget\" data-widget_type=\"text-editor.default\">\n\t\t\t\t\t\t\t\t\t<p>La Valle di Chamonix-Mont-Blanc offre pi\u00f9 di 50 chilometri di piste per lo sci di fondo (skating o alternato), da Servoz a Vallorcine. Ovunque soggiorniate, troverete sempre un percorso di sci di fondo nelle vicinanze per godervi il magnifico paesaggio e la neve.<\/p>\n\t\t\t\t\t\t\t\t<\/div>\n\t\t\t\t<div class=\"elementor-element elementor-element-026682c elementor-widget elementor-widget-button\" data-id=\"026682c\" data-element_type=\"widget\" data-e-type=\"widget\" data-widget_type=\"button.default\">\n\t\t\t\t\t\t\t\t\t\t<a class=\"elementor-button elementor-button-link elementor-size-sm\" href=\"https:\/\/www.chamonix.com\/activites\/hiver\/ski-de-fond-et-espace-luge\/ecoles-de-ski-nordique\" target=\"_blank\" rel=\"noopener\">\n\t\t\t\t\t\t<span class=\"elementor-button-content-wrapper\">\n\t\t\t\t\t\t\t\t\t<span class=\"elementor-button-text\">Scuola di sci nordico<\/span>\n\t\t\t\t\t<\/span>\n\t\t\t\t\t<\/a>\n\t\t\t\t\t\t\t\t<\/div>\n\t\t\t\t<div class=\"elementor-element elementor-element-296f43c elementor-widget elementor-widget-button\" data-id=\"296f43c\" data-element_type=\"widget\" data-e-type=\"widget\" data-widget_type=\"button.default\">\n\t\t\t\t\t\t\t\t\t\t<a class=\"elementor-button elementor-button-link elementor-size-sm\" href=\"https:\/\/www.chamonix.com\/sites\/default\/files\/media\/brochures\/Plan_Fond-Raquettes_2024-2025_WEB.pdf\" target=\"_blank\" rel=\"noopener\">\n\t\t\t\t\t\t<span class=\"elementor-button-content-wrapper\">\n\t\t\t\t\t\t\t\t\t<span class=\"elementor-button-text\">Mappa dei sentieri<\/span>\n\t\t\t\t\t<\/span>\n\t\t\t\t\t<\/a>\n\t\t\t\t\t\t\t\t<\/div>\n\t\t\t\t<div class=\"elementor-element elementor-element-9ffc513 elementor-widget elementor-widget-button\" data-id=\"9ffc513\" data-element_type=\"widget\" data-e-type=\"widget\" data-widget_type=\"button.default\">\n\t\t\t\t\t\t\t\t\t\t<a class=\"elementor-button elementor-button-link elementor-size-sm\" href=\"https:\/\/www.chamonix.com\/activites\/hiver\/ski-nordique-ski-de-fond-espace-luge#block-skinordique\" target=\"_blank\" rel=\"noopener\">\n\t\t\t\t\t\t<span class=\"elementor-button-content-wrapper\">\n\t\t\t\t\t\t\t\t\t<span class=\"elementor-button-text\">Per saperne di pi\u00f9<\/span>\n\t\t\t\t\t<\/span>\n\t\t\t\t\t<\/a>\n\t\t\t\t\t\t\t\t<\/div>\n\t\t\t\t<\/div>\n\t\t<div class=\"elementor-element elementor-element-7e93ef06 e-con-full e-flex e-con e-child\" data-id=\"7e93ef06\" data-element_type=\"container\" data-e-type=\"container\" data-settings=\"{&quot;background_background&quot;:&quot;slideshow&quot;,&quot;background_slideshow_gallery&quot;:[{&quot;id&quot;:7395,&quot;url&quot;:&quot;https:\\\/\\\/fontaine-chamonix.com\\\/wp-content\\\/uploads\\\/2025\\\/01\\\/phillip-belena-eY-iYrKGOkw-unsplash-1-scaled.jpg&quot;}],&quot;background_slideshow_slide_duration&quot;:2000,&quot;jet_parallax_layout_list&quot;:[],&quot;background_slideshow_loop&quot;:&quot;yes&quot;,&quot;background_slideshow_slide_transition&quot;:&quot;fade&quot;,&quot;background_slideshow_transition_duration&quot;:500}\">\n\t\t\t\t<\/div>\n\t\t\t\t<\/div>\n\t\t\t\t<\/div>\n\t\t<div class=\"elementor-element elementor-element-330748d e-con-full e-flex e-con e-child\" data-id=\"330748d\" data-element_type=\"container\" data-e-type=\"container\" data-settings=\"{&quot;jet_parallax_layout_list&quot;:[]}\">\n\t\t<div class=\"elementor-element elementor-element-38b0192 e-con-full e-flex e-con e-child\" data-id=\"38b0192\" data-element_type=\"container\" data-e-type=\"container\" data-settings=\"{&quot;background_background&quot;:&quot;slideshow&quot;,&quot;background_slideshow_gallery&quot;:[{&quot;id&quot;:6824,&quot;url&quot;:&quot;https:\\\/\\\/fontaine-chamonix.com\\\/wp-content\\\/uploads\\\/2025\\\/01\\\/chris-biron-JVtcrWcbj1c-unsplash-1-scaled.jpg&quot;}],&quot;background_slideshow_slide_duration&quot;:2000,&quot;jet_parallax_layout_list&quot;:[],&quot;background_slideshow_loop&quot;:&quot;yes&quot;,&quot;background_slideshow_slide_transition&quot;:&quot;fade&quot;,&quot;background_slideshow_transition_duration&quot;:500}\">\n\t\t\t\t<\/div>\n\t\t<div class=\"elementor-element elementor-element-0d8e980 e-con-full e-flex e-con e-child\" data-id=\"0d8e980\" data-element_type=\"container\" data-e-type=\"container\" data-settings=\"{&quot;jet_parallax_layout_list&quot;:[]}\">\n\t\t\t\t<div data-dce-title-color=\"#000000\" class=\"elementor-element elementor-element-69f484b elementor-widget elementor-widget-heading\" data-id=\"69f484b\" data-element_type=\"widget\" data-e-type=\"widget\" data-widget_type=\"heading.default\">\n\t\t\t\t\t<h2 class=\"elementor-heading-title elementor-size-default\">Notizie, neve e meteo in diretta<\/h2>\t\t\t\t<\/div>\n\t\t\t\t<div class=\"elementor-element elementor-element-a0e6c98 elementor-widget elementor-widget-text-editor\" data-id=\"a0e6c98\" data-element_type=\"widget\" data-e-type=\"widget\" data-widget_type=\"text-editor.default\">\n\t\t\t\t\t\t\t\t\t<p>Rimanete informati in tempo reale: meteo di oggi, condizioni della neve e notizie in diretta.<\/p>\n\t\t\t\t\t\t\t\t<\/div>\n\t\t\t\t<div class=\"elementor-element elementor-element-2763c63b elementor-widget elementor-widget-button\" data-id=\"2763c63b\" data-element_type=\"widget\" data-e-type=\"widget\" data-widget_type=\"button.default\">\n\t\t\t\t\t\t\t\t\t\t<a class=\"elementor-button elementor-button-link elementor-size-sm\" href=\"https:\/\/www.chamonix.com\/infos-live\" target=\"_blank\" rel=\"noopener\">\n\t\t\t\t\t\t<span class=\"elementor-button-content-wrapper\">\n\t\t\t\t\t\t\t\t\t<span class=\"elementor-button-text\">Per saperne di pi\u00f9<\/span>\n\t\t\t\t\t<\/span>\n\t\t\t\t\t<\/a>\n\t\t\t\t\t\t\t\t<\/div>\n\t\t\t\t<\/div>\n\t\t\t\t<\/div>\n\t\t\t\t<\/div>\n\t\t\t\t<\/div>\n\t\t\t\t<\/div>\n\t\t","protected":false},"excerpt":{"rendered":"<p>Sci e sci di fondo Sciare nella valle di Chamonix Cosa c&#8217;\u00e8 di pi\u00f9 bello che sciare di fronte al Monte Bianco?Sciare nella Valle di Chamonix-Mont-Blanc \u00e8 un&#8217;esperienza indimenticabile su piste leggendarie. Che siate principianti o esperti, troverete aree sciistiche adatte a tutte le capacit\u00e0, con l&#8217;imponente Monte Bianco come sfondo. I domini Le aree [&hellip;]<\/p>\n","protected":false},"author":4,"featured_media":6122,"parent":0,"menu_order":0,"comment_status":"closed","ping_status":"closed","template":"elementor_header_footer","meta":{"footnotes":""},"class_list":["post-8376","page","type-page","status-publish","has-post-thumbnail","hentry"],"jetpack_sharing_enabled":true,"_links":{"self":[{"href":"https:\/\/fontaine-chamonix.com\/it\/wp-json\/wp\/v2\/pages\/8376","targetHints":{"allow":["GET"]}}],"collection":[{"href":"https:\/\/fontaine-chamonix.com\/it\/wp-json\/wp\/v2\/pages"}],"about":[{"href":"https:\/\/fontaine-chamonix.com\/it\/wp-json\/wp\/v2\/types\/page"}],"author":[{"embeddable":true,"href":"https:\/\/fontaine-chamonix.com\/it\/wp-json\/wp\/v2\/users\/4"}],"replies":[{"embeddable":true,"href":"https:\/\/fontaine-chamonix.com\/it\/wp-json\/wp\/v2\/comments?post=8376"}],"version-history":[{"count":8,"href":"https:\/\/fontaine-chamonix.com\/it\/wp-json\/wp\/v2\/pages\/8376\/revisions"}],"predecessor-version":[{"id":9330,"href":"https:\/\/fontaine-chamonix.com\/it\/wp-json\/wp\/v2\/pages\/8376\/revisions\/9330"}],"wp:featuredmedia":[{"embeddable":true,"href":"https:\/\/fontaine-chamonix.com\/it\/wp-json\/wp\/v2\/media\/6122"}],"wp:attachment":[{"href":"https:\/\/fontaine-chamonix.com\/it\/wp-json\/wp\/v2\/media?parent=8376"}],"curies":[{"name":"wp","href":"https:\/\/api.w.org\/{rel}","templated":true}]}}