{"id":8313,"date":"2020-10-09T10:55:46","date_gmt":"2020-10-09T08:55:46","guid":{"rendered":"https:\/\/fontaine-chamonix.com\/informativa-sulla-privacy\/"},"modified":"2026-03-11T12:23:17","modified_gmt":"2026-03-11T11:23:17","slug":"informativa-sulla-privacy","status":"publish","type":"page","link":"https:\/\/fontaine-chamonix.com\/it\/informativa-sulla-privacy\/","title":{"rendered":"Informativa sulla privacy"},"content":{"rendered":"\t\t<div data-elementor-type=\"wp-page\" data-elementor-id=\"8313\" class=\"elementor elementor-8313 elementor-3\" data-elementor-post-type=\"page\">\n\t\t\t\t<div data-dce-background-image-url=\"https:\/\/fontaine-chamonix.com\/wp-content\/uploads\/2024\/12\/bg-politique-de-confidentialite.jpg\" class=\"elementor-element elementor-element-0d47a5c e-con-full e-flex e-con e-parent\" data-id=\"0d47a5c\" data-element_type=\"container\" data-e-type=\"container\" data-settings=\"{&quot;background_background&quot;:&quot;classic&quot;,&quot;jet_parallax_layout_list&quot;:[]}\">\n\t\t\t\t<div data-dce-title-color=\"#FFFFFF\" class=\"elementor-element elementor-element-79a4716 elementor-widget elementor-widget-heading\" data-id=\"79a4716\" data-element_type=\"widget\" data-e-type=\"widget\" data-widget_type=\"heading.default\">\n\t\t\t\t\t<h1 class=\"elementor-heading-title elementor-size-default\">Informativa sulla privacy<\/h1>\t\t\t\t<\/div>\n\t\t\t\t<\/div>\n\t\t<div class=\"elementor-element elementor-element-8be462a e-con-full e-flex e-con e-parent\" data-id=\"8be462a\" data-element_type=\"container\" data-e-type=\"container\" data-settings=\"{&quot;jet_parallax_layout_list&quot;:[]}\">\n\t\t\t\t<div class=\"elementor-element elementor-element-538120f elementor-widget elementor-widget-shortcode\" data-id=\"538120f\" data-element_type=\"widget\" data-e-type=\"widget\" data-widget_type=\"shortcode.default\">\n\t\t\t\t\t\t\t<div class=\"elementor-shortcode\"><nav aria-label=\"breadcrumbs\" class=\"rank-math-breadcrumb\"><p><span class=\"last\">Accueil<\/span><\/p><\/nav><\/div>\n\t\t\t\t\t\t<\/div>\n\t\t\t\t<\/div>\n\t\t<div class=\"elementor-element elementor-element-6de88f9 e-con-full e-flex e-con e-parent\" data-id=\"6de88f9\" data-element_type=\"container\" data-e-type=\"container\" data-settings=\"{&quot;jet_parallax_layout_list&quot;:[]}\">\n\t\t<div class=\"elementor-element elementor-element-cba692a e-con-full e-flex e-con e-child\" data-id=\"cba692a\" data-element_type=\"container\" data-e-type=\"container\" data-settings=\"{&quot;background_background&quot;:&quot;classic&quot;,&quot;jet_parallax_layout_list&quot;:[]}\">\n\t\t\t\t<div class=\"elementor-element elementor-element-f8de8c6 elementor-widget elementor-widget-text-editor\" data-id=\"f8de8c6\" data-element_type=\"widget\" data-e-type=\"widget\" data-widget_type=\"text-editor.default\">\n\t\t\t\t\t\t\t\t\tLa presente informativa sulla privacy ha lo scopo di spiegare perch\u00e9 raccogliamo i vostri dati e come ci impegniamo a proteggerli.<br><br>SARL HOTEL LA FONTAINE si impegna a proteggere i vostri dati personali e la vostra privacy.<br><br>A questo proposito, e in applicazione del Regolamento Generale sulla Protezione dei Dati (di seguito denominato &#8220;GDPR&#8221;), vi comunichiamo di seguito le condizioni alle quali i vostri dati personali saranno da noi trattati.\t\t\t\t\t\t\t\t<\/div>\n\t\t\t\t<div data-dce-title-color=\"#212028\" class=\"elementor-element elementor-element-8a55785 elementor-widget elementor-widget-heading\" data-id=\"8a55785\" data-element_type=\"widget\" data-e-type=\"widget\" data-widget_type=\"heading.default\">\n\t\t\t\t\t<h2 class=\"elementor-heading-title elementor-size-default\">Quali dati personali trattiamo?<\/h2>\t\t\t\t<\/div>\n\t\t\t\t<div data-dce-title-color=\"#212028\" class=\"elementor-element elementor-element-cff2e77 elementor-widget elementor-widget-heading\" data-id=\"cff2e77\" data-element_type=\"widget\" data-e-type=\"widget\" data-widget_type=\"heading.default\">\n\t\t\t\t\t<h3 class=\"elementor-heading-title elementor-size-default\">Finalit\u00e0:<\/h3>\t\t\t\t<\/div>\n\t\t\t\t<div class=\"elementor-element elementor-element-d1d9752 elementor-widget elementor-widget-text-editor\" data-id=\"d1d9752\" data-element_type=\"widget\" data-e-type=\"widget\" data-widget_type=\"text-editor.default\">\n\t\t\t\t\t\t\t\t\tPotremmo raccogliere e conservare i vostri dati personali, in particolare per:<br><br>Elaborare e rispondere ai messaggi, Creare e gestire l\u2019accesso ai propri account, Ricevere e gestire il proprio ordine, Ricevere e elaborare la propria partecipazione a un sondaggio o a un concorso, Gestire le iscrizioni alle nostre newsletter, Stabilire e monitorare il rapporto commerciale che pu\u00f2 derivare dai messaggi, Scrivere un avviso\/commento pubblicato sul sito, Elaborare la propria candidatura per un lavoro, Riscuotere il pagamento, Assicurare la contabilit\u00e0 e la gestione, Migliorare il nostro monitoraggio e il servizio clienti, Gestire il corretto funzionamento e la personalizzazione dei servizi, inviarti informazioni commerciali e pubblicitarie in base alle tue preferenze, Rilevare attacchi e ricorrere a contenziosi contro le frodi, Memorizzare le tue scelte sull\u2019uso dei cookie, Elaborare e rispondere alle tue richieste di esercizio dei diritti, Per soddisfare i requisiti normativi in vigore o in fase di adozione\t\t\t\t\t\t\t\t<\/div>\n\t\t\t\t<div data-dce-title-color=\"#212028\" class=\"elementor-element elementor-element-7d3b6a7 elementor-widget elementor-widget-heading\" data-id=\"7d3b6a7\" data-element_type=\"widget\" data-e-type=\"widget\" data-widget_type=\"heading.default\">\n\t\t\t\t\t<h3 class=\"elementor-heading-title elementor-size-default\">Categorie di dati:<\/h3>\t\t\t\t<\/div>\n\t\t\t\t<div class=\"elementor-element elementor-element-52b2e20 elementor-widget elementor-widget-text-editor\" data-id=\"52b2e20\" data-element_type=\"widget\" data-e-type=\"widget\" data-widget_type=\"text-editor.default\">\n\t\t\t\t\t\t\t\t\t<p>Informazioni di contatto (ad esempio nome, cognome, numero di telefono, e-mail); Dati relativi ai mezzi di pagamento, Informazioni tecniche e sulla posizione generate nell\u2019ambito dell\u2019utilizzo dei nostri servizi<\/p>\n\t\t\t\t\t\t\t\t<\/div>\n\t\t\t\t<div data-dce-title-color=\"#212028\" class=\"elementor-element elementor-element-b21425d elementor-widget elementor-widget-heading\" data-id=\"b21425d\" data-element_type=\"widget\" data-e-type=\"widget\" data-widget_type=\"heading.default\">\n\t\t\t\t\t<h2 class=\"elementor-heading-title elementor-size-default\">Fondamento giuridico dei trattamenti<\/h2>\t\t\t\t<\/div>\n\t\t\t\t<div class=\"elementor-element elementor-element-a435d18 elementor-widget elementor-widget-text-editor\" data-id=\"a435d18\" data-element_type=\"widget\" data-e-type=\"widget\" data-widget_type=\"text-editor.default\">\n\t\t\t\t\t\t\t\t\tI trattamenti di dati personali effettuati si basano:<br><br>O sul consenso della persona interessata (Articolo 6.1.a del GDPR) per tutti i trattamenti che richiedono il previo ottenimento del consenso. Nei moduli online, i campi obbligatori sono contrassegnati da un asterisco. Se non rispondiamo alle domande obbligatorie, non saremo in grado di fornirvi i servizi richiesti.<br>Per l\u2019esecuzione di un contratto o di misure precontrattuali,<br>Per il perseguimento di un interesse legittimo (articolo 6, paragrafo 1, lettera e), del RGPD).<br>Per il rispetto di un obbligo legale o regolamentare;<br>I vostri dati sono conservati per il tempo necessario a soddisfare le finalit\u00e0 sopra indicate.<br><br>Il periodo di conservazione dei dati personali dei Clienti dipende dalla finalit\u00e0 interessata. In questo contesto, i dati personali dei Clienti sono conservati per il tempo necessario all\u2019adempimento<br>della loro richiesta. In mancanza di una qualsiasi realizzazione, i dati personali sono cancellati entro i termini raccomandati dalla Commissione Nazionale Informatica e Libert\u00e0 (CNIL), allo scadere di un termine di tre anni a decorrere dalla loro raccolta, fatte salve: &#8211; le possibilit\u00e0 e gli obblighi legali in materia di archiviazione,<br>\u2013 obblighi di conservazione di taluni dati a fini probatori e\/o di anonimizzazione di<br>queste.<br>I dati personali del Cliente raccolti e trattati, ai fini dell\u2019esecuzione delle offerte, sono conservati<br>per il tempo necessario alla gestione del rapporto contrattuale.<br>In deroga a quanto sopra, i dati personali necessari per la prova di un diritto o di un contratto sono archiviati conformemente alle disposizioni di legge (5 o 10 anni dopo la fine del rapporto commerciale, a seconda dei casi).\t\t\t\t\t\t\t\t<\/div>\n\t\t\t\t<div data-dce-title-color=\"#212028\" class=\"elementor-element elementor-element-edf8e9f elementor-widget elementor-widget-heading\" data-id=\"edf8e9f\" data-element_type=\"widget\" data-e-type=\"widget\" data-widget_type=\"heading.default\">\n\t\t\t\t\t<h2 class=\"elementor-heading-title elementor-size-default\">Chi sono i destinatari dei vostri dati?<\/h2>\t\t\t\t<\/div>\n\t\t\t\t<div class=\"elementor-element elementor-element-201b0ed elementor-widget elementor-widget-text-editor\" data-id=\"201b0ed\" data-element_type=\"widget\" data-e-type=\"widget\" data-widget_type=\"text-editor.default\">\n\t\t\t\t\t\t\t\t\tI tuoi dati personali sono destinati a SARL HOTEL LA FONTAINE.<br><br>I nostri servizi interni: sono trattati dal personale dei nostri vari servizi, come il servizio commerciale o il servizio responsabile della sicurezza informatica., Aziende o persone di fiducia: trattano le vostre informazioni per noi per le finalit\u00e0 sopra indicate, secondo le nostre istruzioni come descritte nella nostra Informativa sulla privacy e in tutti gli altri casi di uso appropriato in termini di privacy e sicurezza., Responsabili tecnici: I dati personali che vi riguardano possono essere trasferiti ai nostri Responsabili tecnici (ai sensi dell&#8217;articolo 4.8 del GDPR) in modo rigorosamente delimitato. In caso di trasferimento, ci assicuriamo che i responsabili del trattamento rispettino il GDPR e adottino misure tecniche e organizzative per garantire la protezione dei dati (art. 28 GDPR).<br><br>Analisi del traffico (come Google Analytics), Fornitore di pubblicit\u00e0 (come Google Ads).<br><br>Occasionalmente, potremmo dover consentire ai nostri partner di trattare per nostro conto le informazioni personali che deteniamo su di voi per le finalit\u00e0 indicate nella presente Informativa o per qualsiasi altro motivo richiesto dalla legge.<br><br>I dati personali dei Clienti raccolti sono ospitati in Italia.<br><br>In caso di ricorso a un fornitore al di fuori dell\u2019Unione europea, ci impegniamo a verificare che siano state adottate misure adeguate per garantire un livello adeguato di protezione dei dati personali.\t\t\t\t\t\t\t\t<\/div>\n\t\t\t\t<div data-dce-title-color=\"#212028\" class=\"elementor-element elementor-element-077e939 elementor-widget elementor-widget-heading\" data-id=\"077e939\" data-element_type=\"widget\" data-e-type=\"widget\" data-widget_type=\"heading.default\">\n\t\t\t\t\t<h2 class=\"elementor-heading-title elementor-size-default\">Come SARL HOTEL LA FONTAINE protegge la sicurezza dei vostri dati?<\/h2>\t\t\t\t<\/div>\n\t\t\t\t<div class=\"elementor-element elementor-element-ca5421d elementor-widget elementor-widget-text-editor\" data-id=\"ca5421d\" data-element_type=\"widget\" data-e-type=\"widget\" data-widget_type=\"text-editor.default\">\n\t\t\t\t\t\t\t\t\tAdottiamo tutte le misure organizzative e tecniche per garantire un livello adeguato di sicurezza dei dati personali, in particolare per evitare la perdita di riservatezza, integrit\u00e0 o accessibilit\u00e0.<br><br>Facciamo spesso backup dei dati, implementiamo misure tecniche e organizzative per garantire che la conservazione dei dati personali dei Clienti sia sicura, per il tempo necessario a soddisfare le finalit\u00e0 perseguite.\t\t\t\t\t\t\t\t<\/div>\n\t\t\t\t<div data-dce-title-color=\"#212028\" class=\"elementor-element elementor-element-4781155 elementor-widget elementor-widget-heading\" data-id=\"4781155\" data-element_type=\"widget\" data-e-type=\"widget\" data-widget_type=\"heading.default\">\n\t\t\t\t\t<h2 class=\"elementor-heading-title elementor-size-default\">Quali sono i vostri diritti sui vostri dati personali?<\/h2>\t\t\t\t<\/div>\n\t\t\t\t<div class=\"elementor-element elementor-element-ed01c4b elementor-widget elementor-widget-text-editor\" data-id=\"ed01c4b\" data-element_type=\"widget\" data-e-type=\"widget\" data-widget_type=\"text-editor.default\">\n\t\t\t\t\t\t\t\t\tIn conformit\u00e0 con la Normativa Applicabile, l\u2019utente ha i seguenti diritti:<br>Diritto di rettifica: avete il diritto di ottenere la rettifica dei dati inesatti che vi riguardano. Avete inoltre il diritto di completare i dati incompleti che vi riguardano, fornendo una dichiarazione complementare. Se eserciteremo tale diritto, ci impegneremo a comunicare eventuali rettifiche a tutti i destinatari dei vostri dati,<br>Diritto di cancellazione: in alcuni casi avete il diritto di ottenere la cancellazione dei vostri dati. Tuttavia, questo non \u00e8 un diritto assoluto e possiamo conservare questi dati per motivi legali o legittimi.<br>Diritto alla limitazione del trattamento: in alcuni casi, avete il diritto di ottenere la limitazione del trattamento dei vostri dati,<br>Diritto alla portabilit\u00e0 dei dati: avete il diritto di ricevere i vostri dati che ci avete fornito, in un formato strutturato, di uso comune e leggibile da dispositivo automatico, per uso personale o per trasmetterli a terzi di vostra scelta. Questo diritto si applica solo se il trattamento dei dati \u00e8 basato sul consenso dell\u2019utente, su un contratto o \u00e8 effettuato con mezzi automatizzati,<br>Diritto di opporsi al trattamento: l\u2019interessato ha il diritto di opporsi in qualsiasi momento al trattamento dei suoi dati personali che lo riguardano per finalit\u00e0 di interesse legittimo, di interesse pubblico o di marketing diretto. Questo non \u00e8 un diritto assoluto e possiamo, per motivi legali o legittimi, respingere la vostra richiesta di opposizione,<br>Diritto di revocare il consenso in qualsiasi momento: \u00e8 possibile revocare il consenso al trattamento dei dati quando il trattamento \u00e8 basato sul consenso. La revoca del consenso non pregiudica la liceit\u00e0 del trattamento basato sul consenso prestato prima della revoca,<br>Diritto di presentare un reclamo a un\u2019autorit\u00e0 di controllo: avete il diritto di contattare la vostra autorit\u00e0 di protezione dei dati per presentare un reclamo sulle nostre pratiche di protezione dei dati personali,<br><br>Ai sensi del regolamento generale sulla protezione dei dati, le condizioni di esercizio di tali diritti possono variare in funzione della base di liceit\u00e0 del trattamento di cui al primo paragrafo.<br>Daremo seguito a qualsiasi esercizio del diritto nel pi\u00f9 breve tempo possibile e in ogni caso entro 30 giorni dal ricevimento della richiesta.<br><br>Ci riserviamo il diritto di:<br><br>Di chiedere una prova dell\u2019identit\u00e0 del richiedente in caso di ragionevole dubbio su quest\u2019ultima, al fine di rispettare il suo obbligo di riservatezza,<br>Prorogare il termine per la risposta di due mesi, informando in tal caso il richiedente della proroga e dei motivi del rinvio entro un mese dal ricevimento della richiesta,<br>Rifiutare di rispondere a un esercizio del diritto se quest\u2019ultimo fosse considerato abusivo (alla luce del loro numero, del loro carattere ripetitivo o sistematico).\t\t\t\t\t\t\t\t<\/div>\n\t\t\t\t<div data-dce-title-color=\"#212028\" class=\"elementor-element elementor-element-b96d456 elementor-widget elementor-widget-heading\" data-id=\"b96d456\" data-element_type=\"widget\" data-e-type=\"widget\" data-widget_type=\"heading.default\">\n\t\t\t\t\t<h2 class=\"elementor-heading-title elementor-size-default\">Chi contattare per tutte le richieste relative al GDPR?<\/h2>\t\t\t\t<\/div>\n\t\t\t\t<div class=\"elementor-element elementor-element-ec994f4 elementor-widget elementor-widget-text-editor\" data-id=\"ec994f4\" data-element_type=\"widget\" data-e-type=\"widget\" data-widget_type=\"text-editor.default\">\n\t\t\t\t\t\t\t\t\t<p>Per esercitare i vostri diritti, potete contattarci:<\/p>\n<p>SARL HOTEL LA FONTAINE<br \/>161 Via della Fontana,<br \/>74310 LES HOUCHES &#8211; CHAMONIX<br \/>FRANCIA<\/p>\n<p>contact@fontaine-chamonix.com<\/p>\n<p>+33 6 89 32 93 34<\/p>\n<p>Direttore della pubblicazione: Chrystelle Verdier<\/p>\n\t\t\t\t\t\t\t\t<\/div>\n\t\t\t\t<div data-dce-title-color=\"#212028\" class=\"elementor-element elementor-element-e062c6d elementor-widget elementor-widget-heading\" data-id=\"e062c6d\" data-element_type=\"widget\" data-e-type=\"widget\" data-widget_type=\"heading.default\">\n\t\t\t\t\t<h2 class=\"elementor-heading-title elementor-size-default\">Riserva di modifica della Politica sulla protezione dei dati<\/h2>\t\t\t\t<\/div>\n\t\t\t\t<div class=\"elementor-element elementor-element-ec27225 elementor-widget elementor-widget-text-editor\" data-id=\"ec27225\" data-element_type=\"widget\" data-e-type=\"widget\" data-widget_type=\"text-editor.default\">\n\t\t\t\t\t\t\t\t\t<p>La presente Informativa sulla protezione dei dati personali pu\u00f2 subire modifiche. Le raccomandazioni sono state elaborate a partire da un modello gratuito, scaricabile dal sito https:\/\/donnees.net. Poich\u00e9 sviluppiamo costantemente i nostri servizi, ci riserviamo il diritto di modificare la presente Informativa sulla privacy in conformit\u00e0 con le disposizioni legali applicabili. Eventuali modifiche sono pubblicate tempestivamente su tale documento. Si consiglia di controllare regolarmente questa pagina per eventuali modifiche o aggiornamenti alla nostra politica sulla privacy.<\/p>\n\t\t\t\t\t\t\t\t<\/div>\n\t\t\t\t<div data-dce-title-color=\"#212028\" class=\"elementor-element elementor-element-f7cc0ec elementor-widget elementor-widget-heading\" data-id=\"f7cc0ec\" data-element_type=\"widget\" data-e-type=\"widget\" data-widget_type=\"heading.default\">\n\t\t\t\t\t<h2 class=\"elementor-heading-title elementor-size-default\">Politica sui cookie<\/h2>\t\t\t\t<\/div>\n\t\t\t\t<div data-dce-title-color=\"#212028\" class=\"elementor-element elementor-element-1d7843b elementor-widget elementor-widget-heading\" data-id=\"1d7843b\" data-element_type=\"widget\" data-e-type=\"widget\" data-widget_type=\"heading.default\">\n\t\t\t\t\t<h3 class=\"elementor-heading-title elementor-size-default\">Che cos\u2019\u00e8 un \"cookie\"?<\/h3>\t\t\t\t<\/div>\n\t\t\t\t<div class=\"elementor-element elementor-element-af130ac elementor-widget elementor-widget-text-editor\" data-id=\"af130ac\" data-element_type=\"widget\" data-e-type=\"widget\" data-widget_type=\"text-editor.default\">\n\t\t\t\t\t\t\t\t\tI cookie sono piccoli file di testo che un sito web memorizza sul vostro computer o dispositivo mobile quando visitate il sito.<br><br>Facilitano la tua esperienza online salvando le informazioni di navigazione. Attraverso i cookie, i siti possono tenere connesso l&#8217;utente, ricordare le sue preferenze di sito e fornire contenuti personalizzati. I cookie possono essere utilizzati anche per compilare statistiche sull\u2019esperienza di navigazione e per mostrare annunci pubblicitari mirati.<br><br>In generale, i cookie possono essere classificati da:<br><br>Settore:<br><br>I cookie di prima parte sono emessi da un sito web che un utente consulta direttamente.<br>I cookie di terze parti non sono creati dal sito web visitato, ma da una terza parte come Google Analytics, DoubleClick, Facebook, Twitter, LinkedIn, Youtube, Vim\u0435o, ecc.<br>Obiettivo:<br><br>I cookie strettamente necessari sono necessari per il corretto funzionamento del sito web.<br>I cookie di preferenza consentono a un sito web di ricordare le scelte che hai fatto in passato.<br>I cookie statistici aiutano il proprietario del sito web a raccogliere dati statistici e a comprendere come i visitatori interagiscono con il sito web.<br>I cookie di marketing tracciano l\u2019attivit\u00e0 online dell\u2019utente per aiutare gli inserzionisti a pubblicare annunci pi\u00f9 pertinenti.<br>Durata:<br><br>I cookie di sessione vengono cancellati quando l\u2019utente chiude il browser.<br>Cookie persistenti che rimangono sul dispositivo dell\u2019utente per un certo periodo di tempo.\t\t\t\t\t\t\t\t<\/div>\n\t\t\t\t<div data-dce-title-color=\"#212028\" class=\"elementor-element elementor-element-59ef2b3 elementor-widget elementor-widget-heading\" data-id=\"59ef2b3\" data-element_type=\"widget\" data-e-type=\"widget\" data-widget_type=\"heading.default\">\n\t\t\t\t\t<h3 class=\"elementor-heading-title elementor-size-default\">Quali cookie e tracciatori utilizziamo?<\/h3>\t\t\t\t<\/div>\n\t\t\t\t<div class=\"elementor-element elementor-element-156deaa elementor-widget elementor-widget-text-editor\" data-id=\"156deaa\" data-element_type=\"widget\" data-e-type=\"widget\" data-widget_type=\"text-editor.default\">\n\t\t\t\t\t\t\t\t\t<p>Cookie strettamente necessari<\/p>\n<p>Chiave cookie Percorso del dominio Tipo di cookie Scadenza Descrizione<\/p>\n<p>PHPSESSID<br \/>Cookie di sessione di terze parti generati da applicazioni basate sul linguaggio PHP. Identificatore generale utilizzato per gestire le variabili di sessione utente. Si tratta normalmente di un numero generato in modo casuale, il modo in cui viene utilizzato pu\u00f2 essere specifico del sito, ma un buon esempio \u00e8 il mantenimento di uno stato di connessione per un utente tra le pagine.<\/p>\n<p>Cookie prestazionali<\/p>\n<p>_gid<br \/>1 giorno Questo cookie \u00e8 impostato da Google Analytics. Memorizza e aggiorna un valore univoco per ogni pagina visitata e viene utilizzato per contare e tenere traccia delle pagine visualizzate.<\/p>\n<p>_gat<br \/>1 minuto Questo nome cookie \u00e8 associato a Google Universal Analytics, secondo la documentazione, viene utilizzato per ridurre il tasso di richiesta &#8211; limitando la raccolta di dati sui siti ad alto traffico.<br \/>_ga<br \/>2 anni Questo nome cookie \u00e8 associato a Google Universal Analytics &#8211; che \u00e8 un importante aggiornamento del servizio di analisi pi\u00f9 utilizzato di Google. Questo cookie viene utilizzato per distinguere gli utenti unici assegnando un numero generato casualmente come ID cliente. \u00c8 incluso in ogni richiesta di pagina di un sito e utilizzato per calcolare i dati del visitatore, della sessione e della campagna per i rapporti di analisi del sito.<\/p>\n<p>Targeting dei cookie<\/p>\n<p>Chiave cookie Percorso del dominio Tipo di cookie Scadenza Descrizione<br \/>CSC<br \/>.youtube.com \/ Sessione di terze parti Questo cookie \u00e8 impostato da YouTube per tenere traccia delle visualizzazioni video incorporate.<\/p>\n<p>INFOS_VISITEUR1_ATTIVO<br \/>.youtube.com \/ Terze parti 6 mesi Questo cookie \u00e8 impostato da Youtube per tenere traccia delle preferenze dell&#8217;utente per i video di Youtube integrati nei siti; pu\u00f2 anche determinare se il visitatore del sito utilizza la nuova o la vecchia versione dell&#8217;interfaccia di Youtube.<\/p>\n\t\t\t\t\t\t\t\t<\/div>\n\t\t\t\t<div data-dce-title-color=\"#212028\" class=\"elementor-element elementor-element-ffe5996 elementor-widget elementor-widget-heading\" data-id=\"ffe5996\" data-element_type=\"widget\" data-e-type=\"widget\" data-widget_type=\"heading.default\">\n\t\t\t\t\t<h3 class=\"elementor-heading-title elementor-size-default\">Le tue preferenze sui cookie<\/h3>\t\t\t\t<\/div>\n\t\t\t\t<div class=\"elementor-element elementor-element-f4143ec elementor-widget elementor-widget-text-editor\" data-id=\"f4143ec\" data-element_type=\"widget\" data-e-type=\"widget\" data-widget_type=\"text-editor.default\">\n\t\t\t\t\t\t\t\t\t<p>Quando accedete per la prima volta al sito, un banner cookie vi propone di accettare o rifiutare i cookie che non sono essenziali per il funzionamento del sito. \u00c8 possibile rifiutare\/disattivare i cookie in qualsiasi momento, ad eccezione di quelli necessari per il funzionamento stabile del sito. L\u2019utente ha la possibilit\u00e0 di modificare in qualsiasi momento le preferenze relative alla gestione dei cookie.<\/p>\n\t\t\t\t\t\t\t\t<\/div>\n\t\t\t\t<\/div>\n\t\t\t\t<\/div>\n\t\t\t\t<\/div>\n\t\t","protected":false},"excerpt":{"rendered":"<p>Informativa sulla privacy La presente informativa sulla privacy ha lo scopo di spiegare perch\u00e9 raccogliamo i vostri dati e come ci impegniamo a proteggerli. SARL HOTEL LA FONTAINE si impegna a proteggere i vostri dati personali e la vostra privacy. A questo proposito, e in applicazione del Regolamento Generale sulla Protezione dei Dati (di seguito [&hellip;]<\/p>\n","protected":false},"author":3,"featured_media":4916,"parent":0,"menu_order":0,"comment_status":"closed","ping_status":"open","template":"elementor_header_footer","meta":{"footnotes":""},"class_list":["post-8313","page","type-page","status-publish","has-post-thumbnail","hentry"],"jetpack_sharing_enabled":true,"_links":{"self":[{"href":"https:\/\/fontaine-chamonix.com\/it\/wp-json\/wp\/v2\/pages\/8313","targetHints":{"allow":["GET"]}}],"collection":[{"href":"https:\/\/fontaine-chamonix.com\/it\/wp-json\/wp\/v2\/pages"}],"about":[{"href":"https:\/\/fontaine-chamonix.com\/it\/wp-json\/wp\/v2\/types\/page"}],"author":[{"embeddable":true,"href":"https:\/\/fontaine-chamonix.com\/it\/wp-json\/wp\/v2\/users\/3"}],"replies":[{"embeddable":true,"href":"https:\/\/fontaine-chamonix.com\/it\/wp-json\/wp\/v2\/comments?post=8313"}],"version-history":[{"count":9,"href":"https:\/\/fontaine-chamonix.com\/it\/wp-json\/wp\/v2\/pages\/8313\/revisions"}],"predecessor-version":[{"id":12840,"href":"https:\/\/fontaine-chamonix.com\/it\/wp-json\/wp\/v2\/pages\/8313\/revisions\/12840"}],"wp:featuredmedia":[{"embeddable":true,"href":"https:\/\/fontaine-chamonix.com\/it\/wp-json\/wp\/v2\/media\/4916"}],"wp:attachment":[{"href":"https:\/\/fontaine-chamonix.com\/it\/wp-json\/wp\/v2\/media?parent=8313"}],"curies":[{"name":"wp","href":"https:\/\/api.w.org\/{rel}","templated":true}]}}