{"id":8182,"date":"2025-01-26T10:46:03","date_gmt":"2025-01-26T09:46:03","guid":{"rendered":"https:\/\/fontaine-chamonix.com\/lago-verde\/"},"modified":"2026-03-30T20:55:58","modified_gmt":"2026-03-30T18:55:58","slug":"lago-verde","status":"publish","type":"page","link":"https:\/\/fontaine-chamonix.com\/it\/lago-verde\/","title":{"rendered":"Lago Verde"},"content":{"rendered":"\t\t<div data-elementor-type=\"wp-page\" data-elementor-id=\"8182\" class=\"elementor elementor-8182 elementor-7151\" data-elementor-post-type=\"page\">\n\t\t\t\t<div data-dce-background-image-url=\"https:\/\/fontaine-chamonix.com\/wp-content\/uploads\/2026\/03\/IMG_3670_Original-scaled.jpg\" class=\"elementor-element elementor-element-65ce5729 e-con-full e-flex e-con e-parent\" data-id=\"65ce5729\" data-element_type=\"container\" data-e-type=\"container\" data-settings=\"{&quot;background_background&quot;:&quot;classic&quot;,&quot;jet_parallax_layout_list&quot;:[]}\">\n\t\t\t\t<div data-dce-title-color=\"#FFFFFF\" class=\"elementor-element elementor-element-69f7211a elementor-widget elementor-widget-heading\" data-id=\"69f7211a\" data-element_type=\"widget\" data-e-type=\"widget\" data-widget_type=\"heading.default\">\n\t\t\t\t\t<h1 class=\"elementor-heading-title elementor-size-default\">Lago Verde<\/h1>\t\t\t\t<\/div>\n\t\t\t\t<\/div>\n\t\t<div class=\"elementor-element elementor-element-63bdd6a e-con-full e-flex e-con e-parent\" data-id=\"63bdd6a\" data-element_type=\"container\" data-e-type=\"container\" data-settings=\"{&quot;jet_parallax_layout_list&quot;:[]}\">\n\t\t\t\t<div class=\"elementor-element elementor-element-38a29bf7 elementor-widget elementor-widget-shortcode\" data-id=\"38a29bf7\" data-element_type=\"widget\" data-e-type=\"widget\" data-widget_type=\"shortcode.default\">\n\t\t\t\t\t\t\t<div class=\"elementor-shortcode\"><nav aria-label=\"breadcrumbs\" class=\"rank-math-breadcrumb\"><p><span class=\"last\">Accueil<\/span><\/p><\/nav><\/div>\n\t\t\t\t\t\t<\/div>\n\t\t\t\t<\/div>\n\t\t<div class=\"elementor-element elementor-element-71a9b398 e-con-full e-flex e-con e-parent\" data-id=\"71a9b398\" data-element_type=\"container\" data-e-type=\"container\" data-settings=\"{&quot;jet_parallax_layout_list&quot;:[]}\">\n\t\t<div class=\"elementor-element elementor-element-700e7170 e-con-full e-flex e-con e-child\" data-id=\"700e7170\" data-element_type=\"container\" data-e-type=\"container\" data-settings=\"{&quot;background_background&quot;:&quot;classic&quot;,&quot;jet_parallax_layout_list&quot;:[]}\">\n\t\t\t\t<div data-dce-title-color=\"#212028\" class=\"elementor-element elementor-element-44bdbfd2 elementor-widget elementor-widget-heading\" data-id=\"44bdbfd2\" data-element_type=\"widget\" data-e-type=\"widget\" data-widget_type=\"heading.default\">\n\t\t\t\t\t<h2 class=\"elementor-heading-title elementor-size-default\">Scoprite il Lac Vert!<\/h2>\t\t\t\t<\/div>\n\t\t\t\t<div class=\"elementor-element elementor-element-5f2219f2 elementor-widget elementor-widget-text-editor\" data-id=\"5f2219f2\" data-element_type=\"widget\" data-e-type=\"widget\" data-widget_type=\"text-editor.default\">\n\t\t\t\t\t\t\t\t\t<p>Immerso in una foresta vicino al sito di Passy Plaine-Joux, il Lac Vert merita pienamente il suo nome. Questo sito naturale eccezionale, concepito per le passeggiate, \u00e8 accessibile a tutti. La notevole trasparenza delle sue acque permette di vedere un accumulo di alberi e piante sul fondo, mentre la presenza di alghe blu conferisce al lago il suo magnifico colore verde smeraldo.<\/p>\n<p>A 1.200 metri di altitudine, il lago offre una splendida vista sul massiccio del Monte Bianco, una cornice ideale per gli amanti della natura.<\/p>\n<p>Accesso e restrizioni<br \/>L&#8217;accesso al Lac Vert \u00e8 vietato ai veicoli dal 1\u00b0 giugno al 30 settembre e per tutta la stagione invernale. Al di fuori di questi periodi, l&#8217;accesso \u00e8 riservato ai proprietari della propriet\u00e0 e ai loro aventi diritto. I bus navetta gratuiti passano ogni 15 minuti dal mercoled\u00ec alla domenica, dalle 10.00 alle 13.00 e dalle 14.00 alle 18.00.<\/p>\n\t\t\t\t\t\t\t\t<\/div>\n\t\t\t\t<div class=\"elementor-element elementor-element-122f6e5 elementor-align-center elementor-widget elementor-widget-button\" data-id=\"122f6e5\" data-element_type=\"widget\" data-e-type=\"widget\" data-widget_type=\"button.default\">\n\t\t\t\t\t\t\t\t\t\t<a class=\"elementor-button elementor-button-link elementor-size-sm\" href=\"https:\/\/www.chamonix.com\/lacs-d-hiver\/lac-vert\" target=\"_blank\" rel=\"noopener\">\n\t\t\t\t\t\t<span class=\"elementor-button-content-wrapper\">\n\t\t\t\t\t\t\t\t\t<span class=\"elementor-button-text\">Ulteriori informazioni<\/span>\n\t\t\t\t\t<\/span>\n\t\t\t\t\t<\/a>\n\t\t\t\t\t\t\t\t<\/div>\n\t\t\t\t<div class=\"elementor-element elementor-element-d2475ee elementor-widget elementor-widget-spacer\" data-id=\"d2475ee\" data-element_type=\"widget\" data-e-type=\"widget\" data-widget_type=\"spacer.default\">\n\t\t\t\t\t\t\t<div class=\"elementor-spacer\">\n\t\t\t<div class=\"elementor-spacer-inner\"><\/div>\n\t\t<\/div>\n\t\t\t\t\t\t<\/div>\n\t\t<div class=\"elementor-element elementor-element-1fa9a6d e-con-full e-flex e-con e-child\" data-id=\"1fa9a6d\" data-element_type=\"container\" data-e-type=\"container\" data-settings=\"{&quot;jet_parallax_layout_list&quot;:[]}\">\n\t\t<div class=\"elementor-element elementor-element-c9f0daa e-con-full e-flex e-con e-child\" data-id=\"c9f0daa\" data-element_type=\"container\" data-e-type=\"container\" data-settings=\"{&quot;jet_parallax_layout_list&quot;:[]}\">\n\t\t\t\t<div data-dce-title-color=\"#000000\" class=\"elementor-element elementor-element-c562a02 elementor-widget elementor-widget-heading\" data-id=\"c562a02\" data-element_type=\"widget\" data-e-type=\"widget\" data-widget_type=\"heading.default\">\n\t\t\t\t\t<h2 class=\"elementor-heading-title elementor-size-default\">Anello Lac Vert<\/h2>\t\t\t\t<\/div>\n\t\t\t\t<div class=\"elementor-element elementor-element-da0acda elementor-widget elementor-widget-text-editor\" data-id=\"da0acda\" data-element_type=\"widget\" data-e-type=\"widget\" data-widget_type=\"text-editor.default\">\n\t\t\t\t\t\t\t\t\t<p>Da Plaine-Joux, seguite i sentieri segnalati attraverso la foresta fino al Lac Vert. In estate, il lago pu\u00f2 essere circumnavigato in 15 minuti. Si pu\u00f2 ammirare la trasparenza dell&#8217;acqua, che rivela alberi e piante sul fondo, arricchiti da delicate alghe blu. Questo fenomeno conferisce al lago il suo magnifico colore verde smeraldo. Il Monte Bianco si riflette talvolta nell&#8217;acqua, aggiungendo un tocco maestoso al paesaggio.<\/p>\n<p>Per il ritorno, lasciare il parcheggio del ristorante Lac Vert e salire fino al rifugio Ch\u00e2telet d&#8217;Ay\u00e8res, quindi seguire il sentiero sopra il lago per tornare a Plaine-Joux.<\/p>\n<p>La balneazione nei laghi di montagna \u00e8 vietata per preservare il loro fragile ecosistema. L&#8217;introduzione di prodotti come creme solari o boe pu\u00f2 alterare l&#8217;equilibrio naturale del lago. Per maggiori informazioni, visitare il sito <a href=\"http:\/\/lacs-sentinelles.org\" target=\"_new\" rel=\"noopener\">lacs-sentinelles.org<\/a>.<\/p>\n\t\t\t\t\t\t\t\t<\/div>\n\t\t\t\t<div class=\"elementor-element elementor-element-3a4827e elementor-widget elementor-widget-button\" data-id=\"3a4827e\" data-element_type=\"widget\" data-e-type=\"widget\" data-widget_type=\"button.default\">\n\t\t\t\t\t\t\t\t\t\t<a class=\"elementor-button elementor-button-link elementor-size-sm\" href=\"https:\/\/www.savoie-mont-blanc.com\/randonnees-et-balades\/boucle-du-lac-vert-124327\/\" target=\"_blank\" rel=\"noopener\">\n\t\t\t\t\t\t<span class=\"elementor-button-content-wrapper\">\n\t\t\t\t\t\t\t\t\t<span class=\"elementor-button-text\">Scheda<\/span>\n\t\t\t\t\t<\/span>\n\t\t\t\t\t<\/a>\n\t\t\t\t\t\t\t\t<\/div>\n\t\t\t\t<\/div>\n\t\t<div class=\"elementor-element elementor-element-f4b5ffd e-con-full e-flex e-con e-child\" data-id=\"f4b5ffd\" data-element_type=\"container\" data-e-type=\"container\" data-settings=\"{&quot;background_background&quot;:&quot;slideshow&quot;,&quot;background_slideshow_gallery&quot;:[{&quot;id&quot;:7087,&quot;url&quot;:&quot;https:\\\/\\\/fontaine-chamonix.com\\\/wp-content\\\/uploads\\\/2025\\\/01\\\/2793338.png&quot;}],&quot;background_slideshow_slide_duration&quot;:2000,&quot;jet_parallax_layout_list&quot;:[],&quot;background_slideshow_loop&quot;:&quot;yes&quot;,&quot;background_slideshow_slide_transition&quot;:&quot;fade&quot;,&quot;background_slideshow_transition_duration&quot;:500}\">\n\t\t\t\t<\/div>\n\t\t\t\t<\/div>\n\t\t\t\t<\/div>\n\t\t\t\t<\/div>\n\t\t\t\t<\/div>\n\t\t","protected":false},"excerpt":{"rendered":"<p>Lago Verde Scoprite il Lac Vert! Immerso in una foresta vicino al sito di Passy Plaine-Joux, il Lac Vert merita pienamente il suo nome. Questo sito naturale eccezionale, concepito per le passeggiate, \u00e8 accessibile a tutti. La notevole trasparenza delle sue acque permette di vedere un accumulo di alberi e piante sul fondo, mentre la [&hellip;]<\/p>\n","protected":false},"author":4,"featured_media":12904,"parent":0,"menu_order":0,"comment_status":"closed","ping_status":"closed","template":"elementor_header_footer","meta":{"footnotes":""},"class_list":["post-8182","page","type-page","status-publish","has-post-thumbnail","hentry"],"jetpack_sharing_enabled":true,"_links":{"self":[{"href":"https:\/\/fontaine-chamonix.com\/it\/wp-json\/wp\/v2\/pages\/8182","targetHints":{"allow":["GET"]}}],"collection":[{"href":"https:\/\/fontaine-chamonix.com\/it\/wp-json\/wp\/v2\/pages"}],"about":[{"href":"https:\/\/fontaine-chamonix.com\/it\/wp-json\/wp\/v2\/types\/page"}],"author":[{"embeddable":true,"href":"https:\/\/fontaine-chamonix.com\/it\/wp-json\/wp\/v2\/users\/4"}],"replies":[{"embeddable":true,"href":"https:\/\/fontaine-chamonix.com\/it\/wp-json\/wp\/v2\/comments?post=8182"}],"version-history":[{"count":14,"href":"https:\/\/fontaine-chamonix.com\/it\/wp-json\/wp\/v2\/pages\/8182\/revisions"}],"predecessor-version":[{"id":12926,"href":"https:\/\/fontaine-chamonix.com\/it\/wp-json\/wp\/v2\/pages\/8182\/revisions\/12926"}],"wp:featuredmedia":[{"embeddable":true,"href":"https:\/\/fontaine-chamonix.com\/it\/wp-json\/wp\/v2\/media\/12904"}],"wp:attachment":[{"href":"https:\/\/fontaine-chamonix.com\/it\/wp-json\/wp\/v2\/media?parent=8182"}],"curies":[{"name":"wp","href":"https:\/\/api.w.org\/{rel}","templated":true}]}}