{"id":8089,"date":"2025-01-05T12:00:23","date_gmt":"2025-01-05T11:00:23","guid":{"rendered":"https:\/\/fontaine-chamonix.com\/pacchetti\/"},"modified":"2025-07-31T10:29:03","modified_gmt":"2025-07-31T08:29:03","slug":"pacchetti","status":"publish","type":"page","link":"https:\/\/fontaine-chamonix.com\/it\/pacchetti\/","title":{"rendered":"Pacchetti"},"content":{"rendered":"\t\t<div data-elementor-type=\"wp-page\" data-elementor-id=\"8089\" class=\"elementor elementor-8089 elementor-6672\" data-elementor-post-type=\"page\">\n\t\t\t\t<div data-dce-background-image-url=\"https:\/\/fontaine-chamonix.com\/wp-content\/uploads\/2025\/01\/robert-kalinagil-pRYkEZNYjFY-unsplash-scaled.jpg\" class=\"elementor-element elementor-element-f24ed25 e-con-full e-flex e-con e-parent\" data-id=\"f24ed25\" data-element_type=\"container\" data-e-type=\"container\" data-settings=\"{&quot;background_background&quot;:&quot;classic&quot;,&quot;jet_parallax_layout_list&quot;:[]}\">\n\t\t\t\t<div data-dce-title-color=\"#FFFFFF\" class=\"elementor-element elementor-element-16e7d08 elementor-widget elementor-widget-heading\" data-id=\"16e7d08\" data-element_type=\"widget\" data-e-type=\"widget\" data-widget_type=\"heading.default\">\n\t\t\t\t\t<h1 class=\"elementor-heading-title elementor-size-default\">Pacchetti<\/h1>\t\t\t\t<\/div>\n\t\t\t\t<\/div>\n\t\t<div class=\"elementor-element elementor-element-8f71d87 e-con-full e-flex e-con e-parent\" data-id=\"8f71d87\" data-element_type=\"container\" data-e-type=\"container\" data-settings=\"{&quot;jet_parallax_layout_list&quot;:[]}\">\n\t\t\t\t<div class=\"elementor-element elementor-element-58545ce elementor-widget elementor-widget-shortcode\" data-id=\"58545ce\" data-element_type=\"widget\" data-e-type=\"widget\" data-widget_type=\"shortcode.default\">\n\t\t\t\t\t\t\t<div class=\"elementor-shortcode\"><nav aria-label=\"breadcrumbs\" class=\"rank-math-breadcrumb\"><p><span class=\"last\">Accueil<\/span><\/p><\/nav><\/div>\n\t\t\t\t\t\t<\/div>\n\t\t\t\t<\/div>\n\t\t<div class=\"elementor-element elementor-element-f0879ab e-con-full e-flex e-con e-parent\" data-id=\"f0879ab\" data-element_type=\"container\" data-e-type=\"container\" data-settings=\"{&quot;jet_parallax_layout_list&quot;:[]}\">\n\t\t<div class=\"elementor-element elementor-element-e05775c e-con-full e-flex e-con e-child\" data-id=\"e05775c\" data-element_type=\"container\" data-e-type=\"container\" data-settings=\"{&quot;background_background&quot;:&quot;classic&quot;,&quot;jet_parallax_layout_list&quot;:[]}\">\n\t\t\t\t<div data-dce-title-color=\"#212028\" class=\"elementor-element elementor-element-7308fcc elementor-widget elementor-widget-heading\" data-id=\"7308fcc\" data-element_type=\"widget\" data-e-type=\"widget\" data-widget_type=\"heading.default\">\n\t\t\t\t\t<h2 class=\"elementor-heading-title elementor-size-default\">Trovate il pacchetto che fa per voi!<\/h2>\t\t\t\t<\/div>\n\t\t\t\t<div class=\"elementor-element elementor-element-f0f4a4c elementor-widget elementor-widget-text-editor\" data-id=\"f0f4a4c\" data-element_type=\"widget\" data-e-type=\"widget\" data-widget_type=\"text-editor.default\">\n\t\t\t\t\t\t\t\t\t<p>Che siate sciatori accaniti o semplicemente curiosi di conoscere l&#8217;eccezionale scenario della Valle di Chamonix-Mont-Blanc, troverete un pacchetto adatto alle vostre esigenze. Che vogliate trascorrere mezza giornata, una giornata intera o pi\u00f9 giorni, avrete accesso a tutti i comprensori sciistici della valle e a memorabili siti escursionistici.<\/p>\n<p>Prenotando gli skipass online almeno tre giorni prima della visita, potrete usufruire di tariffe speciali. In questo modo potrete pianificare il vostro soggiorno e approfittare di sconti esclusivi, preparandovi a una vacanza indimenticabile.<\/p>\n\t\t\t\t\t\t\t\t<\/div>\n\t\t\t\t<div class=\"elementor-element elementor-element-334cacf elementor-widget elementor-widget-spacer\" data-id=\"334cacf\" data-element_type=\"widget\" data-e-type=\"widget\" data-widget_type=\"spacer.default\">\n\t\t\t\t\t\t\t<div class=\"elementor-spacer\">\n\t\t\t<div class=\"elementor-spacer-inner\"><\/div>\n\t\t<\/div>\n\t\t\t\t\t\t<\/div>\n\t\t\t\t<div class=\"elementor-element elementor-element-375b564 elementor-widget elementor-widget-spacer\" data-id=\"375b564\" data-element_type=\"widget\" data-e-type=\"widget\" data-widget_type=\"spacer.default\">\n\t\t\t\t\t\t\t<div class=\"elementor-spacer\">\n\t\t\t<div class=\"elementor-spacer-inner\"><\/div>\n\t\t<\/div>\n\t\t\t\t\t\t<\/div>\n\t\t<div class=\"elementor-element elementor-element-305ce05 e-con-full e-flex e-con e-child\" data-id=\"305ce05\" data-element_type=\"container\" data-e-type=\"container\" data-settings=\"{&quot;jet_parallax_layout_list&quot;:[]}\">\n\t\t<div class=\"elementor-element elementor-element-010ebd3 e-con-full e-flex e-con e-child\" data-id=\"010ebd3\" data-element_type=\"container\" data-e-type=\"container\" data-settings=\"{&quot;jet_parallax_layout_list&quot;:[]}\">\n\t\t<div class=\"elementor-element elementor-element-f3eb318 e-con-full e-flex e-con e-child\" data-id=\"f3eb318\" data-element_type=\"container\" data-e-type=\"container\" data-settings=\"{&quot;jet_parallax_layout_list&quot;:[]}\">\n\t\t\t\t<div data-dce-title-color=\"#000000\" class=\"elementor-element elementor-element-9fcc60d elementor-widget elementor-widget-heading\" data-id=\"9fcc60d\" data-element_type=\"widget\" data-e-type=\"widget\" data-widget_type=\"heading.default\">\n\t\t\t\t\t<h2 class=\"elementor-heading-title elementor-size-default\">Tutti i pacchetti: buone offerte internet<\/h2>\t\t\t\t<\/div>\n\t\t\t\t<div class=\"elementor-element elementor-element-0887d0c elementor-widget elementor-widget-text-editor\" data-id=\"0887d0c\" data-element_type=\"widget\" data-e-type=\"widget\" data-widget_type=\"text-editor.default\">\n\t\t\t\t\t\t\t\t\t<p>Che siate in visita per un giorno o per un soggiorno, da soli o con la famiglia, potete approfittare delle migliori tariffe di questo inverno prenotando il vostro skipass online con almeno 3 giorni di anticipo.<\/p>\n<p>Scoprite i diversi skipass, come Mont Blanc Unlimited, Chamonix Le Pass e molti altri, per trovare quello pi\u00f9 adatto alle vostre esigenze.<\/p>\n\t\t\t\t\t\t\t\t<\/div>\n\t\t\t\t<div class=\"elementor-element elementor-element-aba7a20 elementor-widget elementor-widget-button\" data-id=\"aba7a20\" data-element_type=\"widget\" data-e-type=\"widget\" data-widget_type=\"button.default\">\n\t\t\t\t\t\t\t\t\t\t<a class=\"elementor-button elementor-button-link elementor-size-sm\" href=\"https:\/\/www.montblancnaturalresort.com\/fr\/nos-forfaits?_ecmp=OTCHAM\" target=\"_blank\" rel=\"noopener\">\n\t\t\t\t\t\t<span class=\"elementor-button-content-wrapper\">\n\t\t\t\t\t\t\t\t\t<span class=\"elementor-button-text\">Risparmia tempo: acquista il tuo pacchetto online<\/span>\n\t\t\t\t\t<\/span>\n\t\t\t\t\t<\/a>\n\t\t\t\t\t\t\t\t<\/div>\n\t\t\t\t<\/div>\n\t\t<div class=\"elementor-element elementor-element-23337d5 e-con-full e-flex e-con e-child\" data-id=\"23337d5\" data-element_type=\"container\" data-e-type=\"container\" data-settings=\"{&quot;background_background&quot;:&quot;slideshow&quot;,&quot;background_slideshow_gallery&quot;:[{&quot;id&quot;:9612,&quot;url&quot;:&quot;https:\\\/\\\/fontaine-chamonix.com\\\/wp-content\\\/uploads\\\/2025\\\/07\\\/kevin-bessat-aDP2i04upHU-unsplash-1-scaled.jpg&quot;}],&quot;background_slideshow_slide_duration&quot;:2000,&quot;jet_parallax_layout_list&quot;:[],&quot;background_slideshow_loop&quot;:&quot;yes&quot;,&quot;background_slideshow_slide_transition&quot;:&quot;fade&quot;,&quot;background_slideshow_transition_duration&quot;:500}\">\n\t\t\t\t<\/div>\n\t\t\t\t<\/div>\n\t\t\t\t<\/div>\n\t\t<div class=\"elementor-element elementor-element-1e376e0 e-con-full e-flex e-con e-child\" data-id=\"1e376e0\" data-element_type=\"container\" data-e-type=\"container\" data-settings=\"{&quot;jet_parallax_layout_list&quot;:[]}\">\n\t\t<div class=\"elementor-element elementor-element-3ff4c7f e-con-full e-flex e-con e-child\" data-id=\"3ff4c7f\" data-element_type=\"container\" data-e-type=\"container\" data-settings=\"{&quot;background_background&quot;:&quot;slideshow&quot;,&quot;background_slideshow_gallery&quot;:[{&quot;id&quot;:6525,&quot;url&quot;:&quot;https:\\\/\\\/fontaine-chamonix.com\\\/wp-content\\\/uploads\\\/2025\\\/01\\\/hongbin-u5JUXp3Lfz4-unsplash-1-scaled.jpg&quot;}],&quot;background_slideshow_slide_duration&quot;:2000,&quot;jet_parallax_layout_list&quot;:[],&quot;background_slideshow_loop&quot;:&quot;yes&quot;,&quot;background_slideshow_slide_transition&quot;:&quot;fade&quot;,&quot;background_slideshow_transition_duration&quot;:500}\">\n\t\t\t\t<\/div>\n\t\t<div class=\"elementor-element elementor-element-399c2e3 e-con-full e-flex e-con e-child\" data-id=\"399c2e3\" data-element_type=\"container\" data-e-type=\"container\" data-settings=\"{&quot;jet_parallax_layout_list&quot;:[]}\">\n\t\t\t\t<div data-dce-title-color=\"#000000\" class=\"elementor-element elementor-element-70b282e elementor-widget elementor-widget-heading\" data-id=\"70b282e\" data-element_type=\"widget\" data-e-type=\"widget\" data-widget_type=\"heading.default\">\n\t\t\t\t\t<h2 class=\"elementor-heading-title elementor-size-default\">Pacchetto Mont-Blanc Unlimited<\/h2>\t\t\t\t<\/div>\n\t\t\t\t<div class=\"elementor-element elementor-element-1f1832a elementor-widget elementor-widget-text-editor\" data-id=\"1f1832a\" data-element_type=\"widget\" data-e-type=\"widget\" data-widget_type=\"text-editor.default\">\n\t\t\t\t\t\t\t\t\t<p>Lo skipass MONT BLANC Unlimited apre le porte all&#8217;avventura: accesso a tutte le aree sciistiche di Chamonix (esclusa la vetta dei Grands Montets), oltre alle stazioni di Les Houches &#8211; Saint-Gervais, Evasion Mont-Blanc e persino alle piste italiane e svizzere. \u00c8 inoltre possibile usufruire dell&#8217;accesso a siti escursionistici emblematici per scoprire la montagna in modo diverso.<\/p>\n<p>Un unico pass per sciare in 3 Paesi ed esplorare un territorio eccezionale!<\/p>\n\t\t\t\t\t\t\t\t<\/div>\n\t\t\t\t<div class=\"elementor-element elementor-element-93b7b7f elementor-widget elementor-widget-button\" data-id=\"93b7b7f\" data-element_type=\"widget\" data-e-type=\"widget\" data-widget_type=\"button.default\">\n\t\t\t\t\t\t\t\t\t\t<a class=\"elementor-button elementor-button-link elementor-size-sm\" href=\"https:\/\/www.montblancnaturalresort.com\/fr\/montblanc-unlimited?_ecmp=OTCHAM\" target=\"_blank\" rel=\"noopener\">\n\t\t\t\t\t\t<span class=\"elementor-button-content-wrapper\">\n\t\t\t\t\t\t\t\t\t<span class=\"elementor-button-text\">Acquistate il vostro pacchetto online<\/span>\n\t\t\t\t\t<\/span>\n\t\t\t\t\t<\/a>\n\t\t\t\t\t\t\t\t<\/div>\n\t\t\t\t<\/div>\n\t\t\t\t<\/div>\n\t\t\t\t<div class=\"elementor-element elementor-element-b6344e8 elementor-widget elementor-widget-spacer\" data-id=\"b6344e8\" data-element_type=\"widget\" data-e-type=\"widget\" data-widget_type=\"spacer.default\">\n\t\t\t\t\t\t\t<div class=\"elementor-spacer\">\n\t\t\t<div class=\"elementor-spacer-inner\"><\/div>\n\t\t<\/div>\n\t\t\t\t\t\t<\/div>\n\t\t<div class=\"elementor-element elementor-element-3dd234d e-con-full e-flex e-con e-child\" data-id=\"3dd234d\" data-element_type=\"container\" data-e-type=\"container\" data-settings=\"{&quot;jet_parallax_layout_list&quot;:[]}\">\n\t\t<div class=\"elementor-element elementor-element-5694585 e-con-full e-flex e-con e-child\" data-id=\"5694585\" data-element_type=\"container\" data-e-type=\"container\" data-settings=\"{&quot;jet_parallax_layout_list&quot;:[]}\">\n\t\t<div class=\"elementor-element elementor-element-4b914cb e-con-full e-flex e-con e-child\" data-id=\"4b914cb\" data-element_type=\"container\" data-e-type=\"container\" data-settings=\"{&quot;jet_parallax_layout_list&quot;:[]}\">\n\t\t\t\t<div data-dce-title-color=\"#000000\" class=\"elementor-element elementor-element-9599211 elementor-widget elementor-widget-heading\" data-id=\"9599211\" data-element_type=\"widget\" data-e-type=\"widget\" data-widget_type=\"heading.default\">\n\t\t\t\t\t<h2 class=\"elementor-heading-title elementor-size-default\">Les Houches - Saint-Gervais<\/h2>\t\t\t\t<\/div>\n\t\t\t\t<div class=\"elementor-element elementor-element-1d5f2d4 elementor-widget elementor-widget-text-editor\" data-id=\"1d5f2d4\" data-element_type=\"widget\" data-e-type=\"widget\" data-widget_type=\"text-editor.default\">\n\t\t\t\t\t\t\t\t\t<p>Les Houches &#8211; Saint-Gervais \u00e8 la prima stazione sciistica accessibile della valle del Monte Bianco e il luogo ideale per iniziare la vostra vacanza in montagna. Situata nel cuore del massiccio, la stazione offre un&#8217;eccezionale vista panoramica a 360\u00b0 sulle cime emblematiche: il Mont Joly, la catena degli Aravis, il massiccio del Fiz, le Aiguilles Rouges, con il maestoso massiccio del Monte Bianco sullo sfondo.<br \/>\u00c8 la cornice ideale per una vacanza in montagna, che combina sport invernali, natura incontaminata e spettacolari scenari alpini.<\/p>\n\t\t\t\t\t\t\t\t<\/div>\n\t\t\t\t<div class=\"elementor-element elementor-element-4cbb2f2 elementor-widget elementor-widget-button\" data-id=\"4cbb2f2\" data-element_type=\"widget\" data-e-type=\"widget\" data-widget_type=\"button.default\">\n\t\t\t\t\t\t\t\t\t\t<a class=\"elementor-button elementor-button-link elementor-size-sm\" href=\"https:\/\/leshouches.montblancnaturalresort.com\/fr\/billetterie\" target=\"_blank\" rel=\"noopener\">\n\t\t\t\t\t\t<span class=\"elementor-button-content-wrapper\">\n\t\t\t\t\t\t\t\t\t<span class=\"elementor-button-text\">Acquistate il vostro pacchetto online<\/span>\n\t\t\t\t\t<\/span>\n\t\t\t\t\t<\/a>\n\t\t\t\t\t\t\t\t<\/div>\n\t\t\t\t<\/div>\n\t\t<div class=\"elementor-element elementor-element-dfbe3c0 e-con-full e-flex e-con e-child\" data-id=\"dfbe3c0\" data-element_type=\"container\" data-e-type=\"container\" data-settings=\"{&quot;background_background&quot;:&quot;slideshow&quot;,&quot;background_slideshow_gallery&quot;:[{&quot;id&quot;:6845,&quot;url&quot;:&quot;https:\\\/\\\/fontaine-chamonix.com\\\/wp-content\\\/uploads\\\/2025\\\/01\\\/sebastian-smith-V8YFNLZzy_8-unsplash-1-scaled.jpg&quot;}],&quot;background_slideshow_slide_duration&quot;:2000,&quot;jet_parallax_layout_list&quot;:[],&quot;background_slideshow_loop&quot;:&quot;yes&quot;,&quot;background_slideshow_slide_transition&quot;:&quot;fade&quot;,&quot;background_slideshow_transition_duration&quot;:500}\">\n\t\t\t\t<\/div>\n\t\t\t\t<\/div>\n\t\t\t\t<\/div>\n\t\t<div class=\"elementor-element elementor-element-bb45386 e-con-full e-flex e-con e-child\" data-id=\"bb45386\" data-element_type=\"container\" data-e-type=\"container\" data-settings=\"{&quot;jet_parallax_layout_list&quot;:[]}\">\n\t\t<div class=\"elementor-element elementor-element-ebdd9cb e-con-full e-flex e-con e-child\" data-id=\"ebdd9cb\" data-element_type=\"container\" data-e-type=\"container\" data-settings=\"{&quot;jet_parallax_layout_list&quot;:[]}\">\n\t\t<div class=\"elementor-element elementor-element-de2fae9 e-con-full e-flex e-con e-child\" data-id=\"de2fae9\" data-element_type=\"container\" data-e-type=\"container\" data-settings=\"{&quot;background_background&quot;:&quot;slideshow&quot;,&quot;background_slideshow_gallery&quot;:[{&quot;id&quot;:9657,&quot;url&quot;:&quot;https:\\\/\\\/fontaine-chamonix.com\\\/wp-content\\\/uploads\\\/2025\\\/07\\\/thanh-nguyen-M0oK-Vitr0I-unsplash-1-scaled.jpg&quot;}],&quot;background_slideshow_slide_duration&quot;:2000,&quot;jet_parallax_layout_list&quot;:[],&quot;background_slideshow_loop&quot;:&quot;yes&quot;,&quot;background_slideshow_slide_transition&quot;:&quot;fade&quot;,&quot;background_slideshow_transition_duration&quot;:500}\">\n\t\t\t\t<\/div>\n\t\t<div class=\"elementor-element elementor-element-8cdf23b e-con-full e-flex e-con e-child\" data-id=\"8cdf23b\" data-element_type=\"container\" data-e-type=\"container\" data-settings=\"{&quot;jet_parallax_layout_list&quot;:[]}\">\n\t\t\t\t<div data-dce-title-color=\"#000000\" class=\"elementor-element elementor-element-9095cbe elementor-widget elementor-widget-heading\" data-id=\"9095cbe\" data-element_type=\"widget\" data-e-type=\"widget\" data-widget_type=\"heading.default\">\n\t\t\t\t\t<h2 class=\"elementor-heading-title elementor-size-default\">Un singolo passaggio: 100% pedonale<\/h2>\t\t\t\t<\/div>\n\t\t\t\t<div class=\"elementor-element elementor-element-7a8522c elementor-widget elementor-widget-text-editor\" data-id=\"7a8522c\" data-element_type=\"widget\" data-e-type=\"widget\" data-widget_type=\"text-editor.default\">\n\t\t\t\t\t\t\t\t\t<p>Con il pacchetto Chamonix 100% pedonale, scoprite i pi\u00f9 bei panorami delle Alpi senza sci. Potrete accedere facilmente ai siti pi\u00f9 emblematici: Planpraz, Br\u00e9vent, Fl\u00e9g\u00e8re, Charamillon, oltre all&#8217;imperdibile Aiguille du Midi e allo spettacolare sito di Montenvers &#8211; Mer de Glace.<br \/>Godetevi i panorami mozzafiato assaporando la cucina dei ristoranti d&#8217;alta quota situati in questi luoghi eccezionali. \u00c8 l&#8217;occasione perfetta per esplorare le montagne in modo diverso, combinando i piaceri gastronomici con le viste panoramiche.<\/p>\n\t\t\t\t\t\t\t\t<\/div>\n\t\t\t\t<div class=\"elementor-element elementor-element-bfb4f6a elementor-widget elementor-widget-button\" data-id=\"bfb4f6a\" data-element_type=\"widget\" data-e-type=\"widget\" data-widget_type=\"button.default\">\n\t\t\t\t\t\t\t\t\t\t<a class=\"elementor-button elementor-button-link elementor-size-sm\" href=\"https:\/\/www.montblancnaturalresort.com\/fr\/sejour-pietons-chamonix?_ecmp=OTCHAM\" target=\"_blank\" rel=\"noopener\">\n\t\t\t\t\t\t<span class=\"elementor-button-content-wrapper\">\n\t\t\t\t\t\t\t\t\t<span class=\"elementor-button-text\"> Acquista il Pass pedonale online<\/span>\n\t\t\t\t\t<\/span>\n\t\t\t\t\t<\/a>\n\t\t\t\t\t\t\t\t<\/div>\n\t\t\t\t<\/div>\n\t\t\t\t<\/div>\n\t\t\t\t<\/div>\n\t\t\t\t<\/div>\n\t\t\t\t<\/div>\n\t\t\t\t<\/div>\n\t\t","protected":false},"excerpt":{"rendered":"<p>Pacchetti Trovate il pacchetto che fa per voi! Che siate sciatori accaniti o semplicemente curiosi di conoscere l&#8217;eccezionale scenario della Valle di Chamonix-Mont-Blanc, troverete un pacchetto adatto alle vostre esigenze. Che vogliate trascorrere mezza giornata, una giornata intera o pi\u00f9 giorni, avrete accesso a tutti i comprensori sciistici della valle e a memorabili siti escursionistici. [&hellip;]<\/p>\n","protected":false},"author":4,"featured_media":6494,"parent":0,"menu_order":0,"comment_status":"closed","ping_status":"closed","template":"elementor_header_footer","meta":{"footnotes":""},"class_list":["post-8089","page","type-page","status-publish","has-post-thumbnail","hentry"],"jetpack_sharing_enabled":true,"_links":{"self":[{"href":"https:\/\/fontaine-chamonix.com\/it\/wp-json\/wp\/v2\/pages\/8089","targetHints":{"allow":["GET"]}}],"collection":[{"href":"https:\/\/fontaine-chamonix.com\/it\/wp-json\/wp\/v2\/pages"}],"about":[{"href":"https:\/\/fontaine-chamonix.com\/it\/wp-json\/wp\/v2\/types\/page"}],"author":[{"embeddable":true,"href":"https:\/\/fontaine-chamonix.com\/it\/wp-json\/wp\/v2\/users\/4"}],"replies":[{"embeddable":true,"href":"https:\/\/fontaine-chamonix.com\/it\/wp-json\/wp\/v2\/comments?post=8089"}],"version-history":[{"count":6,"href":"https:\/\/fontaine-chamonix.com\/it\/wp-json\/wp\/v2\/pages\/8089\/revisions"}],"predecessor-version":[{"id":9664,"href":"https:\/\/fontaine-chamonix.com\/it\/wp-json\/wp\/v2\/pages\/8089\/revisions\/9664"}],"wp:featuredmedia":[{"embeddable":true,"href":"https:\/\/fontaine-chamonix.com\/it\/wp-json\/wp\/v2\/media\/6494"}],"wp:attachment":[{"href":"https:\/\/fontaine-chamonix.com\/it\/wp-json\/wp\/v2\/media?parent=8089"}],"curies":[{"name":"wp","href":"https:\/\/api.w.org\/{rel}","templated":true}]}}