{"id":7991,"date":"2020-12-28T17:34:52","date_gmt":"2020-12-28T16:34:52","guid":{"rendered":"https:\/\/fontaine-chamonix.com\/termini-e-condizioni-di-vendita\/"},"modified":"2025-02-08T16:47:46","modified_gmt":"2025-02-08T15:47:46","slug":"termini-e-condizioni-di-vendita","status":"publish","type":"page","link":"https:\/\/fontaine-chamonix.com\/it\/termini-e-condizioni-di-vendita\/","title":{"rendered":"Termini e condizioni di vendita"},"content":{"rendered":"\t\t<div data-elementor-type=\"wp-page\" data-elementor-id=\"7991\" class=\"elementor elementor-7991 elementor-972\" data-elementor-post-type=\"page\">\n\t\t\t\t<div data-dce-background-image-url=\"https:\/\/fontaine-chamonix.com\/wp-content\/uploads\/2024\/12\/bg-cgv.jpg\" class=\"elementor-element elementor-element-3ca0faf e-con-full e-flex e-con e-parent\" data-id=\"3ca0faf\" data-element_type=\"container\" data-e-type=\"container\" data-settings=\"{&quot;background_background&quot;:&quot;classic&quot;,&quot;jet_parallax_layout_list&quot;:[]}\">\n\t\t\t\t<div data-dce-title-color=\"#FFFFFF\" class=\"elementor-element elementor-element-75da701 elementor-widget elementor-widget-heading\" data-id=\"75da701\" data-element_type=\"widget\" data-e-type=\"widget\" data-widget_type=\"heading.default\">\n\t\t\t\t\t<h1 class=\"elementor-heading-title elementor-size-default\">Termini e condizioni di vendita<\/h1>\t\t\t\t<\/div>\n\t\t\t\t<\/div>\n\t\t<div class=\"elementor-element elementor-element-77bcc13 e-con-full e-flex e-con e-parent\" data-id=\"77bcc13\" data-element_type=\"container\" data-e-type=\"container\" data-settings=\"{&quot;jet_parallax_layout_list&quot;:[]}\">\n\t\t\t\t<div class=\"elementor-element elementor-element-4ef8ba0 elementor-widget elementor-widget-shortcode\" data-id=\"4ef8ba0\" data-element_type=\"widget\" data-e-type=\"widget\" data-widget_type=\"shortcode.default\">\n\t\t\t\t\t\t\t<div class=\"elementor-shortcode\"><nav aria-label=\"breadcrumbs\" class=\"rank-math-breadcrumb\"><p><span class=\"last\">Accueil<\/span><\/p><\/nav><\/div>\n\t\t\t\t\t\t<\/div>\n\t\t\t\t<\/div>\n\t\t<div class=\"elementor-element elementor-element-5dea7f7 e-con-full e-flex e-con e-parent\" data-id=\"5dea7f7\" data-element_type=\"container\" data-e-type=\"container\" data-settings=\"{&quot;jet_parallax_layout_list&quot;:[]}\">\n\t\t<div class=\"elementor-element elementor-element-31c193f e-con-full e-flex e-con e-child\" data-id=\"31c193f\" data-element_type=\"container\" data-e-type=\"container\" data-settings=\"{&quot;background_background&quot;:&quot;classic&quot;,&quot;jet_parallax_layout_list&quot;:[]}\">\n\t\t\t\t<div class=\"elementor-element elementor-element-cfdf8e6 elementor-widget elementor-widget-text-editor\" data-id=\"cfdf8e6\" data-element_type=\"widget\" data-e-type=\"widget\" data-widget_type=\"text-editor.default\">\n\t\t\t\t\t\t\t\t\t<p>Le presenti Condizioni Generali di Vendita si applicano, senza limitazioni o riserve, a tutti gli acquisti di servizi di prenotazione di camere d&#8217;albergo e servizi correlati offerti dall&#8217;H\u00f4tel La Fontaine a consumatori e clienti sul sito web dell&#8217;Hotel.<\/p>\n\t\t\t\t\t\t\t\t<\/div>\n\t\t\t\t<div data-dce-title-color=\"#212028\" class=\"elementor-element elementor-element-c96e7b4 elementor-widget elementor-widget-heading\" data-id=\"c96e7b4\" data-element_type=\"widget\" data-e-type=\"widget\" data-widget_type=\"heading.default\">\n\t\t\t\t\t<h2 class=\"elementor-heading-title elementor-size-default\">Rinvio all'Ombudsman dei consumatori<\/h2>\t\t\t\t<\/div>\n\t\t\t\t<div class=\"elementor-element elementor-element-b2d0b48 elementor-widget elementor-widget-text-editor\" data-id=\"b2d0b48\" data-element_type=\"widget\" data-e-type=\"widget\" data-widget_type=\"text-editor.default\">\n\t\t\t\t\t\t\t\t\t<p>In caso di controversia irrisolta con l&#8217;Hotel La Fontaine, ai sensi degli articoli L. 616-1 e R. 616-1 del Codice del Consumo francese, il cliente ha il diritto di rivolgersi all&#8217;Ombudsman del Turismo e dei Viaggi per cercare, con il suo aiuto, di trovare una soluzione amichevole al conflitto.<br \/>\nI dati di contatto sono i seguenti<br \/>\nOmbudsman del turismo e dei viaggi,<br \/>\nMTV M\u00e9diation Tourisme Voyage<br \/>\nBP 80 303<br \/>\n75823 Parigi Cedex 17<\/p>\n<p>I dettagli su come contattare l&#8217;Ombudsman sono disponibili sul sito web www.mtv.travel<\/p>\n\t\t\t\t\t\t\t\t<\/div>\n\t\t\t\t<div data-dce-title-color=\"#212028\" class=\"elementor-element elementor-element-baa2c74 elementor-widget elementor-widget-heading\" data-id=\"baa2c74\" data-element_type=\"widget\" data-e-type=\"widget\" data-widget_type=\"heading.default\">\n\t\t\t\t\t<h2 class=\"elementor-heading-title elementor-size-default\">Modifiche - Cancellazione della prenotazione<\/h2>\t\t\t\t<\/div>\n\t\t\t\t<div class=\"elementor-element elementor-element-4b6053d elementor-widget elementor-widget-text-editor\" data-id=\"4b6053d\" data-element_type=\"widget\" data-e-type=\"widget\" data-widget_type=\"text-editor.default\">\n\t\t\t\t\t\t\t\t\t<p>Ai sensi dell&#8217;articolo 221-28 del Codice del Consumo francese, il cliente non pu\u00f2 usufruire del periodo di ripensamento di 14 giorni. Le prenotazioni effettuate sul sito web dell&#8217;H\u00f4tel La Fontaine non possono essere modificate durante il soggiorno.<\/p>\n\t\t\t\t\t\t\t\t<\/div>\n\t\t\t\t<div data-dce-title-color=\"#212028\" class=\"elementor-element elementor-element-eb9ab16 elementor-widget elementor-widget-heading\" data-id=\"eb9ab16\" data-element_type=\"widget\" data-e-type=\"widget\" data-widget_type=\"heading.default\">\n\t\t\t\t\t<h2 class=\"elementor-heading-title elementor-size-default\">Informazioni precontrattuali - Accettazione del cliente<\/h2>\t\t\t\t<\/div>\n\t\t\t\t<div class=\"elementor-element elementor-element-afc64a7 elementor-widget elementor-widget-text-editor\" data-id=\"afc64a7\" data-element_type=\"widget\" data-e-type=\"widget\" data-widget_type=\"text-editor.default\">\n\t\t\t\t\t\t\t\t\t<p>Comprensibili, le presenti Condizioni Generali di Vendita e tutte le informazioni elencate nell&#8217;articolo L. 221-5 del Codice del Consumo francese, in particolare le seguenti informazioni:<\/p>\n<p>le caratteristiche essenziali dei Servizi, tenendo conto del mezzo di comunicazione utilizzato e del Servizio in questione;<br \/>\nil prezzo dei Servizi e le relative spese;<br \/>\nin assenza di esecuzione immediata del contratto, la data o il termine entro il quale il Fornitore di servizi si impegna a fornire i Servizi riservati;<br \/>\ninformazioni relative all&#8217;identit\u00e0 del Fornitore di servizi, ai suoi recapiti postali, telefonici ed elettronici e alle sue attivit\u00e0, qualora non risultino evidenti dal contesto,<br \/>\ninformazioni relative alle garanzie legali e contrattuali e alle loro procedure di attuazione;<br \/>\nle funzionalit\u00e0 del contenuto digitale e, se del caso, la sua interoperabilit\u00e0;<br \/>\nla possibilit\u00e0 di ricorrere alla mediazione convenzionale in caso di controversia;<br \/>\ninformazioni su importanti condizioni contrattuali.<br \/>\ni mezzi di pagamento accettati.<br \/>\nIl fatto che una persona fisica (o giuridica) effettui una prenotazione sul sito Internet dell&#8217;Hotel implica la piena e completa accettazione delle presenti Condizioni Generali di Vendita e l&#8217;obbligo di pagare i Servizi ordinati, espressamente riconosciuto dal Cliente, che rinuncia, in particolare, a far valere qualsiasi documento contraddittorio che sarebbe inopponibile al Fornitore di Servizi.<\/p>\n\t\t\t\t\t\t\t\t<\/div>\n\t\t\t\t<div data-dce-title-color=\"#212028\" class=\"elementor-element elementor-element-ae59ff9 elementor-widget elementor-widget-heading\" data-id=\"ae59ff9\" data-element_type=\"widget\" data-e-type=\"widget\" data-widget_type=\"heading.default\">\n\t\t\t\t\t<h2 class=\"elementor-heading-title elementor-size-default\">Informazioni per i consumatori<\/h2>\t\t\t\t<\/div>\n\t\t\t\t<div class=\"elementor-element elementor-element-15fe16c elementor-widget elementor-widget-text-editor\" data-id=\"15fe16c\" data-element_type=\"widget\" data-e-type=\"widget\" data-widget_type=\"text-editor.default\">\n\t\t\t\t\t\t\t\t\t<p>L&#8217;H\u00f4tel La Fontaine \u00e8 vincolato dalla garanzia di conformit\u00e0 dei servizi, alle condizioni previste dagli articoli L. 111-2. del Codice del Consumo francese, fatta salva ogni garanzia contrattuale supplementare che potr\u00e0 essere specificamente concordata tra le parti, al di fuori delle presenti condizioni generali, in virt\u00f9 di un contratto scritto debitamente firmato dalle parti.<\/p>\n<p>I servizi commercializzati dall&#8217;H\u00f4tel La Fontaine consistono, nell&#8217;ambito di un contratto con la struttura, nella messa a disposizione di camere, le cui caratteristiche essenziali sono presentate sul sito fontaine-chamonix.com, con o senza servizio di prima colazione e altri servizi aggiuntivi legati all&#8217;alloggio temporaneo. In conformit\u00e0 alle disposizioni dell&#8217;articolo L. 111-1 del Codice del Consumo francese, tali servizi sono elencati sul sito fontaine-chamonix.com.<\/p>\n\t\t\t\t\t\t\t\t<\/div>\n\t\t\t\t<div data-dce-title-color=\"#212028\" class=\"elementor-element elementor-element-d548b0b elementor-widget elementor-widget-heading\" data-id=\"d548b0b\" data-element_type=\"widget\" data-e-type=\"widget\" data-widget_type=\"heading.default\">\n\t\t\t\t\t<h2 class=\"elementor-heading-title elementor-size-default\">Informazioni legali<\/h2>\t\t\t\t<\/div>\n\t\t\t\t<div class=\"elementor-element elementor-element-fbd70c3 elementor-widget elementor-widget-text-editor\" data-id=\"fbd70c3\" data-element_type=\"widget\" data-e-type=\"widget\" data-widget_type=\"text-editor.default\">\n\t\t\t\t\t\t\t\t\t<p>In conformit\u00e0 alle disposizioni degli articoli 6-III e 19 della legge n. 2004-575 del 21 giugno 2004 sulla fiducia nell&#8217;economia digitale, nota come L.C.E.N., gli utenti e i visitatori del sito web fontaine-chamonix.com sono informati della presente nota legale su questa pagina.<br \/>\nIl sito web dell&#8217;H\u00f4tel La Fontaine \u00e8 accessibile al seguente indirizzo: fontaine-chamonix.com.<br \/>\nL&#8217;accesso e l&#8217;utilizzo del sito web sono soggetti al presente \u201cAvviso legale\u201d dettagliato nella pagina seguente &gt;&gt; avviso legale e alle leggi e\/o regolamenti applicabili.<\/p>\n<p>La connessione, l&#8217;uso e l&#8217;accesso a questo sito web implicano l&#8217;accettazione integrale e senza riserve da parte dell&#8217;utente di Internet di tutte le disposizioni del presente Avviso Legale.<\/p>\n\t\t\t\t\t\t\t\t<\/div>\n\t\t\t\t<\/div>\n\t\t\t\t<\/div>\n\t\t\t\t<\/div>\n\t\t","protected":false},"excerpt":{"rendered":"<p>Termini e condizioni di vendita Le presenti Condizioni Generali di Vendita si applicano, senza limitazioni o riserve, a tutti gli acquisti di servizi di prenotazione di camere d&#8217;albergo e servizi correlati offerti dall&#8217;H\u00f4tel La Fontaine a consumatori e clienti sul sito web dell&#8217;Hotel. Rinvio all&#8217;Ombudsman dei consumatori In caso di controversia irrisolta con l&#8217;Hotel La [&hellip;]<\/p>\n","protected":false},"author":3,"featured_media":4794,"parent":0,"menu_order":0,"comment_status":"closed","ping_status":"open","template":"elementor_header_footer","meta":{"footnotes":""},"class_list":["post-7991","page","type-page","status-publish","has-post-thumbnail","hentry"],"jetpack_sharing_enabled":true,"_links":{"self":[{"href":"https:\/\/fontaine-chamonix.com\/it\/wp-json\/wp\/v2\/pages\/7991","targetHints":{"allow":["GET"]}}],"collection":[{"href":"https:\/\/fontaine-chamonix.com\/it\/wp-json\/wp\/v2\/pages"}],"about":[{"href":"https:\/\/fontaine-chamonix.com\/it\/wp-json\/wp\/v2\/types\/page"}],"author":[{"embeddable":true,"href":"https:\/\/fontaine-chamonix.com\/it\/wp-json\/wp\/v2\/users\/3"}],"replies":[{"embeddable":true,"href":"https:\/\/fontaine-chamonix.com\/it\/wp-json\/wp\/v2\/comments?post=7991"}],"version-history":[{"count":3,"href":"https:\/\/fontaine-chamonix.com\/it\/wp-json\/wp\/v2\/pages\/7991\/revisions"}],"predecessor-version":[{"id":7994,"href":"https:\/\/fontaine-chamonix.com\/it\/wp-json\/wp\/v2\/pages\/7991\/revisions\/7994"}],"wp:featuredmedia":[{"embeddable":true,"href":"https:\/\/fontaine-chamonix.com\/it\/wp-json\/wp\/v2\/media\/4794"}],"wp:attachment":[{"href":"https:\/\/fontaine-chamonix.com\/it\/wp-json\/wp\/v2\/media?parent=7991"}],"curies":[{"name":"wp","href":"https:\/\/api.w.org\/{rel}","templated":true}]}}