{"id":8584,"date":"2025-01-31T13:38:42","date_gmt":"2025-01-31T12:38:42","guid":{"rendered":"https:\/\/fontaine-chamonix.com\/vuelo-en-helicoptero\/"},"modified":"2026-01-03T18:44:59","modified_gmt":"2026-01-03T17:44:59","slug":"vuelo-en-helicoptero","status":"publish","type":"page","link":"https:\/\/fontaine-chamonix.com\/es\/vuelo-en-helicoptero\/","title":{"rendered":"Vuelo en helic\u00f3ptero"},"content":{"rendered":"\t\t<div data-elementor-type=\"wp-page\" data-elementor-id=\"8584\" class=\"elementor elementor-8584 elementor-7626\" data-elementor-post-type=\"page\">\n\t\t\t\t<div data-dce-background-image-url=\"https:\/\/fontaine-chamonix.com\/wp-content\/uploads\/2025\/01\/jainam-mehta-zwQ60S04NEY-unsplash-1-scaled.jpg\" class=\"elementor-element elementor-element-702b495 e-con-full e-flex e-con e-parent\" data-id=\"702b495\" data-element_type=\"container\" data-e-type=\"container\" data-settings=\"{&quot;background_background&quot;:&quot;classic&quot;,&quot;jet_parallax_layout_list&quot;:[]}\">\n\t\t\t\t<div data-dce-title-color=\"#FFFFFF\" class=\"elementor-element elementor-element-1a16ef25 elementor-widget elementor-widget-heading\" data-id=\"1a16ef25\" data-element_type=\"widget\" data-e-type=\"widget\" data-widget_type=\"heading.default\">\n\t\t\t\t\t<h1 class=\"elementor-heading-title elementor-size-default\">Vuelo en helic\u00f3ptero<\/h1>\t\t\t\t<\/div>\n\t\t\t\t<\/div>\n\t\t<div class=\"elementor-element elementor-element-faa05e e-con-full e-flex e-con e-parent\" data-id=\"faa05e\" data-element_type=\"container\" data-e-type=\"container\" data-settings=\"{&quot;jet_parallax_layout_list&quot;:[]}\">\n\t\t\t\t<div class=\"elementor-element elementor-element-76e4050a elementor-widget elementor-widget-shortcode\" data-id=\"76e4050a\" data-element_type=\"widget\" data-e-type=\"widget\" data-widget_type=\"shortcode.default\">\n\t\t\t\t\t\t\t<div class=\"elementor-shortcode\"><nav aria-label=\"breadcrumbs\" class=\"rank-math-breadcrumb\"><p><span class=\"last\">Accueil<\/span><\/p><\/nav><\/div>\n\t\t\t\t\t\t<\/div>\n\t\t\t\t<\/div>\n\t\t<div class=\"elementor-element elementor-element-4235a972 e-con-full e-flex e-con e-parent\" data-id=\"4235a972\" data-element_type=\"container\" data-e-type=\"container\" data-settings=\"{&quot;jet_parallax_layout_list&quot;:[]}\">\n\t\t<div class=\"elementor-element elementor-element-7d55213f e-con-full e-flex e-con e-child\" data-id=\"7d55213f\" data-element_type=\"container\" data-e-type=\"container\" data-settings=\"{&quot;background_background&quot;:&quot;classic&quot;,&quot;jet_parallax_layout_list&quot;:[]}\">\n\t\t\t\t<div data-dce-title-color=\"#212028\" class=\"elementor-element elementor-element-507fa61f elementor-widget elementor-widget-heading\" data-id=\"507fa61f\" data-element_type=\"widget\" data-e-type=\"widget\" data-widget_type=\"heading.default\">\n\t\t\t\t\t<h2 class=\"elementor-heading-title elementor-size-default\">Descubra Chamonix desde el aire en helic\u00f3ptero<\/h2>\t\t\t\t<\/div>\n\t\t\t\t<div class=\"elementor-element elementor-element-71319292 elementor-widget elementor-widget-text-editor\" data-id=\"71319292\" data-element_type=\"widget\" data-e-type=\"widget\" data-widget_type=\"text-editor.default\">\n\t\t\t\t\t\t\t\t\t<p>Vuele al coraz\u00f3n del macizo del Mont Blanc y descubra sus majestuosas cumbres. CMBH te ofrece una experiencia \u00fanica con un vuelo panor\u00e1mico sobre las monta\u00f1as.<\/p>\n\t\t\t\t\t\t\t\t<\/div>\n\t\t<div class=\"elementor-element elementor-element-2a6ba470 e-con-full e-flex e-con e-child\" data-id=\"2a6ba470\" data-element_type=\"container\" data-e-type=\"container\" data-settings=\"{&quot;jet_parallax_layout_list&quot;:[]}\">\n\t\t<div class=\"elementor-element elementor-element-1093ac29 e-con-full e-flex e-con e-child\" data-id=\"1093ac29\" data-element_type=\"container\" data-e-type=\"container\" data-settings=\"{&quot;jet_parallax_layout_list&quot;:[]}\">\n\t\t\t\t<div data-dce-title-color=\"#000000\" class=\"elementor-element elementor-element-fdeccca elementor-widget elementor-widget-heading\" data-id=\"fdeccca\" data-element_type=\"widget\" data-e-type=\"widget\" data-widget_type=\"heading.default\">\n\t\t\t\t\t<h2 class=\"elementor-heading-title elementor-size-default\">Vuelo panor\u00e1mico<\/h2>\t\t\t\t<\/div>\n\t\t\t\t<div class=\"elementor-element elementor-element-ad491de elementor-widget elementor-widget-text-editor\" data-id=\"ad491de\" data-element_type=\"widget\" data-e-type=\"widget\" data-widget_type=\"text-editor.default\">\n\t\t\t\t\t\t\t\t\t<p><strong>Vuelo de 15 minutos:<\/strong> Sobrevuela las Grandes Jorasses, una cima emblem\u00e1tica de los Alpes. Pasar\u00e1s sobre el glaciar de Argenti\u00e8re, con las caras norte de la Aiguille Verte, Les Droites y Les Courtes. Ver\u00e1s la cara norte de las Grandes Jorasses, luego el Vall\u00e9e Blanche, los seracs del G\u00e9ant y el mar de Hielo.<\/p>\n<p><strong>Vuelo de 20 minutos:<\/strong> Llega a la cima del Mont Blanc a 4810 metros. Admira el Mont Blanc du Tacul, el Mont Maudit, la Aiguille du Midi y las Aiguilles de Chamonix.<\/p>\n<p><strong>Vuelo de 30 minutos:<\/strong> Sobrevuela los glaciares suizos de Trient y Saleina, las caras norte de la cuenca de Argenti\u00e8re y la cima de la Aiguille Verte. Descubre la cara italiana con el Grand Pilier d&#8217;Angle y las crestas de Peuterey, antes de regresar por la cara norte de Bionnassay y la Aiguille du Go\u00fbter.<\/p>\n\t\t\t\t\t\t\t\t<\/div>\n\t\t\t\t<div class=\"elementor-element elementor-element-3520e967 elementor-align-left elementor-widget elementor-widget-button\" data-id=\"3520e967\" data-element_type=\"widget\" data-e-type=\"widget\" data-widget_type=\"button.default\">\n\t\t\t\t\t\t\t\t\t\t<a class=\"elementor-button elementor-button-link elementor-size-sm\" href=\"https:\/\/www.chamonix-helico.fr\/\" target=\"_blank\" rel=\"noopener\">\n\t\t\t\t\t\t<span class=\"elementor-button-content-wrapper\">\n\t\t\t\t\t\t\t\t\t<span class=\"elementor-button-text\">Reserve haciendo clic aqu\u00ed.<\/span>\n\t\t\t\t\t<\/span>\n\t\t\t\t\t<\/a>\n\t\t\t\t\t\t\t\t<\/div>\n\t\t\t\t<\/div>\n\t\t<div class=\"elementor-element elementor-element-3fad6d57 e-con-full e-flex e-con e-child\" data-id=\"3fad6d57\" data-element_type=\"container\" data-e-type=\"container\" data-settings=\"{&quot;background_background&quot;:&quot;slideshow&quot;,&quot;background_slideshow_gallery&quot;:[{&quot;id&quot;:6625,&quot;url&quot;:&quot;https:\\\/\\\/fontaine-chamonix.com\\\/wp-content\\\/uploads\\\/2025\\\/01\\\/jainam-mehta-zwQ60S04NEY-unsplash-1-scaled.jpg&quot;}],&quot;background_slideshow_slide_duration&quot;:2000,&quot;jet_parallax_layout_list&quot;:[],&quot;background_slideshow_loop&quot;:&quot;yes&quot;,&quot;background_slideshow_slide_transition&quot;:&quot;fade&quot;,&quot;background_slideshow_transition_duration&quot;:500}\">\n\t\t\t\t<\/div>\n\t\t\t\t<\/div>\n\t\t\t\t<\/div>\n\t\t\t\t<\/div>\n\t\t\t\t<\/div>\n\t\t","protected":false},"excerpt":{"rendered":"<p>Vuelo en helic\u00f3ptero Descubra Chamonix desde el aire en helic\u00f3ptero Vuele al coraz\u00f3n del macizo del Mont Blanc y descubra sus majestuosas cumbres. CMBH te ofrece una experiencia \u00fanica con un vuelo panor\u00e1mico sobre las monta\u00f1as. Vuelo panor\u00e1mico Vuelo de 15 minutos: Sobrevuela las Grandes Jorasses, una cima emblem\u00e1tica de los Alpes. Pasar\u00e1s sobre el [&hellip;]<\/p>\n","protected":false},"author":4,"featured_media":6625,"parent":0,"menu_order":0,"comment_status":"closed","ping_status":"closed","template":"elementor_header_footer","meta":{"footnotes":""},"class_list":["post-8584","page","type-page","status-publish","has-post-thumbnail","hentry"],"jetpack_sharing_enabled":true,"_links":{"self":[{"href":"https:\/\/fontaine-chamonix.com\/es\/wp-json\/wp\/v2\/pages\/8584","targetHints":{"allow":["GET"]}}],"collection":[{"href":"https:\/\/fontaine-chamonix.com\/es\/wp-json\/wp\/v2\/pages"}],"about":[{"href":"https:\/\/fontaine-chamonix.com\/es\/wp-json\/wp\/v2\/types\/page"}],"author":[{"embeddable":true,"href":"https:\/\/fontaine-chamonix.com\/es\/wp-json\/wp\/v2\/users\/4"}],"replies":[{"embeddable":true,"href":"https:\/\/fontaine-chamonix.com\/es\/wp-json\/wp\/v2\/comments?post=8584"}],"version-history":[{"count":7,"href":"https:\/\/fontaine-chamonix.com\/es\/wp-json\/wp\/v2\/pages\/8584\/revisions"}],"predecessor-version":[{"id":11428,"href":"https:\/\/fontaine-chamonix.com\/es\/wp-json\/wp\/v2\/pages\/8584\/revisions\/11428"}],"wp:featuredmedia":[{"embeddable":true,"href":"https:\/\/fontaine-chamonix.com\/es\/wp-json\/wp\/v2\/media\/6625"}],"wp:attachment":[{"href":"https:\/\/fontaine-chamonix.com\/es\/wp-json\/wp\/v2\/media?parent=8584"}],"curies":[{"name":"wp","href":"https:\/\/api.w.org\/{rel}","templated":true}]}}