{"id":8502,"date":"2024-12-06T13:54:04","date_gmt":"2024-12-06T12:54:04","guid":{"rendered":"https:\/\/fontaine-chamonix.com\/a-chamonix-y-mas-alla\/senderismo-y-trekking\/"},"modified":"2026-03-30T21:19:05","modified_gmt":"2026-03-30T19:19:05","slug":"senderismo-y-trekking","status":"publish","type":"page","link":"https:\/\/fontaine-chamonix.com\/es\/a-chamonix-y-mas-alla\/senderismo-y-trekking\/","title":{"rendered":"Senderismo y trekking"},"content":{"rendered":"\t\t<div data-elementor-type=\"wp-page\" data-elementor-id=\"8502\" class=\"elementor elementor-8502 elementor-4364\" data-elementor-post-type=\"page\">\n\t\t\t\t<div data-dce-background-image-url=\"https:\/\/fontaine-chamonix.com\/wp-content\/uploads\/2024\/12\/randonnees-et-trek.jpg\" class=\"elementor-element elementor-element-58b40be e-con-full e-flex e-con e-parent\" data-id=\"58b40be\" data-element_type=\"container\" data-e-type=\"container\" data-settings=\"{&quot;background_background&quot;:&quot;classic&quot;,&quot;jet_parallax_layout_list&quot;:[]}\">\n\t\t\t\t<div data-dce-title-color=\"#FFFFFF\" class=\"elementor-element elementor-element-83763db elementor-widget elementor-widget-heading\" data-id=\"83763db\" data-element_type=\"widget\" data-e-type=\"widget\" data-widget_type=\"heading.default\">\n\t\t\t\t\t<h1 class=\"elementor-heading-title elementor-size-default\">Senderismo y trekking<\/h1>\t\t\t\t<\/div>\n\t\t\t\t<\/div>\n\t\t<div class=\"elementor-element elementor-element-b413f7f e-con-full e-flex e-con e-parent\" data-id=\"b413f7f\" data-element_type=\"container\" data-e-type=\"container\" data-settings=\"{&quot;jet_parallax_layout_list&quot;:[]}\">\n\t\t\t\t<div class=\"elementor-element elementor-element-112db77 elementor-widget elementor-widget-shortcode\" data-id=\"112db77\" data-element_type=\"widget\" data-e-type=\"widget\" data-widget_type=\"shortcode.default\">\n\t\t\t\t\t\t\t<div class=\"elementor-shortcode\"><nav aria-label=\"breadcrumbs\" class=\"rank-math-breadcrumb\"><p><span class=\"last\">Accueil<\/span><\/p><\/nav><\/div>\n\t\t\t\t\t\t<\/div>\n\t\t\t\t<\/div>\n\t\t<div class=\"elementor-element elementor-element-0658513 e-con-full e-flex e-con e-parent\" data-id=\"0658513\" data-element_type=\"container\" data-e-type=\"container\" data-settings=\"{&quot;jet_parallax_layout_list&quot;:[]}\">\n\t\t<div class=\"elementor-element elementor-element-54a306b e-con-full e-flex e-con e-child\" data-id=\"54a306b\" data-element_type=\"container\" data-e-type=\"container\" data-settings=\"{&quot;background_background&quot;:&quot;classic&quot;,&quot;jet_parallax_layout_list&quot;:[]}\">\n\t\t\t\t<div data-dce-title-color=\"#212028\" class=\"elementor-element elementor-element-931ec3a elementor-widget elementor-widget-heading\" data-id=\"931ec3a\" data-element_type=\"widget\" data-e-type=\"widget\" data-widget_type=\"heading.default\">\n\t\t\t\t\t<h2 class=\"elementor-heading-title elementor-size-default\">Descubra los mejores senderos e itinerarios<\/h2>\t\t\t\t<\/div>\n\t\t\t\t<div class=\"elementor-element elementor-element-a58039e elementor-widget elementor-widget-text-editor\" data-id=\"a58039e\" data-element_type=\"widget\" data-e-type=\"widget\" data-widget_type=\"text-editor.default\">\n\t\t\t\t\t\t\t\t\t<p>Practicar senderismo en el valle de Chamonix-Mont-Blanc significa descubrir un lugar \u00fanico donde confluyen las monta\u00f1as y los glaciares de los Alpes. Un lugar perfecto para reponer fuerzas, en el coraz\u00f3n de cumbres legendarias. Durante todo el a\u00f1o, viva momentos inolvidables lejos de lo cotidiano. A pie, con raquetas de nieve o en esqu\u00ed de traves\u00eda, cada estaci\u00f3n ofrece sus propios colores y sensaciones. Ya sea deportista o esquiador contemplativo, las pistas del valle de Chamonix-Mont-Blanc le encantar\u00e1n.<\/p>\n\t\t\t\t\t\t\t\t<\/div>\n\t\t\t\t<div class=\"elementor-element elementor-element-07ac58a elementor-align-center elementor-widget elementor-widget-button\" data-id=\"07ac58a\" data-element_type=\"widget\" data-e-type=\"widget\" data-widget_type=\"button.default\">\n\t\t\t\t\t\t\t\t\t\t<a class=\"elementor-button elementor-button-link elementor-size-sm\" href=\"https:\/\/www.chamonix.com\/activites\/randonnees\/itineraires-de-randonnees\" target=\"_blank\" rel=\"noopener\">\n\t\t\t\t\t\t<span class=\"elementor-button-content-wrapper\">\n\t\t\t\t\t\t\t\t\t<span class=\"elementor-button-text\">Rutas de senderismo Valle de Chamonix<\/span>\n\t\t\t\t\t<\/span>\n\t\t\t\t\t<\/a>\n\t\t\t\t\t\t\t\t<\/div>\n\t\t\t\t<div class=\"elementor-element elementor-element-b05ddf5 elementor-widget elementor-widget-spacer\" data-id=\"b05ddf5\" data-element_type=\"widget\" data-e-type=\"widget\" data-widget_type=\"spacer.default\">\n\t\t\t\t\t\t\t<div class=\"elementor-spacer\">\n\t\t\t<div class=\"elementor-spacer-inner\"><\/div>\n\t\t<\/div>\n\t\t\t\t\t\t<\/div>\n\t\t<div class=\"elementor-element elementor-element-1b302cd e-con-full e-flex e-con e-child\" data-id=\"1b302cd\" data-element_type=\"container\" data-e-type=\"container\" data-settings=\"{&quot;jet_parallax_layout_list&quot;:[]}\">\n\t\t<div class=\"elementor-element elementor-element-8323338 e-con-full e-flex e-con e-child\" data-id=\"8323338\" data-element_type=\"container\" data-e-type=\"container\" data-settings=\"{&quot;jet_parallax_layout_list&quot;:[]}\">\n\t\t\t\t<div data-dce-title-color=\"#000000\" class=\"elementor-element elementor-element-532e069 elementor-widget elementor-widget-heading\" data-id=\"532e069\" data-element_type=\"widget\" data-e-type=\"widget\" data-widget_type=\"heading.default\">\n\t\t\t\t\t<h2 class=\"elementor-heading-title elementor-size-default\">Antes de todas las salidas de media y alta monta\u00f1a:<\/h2>\t\t\t\t<\/div>\n\t\t\t\t<div class=\"elementor-element elementor-element-c50c563 elementor-widget elementor-widget-text-editor\" data-id=\"c50c563\" data-element_type=\"widget\" data-e-type=\"widget\" data-widget_type=\"text-editor.default\">\n\t\t\t\t\t\t\t\t\t<p data-start=\"0\" data-end=\"163\">Consulte las condiciones de la monta\u00f1a en la <a href=\"#\" rel=\"noopener\" data-start=\"45\" data-end=\"78\"><strong data-start=\"46\" data-end=\"74\">Office de Haute Montagne<\/strong><\/a>, as\u00ed como los decretos municipales vigentes y el bolet\u00edn de <a href=\"#\" rel=\"noopener\" data-start=\"139\" data-end=\"160\"><strong data-start=\"140\" data-end=\"156\">M\u00e9t\u00e9o France<\/strong><\/a>.<\/p>\n<p><\/p>\n<p data-start=\"165\" data-end=\"304\">Para disfrutar y admirar la naturaleza durante mucho tiempo: inf\u00f3rmese sobre los buenos h\u00e1bitos que debe adoptar durante sus excursiones.<\/p>\n<p><\/p>\n<p data-start=\"306\" data-end=\"397\" data-is-last-node=\"\">Adem\u00e1s, algunos senderos est\u00e1n actualmente cerrados: <a href=\"#\" rel=\"noopener\" data-start=\"359\" data-end=\"396\"><strong data-start=\"360\" data-end=\"392\">Avisos de cierre de senderos<\/strong><\/a>.<\/p>\n\t\t\t\t\t\t\t\t<\/div>\n\t\t\t\t<\/div>\n\t\t<div class=\"elementor-element elementor-element-5d11d32 e-con-full e-flex e-con e-child\" data-id=\"5d11d32\" data-element_type=\"container\" data-e-type=\"container\" data-settings=\"{&quot;background_background&quot;:&quot;slideshow&quot;,&quot;background_slideshow_gallery&quot;:[{&quot;id&quot;:12967,&quot;url&quot;:&quot;https:\\\/\\\/fontaine-chamonix.com\\\/wp-content\\\/uploads\\\/2026\\\/03\\\/louis-paulin-gvT6d_Fe2gM-unsplash-1-scaled.jpg&quot;}],&quot;background_slideshow_slide_duration&quot;:2000,&quot;jet_parallax_layout_list&quot;:[],&quot;background_slideshow_loop&quot;:&quot;yes&quot;,&quot;background_slideshow_slide_transition&quot;:&quot;fade&quot;,&quot;background_slideshow_transition_duration&quot;:500}\">\n\t\t\t\t<\/div>\n\t\t\t\t<\/div>\n\t\t<div class=\"elementor-element elementor-element-6157b3d e-con-full e-flex e-con e-child\" data-id=\"6157b3d\" data-element_type=\"container\" data-e-type=\"container\" data-settings=\"{&quot;jet_parallax_layout_list&quot;:[]}\">\n\t\t<div class=\"elementor-element elementor-element-1a489c9 e-con-full e-flex e-con e-child\" data-id=\"1a489c9\" data-element_type=\"container\" data-e-type=\"container\" data-settings=\"{&quot;background_background&quot;:&quot;slideshow&quot;,&quot;background_slideshow_gallery&quot;:[{&quot;id&quot;:6070,&quot;url&quot;:&quot;https:\\\/\\\/fontaine-chamonix.com\\\/wp-content\\\/uploads\\\/2024\\\/12\\\/harry-burk-ngzehCvVYdY-unsplash-1-scaled.jpg&quot;}],&quot;background_slideshow_slide_duration&quot;:2000,&quot;jet_parallax_layout_list&quot;:[],&quot;background_slideshow_loop&quot;:&quot;yes&quot;,&quot;background_slideshow_slide_transition&quot;:&quot;fade&quot;,&quot;background_slideshow_transition_duration&quot;:500}\">\n\t\t\t\t<\/div>\n\t\t<div class=\"elementor-element elementor-element-c7b87e9 e-con-full e-flex e-con e-child\" data-id=\"c7b87e9\" data-element_type=\"container\" data-e-type=\"container\" data-settings=\"{&quot;jet_parallax_layout_list&quot;:[]}\">\n\t\t\t\t<div data-dce-title-color=\"#000000\" class=\"elementor-element elementor-element-f20db4a elementor-widget elementor-widget-heading\" data-id=\"f20db4a\" data-element_type=\"widget\" data-e-type=\"widget\" data-widget_type=\"heading.default\">\n\t\t\t\t\t<h2 class=\"elementor-heading-title elementor-size-default\">Lo que hay que hacer en la monta\u00f1a<\/h2>\t\t\t\t<\/div>\n\t\t\t\t<div class=\"elementor-element elementor-element-a406872 elementor-widget elementor-widget-text-editor\" data-id=\"a406872\" data-element_type=\"widget\" data-e-type=\"widget\" data-widget_type=\"text-editor.default\">\n\t\t\t\t\t\t\t\t\t<p>Vivimos en un entorno natural fr\u00e1gil, que alberga una flora y una fauna excepcionales. Para preservar estas zonas y limitar el impacto de nuestras visitas, he aqu\u00ed algunas buenas pr\u00e1cticas que conviene adoptar:<\/p>\n\t\t\t\t\t\t\t\t<\/div>\n\t\t\t\t<div class=\"elementor-element elementor-element-f1f4c51 elementor-widget elementor-widget-button\" data-id=\"f1f4c51\" data-element_type=\"widget\" data-e-type=\"widget\" data-widget_type=\"button.default\">\n\t\t\t\t\t\t\t\t\t\t<a class=\"elementor-button elementor-button-link elementor-size-sm\" href=\"https:\/\/www.chamonix.com\/la-vallee\/destination-montagne-durable\" target=\"_blank\" rel=\"noopener\">\n\t\t\t\t\t\t<span class=\"elementor-button-content-wrapper\">\n\t\t\t\t\t\t\t\t\t<span class=\"elementor-button-text\">Destino Montagne Durable<\/span>\n\t\t\t\t\t<\/span>\n\t\t\t\t\t<\/a>\n\t\t\t\t\t\t\t\t<\/div>\n\t\t\t\t<\/div>\n\t\t\t\t<\/div>\n\t\t\t\t<\/div>\n\t\t\t\t<\/div>\n\t\t\t\t<\/div>\n\t\t","protected":false},"excerpt":{"rendered":"<p>Senderismo y trekking Descubra los mejores senderos e itinerarios Practicar senderismo en el valle de Chamonix-Mont-Blanc significa descubrir un lugar \u00fanico donde confluyen las monta\u00f1as y los glaciares de los Alpes. Un lugar perfecto para reponer fuerzas, en el coraz\u00f3n de cumbres legendarias. Durante todo el a\u00f1o, viva momentos inolvidables lejos de lo cotidiano. A [&hellip;]<\/p>\n","protected":false},"author":3,"featured_media":4363,"parent":8461,"menu_order":0,"comment_status":"closed","ping_status":"closed","template":"elementor_header_footer","meta":{"footnotes":""},"class_list":["post-8502","page","type-page","status-publish","has-post-thumbnail","hentry"],"jetpack_sharing_enabled":true,"_links":{"self":[{"href":"https:\/\/fontaine-chamonix.com\/es\/wp-json\/wp\/v2\/pages\/8502","targetHints":{"allow":["GET"]}}],"collection":[{"href":"https:\/\/fontaine-chamonix.com\/es\/wp-json\/wp\/v2\/pages"}],"about":[{"href":"https:\/\/fontaine-chamonix.com\/es\/wp-json\/wp\/v2\/types\/page"}],"author":[{"embeddable":true,"href":"https:\/\/fontaine-chamonix.com\/es\/wp-json\/wp\/v2\/users\/3"}],"replies":[{"embeddable":true,"href":"https:\/\/fontaine-chamonix.com\/es\/wp-json\/wp\/v2\/comments?post=8502"}],"version-history":[{"count":5,"href":"https:\/\/fontaine-chamonix.com\/es\/wp-json\/wp\/v2\/pages\/8502\/revisions"}],"predecessor-version":[{"id":12974,"href":"https:\/\/fontaine-chamonix.com\/es\/wp-json\/wp\/v2\/pages\/8502\/revisions\/12974"}],"up":[{"embeddable":true,"href":"https:\/\/fontaine-chamonix.com\/es\/wp-json\/wp\/v2\/pages\/8461"}],"wp:featuredmedia":[{"embeddable":true,"href":"https:\/\/fontaine-chamonix.com\/es\/wp-json\/wp\/v2\/media\/4363"}],"wp:attachment":[{"href":"https:\/\/fontaine-chamonix.com\/es\/wp-json\/wp\/v2\/media?parent=8502"}],"curies":[{"name":"wp","href":"https:\/\/api.w.org\/{rel}","templated":true}]}}