{"id":8484,"date":"2024-12-09T11:33:36","date_gmt":"2024-12-09T10:33:36","guid":{"rendered":"https:\/\/fontaine-chamonix.com\/a-chamonix-y-mas-alla\/relajacion-y-bienestar\/"},"modified":"2025-02-16T19:46:41","modified_gmt":"2025-02-16T18:46:41","slug":"relajacion-y-bienestar","status":"publish","type":"page","link":"https:\/\/fontaine-chamonix.com\/es\/a-chamonix-y-mas-alla\/relajacion-y-bienestar\/","title":{"rendered":"Relajaci\u00f3n y bienestar"},"content":{"rendered":"\t\t<div data-elementor-type=\"wp-page\" data-elementor-id=\"8484\" class=\"elementor elementor-8484 elementor-4494\" data-elementor-post-type=\"page\">\n\t\t\t\t<div data-dce-background-image-url=\"https:\/\/fontaine-chamonix.com\/wp-content\/uploads\/2025\/01\/laura-chouette-te8u5ngLwBg-unsplash-1-scaled.jpg\" class=\"elementor-element elementor-element-d566586 e-con-full e-flex e-con e-parent\" data-id=\"d566586\" data-element_type=\"container\" data-e-type=\"container\" data-settings=\"{&quot;background_background&quot;:&quot;classic&quot;,&quot;jet_parallax_layout_list&quot;:[]}\">\n\t\t\t\t<div data-dce-title-color=\"#FFFFFF\" class=\"elementor-element elementor-element-dfa1579 elementor-widget elementor-widget-heading\" data-id=\"dfa1579\" data-element_type=\"widget\" data-e-type=\"widget\" data-widget_type=\"heading.default\">\n\t\t\t\t\t<h1 class=\"elementor-heading-title elementor-size-default\">Relajaci\u00f3n y bienestar<\/h1>\t\t\t\t<\/div>\n\t\t\t\t<\/div>\n\t\t<div class=\"elementor-element elementor-element-6b1fc6c e-con-full e-flex e-con e-parent\" data-id=\"6b1fc6c\" data-element_type=\"container\" data-e-type=\"container\" data-settings=\"{&quot;jet_parallax_layout_list&quot;:[]}\">\n\t\t\t\t<div class=\"elementor-element elementor-element-4a64b36 elementor-widget elementor-widget-shortcode\" data-id=\"4a64b36\" data-element_type=\"widget\" data-e-type=\"widget\" data-widget_type=\"shortcode.default\">\n\t\t\t\t\t\t\t<div class=\"elementor-shortcode\"><nav aria-label=\"breadcrumbs\" class=\"rank-math-breadcrumb\"><p><span class=\"last\">Accueil<\/span><\/p><\/nav><\/div>\n\t\t\t\t\t\t<\/div>\n\t\t\t\t<\/div>\n\t\t<div class=\"elementor-element elementor-element-3b6e558 e-con-full e-flex e-con e-parent\" data-id=\"3b6e558\" data-element_type=\"container\" data-e-type=\"container\" data-settings=\"{&quot;jet_parallax_layout_list&quot;:[]}\">\n\t\t<div class=\"elementor-element elementor-element-b269ad5 e-con-full e-flex e-con e-child\" data-id=\"b269ad5\" data-element_type=\"container\" data-e-type=\"container\" data-settings=\"{&quot;background_background&quot;:&quot;classic&quot;,&quot;jet_parallax_layout_list&quot;:[]}\">\n\t\t\t\t<div data-dce-title-color=\"#212028\" class=\"elementor-element elementor-element-777b160 elementor-widget elementor-widget-heading\" data-id=\"777b160\" data-element_type=\"widget\" data-e-type=\"widget\" data-widget_type=\"heading.default\">\n\t\t\t\t\t<h2 class=\"elementor-heading-title elementor-size-default\">QC Terme Chamonix<\/h2>\t\t\t\t<\/div>\n\t\t\t\t<div class=\"elementor-element elementor-element-ea2def5 dce_masking-none elementor-widget elementor-widget-video\" data-id=\"ea2def5\" data-element_type=\"widget\" data-e-type=\"widget\" data-settings=\"{&quot;youtube_url&quot;:&quot;https:\\\/\\\/www.youtube.com\\\/watch?v=GN1PwLNRNZs&amp;ab_channel=QCSpaofWonders&quot;,&quot;video_type&quot;:&quot;youtube&quot;,&quot;controls&quot;:&quot;yes&quot;}\" data-widget_type=\"video.default\">\n\t\t\t\t\t\t\t<div class=\"elementor-wrapper elementor-open-inline\">\n\t\t\t<div class=\"elementor-video\"><\/div>\t\t<\/div>\n\t\t\t\t\t\t<\/div>\n\t\t<div class=\"elementor-element elementor-element-d2d5c86 e-con-full e-flex e-con e-child\" data-id=\"d2d5c86\" data-element_type=\"container\" data-e-type=\"container\" data-settings=\"{&quot;jet_parallax_layout_list&quot;:[]}\">\n\t\t\t\t<div class=\"elementor-element elementor-element-75eab99 elementor-widget elementor-widget-text-editor\" data-id=\"75eab99\" data-element_type=\"widget\" data-e-type=\"widget\" data-widget_type=\"text-editor.default\">\n\t\t\t\t\t\t\t\t\t<p><strong>Descubra QC Terme Chamonix<\/strong>, un lugar excepcional situado a los pies del Mont Blanc, donde la relajaci\u00f3n y el bienestar se combinan en un entorno natural espectacular. Este centro es reconocido por sus instalaciones modernas y sus servicios dedicados a la relajaci\u00f3n total.<\/p>\n<p>El <strong>SPA Termal QC Terme Chamonix<\/strong> ofrece un completo recorrido de bienestar que incluye piscinas infinitas, saunas, ba\u00f1os turcos y jacuzzis panor\u00e1micos con impresionantes vistas a las monta\u00f1as circundantes. Las instalaciones han sido dise\u00f1adas para lograr una armon\u00eda perfecta entre la naturaleza y la serenidad, permiti\u00e9ndole disfrutar de una experiencia \u00fanica de relajaci\u00f3n y bienestar.<\/p>\n<h3><strong>Informaci\u00f3n pr\u00e1ctica<\/strong><\/h3>\n<p><strong>Direcci\u00f3n<\/strong>: 480 Promenade du Fori, 74400 Chamonix-Mont-Blanc<br \/>\n<strong>Contacto<\/strong>: <a href=\"mailto:chamonix@qcterme.com\">chamonix@qcterme.com<\/a> | +33 (9) 73 05 30 01<br \/>\n<strong>Sitio web<\/strong>: <a href=\"https:\/\/qc-terme.com\/\" target=\"_blank\" rel=\"noopener\">qc-terme.com<\/a><\/p>\n<h3><strong>Horarios y tarifas<\/strong><\/h3>\n<ul>\n<li><strong>Entrada de d\u00eda<\/strong>: Acceso completo a todas las instalaciones durante todo el d\u00eda.<\/li>\n<li><strong>Entrada de tarde<\/strong>: A partir de las 17:30.<\/li>\n<li><strong>Entrada bajo las estrellas<\/strong>: Desde las 19:30.<\/li>\n<li><strong>Restauraci\u00f3n<\/strong>: Buffet y servicio de comidas disponibles en el lugar.<\/li>\n<\/ul>\n<h3><strong>Acceso y condiciones<\/strong><\/h3>\n<ul>\n<li><strong>Edad m\u00ednima<\/strong>: 14 a\u00f1os (los menores deben estar acompa\u00f1ados por un adulto).<\/li>\n<li><strong>Accesibilidad<\/strong>: El centro es completamente accesible para personas con movilidad reducida, con plazas de aparcamiento PMR disponibles bajo solicitud.<\/li>\n<\/ul>\n<h3><strong>Consejos para su visita<\/strong><\/h3>\n<ul>\n<li><strong>Reserva<\/strong>: Se recomienda encarecidamente reservar con antelaci\u00f3n, especialmente en per\u00edodos de alta demanda. Para reservar: <a href=\"https:\/\/qc-terme.com\/\" target=\"_blank\" rel=\"noopener\">Reserva QC Terme<\/a>.<\/li>\n<li><strong>Preparaci\u00f3n<\/strong>: Lleve traje de ba\u00f1o; se proporcionan toallas y albornoces en el lugar.<\/li>\n<li><strong>Llegada<\/strong>: Llegue <strong>15 minutos antes<\/strong> de su reserva para una bienvenida r\u00e1pida y sin contratiempos.<\/li>\n<li><strong>Aparcamiento<\/strong>: Hay estacionamientos disponibles en las cercan\u00edas.<\/li>\n<li><strong>Salud<\/strong>: El acceso est\u00e1 <strong>desaconsejado para mujeres embarazadas<\/strong> por razones de seguridad.<\/li>\n<\/ul>\n\t\t\t\t\t\t\t\t<\/div>\n\t\t\t\t<\/div>\n\t\t\t\t<div class=\"elementor-element elementor-element-e927bf8 elementor-widget elementor-widget-spacer\" data-id=\"e927bf8\" data-element_type=\"widget\" data-e-type=\"widget\" data-widget_type=\"spacer.default\">\n\t\t\t\t\t\t\t<div class=\"elementor-spacer\">\n\t\t\t<div class=\"elementor-spacer-inner\"><\/div>\n\t\t<\/div>\n\t\t\t\t\t\t<\/div>\n\t\t\t\t<div data-dce-title-color=\"#212028\" class=\"elementor-element elementor-element-b4ce3cb elementor-widget elementor-widget-heading\" data-id=\"b4ce3cb\" data-element_type=\"widget\" data-e-type=\"widget\" data-widget_type=\"heading.default\">\n\t\t\t\t\t<h2 class=\"elementor-heading-title elementor-size-default\">Termas de Saint-Gervais Mont-Blanc<\/h2>\t\t\t\t<\/div>\n\t\t\t\t<div class=\"elementor-element elementor-element-2e9c6b0 dce_masking-none elementor-widget elementor-widget-video\" data-id=\"2e9c6b0\" data-element_type=\"widget\" data-e-type=\"widget\" data-settings=\"{&quot;youtube_url&quot;:&quot;https:\\\/\\\/www.youtube.com\\\/watch?v=oSoPP1YZvvI&amp;ab_channel=Saint-GervaisMont-Blanc&quot;,&quot;video_type&quot;:&quot;youtube&quot;,&quot;controls&quot;:&quot;yes&quot;}\" data-widget_type=\"video.default\">\n\t\t\t\t\t\t\t<div class=\"elementor-wrapper elementor-open-inline\">\n\t\t\t<div class=\"elementor-video\"><\/div>\t\t<\/div>\n\t\t\t\t\t\t<\/div>\n\t\t<div class=\"elementor-element elementor-element-acaa199 e-con-full e-flex e-con e-child\" data-id=\"acaa199\" data-element_type=\"container\" data-e-type=\"container\" data-settings=\"{&quot;jet_parallax_layout_list&quot;:[]}\">\n\t\t<div class=\"elementor-element elementor-element-84f809a e-con-full e-flex e-con e-child\" data-id=\"84f809a\" data-element_type=\"container\" data-e-type=\"container\" data-settings=\"{&quot;jet_parallax_layout_list&quot;:[]}\">\n\t\t\t\t<div class=\"elementor-element elementor-element-981a260 elementor-widget elementor-widget-text-editor\" data-id=\"981a260\" data-element_type=\"widget\" data-e-type=\"widget\" data-widget_type=\"text-editor.default\">\n\t\t\t\t\t\t\t\t\t<p><strong>Descubra los Termas de Saint-Gervais Mont-Blanc<\/strong>, un verdadero refugio de serenidad en el coraz\u00f3n de los Alpes. Estos termas excepcionales son famosas por sus aguas termales \u00fanicas, naturalmente calientes y ricas en minerales, ofreciendo beneficios incomparables para el cuerpo y la mente. En el <strong>SPA Termal de los Ba\u00f1os del Mont Blanc<\/strong>, d\u00e9jese llevar por un recorrido inmersivo de bienestar. Disfrute de piscinas interiores y exteriores, saunas con diversas temperaturas, ba\u00f1os de vapor regeneradores y talleres de relajaci\u00f3n, todo en un entorno encantador en el coraz\u00f3n del Parc Thermal. Estas aguas termales, que han recorrido las profundidades del Mont Blanc durante 6,500 a\u00f1os antes de emerger a 39\u00b0C, tienen propiedades naturales extraordinarias: calman, reparan y revitalizan la piel, mientras alivian inflamaciones y afecciones dermatol\u00f3gicas.<\/p>\n<h3><strong>Informaci\u00f3n pr\u00e1ctica<\/strong><\/h3>\n<p><strong>Direcci\u00f3n<\/strong>: 355 All\u00e9e du Dr L\u00e9pinay, 74170 Saint-Gervais-les-Bains, Francia<br \/>\n<strong>Correo electr\u00f3nico<\/strong>: <a href=\"mailto:contact@thermes-saint-gervais.com\">contact@thermes-saint-gervais.com<\/a><br \/>\n<strong>Sitio web<\/strong>: <a href=\"https:\/\/thermes-saint-gervais.com\/\" target=\"_blank\" rel=\"noopener\">thermes-saint-gervais.com<\/a><\/p>\n<h3><strong>Horarios<\/strong><\/h3>\n<p>Var\u00edan seg\u00fan la temporada. Consulte el sitio web o p\u00f3ngase en contacto con el establecimiento.<\/p>\n<h3><strong>Acceso y condiciones<\/strong><\/h3>\n<ul>\n<li><strong>Accesibilidad<\/strong>: Al final del Parc Thermal, accesible para personas con movilidad reducida.<\/li>\n<li><strong>Reserva<\/strong>: Obligatoria en \u00e9pocas de gran afluencia. Para reservar en l\u00ednea: <a href=\"https:\/\/thermes-saint-gervais.com\/\" target=\"_blank\" rel=\"noopener\">Reserva Termas de St Gervais<\/a>.<\/li>\n<\/ul>\n<h3><strong>Consejos para su visita<\/strong><\/h3>\n<ul>\n<li><strong>Ropa<\/strong>: Ba\u00f1adores cortos (est\u00e1n prohibidos trajes de neopreno y shorts). Disponibles a la venta en la recepci\u00f3n.<\/li>\n<li><strong>Sandalias de pl\u00e1stico limpias<\/strong>: Obligatorias, disponibles a la venta en la recepci\u00f3n (6\u20ac).<\/li>\n<li><strong>Taquilla<\/strong>: Lleve una moneda de 2\u20ac para poder cerrar su taquilla.<\/li>\n<li><strong>Restricciones<\/strong>:\n<ul>\n<li><strong>Ni\u00f1os menores de 3 a\u00f1os<\/strong>: Acceso prohibido (excepto en el \u00e1rea de bienvenida para beb\u00e9s).<\/li>\n<li><strong>Menores<\/strong>: Deben estar acompa\u00f1ados por un adulto.<\/li>\n<li><strong>Comprobante de edad<\/strong>: Puede ser solicitado en caso de duda.<\/li>\n<li><strong>Ropa<\/strong>: Albornoces proporcionados. Traiga una toalla para los vestuarios.<\/li>\n<\/ul>\n<\/li>\n<\/ul>\n\t\t\t\t\t\t\t\t<\/div>\n\t\t\t\t<\/div>\n\t\t\t\t<\/div>\n\t\t\t\t<\/div>\n\t\t\t\t<\/div>\n\t\t\t\t<\/div>\n\t\t","protected":false},"excerpt":{"rendered":"<p>Relajaci\u00f3n y bienestar QC Terme Chamonix https:\/\/www.youtube.com\/watch?v=GN1PwLNRNZs&#038;ab_channel=QCSpaofWonders Descubra QC Terme Chamonix, un lugar excepcional situado a los pies del Mont Blanc, donde la relajaci\u00f3n y el bienestar se combinan en un entorno natural espectacular. Este centro es reconocido por sus instalaciones modernas y sus servicios dedicados a la relajaci\u00f3n total. El SPA Termal QC Terme [&hellip;]<\/p>\n","protected":false},"author":3,"featured_media":6645,"parent":8461,"menu_order":0,"comment_status":"closed","ping_status":"closed","template":"","meta":{"footnotes":""},"class_list":["post-8484","page","type-page","status-publish","has-post-thumbnail","hentry"],"jetpack_sharing_enabled":true,"_links":{"self":[{"href":"https:\/\/fontaine-chamonix.com\/es\/wp-json\/wp\/v2\/pages\/8484","targetHints":{"allow":["GET"]}}],"collection":[{"href":"https:\/\/fontaine-chamonix.com\/es\/wp-json\/wp\/v2\/pages"}],"about":[{"href":"https:\/\/fontaine-chamonix.com\/es\/wp-json\/wp\/v2\/types\/page"}],"author":[{"embeddable":true,"href":"https:\/\/fontaine-chamonix.com\/es\/wp-json\/wp\/v2\/users\/3"}],"replies":[{"embeddable":true,"href":"https:\/\/fontaine-chamonix.com\/es\/wp-json\/wp\/v2\/comments?post=8484"}],"version-history":[{"count":5,"href":"https:\/\/fontaine-chamonix.com\/es\/wp-json\/wp\/v2\/pages\/8484\/revisions"}],"predecessor-version":[{"id":8489,"href":"https:\/\/fontaine-chamonix.com\/es\/wp-json\/wp\/v2\/pages\/8484\/revisions\/8489"}],"up":[{"embeddable":true,"href":"https:\/\/fontaine-chamonix.com\/es\/wp-json\/wp\/v2\/pages\/8461"}],"wp:featuredmedia":[{"embeddable":true,"href":"https:\/\/fontaine-chamonix.com\/es\/wp-json\/wp\/v2\/media\/6645"}],"wp:attachment":[{"href":"https:\/\/fontaine-chamonix.com\/es\/wp-json\/wp\/v2\/media?parent=8484"}],"curies":[{"name":"wp","href":"https:\/\/api.w.org\/{rel}","templated":true}]}}