{"id":8440,"date":"2025-01-26T10:46:55","date_gmt":"2025-01-26T09:46:55","guid":{"rendered":"https:\/\/fontaine-chamonix.com\/vallee-blanche-y-esqui-de-travesia\/"},"modified":"2026-01-08T16:03:53","modified_gmt":"2026-01-08T15:03:53","slug":"vallee-blanche-y-esqui-de-travesia","status":"publish","type":"page","link":"https:\/\/fontaine-chamonix.com\/es\/vallee-blanche-y-esqui-de-travesia\/","title":{"rendered":"Valle blanco y esqu\u00ed de traves\u00eda"},"content":{"rendered":"\t\t<div data-elementor-type=\"wp-page\" data-elementor-id=\"8440\" class=\"elementor elementor-8440 elementor-7490\" data-elementor-post-type=\"page\">\n\t\t\t\t<div data-dce-background-image-url=\"https:\/\/fontaine-chamonix.com\/wp-content\/uploads\/2025\/07\/krzysztof-kowalik-71zTrrkOjas-unsplash-1-scaled.jpg\" class=\"elementor-element elementor-element-3d6f48cb e-con-full e-flex e-con e-parent\" data-id=\"3d6f48cb\" data-element_type=\"container\" data-e-type=\"container\" data-settings=\"{&quot;background_background&quot;:&quot;classic&quot;,&quot;jet_parallax_layout_list&quot;:[]}\">\n\t\t\t\t<div data-dce-title-color=\"#FFFFFF\" class=\"elementor-element elementor-element-11a549e6 elementor-widget elementor-widget-heading\" data-id=\"11a549e6\" data-element_type=\"widget\" data-e-type=\"widget\" data-widget_type=\"heading.default\">\n\t\t\t\t\t<h1 class=\"elementor-heading-title elementor-size-default\">Valle blanco y esqu\u00ed de traves\u00eda<\/h1>\t\t\t\t<\/div>\n\t\t\t\t<\/div>\n\t\t<div class=\"elementor-element elementor-element-78f3eeb5 e-con-full e-flex e-con e-parent\" data-id=\"78f3eeb5\" data-element_type=\"container\" data-e-type=\"container\" data-settings=\"{&quot;jet_parallax_layout_list&quot;:[]}\">\n\t\t\t\t<div class=\"elementor-element elementor-element-48979faf elementor-widget elementor-widget-shortcode\" data-id=\"48979faf\" data-element_type=\"widget\" data-e-type=\"widget\" data-widget_type=\"shortcode.default\">\n\t\t\t\t\t\t\t<div class=\"elementor-shortcode\"><nav aria-label=\"breadcrumbs\" class=\"rank-math-breadcrumb\"><p><span class=\"last\">Accueil<\/span><\/p><\/nav><\/div>\n\t\t\t\t\t\t<\/div>\n\t\t\t\t<\/div>\n\t\t<div class=\"elementor-element elementor-element-21227d24 e-con-full e-flex e-con e-parent\" data-id=\"21227d24\" data-element_type=\"container\" data-e-type=\"container\" data-settings=\"{&quot;jet_parallax_layout_list&quot;:[]}\">\n\t\t<div class=\"elementor-element elementor-element-185b77a1 e-con-full e-flex e-con e-child\" data-id=\"185b77a1\" data-element_type=\"container\" data-e-type=\"container\" data-settings=\"{&quot;background_background&quot;:&quot;classic&quot;,&quot;jet_parallax_layout_list&quot;:[]}\">\n\t\t\t\t<div data-dce-title-color=\"#212028\" class=\"elementor-element elementor-element-4f020659 elementor-widget elementor-widget-heading\" data-id=\"4f020659\" data-element_type=\"widget\" data-e-type=\"widget\" data-widget_type=\"heading.default\">\n\t\t\t\t\t<h2 class=\"elementor-heading-title elementor-size-default\">Esqu\u00ed de traves\u00eda y Vall\u00e9e Blanche<\/h2>\t\t\t\t<\/div>\n\t\t\t\t<div class=\"elementor-element elementor-element-6c2c6eb7 elementor-widget elementor-widget-text-editor\" data-id=\"6c2c6eb7\" data-element_type=\"widget\" data-e-type=\"widget\" data-widget_type=\"text-editor.default\">\n\t\t\t\t\t\t\t\t\t<p>El valle de Chamonix-Mont-Blanc es una visita obligada para los amantes del esqu\u00ed fuera de pista, con numerosas oportunidades para practicar el esqu\u00ed de traves\u00eda y el freeride.<br \/>En el valle hay rutas se\u00f1alizadas, sobre todo en las zonas de Les Houches, Grands-Montets y Balme. Para una experiencia totalmente segura, recurra a la ayuda de un gu\u00eda de monta\u00f1a, que le llevar\u00e1 a recorrer los numerosos combes y couloirs que ofrece esta zona excepcional.<\/p>\n<p>Disfrute de la experiencia \u00fanica del esqu\u00ed de alta monta\u00f1a explorando la Vall\u00e9e Blanche. Accesible a trav\u00e9s del telef\u00e9rico de la Aiguille du Midi (3842 m), esta ruta glaciar es una de las m\u00e1s espectaculares del mundo. Muy popular en primavera, no deja de ser una exigente aventura de altura. Un gu\u00eda profesional y el equipo adecuado son indispensables para disfrutar al m\u00e1ximo de esta salida legendaria.<\/p>\n\t\t\t\t\t\t\t\t<\/div>\n\t\t<div class=\"elementor-element elementor-element-4ff93e18 e-con-full e-flex e-con e-child\" data-id=\"4ff93e18\" data-element_type=\"container\" data-e-type=\"container\" data-settings=\"{&quot;jet_parallax_layout_list&quot;:[]}\">\n\t\t<div class=\"elementor-element elementor-element-32d190d e-con-full e-flex e-con e-child\" data-id=\"32d190d\" data-element_type=\"container\" data-e-type=\"container\" data-settings=\"{&quot;jet_parallax_layout_list&quot;:[]}\">\n\t\t\t\t<div data-dce-title-color=\"#000000\" class=\"elementor-element elementor-element-20ac526f elementor-widget elementor-widget-heading\" data-id=\"20ac526f\" data-element_type=\"widget\" data-e-type=\"widget\" data-widget_type=\"heading.default\">\n\t\t\t\t\t<h2 class=\"elementor-heading-title elementor-size-default\">Informaci\u00f3n de seguridad<\/h2>\t\t\t\t<\/div>\n\t\t\t\t<div class=\"elementor-element elementor-element-1ca6568 elementor-widget elementor-widget-text-editor\" data-id=\"1ca6568\" data-element_type=\"widget\" data-e-type=\"widget\" data-widget_type=\"text-editor.default\">\n\t\t\t\t\t\t\t\t\t<p>La Vall\u00e9e Blanche es una ruta de alta monta\u00f1a sobre terreno glaciar salpicado de grietas, seracs y puentes de nieve de resistencia variable. Este tipo de ruta requiere un s\u00f3lido conocimiento del entorno monta\u00f1oso o, en su defecto, la supervisi\u00f3n de un gu\u00eda experimentado.<\/p>\n<p>Por su propia seguridad, es esencial contar con el equipo adecuado: un transceptor de avalanchas (ARVA), una pala, una sonda, un arn\u00e9s, crampones (especialmente \u00fatiles para la cresta)&#8230; Y, sobre todo, \u00a1nunca salga solo!<\/p>\n\t\t\t\t\t\t\t\t<\/div>\n\t\t\t\t<div class=\"elementor-element elementor-element-519598c5 elementor-widget elementor-widget-button\" data-id=\"519598c5\" data-element_type=\"widget\" data-e-type=\"widget\" data-widget_type=\"button.default\">\n\t\t\t\t\t\t\t\t\t\t<a class=\"elementor-button elementor-button-link elementor-size-sm\" href=\"https:\/\/www.chamoniarde.com\/vos-activites\/vallee-blanche\" target=\"_blank\" rel=\"noopener\">\n\t\t\t\t\t\t<span class=\"elementor-button-content-wrapper\">\n\t\t\t\t\t\t\t\t\t<span class=\"elementor-button-text\">M\u00e1s informaci\u00f3n<\/span>\n\t\t\t\t\t<\/span>\n\t\t\t\t\t<\/a>\n\t\t\t\t\t\t\t\t<\/div>\n\t\t\t\t<\/div>\n\t\t<div class=\"elementor-element elementor-element-5738e2f3 e-con-full e-flex e-con e-child\" data-id=\"5738e2f3\" data-element_type=\"container\" data-e-type=\"container\" data-settings=\"{&quot;background_background&quot;:&quot;slideshow&quot;,&quot;background_slideshow_gallery&quot;:[{&quot;id&quot;:2777,&quot;url&quot;:&quot;https:\\\/\\\/fontaine-chamonix.com\\\/wp-content\\\/uploads\\\/2020\\\/11\\\/aiguille-du-midi.jpg&quot;}],&quot;background_slideshow_slide_duration&quot;:2000,&quot;jet_parallax_layout_list&quot;:[],&quot;background_slideshow_loop&quot;:&quot;yes&quot;,&quot;background_slideshow_slide_transition&quot;:&quot;fade&quot;,&quot;background_slideshow_transition_duration&quot;:500}\">\n\t\t\t\t<\/div>\n\t\t\t\t<\/div>\n\t\t<div class=\"elementor-element elementor-element-1c91245 e-con-full e-flex e-con e-child\" data-id=\"1c91245\" data-element_type=\"container\" data-e-type=\"container\" data-settings=\"{&quot;jet_parallax_layout_list&quot;:[]}\">\n\t\t<div class=\"elementor-element elementor-element-0d8f439 e-con-full e-flex e-con e-child\" data-id=\"0d8f439\" data-element_type=\"container\" data-e-type=\"container\" data-settings=\"{&quot;background_background&quot;:&quot;slideshow&quot;,&quot;background_slideshow_gallery&quot;:[{&quot;id&quot;:9795,&quot;url&quot;:&quot;https:\\\/\\\/fontaine-chamonix.com\\\/wp-content\\\/uploads\\\/2025\\\/07\\\/krzysztof-kowalik-71zTrrkOjas-unsplash-1-scaled.jpg&quot;}],&quot;background_slideshow_slide_duration&quot;:2000,&quot;jet_parallax_layout_list&quot;:[],&quot;background_slideshow_loop&quot;:&quot;yes&quot;,&quot;background_slideshow_slide_transition&quot;:&quot;fade&quot;,&quot;background_slideshow_transition_duration&quot;:500}\">\n\t\t\t\t<\/div>\n\t\t<div class=\"elementor-element elementor-element-8c1f1b3 e-con-full e-flex e-con e-child\" data-id=\"8c1f1b3\" data-element_type=\"container\" data-e-type=\"container\" data-settings=\"{&quot;jet_parallax_layout_list&quot;:[]}\">\n\t\t\t\t<div data-dce-title-color=\"#000000\" class=\"elementor-element elementor-element-9ac4323 elementor-widget elementor-widget-heading\" data-id=\"9ac4323\" data-element_type=\"widget\" data-e-type=\"widget\" data-widget_type=\"heading.default\">\n\t\t\t\t\t<h2 class=\"elementor-heading-title elementor-size-default\">Reserva<\/h2>\t\t\t\t<\/div>\n\t\t\t\t<div class=\"elementor-element elementor-element-e5842be elementor-widget elementor-widget-text-editor\" data-id=\"e5842be\" data-element_type=\"widget\" data-e-type=\"widget\" data-widget_type=\"text-editor.default\">\n\t\t\t\t\t\t\t\t\t<p>Reserve su Vall\u00e9e Blanche y sus salidas de esqu\u00ed de traves\u00eda supervisadas por un profesional de la monta\u00f1a en nuestra central de reservas.<\/p>\n\t\t\t\t\t\t\t\t<\/div>\n\t\t\t\t<div class=\"elementor-element elementor-element-21d052b elementor-widget elementor-widget-button\" data-id=\"21d052b\" data-element_type=\"widget\" data-e-type=\"widget\" data-widget_type=\"button.default\">\n\t\t\t\t\t\t\t\t\t\t<a class=\"elementor-button elementor-button-link elementor-size-sm\" href=\"https:\/\/booking.chamonix.com\/serpActivity?type=new_act&#038;lang=fr_FR&#038;s_st=base_price&#038;ref_c.thematique_activity=skiing\" target=\"_blank\" rel=\"noopener\">\n\t\t\t\t\t\t<span class=\"elementor-button-content-wrapper\">\n\t\t\t\t\t\t\t\t\t<span class=\"elementor-button-text\">Reservar en l\u00ednea<\/span>\n\t\t\t\t\t<\/span>\n\t\t\t\t\t<\/a>\n\t\t\t\t\t\t\t\t<\/div>\n\t\t\t\t<\/div>\n\t\t\t\t<\/div>\n\t\t\t\t<div class=\"elementor-element elementor-element-a4c7078 elementor-widget elementor-widget-spacer\" data-id=\"a4c7078\" data-element_type=\"widget\" data-e-type=\"widget\" data-widget_type=\"spacer.default\">\n\t\t\t\t\t\t\t<div class=\"elementor-spacer\">\n\t\t\t<div class=\"elementor-spacer-inner\"><\/div>\n\t\t<\/div>\n\t\t\t\t\t\t<\/div>\n\t\t\t\t<div class=\"elementor-element elementor-element-beca0fe dce_masking-none elementor-widget elementor-widget-video\" data-id=\"beca0fe\" data-element_type=\"widget\" data-e-type=\"widget\" data-settings=\"{&quot;youtube_url&quot;:&quot;https:\\\/\\\/youtu.be\\\/BONv_3ggjhA&quot;,&quot;video_type&quot;:&quot;youtube&quot;,&quot;controls&quot;:&quot;yes&quot;}\" data-widget_type=\"video.default\">\n\t\t\t\t\t\t\t<div class=\"elementor-wrapper elementor-open-inline\">\n\t\t\t<div class=\"elementor-video\"><\/div>\t\t<\/div>\n\t\t\t\t\t\t<\/div>\n\t\t\t\t<div class=\"elementor-element elementor-element-16270ff7 elementor-widget elementor-widget-spacer\" data-id=\"16270ff7\" data-element_type=\"widget\" data-e-type=\"widget\" data-widget_type=\"spacer.default\">\n\t\t\t\t\t\t\t<div class=\"elementor-spacer\">\n\t\t\t<div class=\"elementor-spacer-inner\"><\/div>\n\t\t<\/div>\n\t\t\t\t\t\t<\/div>\n\t\t\t\t<\/div>\n\t\t\t\t<\/div>\n\t\t<div class=\"elementor-element elementor-element-1aed9cf1 e-con-full e-flex e-con e-parent\" data-id=\"1aed9cf1\" data-element_type=\"container\" data-e-type=\"container\" data-settings=\"{&quot;jet_parallax_layout_list&quot;:[]}\">\n\t\t\t\t<div class=\"elementor-element elementor-element-1bf32125 elementor-widget elementor-widget-shortcode\" data-id=\"1bf32125\" data-element_type=\"widget\" data-e-type=\"widget\" data-widget_type=\"shortcode.default\">\n\t\t\t\t\t\t\t<div class=\"elementor-shortcode\"><nav aria-label=\"breadcrumbs\" class=\"rank-math-breadcrumb\"><p><span class=\"last\">Accueil<\/span><\/p><\/nav><\/div>\n\t\t\t\t\t\t<\/div>\n\t\t\t\t<\/div>\n\t\t\t\t<\/div>\n\t\t","protected":false},"excerpt":{"rendered":"<p>Valle blanco y esqu\u00ed de traves\u00eda Esqu\u00ed de traves\u00eda y Vall\u00e9e Blanche El valle de Chamonix-Mont-Blanc es una visita obligada para los amantes del esqu\u00ed fuera de pista, con numerosas oportunidades para practicar el esqu\u00ed de traves\u00eda y el freeride.En el valle hay rutas se\u00f1alizadas, sobre todo en las zonas de Les Houches, Grands-Montets y [&hellip;]<\/p>\n","protected":false},"author":4,"featured_media":9795,"parent":0,"menu_order":0,"comment_status":"closed","ping_status":"closed","template":"elementor_header_footer","meta":{"footnotes":""},"class_list":["post-8440","page","type-page","status-publish","has-post-thumbnail","hentry"],"jetpack_sharing_enabled":true,"_links":{"self":[{"href":"https:\/\/fontaine-chamonix.com\/es\/wp-json\/wp\/v2\/pages\/8440","targetHints":{"allow":["GET"]}}],"collection":[{"href":"https:\/\/fontaine-chamonix.com\/es\/wp-json\/wp\/v2\/pages"}],"about":[{"href":"https:\/\/fontaine-chamonix.com\/es\/wp-json\/wp\/v2\/types\/page"}],"author":[{"embeddable":true,"href":"https:\/\/fontaine-chamonix.com\/es\/wp-json\/wp\/v2\/users\/4"}],"replies":[{"embeddable":true,"href":"https:\/\/fontaine-chamonix.com\/es\/wp-json\/wp\/v2\/comments?post=8440"}],"version-history":[{"count":8,"href":"https:\/\/fontaine-chamonix.com\/es\/wp-json\/wp\/v2\/pages\/8440\/revisions"}],"predecessor-version":[{"id":11435,"href":"https:\/\/fontaine-chamonix.com\/es\/wp-json\/wp\/v2\/pages\/8440\/revisions\/11435"}],"wp:featuredmedia":[{"embeddable":true,"href":"https:\/\/fontaine-chamonix.com\/es\/wp-json\/wp\/v2\/media\/9795"}],"wp:attachment":[{"href":"https:\/\/fontaine-chamonix.com\/es\/wp-json\/wp\/v2\/media?parent=8440"}],"curies":[{"name":"wp","href":"https:\/\/api.w.org\/{rel}","templated":true}]}}