{"id":8380,"date":"2025-01-26T10:46:33","date_gmt":"2025-01-26T09:46:33","guid":{"rendered":"https:\/\/fontaine-chamonix.com\/esqui-y-esqui-de-fondo\/"},"modified":"2025-07-18T14:41:17","modified_gmt":"2025-07-18T12:41:17","slug":"esqui-y-esqui-de-fondo","status":"publish","type":"page","link":"https:\/\/fontaine-chamonix.com\/es\/esqui-y-esqui-de-fondo\/","title":{"rendered":"Esqu\u00ed y esqu\u00ed de fondo"},"content":{"rendered":"\t\t<div data-elementor-type=\"wp-page\" data-elementor-id=\"8380\" class=\"elementor elementor-8380 elementor-7390\" data-elementor-post-type=\"page\">\n\t\t\t\t<div data-dce-background-image-url=\"https:\/\/fontaine-chamonix.com\/wp-content\/uploads\/2024\/12\/richard-kemp-lXbctKX97-w-unsplash-1-scaled.jpg\" class=\"elementor-element elementor-element-41bdd6cb e-con-full e-flex e-con e-parent\" data-id=\"41bdd6cb\" data-element_type=\"container\" data-e-type=\"container\" data-settings=\"{&quot;background_background&quot;:&quot;classic&quot;,&quot;jet_parallax_layout_list&quot;:[]}\">\n\t\t\t\t<div data-dce-title-color=\"#FFFFFF\" class=\"elementor-element elementor-element-7111a490 elementor-widget elementor-widget-heading\" data-id=\"7111a490\" data-element_type=\"widget\" data-e-type=\"widget\" data-widget_type=\"heading.default\">\n\t\t\t\t\t<h1 class=\"elementor-heading-title elementor-size-default\">Esqu\u00ed y esqu\u00ed de fondo<\/h1>\t\t\t\t<\/div>\n\t\t\t\t<\/div>\n\t\t<div class=\"elementor-element elementor-element-1cb01371 e-con-full e-flex e-con e-parent\" data-id=\"1cb01371\" data-element_type=\"container\" data-e-type=\"container\" data-settings=\"{&quot;jet_parallax_layout_list&quot;:[]}\">\n\t\t\t\t<div class=\"elementor-element elementor-element-2bd6296e elementor-widget elementor-widget-shortcode\" data-id=\"2bd6296e\" data-element_type=\"widget\" data-e-type=\"widget\" data-widget_type=\"shortcode.default\">\n\t\t\t\t\t\t\t<div class=\"elementor-shortcode\"><nav aria-label=\"breadcrumbs\" class=\"rank-math-breadcrumb\"><p><span class=\"last\">Accueil<\/span><\/p><\/nav><\/div>\n\t\t\t\t\t\t<\/div>\n\t\t\t\t<\/div>\n\t\t<div class=\"elementor-element elementor-element-2836bcf0 e-con-full e-flex e-con e-parent\" data-id=\"2836bcf0\" data-element_type=\"container\" data-e-type=\"container\" data-settings=\"{&quot;jet_parallax_layout_list&quot;:[]}\">\n\t\t<div class=\"elementor-element elementor-element-37e3b03e e-con-full e-flex e-con e-child\" data-id=\"37e3b03e\" data-element_type=\"container\" data-e-type=\"container\" data-settings=\"{&quot;background_background&quot;:&quot;classic&quot;,&quot;jet_parallax_layout_list&quot;:[]}\">\n\t\t\t\t<div data-dce-title-color=\"#212028\" class=\"elementor-element elementor-element-7429699d elementor-widget elementor-widget-heading\" data-id=\"7429699d\" data-element_type=\"widget\" data-e-type=\"widget\" data-widget_type=\"heading.default\">\n\t\t\t\t\t<h2 class=\"elementor-heading-title elementor-size-default\">Esqu\u00ed en el valle de Chamonix<\/h2>\t\t\t\t<\/div>\n\t\t\t\t<div class=\"elementor-element elementor-element-206c538c elementor-widget elementor-widget-text-editor\" data-id=\"206c538c\" data-element_type=\"widget\" data-e-type=\"widget\" data-widget_type=\"text-editor.default\">\n\t\t\t\t\t\t\t\t\t<p>\u00bfQu\u00e9 hay m\u00e1s bonito que esquiar frente al Mont Blanc?<br \/>Esquiar en el valle de Chamonix-Mont-Blanc es una experiencia inolvidable en pistas legendarias. Tanto si es un principiante como un esquiador experimentado, encontrar\u00e1 zonas de esqu\u00ed para todos los niveles, con el impresionante Mont Blanc como tel\u00f3n de fondo.<\/p>\n\t\t\t\t\t\t\t\t<\/div>\n\t\t<div class=\"elementor-element elementor-element-75062d3b e-con-full e-flex e-con e-child\" data-id=\"75062d3b\" data-element_type=\"container\" data-e-type=\"container\" data-settings=\"{&quot;jet_parallax_layout_list&quot;:[]}\">\n\t\t<div class=\"elementor-element elementor-element-2f5972de e-con-full e-flex e-con e-child\" data-id=\"2f5972de\" data-element_type=\"container\" data-e-type=\"container\" data-settings=\"{&quot;jet_parallax_layout_list&quot;:[]}\">\n\t\t\t\t<div data-dce-title-color=\"#000000\" class=\"elementor-element elementor-element-64e86c5c elementor-widget elementor-widget-heading\" data-id=\"64e86c5c\" data-element_type=\"widget\" data-e-type=\"widget\" data-widget_type=\"heading.default\">\n\t\t\t\t\t<h2 class=\"elementor-heading-title elementor-size-default\">Los dominios<\/h2>\t\t\t\t<\/div>\n\t\t\t\t<div class=\"elementor-element elementor-element-eedf6ce elementor-widget elementor-widget-text-editor\" data-id=\"eedf6ce\" data-element_type=\"widget\" data-e-type=\"widget\" data-widget_type=\"text-editor.default\">\n\t\t\t\t\t\t\t\t\t<p>Las estaciones de esqu\u00ed de <a href=\"https:\/\/www.leshouches.com\/\" target=\"_blank\" rel=\"noopener\">Les Houches<\/a>, <a href=\"https:\/\/www.montblancnaturalresort.com\/brevent\" target=\"_blank\" rel=\"noopener\">Br\u00e9vent<\/a>, <a href=\"https:\/\/www.montblancnaturalresort.com\/flegere\" target=\"_blank\" rel=\"noopener\">Fl\u00e9g\u00e8re<\/a>, <a href=\"https:\/\/www.montblancnaturalresort.com\/grands-montets\" target=\"_blank\" rel=\"noopener\">Grands-Montets<\/a> y <a href=\"https:\/\/www.montblancnaturalresort.com\/balme\" target=\"_blank\" rel=\"noopener\">Balme<\/a> le dan la bienvenida para vivir emociones fuertes, ya sea trazando curvas en las pistas, haciendo saltos en el snowpark o buscando nieve virgen en freeride.<\/p>\n<p>El <a href=\"https:\/\/www.chamonix.com\/\" target=\"_blank\" rel=\"noopener\">Valle de Chamonix-Mont-Blanc<\/a> ofrece una gran variedad de pistas, desniveles y orientaciones. Los esquiadores experimentados disfrutar\u00e1n de una aventura \u00fanica mientras contemplan vistas impresionantes. \u00a1Los principiantes y los ni\u00f1os podr\u00e1n perfeccionar su \u00abplant\u00e9 de b\u00e2ton\u00bb en las estaciones de esqu\u00ed de menor altitud del valle: <a href=\"https:\/\/www.chamonix.com\/le-tourchet\" target=\"_blank\" rel=\"noopener\">Le Tourchet<\/a>, <a href=\"https:\/\/www.chamonix.com\/le-savoy\" target=\"_blank\" rel=\"noopener\">Le Savoy<\/a>, <a href=\"https:\/\/www.chamonix.com\/les-planards\" target=\"_blank\" rel=\"noopener\">Les Planards<\/a>, <a href=\"https:\/\/www.chamonix.com\/les-chosalets\" target=\"_blank\" rel=\"noopener\">Les Chosalets<\/a>, <a href=\"https:\/\/www.chamonix.com\/la-vormaine\" target=\"_blank\" rel=\"noopener\">La Vormaine<\/a> o <a href=\"https:\/\/www.chamonix.com\/la-poya\" target=\"_blank\" rel=\"noopener\">La Poya<\/a>.<\/p>\n\t\t\t\t\t\t\t\t<\/div>\n\t\t\t\t<div class=\"elementor-element elementor-element-faeb91a elementor-widget elementor-widget-button\" data-id=\"faeb91a\" data-element_type=\"widget\" data-e-type=\"widget\" data-widget_type=\"button.default\">\n\t\t\t\t\t\t\t\t\t\t<a class=\"elementor-button elementor-button-link elementor-size-sm\" href=\"https:\/\/www.chamonix.com\/activites\/hiver\/ski\/forfaits-de-ski\" target=\"_blank\" rel=\"noopener\">\n\t\t\t\t\t\t<span class=\"elementor-button-content-wrapper\">\n\t\t\t\t\t\t\t\t\t<span class=\"elementor-button-text\">Paquetes<\/span>\n\t\t\t\t\t<\/span>\n\t\t\t\t\t<\/a>\n\t\t\t\t\t\t\t\t<\/div>\n\t\t\t\t<div class=\"elementor-element elementor-element-8732bee elementor-widget elementor-widget-button\" data-id=\"8732bee\" data-element_type=\"widget\" data-e-type=\"widget\" data-widget_type=\"button.default\">\n\t\t\t\t\t\t\t\t\t\t<a class=\"elementor-button elementor-button-link elementor-size-sm\" href=\"https:\/\/live.skiplan.com\/moduleweb\/2.0\/chamonix_hiver_general.php\" target=\"_blank\" rel=\"noopener\">\n\t\t\t\t\t\t<span class=\"elementor-button-content-wrapper\">\n\t\t\t\t\t\t\t\t\t<span class=\"elementor-button-text\">Consultar el mapa interactivo<\/span>\n\t\t\t\t\t<\/span>\n\t\t\t\t\t<\/a>\n\t\t\t\t\t\t\t\t<\/div>\n\t\t\t\t<\/div>\n\t\t<div class=\"elementor-element elementor-element-b2a505 e-con-full e-flex e-con e-child\" data-id=\"b2a505\" data-element_type=\"container\" data-e-type=\"container\" data-settings=\"{&quot;background_background&quot;:&quot;slideshow&quot;,&quot;background_slideshow_gallery&quot;:[{&quot;id&quot;:7404,&quot;url&quot;:&quot;https:\\\/\\\/fontaine-chamonix.com\\\/wp-content\\\/uploads\\\/2025\\\/01\\\/dmitriy-karfagenskiy-GxkUMF40sI8-unsplash-1-scaled.jpg&quot;}],&quot;background_slideshow_slide_duration&quot;:2000,&quot;jet_parallax_layout_list&quot;:[],&quot;background_slideshow_loop&quot;:&quot;yes&quot;,&quot;background_slideshow_slide_transition&quot;:&quot;fade&quot;,&quot;background_slideshow_transition_duration&quot;:500}\">\n\t\t\t\t<\/div>\n\t\t\t\t<\/div>\n\t\t\t\t<div class=\"elementor-element elementor-element-24c9fcc6 elementor-widget elementor-widget-spacer\" data-id=\"24c9fcc6\" data-element_type=\"widget\" data-e-type=\"widget\" data-widget_type=\"spacer.default\">\n\t\t\t\t\t\t\t<div class=\"elementor-spacer\">\n\t\t\t<div class=\"elementor-spacer-inner\"><\/div>\n\t\t<\/div>\n\t\t\t\t\t\t<\/div>\n\t\t<div class=\"elementor-element elementor-element-32acfcce e-con-full e-flex e-con e-child\" data-id=\"32acfcce\" data-element_type=\"container\" data-e-type=\"container\" data-settings=\"{&quot;jet_parallax_layout_list&quot;:[]}\">\n\t\t<div class=\"elementor-element elementor-element-bcc9a29 e-con-full e-flex e-con e-child\" data-id=\"bcc9a29\" data-element_type=\"container\" data-e-type=\"container\" data-settings=\"{&quot;background_background&quot;:&quot;slideshow&quot;,&quot;background_slideshow_gallery&quot;:[{&quot;id&quot;:7414,&quot;url&quot;:&quot;https:\\\/\\\/fontaine-chamonix.com\\\/wp-content\\\/uploads\\\/2025\\\/01\\\/pexels-pixabay-257961-1-scaled.jpg&quot;}],&quot;background_slideshow_slide_duration&quot;:2000,&quot;jet_parallax_layout_list&quot;:[],&quot;background_slideshow_loop&quot;:&quot;yes&quot;,&quot;background_slideshow_slide_transition&quot;:&quot;fade&quot;,&quot;background_slideshow_transition_duration&quot;:500}\">\n\t\t\t\t<\/div>\n\t\t<div class=\"elementor-element elementor-element-23023384 e-con-full e-flex e-con e-child\" data-id=\"23023384\" data-element_type=\"container\" data-e-type=\"container\" data-settings=\"{&quot;jet_parallax_layout_list&quot;:[]}\">\n\t\t\t\t<div data-dce-title-color=\"#000000\" class=\"elementor-element elementor-element-7b1f85af elementor-widget elementor-widget-heading\" data-id=\"7b1f85af\" data-element_type=\"widget\" data-e-type=\"widget\" data-widget_type=\"heading.default\">\n\t\t\t\t\t<h2 class=\"elementor-heading-title elementor-size-default\">Alquiler<\/h2>\t\t\t\t<\/div>\n\t\t\t\t<div class=\"elementor-element elementor-element-3f13be5c elementor-widget elementor-widget-text-editor\" data-id=\"3f13be5c\" data-element_type=\"widget\" data-e-type=\"widget\" data-widget_type=\"text-editor.default\">\n\t\t\t\t\t\t\t\t\t<p>AlquilerSi prefiere un esqu\u00ed relajante o busca emociones en pistas deportivas, los profesionales del alquiler est\u00e1n ah\u00ed para guiarle y ofrecerle consejos adaptados a sus necesidades.<\/p>\n\t\t\t\t\t\t\t\t<\/div>\n\t\t\t\t<div class=\"elementor-element elementor-element-686e0136 elementor-widget elementor-widget-button\" data-id=\"686e0136\" data-element_type=\"widget\" data-e-type=\"widget\" data-widget_type=\"button.default\">\n\t\t\t\t\t\t\t\t\t\t<a class=\"elementor-button elementor-button-link elementor-size-sm\" href=\"https:\/\/www.chamonix.com\/activites\/hiver\/le-ski-dans-la-vallee-de-chamonix-mont-blanc\/location-de-ski-et-snowboard\" target=\"_blank\" rel=\"noopener\">\n\t\t\t\t\t\t<span class=\"elementor-button-content-wrapper\">\n\t\t\t\t\t\t\t\t\t<span class=\"elementor-button-text\">M\u00e1s informaci\u00f3n<\/span>\n\t\t\t\t\t<\/span>\n\t\t\t\t\t<\/a>\n\t\t\t\t\t\t\t\t<\/div>\n\t\t\t\t<\/div>\n\t\t\t\t<\/div>\n\t\t\t\t<div class=\"elementor-element elementor-element-742c6844 elementor-widget elementor-widget-spacer\" data-id=\"742c6844\" data-element_type=\"widget\" data-e-type=\"widget\" data-widget_type=\"spacer.default\">\n\t\t\t\t\t\t\t<div class=\"elementor-spacer\">\n\t\t\t<div class=\"elementor-spacer-inner\"><\/div>\n\t\t<\/div>\n\t\t\t\t\t\t<\/div>\n\t\t<div class=\"elementor-element elementor-element-4019a581 e-con-full e-flex e-con e-child\" data-id=\"4019a581\" data-element_type=\"container\" data-e-type=\"container\" data-settings=\"{&quot;jet_parallax_layout_list&quot;:[]}\">\n\t\t<div class=\"elementor-element elementor-element-48089796 e-con-full e-flex e-con e-child\" data-id=\"48089796\" data-element_type=\"container\" data-e-type=\"container\" data-settings=\"{&quot;jet_parallax_layout_list&quot;:[]}\">\n\t\t<div class=\"elementor-element elementor-element-4a337df e-con-full e-flex e-con e-child\" data-id=\"4a337df\" data-element_type=\"container\" data-e-type=\"container\" data-settings=\"{&quot;jet_parallax_layout_list&quot;:[]}\">\n\t\t\t\t<div data-dce-title-color=\"#000000\" class=\"elementor-element elementor-element-6488fe64 elementor-widget elementor-widget-heading\" data-id=\"6488fe64\" data-element_type=\"widget\" data-e-type=\"widget\" data-widget_type=\"heading.default\">\n\t\t\t\t\t<h2 class=\"elementor-heading-title elementor-size-default\">Esqu\u00ed de fondo<\/h2>\t\t\t\t<\/div>\n\t\t\t\t<div class=\"elementor-element elementor-element-43399de elementor-widget elementor-widget-text-editor\" data-id=\"43399de\" data-element_type=\"widget\" data-e-type=\"widget\" data-widget_type=\"text-editor.default\">\n\t\t\t\t\t\t\t\t\t<p>El valle de Chamonix-Mont-Blanc ofrece m\u00e1s de 50 kil\u00f3metros de pistas de esqu\u00ed de fondo (de patinaje o de alternancia), desde Servoz hasta Vallorcine. Se aloje donde se aloje, siempre encontrar\u00e1 cerca una ruta de esqu\u00ed de fondo para disfrutar de los magn\u00edficos paisajes y de la nieve.<\/p>\n\t\t\t\t\t\t\t\t<\/div>\n\t\t\t\t<div class=\"elementor-element elementor-element-026682c elementor-widget elementor-widget-button\" data-id=\"026682c\" data-element_type=\"widget\" data-e-type=\"widget\" data-widget_type=\"button.default\">\n\t\t\t\t\t\t\t\t\t\t<a class=\"elementor-button elementor-button-link elementor-size-sm\" href=\"https:\/\/www.chamonix.com\/activites\/hiver\/ski-de-fond-et-espace-luge\/ecoles-de-ski-nordique\" target=\"_blank\" rel=\"noopener\">\n\t\t\t\t\t\t<span class=\"elementor-button-content-wrapper\">\n\t\t\t\t\t\t\t\t\t<span class=\"elementor-button-text\">Escuela de esqu\u00ed n\u00f3rdico<\/span>\n\t\t\t\t\t<\/span>\n\t\t\t\t\t<\/a>\n\t\t\t\t\t\t\t\t<\/div>\n\t\t\t\t<div class=\"elementor-element elementor-element-296f43c elementor-widget elementor-widget-button\" data-id=\"296f43c\" data-element_type=\"widget\" data-e-type=\"widget\" data-widget_type=\"button.default\">\n\t\t\t\t\t\t\t\t\t\t<a class=\"elementor-button elementor-button-link elementor-size-sm\" href=\"https:\/\/www.chamonix.com\/sites\/default\/files\/media\/brochures\/Plan_Fond-Raquettes_2024-2025_WEB.pdf\" target=\"_blank\" rel=\"noopener\">\n\t\t\t\t\t\t<span class=\"elementor-button-content-wrapper\">\n\t\t\t\t\t\t\t\t\t<span class=\"elementor-button-text\">Mapa del sendero<\/span>\n\t\t\t\t\t<\/span>\n\t\t\t\t\t<\/a>\n\t\t\t\t\t\t\t\t<\/div>\n\t\t\t\t<div class=\"elementor-element elementor-element-9ffc513 elementor-widget elementor-widget-button\" data-id=\"9ffc513\" data-element_type=\"widget\" data-e-type=\"widget\" data-widget_type=\"button.default\">\n\t\t\t\t\t\t\t\t\t\t<a class=\"elementor-button elementor-button-link elementor-size-sm\" href=\"https:\/\/www.chamonix.com\/activites\/hiver\/ski-nordique-ski-de-fond-espace-luge#block-skinordique\" target=\"_blank\" rel=\"noopener\">\n\t\t\t\t\t\t<span class=\"elementor-button-content-wrapper\">\n\t\t\t\t\t\t\t\t\t<span class=\"elementor-button-text\">M\u00e1s informaci\u00f3n<\/span>\n\t\t\t\t\t<\/span>\n\t\t\t\t\t<\/a>\n\t\t\t\t\t\t\t\t<\/div>\n\t\t\t\t<\/div>\n\t\t<div class=\"elementor-element elementor-element-7e93ef06 e-con-full e-flex e-con e-child\" data-id=\"7e93ef06\" data-element_type=\"container\" data-e-type=\"container\" data-settings=\"{&quot;background_background&quot;:&quot;slideshow&quot;,&quot;background_slideshow_gallery&quot;:[{&quot;id&quot;:7396,&quot;url&quot;:&quot;https:\\\/\\\/fontaine-chamonix.com\\\/wp-content\\\/uploads\\\/2025\\\/01\\\/phillip-belena-eY-iYrKGOkw-unsplash-1-scaled.jpg&quot;}],&quot;background_slideshow_slide_duration&quot;:2000,&quot;jet_parallax_layout_list&quot;:[],&quot;background_slideshow_loop&quot;:&quot;yes&quot;,&quot;background_slideshow_slide_transition&quot;:&quot;fade&quot;,&quot;background_slideshow_transition_duration&quot;:500}\">\n\t\t\t\t<\/div>\n\t\t\t\t<\/div>\n\t\t\t\t<\/div>\n\t\t<div class=\"elementor-element elementor-element-330748d e-con-full e-flex e-con e-child\" data-id=\"330748d\" data-element_type=\"container\" data-e-type=\"container\" data-settings=\"{&quot;jet_parallax_layout_list&quot;:[]}\">\n\t\t<div class=\"elementor-element elementor-element-38b0192 e-con-full e-flex e-con e-child\" data-id=\"38b0192\" data-element_type=\"container\" data-e-type=\"container\" data-settings=\"{&quot;background_background&quot;:&quot;slideshow&quot;,&quot;background_slideshow_gallery&quot;:[{&quot;id&quot;:6825,&quot;url&quot;:&quot;https:\\\/\\\/fontaine-chamonix.com\\\/wp-content\\\/uploads\\\/2025\\\/01\\\/chris-biron-JVtcrWcbj1c-unsplash-1-scaled.jpg&quot;}],&quot;background_slideshow_slide_duration&quot;:2000,&quot;jet_parallax_layout_list&quot;:[],&quot;background_slideshow_loop&quot;:&quot;yes&quot;,&quot;background_slideshow_slide_transition&quot;:&quot;fade&quot;,&quot;background_slideshow_transition_duration&quot;:500}\">\n\t\t\t\t<\/div>\n\t\t<div class=\"elementor-element elementor-element-0d8e980 e-con-full e-flex e-con e-child\" data-id=\"0d8e980\" data-element_type=\"container\" data-e-type=\"container\" data-settings=\"{&quot;jet_parallax_layout_list&quot;:[]}\">\n\t\t\t\t<div data-dce-title-color=\"#000000\" class=\"elementor-element elementor-element-69f484b elementor-widget elementor-widget-heading\" data-id=\"69f484b\" data-element_type=\"widget\" data-e-type=\"widget\" data-widget_type=\"heading.default\">\n\t\t\t\t\t<h2 class=\"elementor-heading-title elementor-size-default\">Noticias en directo, partes meteorol\u00f3gicos y de nieve<\/h2>\t\t\t\t<\/div>\n\t\t\t\t<div class=\"elementor-element elementor-element-a0e6c98 elementor-widget elementor-widget-text-editor\" data-id=\"a0e6c98\" data-element_type=\"widget\" data-e-type=\"widget\" data-widget_type=\"text-editor.default\">\n\t\t\t\t\t\t\t\t\t<p>Mant\u00e9ngase informado en tiempo real: tiempo de hoy, estado de la nieve y noticias en directo.<\/p>\n\t\t\t\t\t\t\t\t<\/div>\n\t\t\t\t<div class=\"elementor-element elementor-element-2763c63b elementor-widget elementor-widget-button\" data-id=\"2763c63b\" data-element_type=\"widget\" data-e-type=\"widget\" data-widget_type=\"button.default\">\n\t\t\t\t\t\t\t\t\t\t<a class=\"elementor-button elementor-button-link elementor-size-sm\" href=\"https:\/\/www.chamonix.com\/infos-live\" target=\"_blank\" rel=\"noopener\">\n\t\t\t\t\t\t<span class=\"elementor-button-content-wrapper\">\n\t\t\t\t\t\t\t\t\t<span class=\"elementor-button-text\">M\u00e1s informaci\u00f3n<\/span>\n\t\t\t\t\t<\/span>\n\t\t\t\t\t<\/a>\n\t\t\t\t\t\t\t\t<\/div>\n\t\t\t\t<\/div>\n\t\t\t\t<\/div>\n\t\t\t\t<\/div>\n\t\t\t\t<\/div>\n\t\t\t\t<\/div>\n\t\t","protected":false},"excerpt":{"rendered":"<p>Esqu\u00ed y esqu\u00ed de fondo Esqu\u00ed en el valle de Chamonix \u00bfQu\u00e9 hay m\u00e1s bonito que esquiar frente al Mont Blanc?Esquiar en el valle de Chamonix-Mont-Blanc es una experiencia inolvidable en pistas legendarias. Tanto si es un principiante como un esquiador experimentado, encontrar\u00e1 zonas de esqu\u00ed para todos los niveles, con el impresionante Mont Blanc [&hellip;]<\/p>\n","protected":false},"author":4,"featured_media":6123,"parent":0,"menu_order":0,"comment_status":"closed","ping_status":"closed","template":"elementor_header_footer","meta":{"footnotes":""},"class_list":["post-8380","page","type-page","status-publish","has-post-thumbnail","hentry"],"jetpack_sharing_enabled":true,"_links":{"self":[{"href":"https:\/\/fontaine-chamonix.com\/es\/wp-json\/wp\/v2\/pages\/8380","targetHints":{"allow":["GET"]}}],"collection":[{"href":"https:\/\/fontaine-chamonix.com\/es\/wp-json\/wp\/v2\/pages"}],"about":[{"href":"https:\/\/fontaine-chamonix.com\/es\/wp-json\/wp\/v2\/types\/page"}],"author":[{"embeddable":true,"href":"https:\/\/fontaine-chamonix.com\/es\/wp-json\/wp\/v2\/users\/4"}],"replies":[{"embeddable":true,"href":"https:\/\/fontaine-chamonix.com\/es\/wp-json\/wp\/v2\/comments?post=8380"}],"version-history":[{"count":6,"href":"https:\/\/fontaine-chamonix.com\/es\/wp-json\/wp\/v2\/pages\/8380\/revisions"}],"predecessor-version":[{"id":9333,"href":"https:\/\/fontaine-chamonix.com\/es\/wp-json\/wp\/v2\/pages\/8380\/revisions\/9333"}],"wp:featuredmedia":[{"embeddable":true,"href":"https:\/\/fontaine-chamonix.com\/es\/wp-json\/wp\/v2\/media\/6123"}],"wp:attachment":[{"href":"https:\/\/fontaine-chamonix.com\/es\/wp-json\/wp\/v2\/media?parent=8380"}],"curies":[{"name":"wp","href":"https:\/\/api.w.org\/{rel}","templated":true}]}}