{"id":8317,"date":"2020-10-09T10:55:46","date_gmt":"2020-10-09T08:55:46","guid":{"rendered":"https:\/\/fontaine-chamonix.com\/politica-de-privacidad\/"},"modified":"2026-03-11T12:23:37","modified_gmt":"2026-03-11T11:23:37","slug":"politica-de-privacidad","status":"publish","type":"page","link":"https:\/\/fontaine-chamonix.com\/es\/politica-de-privacidad\/","title":{"rendered":"Pol\u00edtica de privacidad"},"content":{"rendered":"\t\t<div data-elementor-type=\"wp-page\" data-elementor-id=\"8317\" class=\"elementor elementor-8317 elementor-3\" data-elementor-post-type=\"page\">\n\t\t\t\t<div data-dce-background-image-url=\"https:\/\/fontaine-chamonix.com\/wp-content\/uploads\/2024\/12\/bg-politique-de-confidentialite.jpg\" class=\"elementor-element elementor-element-0d47a5c e-con-full e-flex e-con e-parent\" data-id=\"0d47a5c\" data-element_type=\"container\" data-e-type=\"container\" data-settings=\"{&quot;background_background&quot;:&quot;classic&quot;,&quot;jet_parallax_layout_list&quot;:[]}\">\n\t\t\t\t<div data-dce-title-color=\"#FFFFFF\" class=\"elementor-element elementor-element-79a4716 elementor-widget elementor-widget-heading\" data-id=\"79a4716\" data-element_type=\"widget\" data-e-type=\"widget\" data-widget_type=\"heading.default\">\n\t\t\t\t\t<h1 class=\"elementor-heading-title elementor-size-default\">Pol\u00edtica de privacidad<\/h1>\t\t\t\t<\/div>\n\t\t\t\t<\/div>\n\t\t<div class=\"elementor-element elementor-element-8be462a e-con-full e-flex e-con e-parent\" data-id=\"8be462a\" data-element_type=\"container\" data-e-type=\"container\" data-settings=\"{&quot;jet_parallax_layout_list&quot;:[]}\">\n\t\t\t\t<div class=\"elementor-element elementor-element-538120f elementor-widget elementor-widget-shortcode\" data-id=\"538120f\" data-element_type=\"widget\" data-e-type=\"widget\" data-widget_type=\"shortcode.default\">\n\t\t\t\t\t\t\t<div class=\"elementor-shortcode\"><nav aria-label=\"breadcrumbs\" class=\"rank-math-breadcrumb\"><p><span class=\"last\">Accueil<\/span><\/p><\/nav><\/div>\n\t\t\t\t\t\t<\/div>\n\t\t\t\t<\/div>\n\t\t<div class=\"elementor-element elementor-element-6de88f9 e-con-full e-flex e-con e-parent\" data-id=\"6de88f9\" data-element_type=\"container\" data-e-type=\"container\" data-settings=\"{&quot;jet_parallax_layout_list&quot;:[]}\">\n\t\t<div class=\"elementor-element elementor-element-cba692a e-con-full e-flex e-con e-child\" data-id=\"cba692a\" data-element_type=\"container\" data-e-type=\"container\" data-settings=\"{&quot;background_background&quot;:&quot;classic&quot;,&quot;jet_parallax_layout_list&quot;:[]}\">\n\t\t\t\t<div class=\"elementor-element elementor-element-f8de8c6 elementor-widget elementor-widget-text-editor\" data-id=\"f8de8c6\" data-element_type=\"widget\" data-e-type=\"widget\" data-widget_type=\"text-editor.default\">\n\t\t\t\t\t\t\t\t\tEl objetivo de esta pol\u00edtica de privacidad es explicarle por qu\u00e9 recopilamos sus datos y c\u00f3mo nos comprometemos a protegerlos.<br><br>SARL HOTEL LA FONTAINE se compromete a proteger sus datos personales y su privacidad.<br><br>A este respecto, y en aplicaci\u00f3n del Reglamento General de Protecci\u00f3n de Datos (en lo sucesivo, \u00abRGPD\u00bb), le comunicamos a continuaci\u00f3n las condiciones en las que sus datos personales ser\u00e1n tratados por nosotros.\t\t\t\t\t\t\t\t<\/div>\n\t\t\t\t<div data-dce-title-color=\"#212028\" class=\"elementor-element elementor-element-8a55785 elementor-widget elementor-widget-heading\" data-id=\"8a55785\" data-element_type=\"widget\" data-e-type=\"widget\" data-widget_type=\"heading.default\">\n\t\t\t\t\t<h2 class=\"elementor-heading-title elementor-size-default\">\u00bfQu\u00e9 datos personales tratamos?<\/h2>\t\t\t\t<\/div>\n\t\t\t\t<div data-dce-title-color=\"#212028\" class=\"elementor-element elementor-element-cff2e77 elementor-widget elementor-widget-heading\" data-id=\"cff2e77\" data-element_type=\"widget\" data-e-type=\"widget\" data-widget_type=\"heading.default\">\n\t\t\t\t\t<h3 class=\"elementor-heading-title elementor-size-default\">Finalidades:<\/h3>\t\t\t\t<\/div>\n\t\t\t\t<div class=\"elementor-element elementor-element-d1d9752 elementor-widget elementor-widget-text-editor\" data-id=\"d1d9752\" data-element_type=\"widget\" data-e-type=\"widget\" data-widget_type=\"text-editor.default\">\n\t\t\t\t\t\t\t\t\tPodemos recopilar y almacenar sus datos personales, en particular para:<br><br>Procesar y responder a sus mensajes, Crear y administrar el acceso a sus cuentas, Recibir y procesar su pedido, Recibir y procesar su participaci\u00f3n en encuestas o concursos, Administrar sus suscripciones a nuestros boletines, Establecer y realizar el seguimiento de la relaci\u00f3n comercial que pueda derivarse de sus mensajes, Escribir un aviso\/comentario publicado en el sitio, Procesar su solicitud de empleo, Cobrar su pago, Asegurar la contabilidad y la gesti\u00f3n, Mejorar nuestro seguimiento y servicio al cliente, Gestionar el buen funcionamiento y la personalizaci\u00f3n de los servicios, Enviarle informaci\u00f3n comercial y publicitaria en funci\u00f3n de sus preferencias, Detectar ataques y recursos contenciosos contra el fraude, Recordar sus opciones en cuanto al uso de cookies, Procesar y responder a sus solicitudes de ejercicio de derechos, para cumplir con los requisitos reglamentarios vigentes o en curso de adopci\u00f3n\t\t\t\t\t\t\t\t<\/div>\n\t\t\t\t<div data-dce-title-color=\"#212028\" class=\"elementor-element elementor-element-7d3b6a7 elementor-widget elementor-widget-heading\" data-id=\"7d3b6a7\" data-element_type=\"widget\" data-e-type=\"widget\" data-widget_type=\"heading.default\">\n\t\t\t\t\t<h3 class=\"elementor-heading-title elementor-size-default\">Categor\u00edas de datos:<\/h3>\t\t\t\t<\/div>\n\t\t\t\t<div class=\"elementor-element elementor-element-52b2e20 elementor-widget elementor-widget-text-editor\" data-id=\"52b2e20\" data-element_type=\"widget\" data-e-type=\"widget\" data-widget_type=\"text-editor.default\">\n\t\t\t\t\t\t\t\t\t<p>Datos de contacto (por ejemplo, nombre, apellidos, n\u00famero de tel\u00e9fono, correo electr\u00f3nico), Datos de medios de pago, Informaci\u00f3n t\u00e9cnica y de localizaci\u00f3n generada en relaci\u00f3n con el uso de nuestros servicios<\/p>\n\t\t\t\t\t\t\t\t<\/div>\n\t\t\t\t<div data-dce-title-color=\"#212028\" class=\"elementor-element elementor-element-b21425d elementor-widget elementor-widget-heading\" data-id=\"b21425d\" data-element_type=\"widget\" data-e-type=\"widget\" data-widget_type=\"heading.default\">\n\t\t\t\t\t<h2 class=\"elementor-heading-title elementor-size-default\">Fundamento jur\u00eddico del tratamiento<\/h2>\t\t\t\t<\/div>\n\t\t\t\t<div class=\"elementor-element elementor-element-a435d18 elementor-widget elementor-widget-text-editor\" data-id=\"a435d18\" data-element_type=\"widget\" data-e-type=\"widget\" data-widget_type=\"text-editor.default\">\n\t\t\t\t\t\t\t\t\tLos tratamientos de datos personales realizados se basan en:<br><br>Es el consentimiento del interesado (art\u00edculo 6.1.a del RGPD) para todos los tratamientos que requieran la obtenci\u00f3n previa del consentimiento. En los formularios en l\u00ednea, los campos obligatorios est\u00e1n marcados con un asterisco. Si no responde a las preguntas obligatorias, no podremos proporcionarle los servicios solicitados.<br>Para la ejecuci\u00f3n de un contrato o la ejecuci\u00f3n de medidas precontractuales,<br>Para la persecuci\u00f3n de un inter\u00e9s leg\u00edtimo (art\u00edculo 6.1.e del RGPD).<br>Ya sea para el cumplimiento de una obligaci\u00f3n legal o reglamentaria;<br>Sus datos se conservar\u00e1n durante el tiempo necesario para cumplir los fines mencionados anteriormente.<br><br>El plazo de conservaci\u00f3n de los datos personales de los Clientes depende del fin en cuesti\u00f3n. En este marco, los datos personales de los Clientes se conservan el tiempo necesario para cumplir<br>de su petici\u00f3n. En ausencia de cualquier realizaci\u00f3n, los datos personales se eliminan dentro del plazo recomendado por la Comisi\u00f3n Nacional de Inform\u00e1tica y Libertades (CNIL), al t\u00e9rmino de un per\u00edodo de tres a\u00f1os a partir de su recogida, con sujeci\u00f3n a: &#8211; las posibilidades y obligaciones legales en materia de archivo,<br>&#8211; las obligaciones de conservaci\u00f3n de determinados datos, con fines probatorios y\/o de anonimizaci\u00f3n de<br>\u00e9stas.<br>Los datos personales del Cliente recogidos y tratados, para los fines de ejecuci\u00f3n de las ofertas, se conservan<br>durante el tiempo necesario para gestionar la relaci\u00f3n contractual.<br>Como excepci\u00f3n, los datos personales necesarios para la prueba de un derecho o contrato se archivan de acuerdo con las disposiciones legales (5 o 10 a\u00f1os despu\u00e9s del final de la relaci\u00f3n comercial seg\u00fan el caso).\t\t\t\t\t\t\t\t<\/div>\n\t\t\t\t<div data-dce-title-color=\"#212028\" class=\"elementor-element elementor-element-edf8e9f elementor-widget elementor-widget-heading\" data-id=\"edf8e9f\" data-element_type=\"widget\" data-e-type=\"widget\" data-widget_type=\"heading.default\">\n\t\t\t\t\t<h2 class=\"elementor-heading-title elementor-size-default\">\u00bfCu\u00e1les son los destinatarios de sus datos?<\/h2>\t\t\t\t<\/div>\n\t\t\t\t<div class=\"elementor-element elementor-element-201b0ed elementor-widget elementor-widget-text-editor\" data-id=\"201b0ed\" data-element_type=\"widget\" data-e-type=\"widget\" data-widget_type=\"text-editor.default\">\n\t\t\t\t\t\t\t\t\tSus datos personales se destinan a SARL HOTEL LA FONTAINE.<br><br>Nuestros servicios internos: Son tratados por el personal de nuestros diferentes departamentos, como el departamento comercial o el departamento responsable de la seguridad inform\u00e1tica. , Empresas o personas de confianza: procesan su informaci\u00f3n para nosotros para los fines establecidos anteriormentede acuerdo con nuestras instrucciones descritas en nuestra Pol\u00edtica de privacidad y cualquier otro uso apropiado en t\u00e9rminos de privacidad y seguridad. , Subcontratistas t\u00e9cnicos: Los datos personales que le conciernen pueden ser transferidos a nuestros subcontratistas t\u00e9cnicos (en el sentido del art\u00edculo 4.8 del RGPD) de manera estrictamente regulada. En caso de transferencia, nos aseguramos de que los subcontratistas cumplan con el RGPD y tomen medidas t\u00e9cnicas y organizativas para garantizar la protecci\u00f3n de datos (art. 28 del RGPD).<br><br>An\u00e1lisis de tr\u00e1fico (como Google Analytics), proveedor de publicidad (como Google Ads).<br><br>En ocasiones, debemos permitir que nuestros socios procesen la informaci\u00f3n personal que tenemos sobre usted en nuestro nombre para los fines establecidos en esta pol\u00edtica o por cualquier otra raz\u00f3n requerida por ley.<br><br>Los datos personales de los Clientes recogidos se alojan en Francia.<br><br>En el caso de que se recurra a un proveedor situado fuera de la Uni\u00f3n Europea, nos comprometemos a verificar que se hayan adoptado las medidas adecuadas para que los datos personales disfruten de un nivel de protecci\u00f3n adecuado.\t\t\t\t\t\t\t\t<\/div>\n\t\t\t\t<div data-dce-title-color=\"#212028\" class=\"elementor-element elementor-element-077e939 elementor-widget elementor-widget-heading\" data-id=\"077e939\" data-element_type=\"widget\" data-e-type=\"widget\" data-widget_type=\"heading.default\">\n\t\t\t\t\t<h2 class=\"elementor-heading-title elementor-size-default\">\u00bfC\u00f3mo mantiene SARL HOTEL LA FUENTE la seguridad de sus datos?<\/h2>\t\t\t\t<\/div>\n\t\t\t\t<div class=\"elementor-element elementor-element-ca5421d elementor-widget elementor-widget-text-editor\" data-id=\"ca5421d\" data-element_type=\"widget\" data-e-type=\"widget\" data-widget_type=\"text-editor.default\">\n\t\t\t\t\t\t\t\t\tAdoptamos todas las medidas organizativas y t\u00e9cnicas necesarias para garantizar un nivel adecuado de seguridad de sus datos personales, incluida la prevenci\u00f3n de cualquier p\u00e9rdida de confidencialidad, integridad o accesibilidad.<br><br>Realizamos con frecuencia la copia de seguridad de los datos, Pone en marcha medidas t\u00e9cnicas y organizativas para garantizar que la conservaci\u00f3n de los datos personales de los clientes es segura y esto durante el tiempo necesario para el ejercicio de las finalidades perseguidas.\t\t\t\t\t\t\t\t<\/div>\n\t\t\t\t<div data-dce-title-color=\"#212028\" class=\"elementor-element elementor-element-4781155 elementor-widget elementor-widget-heading\" data-id=\"4781155\" data-element_type=\"widget\" data-e-type=\"widget\" data-widget_type=\"heading.default\">\n\t\t\t\t\t<h2 class=\"elementor-heading-title elementor-size-default\">\u00bfCu\u00e1les son sus derechos con respecto a sus datos personales?<\/h2>\t\t\t\t<\/div>\n\t\t\t\t<div class=\"elementor-element elementor-element-ed01c4b elementor-widget elementor-widget-text-editor\" data-id=\"ed01c4b\" data-element_type=\"widget\" data-e-type=\"widget\" data-widget_type=\"text-editor.default\">\n\t\t\t\t\t\t\t\t\tDe acuerdo con la normativa aplicable, usted tiene los siguientes derechos:<br>Derecho de rectificaci\u00f3n: tiene derecho a obtener la rectificaci\u00f3n de los datos inexactos que le conciernen. Tambi\u00e9n tiene derecho a que se completen los datos incompletos que le conciernen, mediante una declaraci\u00f3n complementaria. Al ejercer este derecho, nos comprometemos a comunicar cualquier rectificaci\u00f3n a todos los destinatarios de sus datos,<br>Derecho de borrado: en algunos casos, tiene derecho a que se borren sus datos. Sin embargo, esto no es un derecho absoluto y podemos conservar estos datos por razones legales o leg\u00edtimas.<br>Derecho a la limitaci\u00f3n del tratamiento: en algunos casos, usted tiene derecho a obtener la limitaci\u00f3n del tratamiento de sus datos,<br>Derecho a la portabilidad de los datos: tiene derecho a recibir los datos que nos ha facilitado, en un formato estructurado, de uso com\u00fan y lectura mec\u00e1nica, para su uso personal o para transmitirlos a un tercero que haya elegido. Este derecho solo se aplica cuando el procesamiento de sus datos se basa en su consentimiento, en un contrato o cuando el procesamiento se realiza por medios automatizados.<br>Derecho a oponerse al tratamiento: tiene derecho a oponerse en cualquier momento al tratamiento de sus datos personales para fines de tratamiento basados en nuestro inter\u00e9s leg\u00edtimo, una misi\u00f3n de inter\u00e9s p\u00fablico y para fines de publicidad comercial. Este no es un derecho absoluto y podemos, por razones legales o leg\u00edtimas, rechazar su solicitud de oposici\u00f3n,<br>Derecho a retirar su consentimiento en cualquier momento: puede retirar su consentimiento para el tratamiento de sus datos cuando el tratamiento se base en su consentimiento. La retirada del consentimiento no afectar\u00e1 a la legalidad del tratamiento basado en el consentimiento realizado antes de la retirada.<br>Derecho a presentar una queja ante una autoridad supervisora: tiene derecho a ponerse en contacto con su autoridad de protecci\u00f3n de datos para presentar una queja sobre nuestras pr\u00e1cticas de protecci\u00f3n de datos personales,<br><br>De conformidad con el RGPD, las condiciones para el ejercicio de estos derechos pueden variar en funci\u00f3n de la legalidad del tratamiento mencionado en el primer p\u00e1rrafo.<br>Haremos un seguimiento de cualquier ejercicio de derecho lo antes posible y, en cualquier caso, en un plazo de 30 d\u00edas a partir de la recepci\u00f3n de la solicitud.<br><br>Nos reservamos el derecho de:<br><br>Solicitar una prueba de la identidad del solicitante en caso de duda razonable sobre la misma, con el fin de respetar su obligaci\u00f3n de confidencialidad,<br>Prorrogar el plazo de respuesta dos meses, informando al solicitante de la pr\u00f3rroga y de los motivos del aplazamiento en el plazo de un mes a partir de la recepci\u00f3n de la solicitud,<br>Negarse a responder a un ejercicio de derecho si se considera abusivo (en vista de su n\u00famero, de su car\u00e1cter repetitivo o sistem\u00e1tico).\t\t\t\t\t\t\t\t<\/div>\n\t\t\t\t<div data-dce-title-color=\"#212028\" class=\"elementor-element elementor-element-b96d456 elementor-widget elementor-widget-heading\" data-id=\"b96d456\" data-element_type=\"widget\" data-e-type=\"widget\" data-widget_type=\"heading.default\">\n\t\t\t\t\t<h2 class=\"elementor-heading-title elementor-size-default\">\u00bfCon qui\u00e9n contactar para todas las consultas relacionadas con el RGPD?<\/h2>\t\t\t\t<\/div>\n\t\t\t\t<div class=\"elementor-element elementor-element-ec994f4 elementor-widget elementor-widget-text-editor\" data-id=\"ec994f4\" data-element_type=\"widget\" data-e-type=\"widget\" data-widget_type=\"text-editor.default\">\n\t\t\t\t\t\t\t\t\t<p>Para ejercer sus derechos, puede ponerse en contacto con nosotros:<\/p>\n<p>SARL HOTEL LA FONTAINE<br \/>161 Chemin de la Fontaine,<br \/>74310 LES HOUCHES &#8211; CHAMONIX<br \/>FRANCIA<\/p>\n<p>contact@fontaine-chamonix.com<span style=\"display: inline-block; width: 0px; overflow: hidden; line-height: 0;\" data-mce-type=\"bookmark\" class=\"mce_SELRES_start\">\ufeff<\/span><\/p>\n<p>+33 6 89 32 93 34<\/p>\n<p>Director de la publicaci\u00f3n: Chrystelle Verdier<\/p>\n\t\t\t\t\t\t\t\t<\/div>\n\t\t\t\t<div data-dce-title-color=\"#212028\" class=\"elementor-element elementor-element-e062c6d elementor-widget elementor-widget-heading\" data-id=\"e062c6d\" data-element_type=\"widget\" data-e-type=\"widget\" data-widget_type=\"heading.default\">\n\t\t\t\t\t<h2 class=\"elementor-heading-title elementor-size-default\">Reserva de modificaci\u00f3n de la Pol\u00edtica de protecci\u00f3n de datos<\/h2>\t\t\t\t<\/div>\n\t\t\t\t<div class=\"elementor-element elementor-element-ec27225 elementor-widget elementor-widget-text-editor\" data-id=\"ec27225\" data-element_type=\"widget\" data-e-type=\"widget\" data-widget_type=\"text-editor.default\">\n\t\t\t\t\t\t\t\t\t<p>Esta Pol\u00edtica de Privacidad puede cambiar. Se han elaborado a partir de un modelo libre que puede descargarse del sitio https:\/\/donnees.net. Como estamos desarrollando constantemente nuestros servicios, nos reservamos el derecho de modificar esta Pol\u00edtica de Privacidad de acuerdo con las disposiciones legales aplicables. Cualquier modificaci\u00f3n se publicar\u00e1 en el presente documento a su debido tiempo. Le recomendamos que revise peri\u00f3dicamente esta p\u00e1gina para ver si hay cambios o actualizaciones en nuestra pol\u00edtica de privacidad.<\/p>\n\t\t\t\t\t\t\t\t<\/div>\n\t\t\t\t<div data-dce-title-color=\"#212028\" class=\"elementor-element elementor-element-f7cc0ec elementor-widget elementor-widget-heading\" data-id=\"f7cc0ec\" data-element_type=\"widget\" data-e-type=\"widget\" data-widget_type=\"heading.default\">\n\t\t\t\t\t<h2 class=\"elementor-heading-title elementor-size-default\">Pol\u00edtica de Cookies<\/h2>\t\t\t\t<\/div>\n\t\t\t\t<div data-dce-title-color=\"#212028\" class=\"elementor-element elementor-element-1d7843b elementor-widget elementor-widget-heading\" data-id=\"1d7843b\" data-element_type=\"widget\" data-e-type=\"widget\" data-widget_type=\"heading.default\">\n\t\t\t\t\t<h3 class=\"elementor-heading-title elementor-size-default\">\u00bfQu\u00e9 es una \"cookie\"?<\/h3>\t\t\t\t<\/div>\n\t\t\t\t<div class=\"elementor-element elementor-element-af130ac elementor-widget elementor-widget-text-editor\" data-id=\"af130ac\" data-element_type=\"widget\" data-e-type=\"widget\" data-widget_type=\"text-editor.default\">\n\t\t\t\t\t\t\t\t\tLas cookies son peque\u00f1os archivos de texto que un sitio web almacena en su ordenador o dispositivo m\u00f3vil cuando visita el sitio web.<br><br>Facilitan su experiencia en l\u00ednea al almacenar informaci\u00f3n de navegaci\u00f3n. Con las cookies, los sitios web pueden mantenerte conectado, recordar tus preferencias de sitio y ofrecerte contenido personalizado. Las cookies tambi\u00e9n se pueden utilizar para elaborar estad\u00edsticas sobre la experiencia de navegaci\u00f3n y mostrar publicidad dirigida.<br><br>En general, las cookies se pueden clasificar por:<br><br>Dominio:<br><br>Las cookies de primera parte son emitidas por un sitio web que el usuario visita directamente.<br>Las cookies de terceros no son creadas por la p\u00e1gina web visitada, sino por un tercero como Google Analytics, DoubleClick, Facebook, Twitter, LinkedIn, YouTube, Vim\u0435o, etc.<br>Objetivo:<br><br>Las cookies estrictamente necesarias son necesarias para que el sitio web funcione correctamente.<br>Las cookies de preferencias permiten que un sitio web recuerde las elecciones que ha hecho en el pasado.<br>Las cookies de estad\u00edsticas ayudan al propietario del sitio web a recopilar datos estad\u00edsticos y comprender c\u00f3mo interact\u00faan los visitantes con el sitio web.<br>Las cookies de marketing rastrean la actividad en l\u00ednea del usuario para ayudar a los anunciantes a mostrar anuncios m\u00e1s relevantes.<br>Duraci\u00f3n:<br><br>Cookies de sesi\u00f3n que se borran cuando el usuario cierra el navegador.<br>Cookies persistentes que permanecen en el dispositivo del usuario durante un cierto per\u00edodo de tiempo.\t\t\t\t\t\t\t\t<\/div>\n\t\t\t\t<div data-dce-title-color=\"#212028\" class=\"elementor-element elementor-element-59ef2b3 elementor-widget elementor-widget-heading\" data-id=\"59ef2b3\" data-element_type=\"widget\" data-e-type=\"widget\" data-widget_type=\"heading.default\">\n\t\t\t\t\t<h3 class=\"elementor-heading-title elementor-size-default\">\u00bfQu\u00e9 cookies y rastreadores utilizamos?<\/h3>\t\t\t\t<\/div>\n\t\t\t\t<div class=\"elementor-element elementor-element-156deaa elementor-widget elementor-widget-text-editor\" data-id=\"156deaa\" data-element_type=\"widget\" data-e-type=\"widget\" data-widget_type=\"text-editor.default\">\n\t\t\t\t\t\t\t\t\t<p>Cookies estrictamente necesarias<\/p>\n<p>Clave de cookie Ruta de dominio Tipo de cookie Caducidad Descripci\u00f3n<\/p>\n<p>PHPSESSID<br \/>Cookie de sesi\u00f3n de origen generada por aplicaciones basadas en el lenguaje PHP. Se trata de un identificador de prop\u00f3sito general que se utiliza para mantener las variables de sesi\u00f3n del usuario. Normalmente es un n\u00famero generado aleatoriamente, la forma en que se utiliza puede ser espec\u00edfica del sitio, pero un buen ejemplo es mantener un estado de inicio de sesi\u00f3n para un usuario entre p\u00e1ginas.<\/p>\n<p>Cookies de rendimiento<\/p>\n<p>_cuadr\u00edcula<br \/>First-party 1 day Esta cookie es establecida por Google Analytics. Almacena y actualiza un valor \u00fanico para cada p\u00e1gina visitada y se utiliza para contar y realizar un seguimiento de las p\u00e1ginas vistas.<\/p>\n<p>_gat<br \/>first-party 1 minute Este nombre de cookie est\u00e1 asociado con Google Universal Analytics, seg\u00fan la documentaci\u00f3n se utiliza para limitar la tasa de solicitud, lo que limita la recopilaci\u00f3n de datos en sitios de alto tr\u00e1fico.<br \/>_ga<br \/>First-party 2 a\u00f1os Este nombre de cookie est\u00e1 asociado con Google Universal Analytics, que es una actualizaci\u00f3n significativa del servicio de an\u00e1lisis m\u00e1s utilizado de Google. Esta cookie se utiliza para distinguir usuarios \u00fanicos mediante la asignaci\u00f3n de un n\u00famero generado aleatoriamente como un identificador de cliente. Se incluye en cada solicitud de p\u00e1gina de un sitio y se utiliza para calcular los datos de visitantes, sesiones y campa\u00f1as para los informes de an\u00e1lisis de sitios.<\/p>\n<p>Cookies de orientaci\u00f3n<\/p>\n<p>Clave de cookie Ruta de dominio Tipo de cookie Caducidad Descripci\u00f3n<br \/>YSC<br \/>M\u00e1s informaci\u00f3n .youtube.com \/ Sesi\u00f3n de terceros Esta cookie es establecida por YouTube para rastrear las vistas de los videos incrustados.<\/p>\n<p>VISITOR_INFO1_ACTIVO<br \/>M\u00e1s informaci\u00f3n .youtube.com \/ Tercero 6 meses Esta cookie es establecida por Youtube para realizar un seguimiento de las preferencias del usuario para los videos de Youtube incrustados en los sitios; tambi\u00e9n puede determinar si el visitante del sitio web est\u00e1 utilizando la versi\u00f3n nueva o antigua de la interfaz de Youtube.<\/p>\n\t\t\t\t\t\t\t\t<\/div>\n\t\t\t\t<div data-dce-title-color=\"#212028\" class=\"elementor-element elementor-element-ffe5996 elementor-widget elementor-widget-heading\" data-id=\"ffe5996\" data-element_type=\"widget\" data-e-type=\"widget\" data-widget_type=\"heading.default\">\n\t\t\t\t\t<h3 class=\"elementor-heading-title elementor-size-default\">Sus preferencias de cookies<\/h3>\t\t\t\t<\/div>\n\t\t\t\t<div class=\"elementor-element elementor-element-f4143ec elementor-widget elementor-widget-text-editor\" data-id=\"f4143ec\" data-element_type=\"widget\" data-e-type=\"widget\" data-widget_type=\"text-editor.default\">\n\t\t\t\t\t\t\t\t\t<p>Cuando usted llega por primera vez al sitio, un banner cookie le ofrece aceptar o rechazar las cookies que no son esenciales para el funcionamiento del sitio. Puede rechazar o desactivar las cookies en cualquier momento, excepto las necesarias para el funcionamiento estable del sitio. Puede cambiar sus preferencias de cookies en cualquier momento.<\/p>\n\t\t\t\t\t\t\t\t<\/div>\n\t\t\t\t<\/div>\n\t\t\t\t<\/div>\n\t\t\t\t<\/div>\n\t\t","protected":false},"excerpt":{"rendered":"<p>Pol\u00edtica de privacidad El objetivo de esta pol\u00edtica de privacidad es explicarle por qu\u00e9 recopilamos sus datos y c\u00f3mo nos comprometemos a protegerlos. SARL HOTEL LA FONTAINE se compromete a proteger sus datos personales y su privacidad. A este respecto, y en aplicaci\u00f3n del Reglamento General de Protecci\u00f3n de Datos (en lo sucesivo, \u00abRGPD\u00bb), le [&hellip;]<\/p>\n","protected":false},"author":3,"featured_media":4917,"parent":0,"menu_order":0,"comment_status":"closed","ping_status":"open","template":"elementor_header_footer","meta":{"footnotes":""},"class_list":["post-8317","page","type-page","status-publish","has-post-thumbnail","hentry"],"jetpack_sharing_enabled":true,"_links":{"self":[{"href":"https:\/\/fontaine-chamonix.com\/es\/wp-json\/wp\/v2\/pages\/8317","targetHints":{"allow":["GET"]}}],"collection":[{"href":"https:\/\/fontaine-chamonix.com\/es\/wp-json\/wp\/v2\/pages"}],"about":[{"href":"https:\/\/fontaine-chamonix.com\/es\/wp-json\/wp\/v2\/types\/page"}],"author":[{"embeddable":true,"href":"https:\/\/fontaine-chamonix.com\/es\/wp-json\/wp\/v2\/users\/3"}],"replies":[{"embeddable":true,"href":"https:\/\/fontaine-chamonix.com\/es\/wp-json\/wp\/v2\/comments?post=8317"}],"version-history":[{"count":11,"href":"https:\/\/fontaine-chamonix.com\/es\/wp-json\/wp\/v2\/pages\/8317\/revisions"}],"predecessor-version":[{"id":12843,"href":"https:\/\/fontaine-chamonix.com\/es\/wp-json\/wp\/v2\/pages\/8317\/revisions\/12843"}],"wp:featuredmedia":[{"embeddable":true,"href":"https:\/\/fontaine-chamonix.com\/es\/wp-json\/wp\/v2\/media\/4917"}],"wp:attachment":[{"href":"https:\/\/fontaine-chamonix.com\/es\/wp-json\/wp\/v2\/media?parent=8317"}],"curies":[{"name":"wp","href":"https:\/\/api.w.org\/{rel}","templated":true}]}}