{"id":8305,"date":"2025-01-31T22:44:59","date_gmt":"2025-01-31T21:44:59","guid":{"rendered":"https:\/\/fontaine-chamonix.com\/parque-de-merlet\/"},"modified":"2025-07-31T11:40:56","modified_gmt":"2025-07-31T09:40:56","slug":"parque-de-merlet","status":"publish","type":"page","link":"https:\/\/fontaine-chamonix.com\/es\/parque-de-merlet\/","title":{"rendered":"Parque de Merlet"},"content":{"rendered":"\t\t<div data-elementor-type=\"wp-page\" data-elementor-id=\"8305\" class=\"elementor elementor-8305 elementor-7816\" data-elementor-post-type=\"page\">\n\t\t\t\t<div data-dce-background-image-url=\"https:\/\/fontaine-chamonix.com\/wp-content\/uploads\/2024\/12\/harry-burk-ngzehCvVYdY-unsplash-1-scaled.jpg\" class=\"elementor-element elementor-element-1d263a44 e-con-full e-flex e-con e-parent\" data-id=\"1d263a44\" data-element_type=\"container\" data-e-type=\"container\" data-settings=\"{&quot;background_background&quot;:&quot;classic&quot;,&quot;jet_parallax_layout_list&quot;:[]}\">\n\t\t\t\t<div data-dce-title-color=\"#FFFFFF\" class=\"elementor-element elementor-element-53b57578 elementor-widget elementor-widget-heading\" data-id=\"53b57578\" data-element_type=\"widget\" data-e-type=\"widget\" data-widget_type=\"heading.default\">\n\t\t\t\t\t<h1 class=\"elementor-heading-title elementor-size-default\">Parque de Merlet<\/h1>\t\t\t\t<\/div>\n\t\t\t\t<\/div>\n\t\t<div class=\"elementor-element elementor-element-519dd56a e-con-full e-flex e-con e-parent\" data-id=\"519dd56a\" data-element_type=\"container\" data-e-type=\"container\" data-settings=\"{&quot;jet_parallax_layout_list&quot;:[]}\">\n\t\t\t\t<div class=\"elementor-element elementor-element-5834a902 elementor-widget elementor-widget-shortcode\" data-id=\"5834a902\" data-element_type=\"widget\" data-e-type=\"widget\" data-widget_type=\"shortcode.default\">\n\t\t\t\t\t\t\t<div class=\"elementor-shortcode\"><nav aria-label=\"breadcrumbs\" class=\"rank-math-breadcrumb\"><p><span class=\"last\">Accueil<\/span><\/p><\/nav><\/div>\n\t\t\t\t\t\t<\/div>\n\t\t\t\t<\/div>\n\t\t<div class=\"elementor-element elementor-element-b4df399 e-con-full e-flex e-con e-parent\" data-id=\"b4df399\" data-element_type=\"container\" data-e-type=\"container\" data-settings=\"{&quot;jet_parallax_layout_list&quot;:[]}\">\n\t\t<div class=\"elementor-element elementor-element-a4af458 e-con-full e-flex e-con e-child\" data-id=\"a4af458\" data-element_type=\"container\" data-e-type=\"container\" data-settings=\"{&quot;background_background&quot;:&quot;classic&quot;,&quot;jet_parallax_layout_list&quot;:[]}\">\n\t\t\t\t<div data-dce-title-color=\"#212028\" class=\"elementor-element elementor-element-b67206d elementor-widget elementor-widget-heading\" data-id=\"b67206d\" data-element_type=\"widget\" data-e-type=\"widget\" data-widget_type=\"heading.default\">\n\t\t\t\t\t<h2 class=\"elementor-heading-title elementor-size-default\">Parque Merlet<\/h2>\t\t\t\t<\/div>\n\t\t\t\t<div class=\"elementor-element elementor-element-7fafecc7 elementor-widget elementor-widget-text-editor\" data-id=\"7fafecc7\" data-element_type=\"widget\" data-e-type=\"widget\" data-widget_type=\"text-editor.default\">\n\t\t\t\t\t\t\t\t\t<p>El Parc de Merlet, situado en Les Houches, en el valle de Chamonix, es mucho m\u00e1s que un parque de animales. Situado a 950 metros de altitud, ocupa 21 hect\u00e1reas y ofrece una inmersi\u00f3n total en la naturaleza salvaje de los Alpes. Es un lugar \u00fanico donde la fauna de monta\u00f1a campa a sus anchas, ofreciendo a los visitantes una experiencia aut\u00e9ntica muy alejada de los zool\u00f3gicos tradicionales.<\/p>\n\t\t\t\t\t\t\t\t<\/div>\n\t\t\t\t<div class=\"elementor-element elementor-element-2469e08 elementor-align-center elementor-widget elementor-widget-button\" data-id=\"2469e08\" data-element_type=\"widget\" data-e-type=\"widget\" data-widget_type=\"button.default\">\n\t\t\t\t\t\t\t\t\t\t<a class=\"elementor-button elementor-button-link elementor-size-sm\" href=\"https:\/\/www.parcdemerlet.com\/\" target=\"_blank\" rel=\"noopener\">\n\t\t\t\t\t\t<span class=\"elementor-button-content-wrapper\">\n\t\t\t\t\t\t\t\t\t<span class=\"elementor-button-text\">M\u00e1s informaci\u00f3n<\/span>\n\t\t\t\t\t<\/span>\n\t\t\t\t\t<\/a>\n\t\t\t\t\t\t\t\t<\/div>\n\t\t\t\t<div class=\"elementor-element elementor-element-364f3f2d elementor-widget elementor-widget-spacer\" data-id=\"364f3f2d\" data-element_type=\"widget\" data-e-type=\"widget\" data-widget_type=\"spacer.default\">\n\t\t\t\t\t\t\t<div class=\"elementor-spacer\">\n\t\t\t<div class=\"elementor-spacer-inner\"><\/div>\n\t\t<\/div>\n\t\t\t\t\t\t<\/div>\n\t\t<div class=\"elementor-element elementor-element-7f7c8e49 e-con-full e-flex e-con e-child\" data-id=\"7f7c8e49\" data-element_type=\"container\" data-e-type=\"container\" data-settings=\"{&quot;jet_parallax_layout_list&quot;:[]}\">\n\t\t<div class=\"elementor-element elementor-element-6098a145 e-con-full e-flex e-con e-child\" data-id=\"6098a145\" data-element_type=\"container\" data-e-type=\"container\" data-settings=\"{&quot;jet_parallax_layout_list&quot;:[]}\">\n\t\t\t\t<div data-dce-title-color=\"#000000\" class=\"elementor-element elementor-element-760bc193 elementor-widget elementor-widget-heading\" data-id=\"760bc193\" data-element_type=\"widget\" data-e-type=\"widget\" data-widget_type=\"heading.default\">\n\t\t\t\t\t<h2 class=\"elementor-heading-title elementor-size-default\">El Parc de Merlet, situado en Les Houches, en el valle de Chamonix, es mucho m\u00e1s que un parque de animales salvajes. Situado a 950 metros de altitud, ocupa 21 hect\u00e1reas y ofrece una inmersi\u00f3n total en la naturaleza salvaje de los Alpes. Es un lugar \u00fanico donde la fauna de monta\u00f1a puede campar a sus anchas, ofreciendo a los visitantes una experiencia aut\u00e9ntica muy alejada de los zool\u00f3gicos tradicionales.<\/h2>\t\t\t\t<\/div>\n\t\t\t\t<div class=\"elementor-element elementor-element-c7b2dbf elementor-widget elementor-widget-text-editor\" data-id=\"c7b2dbf\" data-element_type=\"widget\" data-e-type=\"widget\" data-widget_type=\"text-editor.default\">\n\t\t\t\t\t\t\t\t\t<p>El Parc de Merlet ofrece un marco excepcional, con una vista impresionante del Mont Blanc. Cuando se aloje aqu\u00ed, estar\u00e1 a tiro de piedra de este majestuoso macizo, para vivir una experiencia \u00fanica para la vista y los sentidos. Disfrute de sus paseos por bosques, pastos y acantilados, mientras observa una gran variedad de fauna que evoluciona en su entorno natural. Una inmersi\u00f3n total en la naturaleza, a s\u00f3lo unos minutos de su alojamiento.<\/p>\n\t\t\t\t\t\t\t\t<\/div>\n\t\t\t\t<\/div>\n\t\t<div class=\"elementor-element elementor-element-a61513a e-con-full e-flex e-con e-child\" data-id=\"a61513a\" data-element_type=\"container\" data-e-type=\"container\" data-settings=\"{&quot;background_background&quot;:&quot;slideshow&quot;,&quot;background_slideshow_gallery&quot;:[{&quot;id&quot;:9766,&quot;url&quot;:&quot;https:\\\/\\\/fontaine-chamonix.com\\\/wp-content\\\/uploads\\\/2025\\\/07\\\/jeroen-roegist-nK5YKUzNan4-unsplash-min-scaled.jpg&quot;}],&quot;background_slideshow_slide_duration&quot;:2000,&quot;jet_parallax_layout_list&quot;:[],&quot;background_slideshow_loop&quot;:&quot;yes&quot;,&quot;background_slideshow_slide_transition&quot;:&quot;fade&quot;,&quot;background_slideshow_transition_duration&quot;:500}\">\n\t\t\t\t<\/div>\n\t\t\t\t<\/div>\n\t\t\t\t<div class=\"elementor-element elementor-element-14fe6d5a elementor-widget elementor-widget-spacer\" data-id=\"14fe6d5a\" data-element_type=\"widget\" data-e-type=\"widget\" data-widget_type=\"spacer.default\">\n\t\t\t\t\t\t\t<div class=\"elementor-spacer\">\n\t\t\t<div class=\"elementor-spacer-inner\"><\/div>\n\t\t<\/div>\n\t\t\t\t\t\t<\/div>\n\t\t<div class=\"elementor-element elementor-element-772c8ebf e-con-full e-flex e-con e-child\" data-id=\"772c8ebf\" data-element_type=\"container\" data-e-type=\"container\" data-settings=\"{&quot;jet_parallax_layout_list&quot;:[]}\">\n\t\t<div class=\"elementor-element elementor-element-2565c32 e-con-full e-flex e-con e-child\" data-id=\"2565c32\" data-element_type=\"container\" data-e-type=\"container\" data-settings=\"{&quot;background_background&quot;:&quot;slideshow&quot;,&quot;background_slideshow_gallery&quot;:[{&quot;id&quot;:9760,&quot;url&quot;:&quot;https:\\\/\\\/fontaine-chamonix.com\\\/wp-content\\\/uploads\\\/2025\\\/07\\\/jeroen-roegist-UdHrxqSyl7c-unsplash-1-scaled.jpg&quot;}],&quot;background_slideshow_slide_duration&quot;:2000,&quot;jet_parallax_layout_list&quot;:[],&quot;background_slideshow_loop&quot;:&quot;yes&quot;,&quot;background_slideshow_slide_transition&quot;:&quot;fade&quot;,&quot;background_slideshow_transition_duration&quot;:500}\">\n\t\t\t\t<\/div>\n\t\t<div class=\"elementor-element elementor-element-7c674a1 e-con-full e-flex e-con e-child\" data-id=\"7c674a1\" data-element_type=\"container\" data-e-type=\"container\" data-settings=\"{&quot;jet_parallax_layout_list&quot;:[]}\">\n\t\t\t\t<div data-dce-title-color=\"#000000\" class=\"elementor-element elementor-element-273455af elementor-widget elementor-widget-heading\" data-id=\"273455af\" data-element_type=\"widget\" data-e-type=\"widget\" data-widget_type=\"heading.default\">\n\t\t\t\t\t<h2 class=\"elementor-heading-title elementor-size-default\">Fauna de monta\u00f1a en libertad<\/h2>\t\t\t\t<\/div>\n\t\t\t\t<div class=\"elementor-element elementor-element-227a5824 elementor-widget elementor-widget-text-editor\" data-id=\"227a5824\" data-element_type=\"widget\" data-e-type=\"widget\" data-widget_type=\"text-editor.default\">\n\t\t\t\t\t\t\t\t\t<p>El coraz\u00f3n del Parque de Merlet son sus animales. M\u00e1s de 80 especies de monta\u00f1a, como rebecos, \u00edbices, marmotas, ciervos sika y muflones, deambulan libremente por esta zona virgen. Estos animales no est\u00e1n confinados en recintos tradicionales, lo que le brinda la oportunidad de observarlos de cerca, en su h\u00e1bitat natural. Un aut\u00e9ntico espect\u00e1culo de vida salvaje que podr\u00e1 disfrutar al m\u00e1ximo durante su estancia.<\/p>\n\t\t\t\t\t\t\t\t<\/div>\n\t\t\t\t<\/div>\n\t\t\t\t<\/div>\n\t\t\t\t<div class=\"elementor-element elementor-element-536f626f elementor-widget elementor-widget-spacer\" data-id=\"536f626f\" data-element_type=\"widget\" data-e-type=\"widget\" data-widget_type=\"spacer.default\">\n\t\t\t\t\t\t\t<div class=\"elementor-spacer\">\n\t\t\t<div class=\"elementor-spacer-inner\"><\/div>\n\t\t<\/div>\n\t\t\t\t\t\t<\/div>\n\t\t<div class=\"elementor-element elementor-element-5628e40e e-con-full e-flex e-con e-child\" data-id=\"5628e40e\" data-element_type=\"container\" data-e-type=\"container\" data-settings=\"{&quot;jet_parallax_layout_list&quot;:[]}\">\n\t\t<div class=\"elementor-element elementor-element-727e5736 e-con-full e-flex e-con e-child\" data-id=\"727e5736\" data-element_type=\"container\" data-e-type=\"container\" data-settings=\"{&quot;jet_parallax_layout_list&quot;:[]}\">\n\t\t<div class=\"elementor-element elementor-element-3357f6aa e-con-full e-flex e-con e-child\" data-id=\"3357f6aa\" data-element_type=\"container\" data-e-type=\"container\" data-settings=\"{&quot;jet_parallax_layout_list&quot;:[]}\">\n\t\t\t\t<div data-dce-title-color=\"#000000\" class=\"elementor-element elementor-element-4b95df7 elementor-widget elementor-widget-heading\" data-id=\"4b95df7\" data-element_type=\"widget\" data-e-type=\"widget\" data-widget_type=\"heading.default\">\n\t\t\t\t\t<h2 class=\"elementor-heading-title elementor-size-default\">Actividades enriquecedoras para toda la familia<\/h2>\t\t\t\t<\/div>\n\t\t\t\t<div class=\"elementor-element elementor-element-21e1ee65 elementor-widget elementor-widget-text-editor\" data-id=\"21e1ee65\" data-element_type=\"widget\" data-e-type=\"widget\" data-widget_type=\"text-editor.default\">\n\t\t\t\t\t\t\t\t\t<p>El Parque ofrece mucho m\u00e1s que un simple paseo por la naturaleza. Ofrece :<\/p>\n<p>Exposiciones inmersivas: Descubra la fauna, la flora y la historia de la regi\u00f3n a trav\u00e9s de v\u00eddeos y exposiciones.<\/p>\n<p>Talleres interactivos: Participe en talleres como \u00abCornamenta y cuernos\u00bb para saber m\u00e1s sobre los animales de monta\u00f1a, como el ciervo y el rebeco.<\/p>\n<p>Visitas guiadas: Gu\u00edas entusiastas desvelan los secretos del parque y le cuentan todo sobre la fauna local y su papel ecol\u00f3gico.<\/p>\n\t\t\t\t\t\t\t\t<\/div>\n\t\t\t\t<\/div>\n\t\t<div class=\"elementor-element elementor-element-3d5f882d e-con-full e-flex e-con e-child\" data-id=\"3d5f882d\" data-element_type=\"container\" data-e-type=\"container\" data-settings=\"{&quot;background_background&quot;:&quot;slideshow&quot;,&quot;background_slideshow_gallery&quot;:[{&quot;id&quot;:9776,&quot;url&quot;:&quot;https:\\\/\\\/fontaine-chamonix.com\\\/wp-content\\\/uploads\\\/2025\\\/07\\\/ioann-mark-kuznietsov-9QTQFihyles-unsplash-1-scaled.jpg&quot;}],&quot;background_slideshow_slide_duration&quot;:2000,&quot;jet_parallax_layout_list&quot;:[],&quot;background_slideshow_loop&quot;:&quot;yes&quot;,&quot;background_slideshow_slide_transition&quot;:&quot;fade&quot;,&quot;background_slideshow_transition_duration&quot;:500}\">\n\t\t\t\t<\/div>\n\t\t\t\t<\/div>\n\t\t\t\t<\/div>\n\t\t<div class=\"elementor-element elementor-element-39b8e54f e-con-full e-flex e-con e-child\" data-id=\"39b8e54f\" data-element_type=\"container\" data-e-type=\"container\" data-settings=\"{&quot;jet_parallax_layout_list&quot;:[]}\">\n\t\t<div class=\"elementor-element elementor-element-213d64bd e-con-full e-flex e-con e-child\" data-id=\"213d64bd\" data-element_type=\"container\" data-e-type=\"container\" data-settings=\"{&quot;jet_parallax_layout_list&quot;:[]}\">\n\t\t<div class=\"elementor-element elementor-element-bc8563c e-con-full e-flex e-con e-child\" data-id=\"bc8563c\" data-element_type=\"container\" data-e-type=\"container\" data-settings=\"{&quot;background_background&quot;:&quot;slideshow&quot;,&quot;background_slideshow_gallery&quot;:[{&quot;id&quot;:9771,&quot;url&quot;:&quot;https:\\\/\\\/fontaine-chamonix.com\\\/wp-content\\\/uploads\\\/2025\\\/07\\\/catherine-verrecchia-RMWAz0TD4Ic-unsplash-1-scaled.jpg&quot;}],&quot;background_slideshow_slide_duration&quot;:2000,&quot;jet_parallax_layout_list&quot;:[],&quot;background_slideshow_loop&quot;:&quot;yes&quot;,&quot;background_slideshow_slide_transition&quot;:&quot;fade&quot;,&quot;background_slideshow_transition_duration&quot;:500}\">\n\t\t\t\t<\/div>\n\t\t<div class=\"elementor-element elementor-element-5e06a2b2 e-con-full e-flex e-con e-child\" data-id=\"5e06a2b2\" data-element_type=\"container\" data-e-type=\"container\" data-settings=\"{&quot;jet_parallax_layout_list&quot;:[]}\">\n\t\t\t\t<div data-dce-title-color=\"#000000\" class=\"elementor-element elementor-element-21e7e53 elementor-widget elementor-widget-heading\" data-id=\"21e7e53\" data-element_type=\"widget\" data-e-type=\"widget\" data-widget_type=\"heading.default\">\n\t\t\t\t\t<h2 class=\"elementor-heading-title elementor-size-default\">C\u00f3mo visitar el Parque de Merlet ?<\/h2>\t\t\t\t<\/div>\n\t\t\t\t<div class=\"elementor-element elementor-element-653f20f5 elementor-widget elementor-widget-text-editor\" data-id=\"653f20f5\" data-element_type=\"widget\" data-e-type=\"widget\" data-widget_type=\"text-editor.default\">\n\t\t\t\t\t\t\t\t\t<p>El Parque de Merlet est\u00e1 abierto de mayo a septiembre, con horarios variables seg\u00fan la temporada. Es f\u00e1cilmente accesible en coche desde Chamonix, con aparcamiento reservado para los visitantes. Tanto para las familias como para los amantes de la naturaleza, una visita es un aut\u00e9ntico viaje al coraz\u00f3n de los Alpes, un momento ideal para reencontrarse con la naturaleza.<\/p>\n<p>Precios :<\/p>\n<p>Adultos: 9 euros (a partir de 16 a\u00f1os)<br \/>Ni\u00f1os: 6 euros (de 4 a 15 a\u00f1os)<\/p>\n\t\t\t\t\t\t\t\t<\/div>\n\t\t\t\t<\/div>\n\t\t\t\t<\/div>\n\t\t\t\t<\/div>\n\t\t<div class=\"elementor-element elementor-element-7b80c848 e-con-full e-flex e-con e-child\" data-id=\"7b80c848\" data-element_type=\"container\" data-e-type=\"container\" data-settings=\"{&quot;jet_parallax_layout_list&quot;:[]}\">\n\t\t<div class=\"elementor-element elementor-element-3cb23ec0 e-con-full e-flex e-con e-child\" data-id=\"3cb23ec0\" data-element_type=\"container\" data-e-type=\"container\" data-settings=\"{&quot;jet_parallax_layout_list&quot;:[]}\">\n\t\t<div class=\"elementor-element elementor-element-59c05b2d e-con-full e-flex e-con e-child\" data-id=\"59c05b2d\" data-element_type=\"container\" data-e-type=\"container\" data-settings=\"{&quot;jet_parallax_layout_list&quot;:[]}\">\n\t\t\t\t<div data-dce-title-color=\"#000000\" class=\"elementor-element elementor-element-2102a5ff elementor-widget elementor-widget-heading\" data-id=\"2102a5ff\" data-element_type=\"widget\" data-e-type=\"widget\" data-widget_type=\"heading.default\">\n\t\t\t\t\t<h2 class=\"elementor-heading-title elementor-size-default\">\u00bfPor qu\u00e9 visitar el Parque de Merlet?<\/h2>\t\t\t\t<\/div>\n\t\t\t\t<div class=\"elementor-element elementor-element-15418cd5 elementor-widget elementor-widget-text-editor\" data-id=\"15418cd5\" data-element_type=\"widget\" data-e-type=\"widget\" data-widget_type=\"text-editor.default\">\n\t\t\t\t\t\t\t\t\t<p>El Parque de Merlet es el lugar ideal para quienes buscan una aut\u00e9ntica experiencia de monta\u00f1a. Adem\u00e1s de ofrecer unas vistas incre\u00edbles del Mont Blanc, es un lugar ideal para descubrir la fauna alpina en un entorno natural intacto. Una visita al Parque de Merlet es una aventura ineludible en el valle de Chamonix, con excursiones, descubrimientos de animales y actividades para grandes y peque\u00f1os.<\/p>\n\t\t\t\t\t\t\t\t<\/div>\n\t\t\t\t<\/div>\n\t\t<div class=\"elementor-element elementor-element-57ddfc96 e-con-full e-flex e-con e-child\" data-id=\"57ddfc96\" data-element_type=\"container\" data-e-type=\"container\" data-settings=\"{&quot;background_background&quot;:&quot;slideshow&quot;,&quot;background_slideshow_gallery&quot;:[{&quot;id&quot;:9781,&quot;url&quot;:&quot;https:\\\/\\\/fontaine-chamonix.com\\\/wp-content\\\/uploads\\\/2025\\\/07\\\/cristian-grecu-k01GW4HSEcw-unsplash-1-scaled.jpg&quot;}],&quot;background_slideshow_slide_duration&quot;:2000,&quot;jet_parallax_layout_list&quot;:[],&quot;background_slideshow_loop&quot;:&quot;yes&quot;,&quot;background_slideshow_slide_transition&quot;:&quot;fade&quot;,&quot;background_slideshow_transition_duration&quot;:500}\">\n\t\t\t\t<\/div>\n\t\t\t\t<\/div>\n\t\t\t\t<\/div>\n\t\t\t\t<\/div>\n\t\t\t\t<\/div>\n\t\t\t\t<\/div>\n\t\t","protected":false},"excerpt":{"rendered":"<p>Parque de Merlet Parque Merlet El Parc de Merlet, situado en Les Houches, en el valle de Chamonix, es mucho m\u00e1s que un parque de animales. Situado a 950 metros de altitud, ocupa 21 hect\u00e1reas y ofrece una inmersi\u00f3n total en la naturaleza salvaje de los Alpes. Es un lugar \u00fanico donde la fauna de [&hellip;]<\/p>\n","protected":false},"author":4,"featured_media":6070,"parent":0,"menu_order":0,"comment_status":"closed","ping_status":"closed","template":"elementor_header_footer","meta":{"footnotes":""},"class_list":["post-8305","page","type-page","status-publish","has-post-thumbnail","hentry"],"jetpack_sharing_enabled":true,"_links":{"self":[{"href":"https:\/\/fontaine-chamonix.com\/es\/wp-json\/wp\/v2\/pages\/8305","targetHints":{"allow":["GET"]}}],"collection":[{"href":"https:\/\/fontaine-chamonix.com\/es\/wp-json\/wp\/v2\/pages"}],"about":[{"href":"https:\/\/fontaine-chamonix.com\/es\/wp-json\/wp\/v2\/types\/page"}],"author":[{"embeddable":true,"href":"https:\/\/fontaine-chamonix.com\/es\/wp-json\/wp\/v2\/users\/4"}],"replies":[{"embeddable":true,"href":"https:\/\/fontaine-chamonix.com\/es\/wp-json\/wp\/v2\/comments?post=8305"}],"version-history":[{"count":5,"href":"https:\/\/fontaine-chamonix.com\/es\/wp-json\/wp\/v2\/pages\/8305\/revisions"}],"predecessor-version":[{"id":9788,"href":"https:\/\/fontaine-chamonix.com\/es\/wp-json\/wp\/v2\/pages\/8305\/revisions\/9788"}],"wp:featuredmedia":[{"embeddable":true,"href":"https:\/\/fontaine-chamonix.com\/es\/wp-json\/wp\/v2\/media\/6070"}],"wp:attachment":[{"href":"https:\/\/fontaine-chamonix.com\/es\/wp-json\/wp\/v2\/media?parent=8305"}],"curies":[{"name":"wp","href":"https:\/\/api.w.org\/{rel}","templated":true}]}}