{"id":8289,"date":"2024-12-06T11:49:39","date_gmt":"2024-12-06T10:49:39","guid":{"rendered":"https:\/\/fontaine-chamonix.com\/el-paraiso-de-los-ninos\/"},"modified":"2025-12-22T19:54:48","modified_gmt":"2025-12-22T18:54:48","slug":"el-paraiso-de-los-ninos","status":"publish","type":"page","link":"https:\/\/fontaine-chamonix.com\/es\/el-paraiso-de-los-ninos\/","title":{"rendered":"El para\u00edso de los ni\u00f1os"},"content":{"rendered":"\t\t<div data-elementor-type=\"wp-page\" data-elementor-id=\"8289\" class=\"elementor elementor-8289 elementor-4305\" data-elementor-post-type=\"page\">\n\t\t\t\t<div data-dce-background-image-url=\"https:\/\/fontaine-chamonix.com\/wp-content\/uploads\/2024\/12\/aire-de-jeux-exterieure-01.jpg\" class=\"elementor-element elementor-element-e31153e e-con-full e-flex e-con e-parent\" data-id=\"e31153e\" data-element_type=\"container\" data-e-type=\"container\" data-settings=\"{&quot;background_background&quot;:&quot;classic&quot;,&quot;jet_parallax_layout_list&quot;:[]}\">\n\t\t\t\t<div data-dce-title-color=\"#FFFFFF\" class=\"elementor-element elementor-element-75236ef elementor-widget elementor-widget-heading\" data-id=\"75236ef\" data-element_type=\"widget\" data-e-type=\"widget\" data-widget_type=\"heading.default\">\n\t\t\t\t\t<h1 class=\"elementor-heading-title elementor-size-default\">El para\u00edso de los ni\u00f1os<\/h1>\t\t\t\t<\/div>\n\t\t\t\t<div data-dce-title-color=\"#FFFFFF\" class=\"elementor-element elementor-element-f2b537f elementor-widget elementor-widget-heading\" data-id=\"f2b537f\" data-element_type=\"widget\" data-e-type=\"widget\" data-widget_type=\"heading.default\">\n\t\t\t\t\t<div class=\"elementor-heading-title elementor-size-default\">(y los que se quedaron)<\/div>\t\t\t\t<\/div>\n\t\t\t\t<\/div>\n\t\t<div class=\"elementor-element elementor-element-21359bf e-con-full e-flex e-con e-parent\" data-id=\"21359bf\" data-element_type=\"container\" data-e-type=\"container\" data-settings=\"{&quot;jet_parallax_layout_list&quot;:[]}\">\n\t\t\t\t<div class=\"elementor-element elementor-element-df1313a elementor-widget elementor-widget-shortcode\" data-id=\"df1313a\" data-element_type=\"widget\" data-e-type=\"widget\" data-widget_type=\"shortcode.default\">\n\t\t\t\t\t\t\t<div class=\"elementor-shortcode\"><nav aria-label=\"breadcrumbs\" class=\"rank-math-breadcrumb\"><p><span class=\"last\">Accueil<\/span><\/p><\/nav><\/div>\n\t\t\t\t\t\t<\/div>\n\t\t\t\t<\/div>\n\t\t<div class=\"elementor-element elementor-element-e53acac e-con-full e-flex e-con e-parent\" data-id=\"e53acac\" data-element_type=\"container\" data-e-type=\"container\" data-settings=\"{&quot;jet_parallax_layout_list&quot;:[],&quot;background_background&quot;:&quot;classic&quot;}\">\n\t\t<div class=\"elementor-element elementor-element-d45035a e-con-full e-flex e-con e-child\" data-id=\"d45035a\" data-element_type=\"container\" data-e-type=\"container\" data-settings=\"{&quot;jet_parallax_layout_list&quot;:[]}\">\n\t\t<div class=\"elementor-element elementor-element-ada2c13 e-con-full e-flex e-con e-child\" data-id=\"ada2c13\" data-element_type=\"container\" data-e-type=\"container\" data-settings=\"{&quot;jet_parallax_layout_list&quot;:[]}\">\n\t\t<div class=\"elementor-element elementor-element-6cb3fc2 e-con-full e-flex e-con e-child\" data-id=\"6cb3fc2\" data-element_type=\"container\" data-e-type=\"container\" data-settings=\"{&quot;background_background&quot;:&quot;classic&quot;,&quot;jet_parallax_layout_list&quot;:[]}\">\n\t\t\t\t<div class=\"elementor-element elementor-element-8870509 elementor-widget elementor-widget-heading\" data-id=\"8870509\" data-element_type=\"widget\" data-e-type=\"widget\" data-widget_type=\"heading.default\">\n\t\t\t\t\t<h2 class=\"elementor-heading-title elementor-size-default\">Peque\u00f1a pantalla, gran diversi\u00f3n<\/h2>\t\t\t\t<\/div>\n\t\t\t\t<div class=\"elementor-element elementor-element-58d5d37 elementor-widget elementor-widget-text-editor\" data-id=\"58d5d37\" data-element_type=\"widget\" data-e-type=\"widget\" data-widget_type=\"text-editor.default\">\n\t\t\t\t\t\t\t\t\t<p>Sum\u00e9rjase en la magia del s\u00e9ptimo arte, con sesiones para los peque\u00f1os fans de los dibujos animados, c\u00f3modamente sentados en mullidos pufs o en un acogedor sof\u00e1. Pel\u00edculas de animaci\u00f3n llenas de color para los ni\u00f1os, pero tambi\u00e9n para los padres en busca de recuerdos, hay para todos los gustos&#8230;. prep\u00e1rese para compartir momentos inolvidables.<\/p>\n\t\t\t\t\t\t\t\t<\/div>\n\t\t\t\t<\/div>\n\t\t\t\t<\/div>\n\t\t<div class=\"elementor-element elementor-element-bd02bad e-con-full e-flex e-con e-child\" data-id=\"bd02bad\" data-element_type=\"container\" data-e-type=\"container\" data-settings=\"{&quot;jet_parallax_layout_list&quot;:[],&quot;background_background&quot;:&quot;slideshow&quot;,&quot;motion_fx_motion_fx_scrolling&quot;:&quot;yes&quot;,&quot;motion_fx_translateY_effect&quot;:&quot;yes&quot;,&quot;motion_fx_translateY_affectedRange&quot;:{&quot;unit&quot;:&quot;%&quot;,&quot;size&quot;:&quot;&quot;,&quot;sizes&quot;:{&quot;start&quot;:0,&quot;end&quot;:47}},&quot;background_slideshow_gallery&quot;:[{&quot;id&quot;:3293,&quot;url&quot;:&quot;https:\\\/\\\/fontaine-chamonix.com\\\/wp-content\\\/uploads\\\/2022\\\/12\\\/piece-de-vie-6.jpg&quot;},{&quot;id&quot;:10287,&quot;url&quot;:&quot;https:\\\/\\\/fontaine-chamonix.com\\\/wp-content\\\/uploads\\\/2025\\\/12\\\/Hotel-La-Fontaine-HD-100628-min-scaled.jpg&quot;}],&quot;background_slideshow_slide_duration&quot;:2000,&quot;background_slideshow_loop&quot;:&quot;yes&quot;,&quot;background_slideshow_slide_transition&quot;:&quot;fade&quot;,&quot;background_slideshow_transition_duration&quot;:500,&quot;motion_fx_translateY_speed&quot;:{&quot;unit&quot;:&quot;px&quot;,&quot;size&quot;:4,&quot;sizes&quot;:[]},&quot;motion_fx_devices&quot;:[&quot;desktop&quot;,&quot;tablet&quot;,&quot;mobile&quot;]}\">\n\t\t\t\t<\/div>\n\t\t\t\t<\/div>\n\t\t\t\t<\/div>\n\t\t<div data-dce-background-color=\"#61616212\" class=\"elementor-element elementor-element-b21511b e-con-full e-flex e-con e-parent\" data-id=\"b21511b\" data-element_type=\"container\" data-e-type=\"container\" data-settings=\"{&quot;jet_parallax_layout_list&quot;:[],&quot;background_background&quot;:&quot;classic&quot;}\">\n\t\t<div class=\"elementor-element elementor-element-bba7366 e-con-full e-flex e-con e-child\" data-id=\"bba7366\" data-element_type=\"container\" data-e-type=\"container\" data-settings=\"{&quot;jet_parallax_layout_list&quot;:[]}\">\n\t\t<div class=\"elementor-element elementor-element-2a77684 e-con-full e-flex e-con e-child\" data-id=\"2a77684\" data-element_type=\"container\" data-e-type=\"container\" data-settings=\"{&quot;jet_parallax_layout_list&quot;:[],&quot;background_background&quot;:&quot;slideshow&quot;,&quot;motion_fx_motion_fx_scrolling&quot;:&quot;yes&quot;,&quot;motion_fx_translateY_effect&quot;:&quot;yes&quot;,&quot;motion_fx_translateY_affectedRange&quot;:{&quot;unit&quot;:&quot;%&quot;,&quot;size&quot;:&quot;&quot;,&quot;sizes&quot;:{&quot;start&quot;:0,&quot;end&quot;:47}},&quot;background_slideshow_gallery&quot;:[{&quot;id&quot;:5136,&quot;url&quot;:&quot;https:\\\/\\\/fontaine-chamonix.com\\\/wp-content\\\/uploads\\\/2024\\\/12\\\/salle-de-jeu-02.jpg&quot;},{&quot;id&quot;:10392,&quot;url&quot;:&quot;https:\\\/\\\/fontaine-chamonix.com\\\/wp-content\\\/uploads\\\/2025\\\/12\\\/Hotel-La-Fontaine-HD-100676-min-1-scaled.jpg&quot;},{&quot;id&quot;:10372,&quot;url&quot;:&quot;https:\\\/\\\/fontaine-chamonix.com\\\/wp-content\\\/uploads\\\/2025\\\/12\\\/Hotel-La-Fontaine-HD-100668-min-1-scaled.jpg&quot;},{&quot;id&quot;:10347,&quot;url&quot;:&quot;https:\\\/\\\/fontaine-chamonix.com\\\/wp-content\\\/uploads\\\/2025\\\/12\\\/Hotel-La-Fontaine-HD-100664-min-1-scaled.jpg&quot;}],&quot;background_slideshow_slide_duration&quot;:2000,&quot;background_slideshow_loop&quot;:&quot;yes&quot;,&quot;background_slideshow_slide_transition&quot;:&quot;fade&quot;,&quot;background_slideshow_transition_duration&quot;:500,&quot;motion_fx_translateY_speed&quot;:{&quot;unit&quot;:&quot;px&quot;,&quot;size&quot;:4,&quot;sizes&quot;:[]},&quot;motion_fx_devices&quot;:[&quot;desktop&quot;,&quot;tablet&quot;,&quot;mobile&quot;]}\">\n\t\t\t\t<\/div>\n\t\t<div class=\"elementor-element elementor-element-5291738 e-con-full e-flex e-con e-child\" data-id=\"5291738\" data-element_type=\"container\" data-e-type=\"container\" data-settings=\"{&quot;jet_parallax_layout_list&quot;:[]}\">\n\t\t<div class=\"elementor-element elementor-element-501a8e5 e-con-full e-flex e-con e-child\" data-id=\"501a8e5\" data-element_type=\"container\" data-e-type=\"container\" data-settings=\"{&quot;background_background&quot;:&quot;classic&quot;,&quot;jet_parallax_layout_list&quot;:[]}\">\n\t\t\t\t<div class=\"elementor-element elementor-element-29dc405 elementor-widget elementor-widget-heading\" data-id=\"29dc405\" data-element_type=\"widget\" data-e-type=\"widget\" data-widget_type=\"heading.default\">\n\t\t\t\t\t<h2 class=\"elementor-heading-title elementor-size-default\">La sala de juegos de tus sue\u00f1os<\/h2>\t\t\t\t<\/div>\n\t\t\t\t<div class=\"elementor-element elementor-element-533cd45 elementor-widget elementor-widget-text-editor\" data-id=\"533cd45\" data-element_type=\"widget\" data-e-type=\"widget\" data-widget_type=\"text-editor.default\">\n\t\t\t\t\t\t\t\t\t<p>Aqu\u00ed, \u00a1la vuelta al pasado y la diversi\u00f3n est\u00e1n garantizadas! Compite en duelos de futbol\u00edn, rueda las bolas en la mesa de billar o sum\u00e9rgete en el mundo de los videojuegos retro como Nintendo 64 y GameCube. Y si te sientes nost\u00e1lgico, hay una m\u00e1quina recreativa esper\u00e1ndote.<\/p>\n\t\t\t\t\t\t\t\t<\/div>\n\t\t\t\t<\/div>\n\t\t\t\t<\/div>\n\t\t\t\t<\/div>\n\t\t\t\t<\/div>\n\t\t<div class=\"elementor-element elementor-element-6f058b5 e-con-full e-flex e-con e-parent\" data-id=\"6f058b5\" data-element_type=\"container\" data-e-type=\"container\" data-settings=\"{&quot;jet_parallax_layout_list&quot;:[],&quot;background_background&quot;:&quot;classic&quot;}\">\n\t\t<div class=\"elementor-element elementor-element-6f6fde2 e-con-full e-flex e-con e-child\" data-id=\"6f6fde2\" data-element_type=\"container\" data-e-type=\"container\" data-settings=\"{&quot;jet_parallax_layout_list&quot;:[]}\">\n\t\t<div class=\"elementor-element elementor-element-52ad94a e-con-full e-flex e-con e-child\" data-id=\"52ad94a\" data-element_type=\"container\" data-e-type=\"container\" data-settings=\"{&quot;jet_parallax_layout_list&quot;:[]}\">\n\t\t<div class=\"elementor-element elementor-element-bce38b0 e-con-full e-flex e-con e-child\" data-id=\"bce38b0\" data-element_type=\"container\" data-e-type=\"container\" data-settings=\"{&quot;background_background&quot;:&quot;classic&quot;,&quot;jet_parallax_layout_list&quot;:[]}\">\n\t\t\t\t<div class=\"elementor-element elementor-element-b5806cb elementor-widget elementor-widget-heading\" data-id=\"b5806cb\" data-element_type=\"widget\" data-e-type=\"widget\" data-widget_type=\"heading.default\">\n\t\t\t\t\t<h2 class=\"elementor-heading-title elementor-size-default\">La zona de juegos al aire libre, el parque infantil de aventuras<\/h2>\t\t\t\t<\/div>\n\t\t\t\t<div class=\"elementor-element elementor-element-caa2bf8 elementor-widget elementor-widget-text-editor\" data-id=\"caa2bf8\" data-element_type=\"widget\" data-e-type=\"widget\" data-widget_type=\"text-editor.default\">\n\t\t\t\t\t\t\t\t\t<p>Deje que sus hijos jueguen libremente en nuestra zona de juegos al aire libre, mientras usted disfruta de un merecido momento de relax. Toboganes, camas el\u00e1sticas, columpios y risas garantizadas. Con toda tranquilidad, podr\u00e1 disfrutar de un par\u00e9ntesis de tranquilidad mientras sus peque\u00f1os aventureros juegan al aire libre.<\/p>\n<p>Cuando hace buen tiempo, nuestra mesa de ping-pong se convierte en el escenario de \u00e9picas competiciones. \u00bfQui\u00e9n ser\u00e1 el pr\u00f3ximo campe\u00f3n? Tal vez superes a los famosos hermanos Lebrun&#8230; o tal vez no, pero no importa, \u00a1lo principal es divertirse!<\/p>\n\t\t\t\t\t\t\t\t<\/div>\n\t\t\t\t<\/div>\n\t\t\t\t<\/div>\n\t\t<div class=\"elementor-element elementor-element-edf8072 e-con-full e-flex e-con e-child\" data-id=\"edf8072\" data-element_type=\"container\" data-e-type=\"container\" data-settings=\"{&quot;jet_parallax_layout_list&quot;:[],&quot;background_background&quot;:&quot;slideshow&quot;,&quot;motion_fx_motion_fx_scrolling&quot;:&quot;yes&quot;,&quot;motion_fx_translateY_effect&quot;:&quot;yes&quot;,&quot;motion_fx_translateY_affectedRange&quot;:{&quot;unit&quot;:&quot;%&quot;,&quot;size&quot;:&quot;&quot;,&quot;sizes&quot;:{&quot;start&quot;:0,&quot;end&quot;:47}},&quot;background_slideshow_gallery&quot;:[{&quot;id&quot;:4332,&quot;url&quot;:&quot;https:\\\/\\\/fontaine-chamonix.com\\\/wp-content\\\/uploads\\\/2024\\\/12\\\/aire-de-jeux-exterieure-02.jpg&quot;},{&quot;id&quot;:3253,&quot;url&quot;:&quot;http:\\\/\\\/fontaine-chamonix.com\\\/wp-content\\\/uploads\\\/2022\\\/12\\\/aire-jeux-enfants.jpg&quot;},{&quot;id&quot;:3257,&quot;url&quot;:&quot;http:\\\/\\\/fontaine-chamonix.com\\\/wp-content\\\/uploads\\\/2022\\\/12\\\/aire-jeux-enfants-2.jpg&quot;}],&quot;background_slideshow_slide_duration&quot;:2000,&quot;background_slideshow_loop&quot;:&quot;yes&quot;,&quot;background_slideshow_slide_transition&quot;:&quot;fade&quot;,&quot;background_slideshow_transition_duration&quot;:500,&quot;motion_fx_translateY_speed&quot;:{&quot;unit&quot;:&quot;px&quot;,&quot;size&quot;:4,&quot;sizes&quot;:[]},&quot;motion_fx_devices&quot;:[&quot;desktop&quot;,&quot;tablet&quot;,&quot;mobile&quot;]}\">\n\t\t\t\t<\/div>\n\t\t\t\t<\/div>\n\t\t\t\t<\/div>\n\t\t\t\t<\/div>\n\t\t","protected":false},"excerpt":{"rendered":"<p>El para\u00edso de los ni\u00f1os (y los que se quedaron) Peque\u00f1a pantalla, gran diversi\u00f3n Sum\u00e9rjase en la magia del s\u00e9ptimo arte, con sesiones para los peque\u00f1os fans de los dibujos animados, c\u00f3modamente sentados en mullidos pufs o en un acogedor sof\u00e1. Pel\u00edculas de animaci\u00f3n llenas de color para los ni\u00f1os, pero tambi\u00e9n para los padres [&hellip;]<\/p>\n","protected":false},"author":3,"featured_media":4311,"parent":0,"menu_order":0,"comment_status":"closed","ping_status":"closed","template":"elementor_header_footer","meta":{"footnotes":""},"class_list":["post-8289","page","type-page","status-publish","has-post-thumbnail","hentry"],"jetpack_sharing_enabled":true,"_links":{"self":[{"href":"https:\/\/fontaine-chamonix.com\/es\/wp-json\/wp\/v2\/pages\/8289","targetHints":{"allow":["GET"]}}],"collection":[{"href":"https:\/\/fontaine-chamonix.com\/es\/wp-json\/wp\/v2\/pages"}],"about":[{"href":"https:\/\/fontaine-chamonix.com\/es\/wp-json\/wp\/v2\/types\/page"}],"author":[{"embeddable":true,"href":"https:\/\/fontaine-chamonix.com\/es\/wp-json\/wp\/v2\/users\/3"}],"replies":[{"embeddable":true,"href":"https:\/\/fontaine-chamonix.com\/es\/wp-json\/wp\/v2\/comments?post=8289"}],"version-history":[{"count":4,"href":"https:\/\/fontaine-chamonix.com\/es\/wp-json\/wp\/v2\/pages\/8289\/revisions"}],"predecessor-version":[{"id":11394,"href":"https:\/\/fontaine-chamonix.com\/es\/wp-json\/wp\/v2\/pages\/8289\/revisions\/11394"}],"wp:featuredmedia":[{"embeddable":true,"href":"https:\/\/fontaine-chamonix.com\/es\/wp-json\/wp\/v2\/media\/4311"}],"wp:attachment":[{"href":"https:\/\/fontaine-chamonix.com\/es\/wp-json\/wp\/v2\/media?parent=8289"}],"curies":[{"name":"wp","href":"https:\/\/api.w.org\/{rel}","templated":true}]}}