{"id":8274,"date":"2025-01-31T21:29:11","date_gmt":"2025-01-31T20:29:11","guid":{"rendered":"https:\/\/fontaine-chamonix.com\/museos-y-exposiciones\/"},"modified":"2025-07-31T11:27:22","modified_gmt":"2025-07-31T09:27:22","slug":"museos-y-exposiciones","status":"publish","type":"page","link":"https:\/\/fontaine-chamonix.com\/es\/museos-y-exposiciones\/","title":{"rendered":"Museos y exposiciones"},"content":{"rendered":"\t\t<div data-elementor-type=\"wp-page\" data-elementor-id=\"8274\" class=\"elementor elementor-8274\" data-elementor-post-type=\"page\">\n\t\t\t\t<div data-dce-background-image-url=\"https:\/\/fontaine-chamonix.com\/wp-content\/uploads\/2025\/01\/alexander-grey-MhLjFJi3fRY-unsplash-1-scaled.jpg\" class=\"elementor-element elementor-element-4b47a24e e-con-full e-flex e-con e-parent\" data-id=\"4b47a24e\" data-element_type=\"container\" data-e-type=\"container\" data-settings=\"{&quot;background_background&quot;:&quot;classic&quot;,&quot;jet_parallax_layout_list&quot;:[]}\">\n\t\t\t\t<div data-dce-title-color=\"#FFFFFF\" class=\"elementor-element elementor-element-45e20471 elementor-widget elementor-widget-heading\" data-id=\"45e20471\" data-element_type=\"widget\" data-e-type=\"widget\" data-widget_type=\"heading.default\">\n\t\t\t\t\t<h1 class=\"elementor-heading-title elementor-size-default\">Museos y exposiciones<\/h1>\t\t\t\t<\/div>\n\t\t\t\t<\/div>\n\t\t<div class=\"elementor-element elementor-element-15b3ac7f e-con-full e-flex e-con e-parent\" data-id=\"15b3ac7f\" data-element_type=\"container\" data-e-type=\"container\" data-settings=\"{&quot;jet_parallax_layout_list&quot;:[]}\">\n\t\t\t\t<div class=\"elementor-element elementor-element-e9bfde2 elementor-widget elementor-widget-shortcode\" data-id=\"e9bfde2\" data-element_type=\"widget\" data-e-type=\"widget\" data-widget_type=\"shortcode.default\">\n\t\t\t\t\t\t\t<div class=\"elementor-shortcode\"><nav aria-label=\"breadcrumbs\" class=\"rank-math-breadcrumb\"><p><span class=\"last\">Accueil<\/span><\/p><\/nav><\/div>\n\t\t\t\t\t\t<\/div>\n\t\t\t\t<\/div>\n\t\t<div class=\"elementor-element elementor-element-16ccf8fe e-con-full e-flex e-con e-parent\" data-id=\"16ccf8fe\" data-element_type=\"container\" data-e-type=\"container\" data-settings=\"{&quot;jet_parallax_layout_list&quot;:[]}\">\n\t\t<div class=\"elementor-element elementor-element-94f8d64 e-con-full e-flex e-con e-child\" data-id=\"94f8d64\" data-element_type=\"container\" data-e-type=\"container\" data-settings=\"{&quot;background_background&quot;:&quot;classic&quot;,&quot;jet_parallax_layout_list&quot;:[]}\">\n\t\t\t\t<div data-dce-title-color=\"#212028\" class=\"elementor-element elementor-element-33958c07 elementor-widget elementor-widget-heading\" data-id=\"33958c07\" data-element_type=\"widget\" data-e-type=\"widget\" data-widget_type=\"heading.default\">\n\t\t\t\t\t<h2 class=\"elementor-heading-title elementor-size-default\">Museos y exposiciones<\/h2>\t\t\t\t<\/div>\n\t\t\t\t<div class=\"elementor-element elementor-element-7438e8da elementor-widget elementor-widget-text-editor\" data-id=\"7438e8da\" data-element_type=\"widget\" data-e-type=\"widget\" data-widget_type=\"text-editor.default\">\n\t\t\t\t\t\t\t\t\t<p>Los museos, exposiciones y bibliotecas del valle de Chamonix-Mont-Blanc muestran el patrimonio cultural y la historia local de la regi\u00f3n.<\/p>\n<p>Descubra el alpinismo, la mineralog\u00eda con los cristales del Mont-Blanc, la vida en los pastos de monta\u00f1a, la flora y la fauna de los Alpes. Estos lugares culturales le sumergir\u00e1n en la historia y las tradiciones de la monta\u00f1a.<\/p>\n<p>Tanto si es un apasionado de la monta\u00f1a como un simple visitante, explore los tesoros hist\u00f3ricos y culturales del valle de Chamonix-Mont-Blanc.<\/p>\n\t\t\t\t\t\t\t\t<\/div>\n\t\t\t\t<div class=\"elementor-element elementor-element-6d343820 elementor-widget elementor-widget-spacer\" data-id=\"6d343820\" data-element_type=\"widget\" data-e-type=\"widget\" data-widget_type=\"spacer.default\">\n\t\t\t\t\t\t\t<div class=\"elementor-spacer\">\n\t\t\t<div class=\"elementor-spacer-inner\"><\/div>\n\t\t<\/div>\n\t\t\t\t\t\t<\/div>\n\t\t<div class=\"elementor-element elementor-element-85cf167 e-con-full e-flex e-con e-child\" data-id=\"85cf167\" data-element_type=\"container\" data-e-type=\"container\" data-settings=\"{&quot;jet_parallax_layout_list&quot;:[]}\">\n\t\t<div class=\"elementor-element elementor-element-3fd7877e e-con-full e-flex e-con e-child\" data-id=\"3fd7877e\" data-element_type=\"container\" data-e-type=\"container\" data-settings=\"{&quot;jet_parallax_layout_list&quot;:[]}\">\n\t\t\t\t<div data-dce-title-color=\"#000000\" class=\"elementor-element elementor-element-5995014b elementor-widget elementor-widget-heading\" data-id=\"5995014b\" data-element_type=\"widget\" data-e-type=\"widget\" data-widget_type=\"heading.default\">\n\t\t\t\t\t<h2 class=\"elementor-heading-title elementor-size-default\">Museos de Cristal<\/h2>\t\t\t\t<\/div>\n\t\t\t\t<div class=\"elementor-element elementor-element-3f79fbb elementor-widget elementor-widget-text-editor\" data-id=\"3f79fbb\" data-element_type=\"widget\" data-e-type=\"widget\" data-widget_type=\"text-editor.default\">\n\t\t\t\t\t\t\t\t\t<p>El Mus\u00e9e des Cristaux de Chamonix-Mont-Blanc le invita a explorar la mineralog\u00eda alpina y mundial a trav\u00e9s de una escenograf\u00eda envolvente. Descubra piezas excepcionales de los Alpes (incluido el Mont Blanc) y de los cinco continentes, como la fluorita de color rojo rosado, el cuarzo ahumado, la aguamarina, la pirita y muchos otros tesoros mineral\u00f3gicos.<\/p>\n<p>Entrada:<\/p>\n<p>Tarifa completa: 8 euros<br \/>Tarifa reducida: 5,50 euros (para mayores de 65 a\u00f1os, invitados, residentes, visitantes estacionales, familias numerosas, estudiantes, PMR, solicitantes de empleo)<br \/>Grupos de adultos: 5,50 euros (a partir de 10 personas)<br \/>Grupos de ni\u00f1os: 3,60 euros (a partir de 10 personas)<br \/>Gratis para menores de 18 a\u00f1os.<br \/>Tarifa de grupo a partir de 10 personas.<\/p>\n\t\t\t\t\t\t\t\t<\/div>\n\t\t\t\t<div class=\"elementor-element elementor-element-352229ed elementor-widget elementor-widget-button\" data-id=\"352229ed\" data-element_type=\"widget\" data-e-type=\"widget\" data-widget_type=\"button.default\">\n\t\t\t\t\t\t\t\t\t\t<a class=\"elementor-button elementor-button-link elementor-size-sm\" href=\"https:\/\/www.chamonix.com\/activites-et-loisirs-handicap\/musee-des-cristaux-espace-tairraz\" target=\"_blank\" rel=\"noopener\">\n\t\t\t\t\t\t<span class=\"elementor-button-content-wrapper\">\n\t\t\t\t\t\t\t\t\t<span class=\"elementor-button-text\">M\u00e1s informaci\u00f3n<\/span>\n\t\t\t\t\t<\/span>\n\t\t\t\t\t<\/a>\n\t\t\t\t\t\t\t\t<\/div>\n\t\t\t\t<\/div>\n\t\t<div class=\"elementor-element elementor-element-5ab6cf6a e-con-full e-flex e-con e-child\" data-id=\"5ab6cf6a\" data-element_type=\"container\" data-e-type=\"container\" data-settings=\"{&quot;background_background&quot;:&quot;slideshow&quot;,&quot;background_slideshow_gallery&quot;:[{&quot;id&quot;:9748,&quot;url&quot;:&quot;https:\\\/\\\/fontaine-chamonix.com\\\/wp-content\\\/uploads\\\/2025\\\/07\\\/zdenek-machacek-I0CCBIPHTSE-unsplash-1-scaled.jpg&quot;}],&quot;background_slideshow_slide_duration&quot;:2000,&quot;jet_parallax_layout_list&quot;:[],&quot;background_slideshow_loop&quot;:&quot;yes&quot;,&quot;background_slideshow_slide_transition&quot;:&quot;fade&quot;,&quot;background_slideshow_transition_duration&quot;:500}\">\n\t\t\t\t<\/div>\n\t\t\t\t<\/div>\n\t\t\t\t<div class=\"elementor-element elementor-element-3cb228e6 elementor-widget elementor-widget-spacer\" data-id=\"3cb228e6\" data-element_type=\"widget\" data-e-type=\"widget\" data-widget_type=\"spacer.default\">\n\t\t\t\t\t\t\t<div class=\"elementor-spacer\">\n\t\t\t<div class=\"elementor-spacer-inner\"><\/div>\n\t\t<\/div>\n\t\t\t\t\t\t<\/div>\n\t\t<div class=\"elementor-element elementor-element-142a8551 e-con-full e-flex e-con e-child\" data-id=\"142a8551\" data-element_type=\"container\" data-e-type=\"container\" data-settings=\"{&quot;jet_parallax_layout_list&quot;:[]}\">\n\t\t<div class=\"elementor-element elementor-element-51772653 e-con-full e-flex e-con e-child\" data-id=\"51772653\" data-element_type=\"container\" data-e-type=\"container\" data-settings=\"{&quot;background_background&quot;:&quot;slideshow&quot;,&quot;background_slideshow_gallery&quot;:[{&quot;id&quot;:7697,&quot;url&quot;:&quot;https:\\\/\\\/fontaine-chamonix.com\\\/wp-content\\\/uploads\\\/2025\\\/01\\\/15525422-1.png&quot;}],&quot;background_slideshow_slide_duration&quot;:2000,&quot;jet_parallax_layout_list&quot;:[],&quot;background_slideshow_loop&quot;:&quot;yes&quot;,&quot;background_slideshow_slide_transition&quot;:&quot;fade&quot;,&quot;background_slideshow_transition_duration&quot;:500}\">\n\t\t\t\t<\/div>\n\t\t<div class=\"elementor-element elementor-element-5273f56 e-con-full e-flex e-con e-child\" data-id=\"5273f56\" data-element_type=\"container\" data-e-type=\"container\" data-settings=\"{&quot;jet_parallax_layout_list&quot;:[]}\">\n\t\t\t\t<div data-dce-title-color=\"#000000\" class=\"elementor-element elementor-element-67ff83d5 elementor-widget elementor-widget-heading\" data-id=\"67ff83d5\" data-element_type=\"widget\" data-e-type=\"widget\" data-widget_type=\"heading.default\">\n\t\t\t\t\t<h2 class=\"elementor-heading-title elementor-size-default\">Casa de la Memoria y el Patrimonio<\/h2>\t\t\t\t<\/div>\n\t\t\t\t<div class=\"elementor-element elementor-element-3d802d71 elementor-widget elementor-widget-text-editor\" data-id=\"3d802d71\" data-element_type=\"widget\" data-e-type=\"widget\" data-widget_type=\"text-editor.default\">\n\t\t\t\t\t\t\t\t\t<p>Situada en un edificio hist\u00f3rico en el coraz\u00f3n de Chamonix desde marzo de 2011, la Maison de la M\u00e9moire et du Patrimoine conserva los archivos fotogr\u00e1ficos de la regi\u00f3n y organiza exposiciones temporales.<\/p>\n<p>Tambi\u00e9n ofrece un centro de recursos documentales, que incluye una biblioteca y una fototeca hist\u00f3rica, para apoyar la investigaci\u00f3n. Para enriquecer sus fondos, la Maison propone la donaci\u00f3n o el dep\u00f3sito de documentos, que ser\u00e1n clasificados, inventariados, digitalizados y presentados en sus colecciones y exposiciones.<\/p>\n<p>Tarifas :<\/p>\n<p>Tarifa completa: 5 euros<br \/>Tarifa reducida : 3,50 (para mayores de 65 a\u00f1os, invitados, residentes, visitantes de temporada, familias numerosas, estudiantes, PMR, solicitantes de empleo)<br \/>Grupos de adultos: 3,50 euros (a partir de 10 personas)<br \/>Grupo de ni\u00f1os: 3 euros (a partir de 10 personas)<br \/>Gratuito para menores de 18 a\u00f1os.<br \/>Tarifa de grupo a partir de 10 personas.<\/p>\n\t\t\t\t\t\t\t\t<\/div>\n\t\t\t\t<div class=\"elementor-element elementor-element-50f90e3b elementor-widget elementor-widget-button\" data-id=\"50f90e3b\" data-element_type=\"widget\" data-e-type=\"widget\" data-widget_type=\"button.default\">\n\t\t\t\t\t\t\t\t\t\t<a class=\"elementor-button elementor-button-link elementor-size-sm\" href=\"https:\/\/www.chamonix.com\/activites-et-loisirs-handicap\/maison-de-la-memoire-et-du-patrimoine-janny-couttet\" target=\"_blank\" rel=\"noopener\">\n\t\t\t\t\t\t<span class=\"elementor-button-content-wrapper\">\n\t\t\t\t\t\t\t\t\t<span class=\"elementor-button-text\">M\u00e1s informaci\u00f3n<\/span>\n\t\t\t\t\t<\/span>\n\t\t\t\t\t<\/a>\n\t\t\t\t\t\t\t\t<\/div>\n\t\t\t\t<\/div>\n\t\t\t\t<\/div>\n\t\t\t\t<div class=\"elementor-element elementor-element-1fa43f65 elementor-widget elementor-widget-spacer\" data-id=\"1fa43f65\" data-element_type=\"widget\" data-e-type=\"widget\" data-widget_type=\"spacer.default\">\n\t\t\t\t\t\t\t<div class=\"elementor-spacer\">\n\t\t\t<div class=\"elementor-spacer-inner\"><\/div>\n\t\t<\/div>\n\t\t\t\t\t\t<\/div>\n\t\t<div class=\"elementor-element elementor-element-45cdd4ab e-con-full e-flex e-con e-child\" data-id=\"45cdd4ab\" data-element_type=\"container\" data-e-type=\"container\" data-settings=\"{&quot;jet_parallax_layout_list&quot;:[]}\">\n\t\t<div class=\"elementor-element elementor-element-6bc89697 e-con-full e-flex e-con e-child\" data-id=\"6bc89697\" data-element_type=\"container\" data-e-type=\"container\" data-settings=\"{&quot;jet_parallax_layout_list&quot;:[]}\">\n\t\t<div class=\"elementor-element elementor-element-53119528 e-con-full e-flex e-con e-child\" data-id=\"53119528\" data-element_type=\"container\" data-e-type=\"container\" data-settings=\"{&quot;jet_parallax_layout_list&quot;:[]}\">\n\t\t\t\t<div data-dce-title-color=\"#000000\" class=\"elementor-element elementor-element-3d63b73b elementor-widget elementor-widget-heading\" data-id=\"3d63b73b\" data-element_type=\"widget\" data-e-type=\"widget\" data-widget_type=\"heading.default\">\n\t\t\t\t\t<h2 class=\"elementor-heading-title elementor-size-default\">Museo Alpino<\/h2>\t\t\t\t<\/div>\n\t\t\t\t<div class=\"elementor-element elementor-element-773b5871 elementor-widget elementor-widget-text-editor\" data-id=\"773b5871\" data-element_type=\"widget\" data-e-type=\"widget\" data-widget_type=\"text-editor.default\">\n\t\t\t\t\t\t\t\t\t<p>Situado en el coraz\u00f3n de Chamonix, el Mus\u00e9e Alpin recorre la historia del valle y del alpinismo a trav\u00e9s de una colecci\u00f3n \u00fanica de m\u00e1s de 15.000 objetos. Clasificado como museo franc\u00e9s, pone de relieve la evoluci\u00f3n del turismo, la exploraci\u00f3n y las tradiciones locales. Actualmente en renovaci\u00f3n, se convertir\u00e1 en el Mus\u00e9e du Mont-Blanc, un espacio modernizado con nuevas exposiciones y una museograf\u00eda redise\u00f1ada.<\/p>\n\t\t\t\t\t\t\t\t<\/div>\n\t\t\t\t<div class=\"elementor-element elementor-element-7f8e826c elementor-widget elementor-widget-button\" data-id=\"7f8e826c\" data-element_type=\"widget\" data-e-type=\"widget\" data-widget_type=\"button.default\">\n\t\t\t\t\t\t\t\t\t\t<a class=\"elementor-button elementor-button-link elementor-size-sm\" href=\"https:\/\/www.chamonix.com\/activites-et-loisirs-handicap\/musee-alpin\" target=\"_blank\" rel=\"noopener\">\n\t\t\t\t\t\t<span class=\"elementor-button-content-wrapper\">\n\t\t\t\t\t\t\t\t\t<span class=\"elementor-button-text\">M\u00e1s informaci\u00f3n<\/span>\n\t\t\t\t\t<\/span>\n\t\t\t\t\t<\/a>\n\t\t\t\t\t\t\t\t<\/div>\n\t\t\t\t<\/div>\n\t\t<div class=\"elementor-element elementor-element-f2dbc6b e-con-full e-flex e-con e-child\" data-id=\"f2dbc6b\" data-element_type=\"container\" data-e-type=\"container\" data-settings=\"{&quot;background_background&quot;:&quot;slideshow&quot;,&quot;background_slideshow_gallery&quot;:[{&quot;id&quot;:6846,&quot;url&quot;:&quot;https:\\\/\\\/fontaine-chamonix.com\\\/wp-content\\\/uploads\\\/2025\\\/01\\\/sebastian-smith-V8YFNLZzy_8-unsplash-1-scaled.jpg&quot;}],&quot;background_slideshow_slide_duration&quot;:2000,&quot;jet_parallax_layout_list&quot;:[],&quot;background_slideshow_loop&quot;:&quot;yes&quot;,&quot;background_slideshow_slide_transition&quot;:&quot;fade&quot;,&quot;background_slideshow_transition_duration&quot;:500}\">\n\t\t\t\t<\/div>\n\t\t\t\t<\/div>\n\t\t\t\t<\/div>\n\t\t<div class=\"elementor-element elementor-element-172205a3 e-con-full e-flex e-con e-child\" data-id=\"172205a3\" data-element_type=\"container\" data-e-type=\"container\" data-settings=\"{&quot;jet_parallax_layout_list&quot;:[]}\">\n\t\t<div class=\"elementor-element elementor-element-44dc6acd e-con-full e-flex e-con e-child\" data-id=\"44dc6acd\" data-element_type=\"container\" data-e-type=\"container\" data-settings=\"{&quot;jet_parallax_layout_list&quot;:[]}\">\n\t\t<div class=\"elementor-element elementor-element-28d29bc8 e-con-full e-flex e-con e-child\" data-id=\"28d29bc8\" data-element_type=\"container\" data-e-type=\"container\" data-settings=\"{&quot;background_background&quot;:&quot;slideshow&quot;,&quot;background_slideshow_gallery&quot;:[{&quot;id&quot;:7713,&quot;url&quot;:&quot;https:\\\/\\\/fontaine-chamonix.com\\\/wp-content\\\/uploads\\\/2025\\\/01\\\/20899474-1.png&quot;}],&quot;background_slideshow_slide_duration&quot;:2000,&quot;jet_parallax_layout_list&quot;:[],&quot;background_slideshow_loop&quot;:&quot;yes&quot;,&quot;background_slideshow_slide_transition&quot;:&quot;fade&quot;,&quot;background_slideshow_transition_duration&quot;:500}\">\n\t\t\t\t<\/div>\n\t\t<div class=\"elementor-element elementor-element-103d84eb e-con-full e-flex e-con e-child\" data-id=\"103d84eb\" data-element_type=\"container\" data-e-type=\"container\" data-settings=\"{&quot;jet_parallax_layout_list&quot;:[]}\">\n\t\t\t\t<div data-dce-title-color=\"#000000\" class=\"elementor-element elementor-element-6b6b3195 elementor-widget elementor-widget-heading\" data-id=\"6b6b3195\" data-element_type=\"widget\" data-e-type=\"widget\" data-widget_type=\"heading.default\">\n\t\t\t\t\t<h2 class=\"elementor-heading-title elementor-size-default\">Casa del Teniente Servoz<\/h2>\t\t\t\t<\/div>\n\t\t\t\t<div class=\"elementor-element elementor-element-564547a elementor-widget elementor-widget-text-editor\" data-id=\"564547a\" data-element_type=\"widget\" data-e-type=\"widget\" data-widget_type=\"text-editor.default\">\n\t\t\t\t\t\t\t\t\t<p>Instalada en un edificio hist\u00f3rico, la Maison du Lieutenant le acerca a la agricultura de monta\u00f1a, sus oficios, sus productos locales y su entorno.<\/p>\n<p>Exposici\u00f3n permanente: un recorrido interactivo con una maqueta animada, m\u00f3dulos l\u00fadicos y antig\u00fcedades para explorar el patrimonio alpino y los retos de la agricultura de monta\u00f1a.<br \/>Actividades todo el a\u00f1o: talleres, visitas a pastos y granjas de monta\u00f1a, degustaciones y descubrimiento del saber hacer del Mont Blanc.<br \/>Entrada gratuita<\/p>\n\t\t\t\t\t\t\t\t<\/div>\n\t\t\t\t<div class=\"elementor-element elementor-element-47ea610f elementor-widget elementor-widget-button\" data-id=\"47ea610f\" data-element_type=\"widget\" data-e-type=\"widget\" data-widget_type=\"button.default\">\n\t\t\t\t\t\t\t\t\t\t<a class=\"elementor-button elementor-button-link elementor-size-sm\" href=\"https:\/\/www.chamonix.com\/la-vallee\/patrimoine-culture\/patrimoine-culturel-de-la-vallee\/maison-du-lieutenant\" target=\"_blank\" rel=\"noopener\">\n\t\t\t\t\t\t<span class=\"elementor-button-content-wrapper\">\n\t\t\t\t\t\t\t\t\t<span class=\"elementor-button-text\">M\u00e1s informaci\u00f3n<\/span>\n\t\t\t\t\t<\/span>\n\t\t\t\t\t<\/a>\n\t\t\t\t\t\t\t\t<\/div>\n\t\t\t\t<\/div>\n\t\t\t\t<\/div>\n\t\t\t\t<\/div>\n\t\t<div class=\"elementor-element elementor-element-764c4e59 e-con-full e-flex e-con e-child\" data-id=\"764c4e59\" data-element_type=\"container\" data-e-type=\"container\" data-settings=\"{&quot;jet_parallax_layout_list&quot;:[]}\">\n\t\t\t\t<\/div>\n\t\t\t\t<\/div>\n\t\t\t\t<\/div>\n\t\t\t\t<\/div>\n\t\t","protected":false},"excerpt":{"rendered":"<p>Museos y exposiciones Museos y exposiciones Los museos, exposiciones y bibliotecas del valle de Chamonix-Mont-Blanc muestran el patrimonio cultural y la historia local de la regi\u00f3n. Descubra el alpinismo, la mineralog\u00eda con los cristales del Mont-Blanc, la vida en los pastos de monta\u00f1a, la flora y la fauna de los Alpes. Estos lugares culturales le [&hellip;]<\/p>\n","protected":false},"author":4,"featured_media":6655,"parent":0,"menu_order":0,"comment_status":"closed","ping_status":"closed","template":"elementor_header_footer","meta":{"footnotes":""},"class_list":["post-8274","page","type-page","status-publish","has-post-thumbnail","hentry"],"jetpack_sharing_enabled":true,"_links":{"self":[{"href":"https:\/\/fontaine-chamonix.com\/es\/wp-json\/wp\/v2\/pages\/8274","targetHints":{"allow":["GET"]}}],"collection":[{"href":"https:\/\/fontaine-chamonix.com\/es\/wp-json\/wp\/v2\/pages"}],"about":[{"href":"https:\/\/fontaine-chamonix.com\/es\/wp-json\/wp\/v2\/types\/page"}],"author":[{"embeddable":true,"href":"https:\/\/fontaine-chamonix.com\/es\/wp-json\/wp\/v2\/users\/4"}],"replies":[{"embeddable":true,"href":"https:\/\/fontaine-chamonix.com\/es\/wp-json\/wp\/v2\/comments?post=8274"}],"version-history":[{"count":5,"href":"https:\/\/fontaine-chamonix.com\/es\/wp-json\/wp\/v2\/pages\/8274\/revisions"}],"predecessor-version":[{"id":9755,"href":"https:\/\/fontaine-chamonix.com\/es\/wp-json\/wp\/v2\/pages\/8274\/revisions\/9755"}],"wp:featuredmedia":[{"embeddable":true,"href":"https:\/\/fontaine-chamonix.com\/es\/wp-json\/wp\/v2\/media\/6655"}],"wp:attachment":[{"href":"https:\/\/fontaine-chamonix.com\/es\/wp-json\/wp\/v2\/media?parent=8274"}],"curies":[{"name":"wp","href":"https:\/\/api.w.org\/{rel}","templated":true}]}}