{"id":8242,"date":"2020-12-28T17:47:13","date_gmt":"2020-12-28T16:47:13","guid":{"rendered":"https:\/\/fontaine-chamonix.com\/informacion-juridica\/"},"modified":"2026-03-11T12:30:40","modified_gmt":"2026-03-11T11:30:40","slug":"informacion-juridica","status":"publish","type":"page","link":"https:\/\/fontaine-chamonix.com\/es\/informacion-juridica\/","title":{"rendered":"Informaci\u00f3n jur\u00eddica"},"content":{"rendered":"\t\t<div data-elementor-type=\"wp-page\" data-elementor-id=\"8242\" class=\"elementor elementor-8242 elementor-978\" data-elementor-post-type=\"page\">\n\t\t\t\t<div data-dce-background-image-url=\"https:\/\/fontaine-chamonix.com\/wp-content\/uploads\/2024\/12\/bg-mentions-legales.jpg\" class=\"elementor-element elementor-element-b24792a e-con-full e-flex e-con e-parent\" data-id=\"b24792a\" data-element_type=\"container\" data-e-type=\"container\" data-settings=\"{&quot;background_background&quot;:&quot;classic&quot;,&quot;jet_parallax_layout_list&quot;:[]}\">\n\t\t\t\t<div data-dce-title-color=\"#FFFFFF\" class=\"elementor-element elementor-element-e5d0e0d elementor-widget elementor-widget-heading\" data-id=\"e5d0e0d\" data-element_type=\"widget\" data-e-type=\"widget\" data-widget_type=\"heading.default\">\n\t\t\t\t\t<h1 class=\"elementor-heading-title elementor-size-default\">Informaci\u00f3n jur\u00eddica<\/h1>\t\t\t\t<\/div>\n\t\t\t\t<\/div>\n\t\t<div class=\"elementor-element elementor-element-a844ce2 e-con-full e-flex e-con e-parent\" data-id=\"a844ce2\" data-element_type=\"container\" data-e-type=\"container\" data-settings=\"{&quot;jet_parallax_layout_list&quot;:[]}\">\n\t\t\t\t<div class=\"elementor-element elementor-element-bae2e15 elementor-widget elementor-widget-shortcode\" data-id=\"bae2e15\" data-element_type=\"widget\" data-e-type=\"widget\" data-widget_type=\"shortcode.default\">\n\t\t\t\t\t\t\t<div class=\"elementor-shortcode\"><nav aria-label=\"breadcrumbs\" class=\"rank-math-breadcrumb\"><p><span class=\"last\">Accueil<\/span><\/p><\/nav><\/div>\n\t\t\t\t\t\t<\/div>\n\t\t\t\t<\/div>\n\t\t<div class=\"elementor-element elementor-element-0c13efb e-con-full e-flex e-con e-parent\" data-id=\"0c13efb\" data-element_type=\"container\" data-e-type=\"container\" data-settings=\"{&quot;jet_parallax_layout_list&quot;:[]}\">\n\t\t<div class=\"elementor-element elementor-element-1415de5 e-con-full e-flex e-con e-child\" data-id=\"1415de5\" data-element_type=\"container\" data-e-type=\"container\" data-settings=\"{&quot;background_background&quot;:&quot;classic&quot;,&quot;jet_parallax_layout_list&quot;:[]}\">\n\t\t\t\t<div data-dce-title-color=\"#212028\" class=\"elementor-element elementor-element-ad28cc6 elementor-widget elementor-widget-heading\" data-id=\"ad28cc6\" data-element_type=\"widget\" data-e-type=\"widget\" data-widget_type=\"heading.default\">\n\t\t\t\t\t<h2 class=\"elementor-heading-title elementor-size-default\">Informaci\u00f3n general<\/h2>\t\t\t\t<\/div>\n\t\t\t\t<div class=\"elementor-element elementor-element-5b18a6f elementor-widget elementor-widget-text-editor\" data-id=\"5b18a6f\" data-element_type=\"widget\" data-e-type=\"widget\" data-widget_type=\"text-editor.default\">\n\t\t\t\t\t\t\t\t\t<p>El sitio web fontaine-chamonix.com que est\u00e1 visitando es publicado por :<br \/>Nombre de la empresa explotadora : HOTEL LA FONTAINE<br \/>Direcci\u00f3n : 161 Chemin de la Fontaine &#8211; 74310 LES HOUCHES &#8211; FRANCE<\/p>\n<p>Tel\u00e9fono: 04 50 47 21 96<br \/>Correo electr\u00f3nico: contact@fontaine-chamonix.com<\/p>\n<p>Capital social: 38 112,00 EUROS<br \/>N\u00famero de identificaci\u00f3n a efectos del IVA: ?<br \/>N\u00famero Siret: 38245356100013<\/p>\n\t\t\t\t\t\t\t\t<\/div>\n\t\t\t\t<div data-dce-title-color=\"#212028\" class=\"elementor-element elementor-element-50a2c54 elementor-widget elementor-widget-heading\" data-id=\"50a2c54\" data-element_type=\"widget\" data-e-type=\"widget\" data-widget_type=\"heading.default\">\n\t\t\t\t\t<h2 class=\"elementor-heading-title elementor-size-default\">Desarrollo de sitios web<\/h2>\t\t\t\t<\/div>\n\t\t\t\t<div class=\"elementor-element elementor-element-86fc391 elementor-widget elementor-widget-text-editor\" data-id=\"86fc391\" data-element_type=\"widget\" data-e-type=\"widget\" data-widget_type=\"text-editor.default\">\n\t\t\t\t\t\t\t\t\t<p><a href=\"https:\/\/www.sextant-creative.fr\" target=\"_blank\" rel=\"noopener\">Sextant Creative<\/a><\/p>\n<p>La informaci\u00f3n proporcionada en este sitio es meramente orientativa. El HOTEL LA FONTAINE no pretende ser exhaustivo y no se hace responsable de posibles errores u omisiones.<br \/>El HOTEL LA FONTAINE se reserva el derecho de modificar y actualizar el contenido de su sitio en cualquier momento.<\/p>\n\t\t\t\t\t\t\t\t<\/div>\n\t\t\t\t<div data-dce-title-color=\"#212028\" class=\"elementor-element elementor-element-192e8d9 elementor-widget elementor-widget-heading\" data-id=\"192e8d9\" data-element_type=\"widget\" data-e-type=\"widget\" data-widget_type=\"heading.default\">\n\t\t\t\t\t<h2 class=\"elementor-heading-title elementor-size-default\">Ley de protecci\u00f3n de datos<\/h2>\t\t\t\t<\/div>\n\t\t\t\t<div class=\"elementor-element elementor-element-4c24f5a elementor-widget elementor-widget-text-editor\" data-id=\"4c24f5a\" data-element_type=\"widget\" data-e-type=\"widget\" data-widget_type=\"text-editor.default\">\n\t\t\t\t\t\t\t\t\t<p>De conformidad con la Ley francesa de Protecci\u00f3n de Datos de 6 de enero de 1978, todos los usuarios tienen derecho a acceder a sus datos personales y a rectificarlos.<br \/>Puede solicitar en cualquier momento que se rectifique o suprima la informaci\u00f3n que le concierne.<\/p>\n\t\t\t\t\t\t\t\t<\/div>\n\t\t\t\t<div data-dce-title-color=\"#212028\" class=\"elementor-element elementor-element-b8ef73d elementor-widget elementor-widget-heading\" data-id=\"b8ef73d\" data-element_type=\"widget\" data-e-type=\"widget\" data-widget_type=\"heading.default\">\n\t\t\t\t\t<h2 class=\"elementor-heading-title elementor-size-default\">Mediador<\/h2>\t\t\t\t<\/div>\n\t\t\t\t<div class=\"elementor-element elementor-element-f2ddf00 elementor-widget elementor-widget-text-editor\" data-id=\"f2ddf00\" data-element_type=\"widget\" data-e-type=\"widget\" data-widget_type=\"text-editor.default\">\n\t\t\t\t\t\t\t\t\t<p>GNI hosteler\u00eda regi\u00f3n Rh\u00f4ne-Alpes<br \/>73 impasses Amedee Daille<br \/>73000 Chamb\u00e9ry<\/p>\n\t\t\t\t\t\t\t\t<\/div>\n\t\t\t\t<\/div>\n\t\t\t\t<\/div>\n\t\t\t\t<\/div>\n\t\t","protected":false},"excerpt":{"rendered":"<p>Informaci\u00f3n jur\u00eddica Informaci\u00f3n general El sitio web fontaine-chamonix.com que est\u00e1 visitando es publicado por :Nombre de la empresa explotadora : HOTEL LA FONTAINEDirecci\u00f3n : 161 Chemin de la Fontaine &#8211; 74310 LES HOUCHES &#8211; FRANCE Tel\u00e9fono: 04 50 47 21 96Correo electr\u00f3nico: contact@fontaine-chamonix.com Capital social: 38 112,00 EUROSN\u00famero de identificaci\u00f3n a efectos del IVA: ?N\u00famero [&hellip;]<\/p>\n","protected":false},"author":3,"featured_media":4808,"parent":0,"menu_order":0,"comment_status":"closed","ping_status":"open","template":"elementor_header_footer","meta":{"footnotes":""},"class_list":["post-8242","page","type-page","status-publish","has-post-thumbnail","hentry"],"jetpack_sharing_enabled":true,"_links":{"self":[{"href":"https:\/\/fontaine-chamonix.com\/es\/wp-json\/wp\/v2\/pages\/8242","targetHints":{"allow":["GET"]}}],"collection":[{"href":"https:\/\/fontaine-chamonix.com\/es\/wp-json\/wp\/v2\/pages"}],"about":[{"href":"https:\/\/fontaine-chamonix.com\/es\/wp-json\/wp\/v2\/types\/page"}],"author":[{"embeddable":true,"href":"https:\/\/fontaine-chamonix.com\/es\/wp-json\/wp\/v2\/users\/3"}],"replies":[{"embeddable":true,"href":"https:\/\/fontaine-chamonix.com\/es\/wp-json\/wp\/v2\/comments?post=8242"}],"version-history":[{"count":6,"href":"https:\/\/fontaine-chamonix.com\/es\/wp-json\/wp\/v2\/pages\/8242\/revisions"}],"predecessor-version":[{"id":12870,"href":"https:\/\/fontaine-chamonix.com\/es\/wp-json\/wp\/v2\/pages\/8242\/revisions\/12870"}],"wp:featuredmedia":[{"embeddable":true,"href":"https:\/\/fontaine-chamonix.com\/es\/wp-json\/wp\/v2\/media\/4808"}],"wp:attachment":[{"href":"https:\/\/fontaine-chamonix.com\/es\/wp-json\/wp\/v2\/media?parent=8242"}],"curies":[{"name":"wp","href":"https:\/\/api.w.org\/{rel}","templated":true}]}}