{"id":8206,"date":"2025-01-26T10:46:13","date_gmt":"2025-01-26T09:46:13","guid":{"rendered":"https:\/\/fontaine-chamonix.com\/las-gargantas-de-diosaz\/"},"modified":"2025-07-31T10:49:06","modified_gmt":"2025-07-31T08:49:06","slug":"las-gargantas-de-diosaz","status":"publish","type":"page","link":"https:\/\/fontaine-chamonix.com\/es\/las-gargantas-de-diosaz\/","title":{"rendered":"Las gargantas de Diosaz"},"content":{"rendered":"\t\t<div data-elementor-type=\"wp-page\" data-elementor-id=\"8206\" class=\"elementor elementor-8206 elementor-7278\" data-elementor-post-type=\"page\">\n\t\t\t\t<div data-dce-background-image-url=\"https:\/\/fontaine-chamonix.com\/wp-content\/uploads\/2021\/01\/gorges-de-la-diosaz.jpg\" class=\"elementor-element elementor-element-1c2bb162 e-con-full e-flex e-con e-parent\" data-id=\"1c2bb162\" data-element_type=\"container\" data-e-type=\"container\" data-settings=\"{&quot;background_background&quot;:&quot;classic&quot;,&quot;jet_parallax_layout_list&quot;:[]}\">\n\t\t\t\t<div data-dce-title-color=\"#FFFFFF\" class=\"elementor-element elementor-element-1c9d58f elementor-widget elementor-widget-heading\" data-id=\"1c9d58f\" data-element_type=\"widget\" data-e-type=\"widget\" data-widget_type=\"heading.default\">\n\t\t\t\t\t<h1 class=\"elementor-heading-title elementor-size-default\">Las gargantas de Diosaz<\/h1>\t\t\t\t<\/div>\n\t\t\t\t<\/div>\n\t\t<div class=\"elementor-element elementor-element-208a4bf5 e-con-full e-flex e-con e-parent\" data-id=\"208a4bf5\" data-element_type=\"container\" data-e-type=\"container\" data-settings=\"{&quot;jet_parallax_layout_list&quot;:[]}\">\n\t\t\t\t<div class=\"elementor-element elementor-element-b24aa1b elementor-widget elementor-widget-shortcode\" data-id=\"b24aa1b\" data-element_type=\"widget\" data-e-type=\"widget\" data-widget_type=\"shortcode.default\">\n\t\t\t\t\t\t\t<div class=\"elementor-shortcode\"><nav aria-label=\"breadcrumbs\" class=\"rank-math-breadcrumb\"><p><span class=\"last\">Accueil<\/span><\/p><\/nav><\/div>\n\t\t\t\t\t\t<\/div>\n\t\t\t\t<\/div>\n\t\t<div class=\"elementor-element elementor-element-3f44c217 e-con-full e-flex e-con e-parent\" data-id=\"3f44c217\" data-element_type=\"container\" data-e-type=\"container\" data-settings=\"{&quot;jet_parallax_layout_list&quot;:[]}\">\n\t\t<div class=\"elementor-element elementor-element-6756973b e-con-full e-flex e-con e-child\" data-id=\"6756973b\" data-element_type=\"container\" data-e-type=\"container\" data-settings=\"{&quot;background_background&quot;:&quot;classic&quot;,&quot;jet_parallax_layout_list&quot;:[]}\">\n\t\t\t\t<div data-dce-title-color=\"#212028\" class=\"elementor-element elementor-element-457095e4 elementor-widget elementor-widget-heading\" data-id=\"457095e4\" data-element_type=\"widget\" data-e-type=\"widget\" data-widget_type=\"heading.default\">\n\t\t\t\t\t<h2 class=\"elementor-heading-title elementor-size-default\">Camino colgante de las Gargantas de Diosaz<\/h2>\t\t\t\t<\/div>\n\t\t\t\t<div class=\"elementor-element elementor-element-401445e6 elementor-widget elementor-widget-text-editor\" data-id=\"401445e6\" data-element_type=\"widget\" data-e-type=\"widget\" data-widget_type=\"text-editor.default\">\n\t\t\t\t\t\t\t\t\t<p>Las gargantas de Diosaz, situadas en un entorno natural salvaje, son un espect\u00e1culo impresionante. Este sendero suspendido es una de las atracciones imprescindibles de la regi\u00f3n del Mont Blanc, y le permitir\u00e1 descubrir un desfiladero de excepcional belleza. Recorra el sombreado sendero que bordea las escarpadas paredes o cruce el torrente por s\u00f3lidas pasarelas. Podr\u00e1 admirar las 5 cascadas de Diosaz y adentrarse en el coraz\u00f3n de este magn\u00edfico ca\u00f1\u00f3n. Tras el paseo, encontrar\u00e1 una tienda de recuerdos y un bar que sirve paninis, helados y bebidas para un merecido descanso.<\/p>\n\t\t\t\t\t\t\t\t<\/div>\n\t\t\t\t<div class=\"elementor-element elementor-element-7153b75 elementor-align-center elementor-widget elementor-widget-button\" data-id=\"7153b75\" data-element_type=\"widget\" data-e-type=\"widget\" data-widget_type=\"button.default\">\n\t\t\t\t\t\t\t\t\t\t<a class=\"elementor-button elementor-button-link elementor-size-sm\" href=\"https:\/\/www.gorgesdeladiosaz.com\/\" target=\"_blank\" rel=\"noopener\">\n\t\t\t\t\t\t<span class=\"elementor-button-content-wrapper\">\n\t\t\t\t\t\t\t\t\t<span class=\"elementor-button-text\">M\u00e1s informaci\u00f3n<\/span>\n\t\t\t\t\t<\/span>\n\t\t\t\t\t<\/a>\n\t\t\t\t\t\t\t\t<\/div>\n\t\t\t\t<div class=\"elementor-element elementor-element-5f5e9990 elementor-widget elementor-widget-spacer\" data-id=\"5f5e9990\" data-element_type=\"widget\" data-e-type=\"widget\" data-widget_type=\"spacer.default\">\n\t\t\t\t\t\t\t<div class=\"elementor-spacer\">\n\t\t\t<div class=\"elementor-spacer-inner\"><\/div>\n\t\t<\/div>\n\t\t\t\t\t\t<\/div>\n\t\t<div class=\"elementor-element elementor-element-1d8fdbe1 e-con-full e-flex e-con e-child\" data-id=\"1d8fdbe1\" data-element_type=\"container\" data-e-type=\"container\" data-settings=\"{&quot;jet_parallax_layout_list&quot;:[]}\">\n\t\t<div class=\"elementor-element elementor-element-7e120d05 e-con-full e-flex e-con e-child\" data-id=\"7e120d05\" data-element_type=\"container\" data-e-type=\"container\" data-settings=\"{&quot;jet_parallax_layout_list&quot;:[]}\">\n\t\t\t\t<div data-dce-title-color=\"#000000\" class=\"elementor-element elementor-element-5f6af73f elementor-widget elementor-widget-heading\" data-id=\"5f6af73f\" data-element_type=\"widget\" data-e-type=\"widget\" data-widget_type=\"heading.default\">\n\t\t\t\t\t<h2 class=\"elementor-heading-title elementor-size-default\">Tarifas<\/h2>\t\t\t\t<\/div>\n\t\t\t\t<div class=\"elementor-element elementor-element-a16db6b elementor-widget elementor-widget-text-editor\" data-id=\"a16db6b\" data-element_type=\"widget\" data-e-type=\"widget\" data-widget_type=\"text-editor.default\">\n\t\t\t\t\t\t\t\t\t<p>Adultos: 7,50<br \/>Ni\u00f1os: 4 euros (de 5 a 15 a\u00f1os \/ estudiantes)<\/p>\n<p>Gratuito para menores de 5 a\u00f1os.<br \/>Tarifa de grupo a partir de 10 personas.<\/p>\n<p>Precio reducido para grupos de m\u00e1s de 10 personas y familias numerosas.<br \/>Discapacitados: 3,50<\/p>\n\t\t\t\t\t\t\t\t<\/div>\n\t\t\t\t<\/div>\n\t\t<div class=\"elementor-element elementor-element-7782fef9 e-con-full e-flex e-con e-child\" data-id=\"7782fef9\" data-element_type=\"container\" data-e-type=\"container\" data-settings=\"{&quot;background_background&quot;:&quot;slideshow&quot;,&quot;background_slideshow_gallery&quot;:[{&quot;id&quot;:9702,&quot;url&quot;:&quot;https:\\\/\\\/fontaine-chamonix.com\\\/wp-content\\\/uploads\\\/2025\\\/07\\\/AdobeStock_203694130_Preview.jpeg&quot;}],&quot;background_slideshow_slide_duration&quot;:2000,&quot;jet_parallax_layout_list&quot;:[],&quot;background_slideshow_loop&quot;:&quot;yes&quot;,&quot;background_slideshow_slide_transition&quot;:&quot;fade&quot;,&quot;background_slideshow_transition_duration&quot;:500}\">\n\t\t\t\t<\/div>\n\t\t\t\t<\/div>\n\t\t\t\t<div class=\"elementor-element elementor-element-525eb061 elementor-widget elementor-widget-spacer\" data-id=\"525eb061\" data-element_type=\"widget\" data-e-type=\"widget\" data-widget_type=\"spacer.default\">\n\t\t\t\t\t\t\t<div class=\"elementor-spacer\">\n\t\t\t<div class=\"elementor-spacer-inner\"><\/div>\n\t\t<\/div>\n\t\t\t\t\t\t<\/div>\n\t\t<div class=\"elementor-element elementor-element-13ecb2be e-con-full e-flex e-con e-child\" data-id=\"13ecb2be\" data-element_type=\"container\" data-e-type=\"container\" data-settings=\"{&quot;jet_parallax_layout_list&quot;:[]}\">\n\t\t<div class=\"elementor-element elementor-element-4a5bcd26 e-con-full e-flex e-con e-child\" data-id=\"4a5bcd26\" data-element_type=\"container\" data-e-type=\"container\" data-settings=\"{&quot;background_background&quot;:&quot;slideshow&quot;,&quot;background_slideshow_gallery&quot;:[{&quot;id&quot;:9707,&quot;url&quot;:&quot;https:\\\/\\\/fontaine-chamonix.com\\\/wp-content\\\/uploads\\\/2025\\\/07\\\/AdobeStock_123209827_Preview.jpeg&quot;}],&quot;background_slideshow_slide_duration&quot;:2000,&quot;jet_parallax_layout_list&quot;:[],&quot;background_slideshow_loop&quot;:&quot;yes&quot;,&quot;background_slideshow_slide_transition&quot;:&quot;fade&quot;,&quot;background_slideshow_transition_duration&quot;:500}\">\n\t\t\t\t<\/div>\n\t\t<div class=\"elementor-element elementor-element-7683638a e-con-full e-flex e-con e-child\" data-id=\"7683638a\" data-element_type=\"container\" data-e-type=\"container\" data-settings=\"{&quot;jet_parallax_layout_list&quot;:[]}\">\n\t\t\t\t<div data-dce-title-color=\"#000000\" class=\"elementor-element elementor-element-da844fc elementor-widget elementor-widget-heading\" data-id=\"da844fc\" data-element_type=\"widget\" data-e-type=\"widget\" data-widget_type=\"heading.default\">\n\t\t\t\t\t<h2 class=\"elementor-heading-title elementor-size-default\">Fechas de apertura<\/h2>\t\t\t\t<\/div>\n\t\t\t\t<div class=\"elementor-element elementor-element-6fb32485 elementor-widget elementor-widget-text-editor\" data-id=\"6fb32485\" data-element_type=\"widget\" data-e-type=\"widget\" data-widget_type=\"text-editor.default\">\n\t\t\t\t\t\t\t\t\t<p>Del 29\/05 al 28\/09\/2025<br \/>Abierto todos los d\u00edas de 9.30 a 18.15 h. Fechas por confirmar.<br \/>Duraci\u00f3n de la visita: 1h15.<\/p>\n\t\t\t\t\t\t\t\t<\/div>\n\t\t\t\t<\/div>\n\t\t\t\t<\/div>\n\t\t\t\t<div class=\"elementor-element elementor-element-4e7c3e6f elementor-widget elementor-widget-spacer\" data-id=\"4e7c3e6f\" data-element_type=\"widget\" data-e-type=\"widget\" data-widget_type=\"spacer.default\">\n\t\t\t\t\t\t\t<div class=\"elementor-spacer\">\n\t\t\t<div class=\"elementor-spacer-inner\"><\/div>\n\t\t<\/div>\n\t\t\t\t\t\t<\/div>\n\t\t\t\t<\/div>\n\t\t\t\t<\/div>\n\t\t\t\t<\/div>\n\t\t","protected":false},"excerpt":{"rendered":"<p>Las gargantas de Diosaz Camino colgante de las Gargantas de Diosaz Las gargantas de Diosaz, situadas en un entorno natural salvaje, son un espect\u00e1culo impresionante. Este sendero suspendido es una de las atracciones imprescindibles de la regi\u00f3n del Mont Blanc, y le permitir\u00e1 descubrir un desfiladero de excepcional belleza. Recorra el sombreado sendero que bordea [&hellip;]<\/p>\n","protected":false},"author":4,"featured_media":2785,"parent":0,"menu_order":0,"comment_status":"closed","ping_status":"closed","template":"elementor_header_footer","meta":{"footnotes":""},"class_list":["post-8206","page","type-page","status-publish","has-post-thumbnail","hentry"],"jetpack_sharing_enabled":true,"_links":{"self":[{"href":"https:\/\/fontaine-chamonix.com\/es\/wp-json\/wp\/v2\/pages\/8206","targetHints":{"allow":["GET"]}}],"collection":[{"href":"https:\/\/fontaine-chamonix.com\/es\/wp-json\/wp\/v2\/pages"}],"about":[{"href":"https:\/\/fontaine-chamonix.com\/es\/wp-json\/wp\/v2\/types\/page"}],"author":[{"embeddable":true,"href":"https:\/\/fontaine-chamonix.com\/es\/wp-json\/wp\/v2\/users\/4"}],"replies":[{"embeddable":true,"href":"https:\/\/fontaine-chamonix.com\/es\/wp-json\/wp\/v2\/comments?post=8206"}],"version-history":[{"count":5,"href":"https:\/\/fontaine-chamonix.com\/es\/wp-json\/wp\/v2\/pages\/8206\/revisions"}],"predecessor-version":[{"id":9714,"href":"https:\/\/fontaine-chamonix.com\/es\/wp-json\/wp\/v2\/pages\/8206\/revisions\/9714"}],"wp:featuredmedia":[{"embeddable":true,"href":"https:\/\/fontaine-chamonix.com\/es\/wp-json\/wp\/v2\/media\/2785"}],"wp:attachment":[{"href":"https:\/\/fontaine-chamonix.com\/es\/wp-json\/wp\/v2\/media?parent=8206"}],"curies":[{"name":"wp","href":"https:\/\/api.w.org\/{rel}","templated":true}]}}