{"id":8190,"date":"2025-01-26T10:46:03","date_gmt":"2025-01-26T09:46:03","guid":{"rendered":"https:\/\/fontaine-chamonix.com\/lago-verde\/"},"modified":"2026-03-30T20:55:59","modified_gmt":"2026-03-30T18:55:59","slug":"lago-verde","status":"publish","type":"page","link":"https:\/\/fontaine-chamonix.com\/es\/lago-verde\/","title":{"rendered":"Lago Verde"},"content":{"rendered":"\t\t<div data-elementor-type=\"wp-page\" data-elementor-id=\"8190\" class=\"elementor elementor-8190 elementor-7151\" data-elementor-post-type=\"page\">\n\t\t\t\t<div data-dce-background-image-url=\"https:\/\/fontaine-chamonix.com\/wp-content\/uploads\/2026\/03\/IMG_3670_Original-scaled.jpg\" class=\"elementor-element elementor-element-65ce5729 e-con-full e-flex e-con e-parent\" data-id=\"65ce5729\" data-element_type=\"container\" data-e-type=\"container\" data-settings=\"{&quot;background_background&quot;:&quot;classic&quot;,&quot;jet_parallax_layout_list&quot;:[]}\">\n\t\t\t\t<div data-dce-title-color=\"#FFFFFF\" class=\"elementor-element elementor-element-69f7211a elementor-widget elementor-widget-heading\" data-id=\"69f7211a\" data-element_type=\"widget\" data-e-type=\"widget\" data-widget_type=\"heading.default\">\n\t\t\t\t\t<h1 class=\"elementor-heading-title elementor-size-default\">Lago Verde<\/h1>\t\t\t\t<\/div>\n\t\t\t\t<\/div>\n\t\t<div class=\"elementor-element elementor-element-63bdd6a e-con-full e-flex e-con e-parent\" data-id=\"63bdd6a\" data-element_type=\"container\" data-e-type=\"container\" data-settings=\"{&quot;jet_parallax_layout_list&quot;:[]}\">\n\t\t\t\t<div class=\"elementor-element elementor-element-38a29bf7 elementor-widget elementor-widget-shortcode\" data-id=\"38a29bf7\" data-element_type=\"widget\" data-e-type=\"widget\" data-widget_type=\"shortcode.default\">\n\t\t\t\t\t\t\t<div class=\"elementor-shortcode\"><nav aria-label=\"breadcrumbs\" class=\"rank-math-breadcrumb\"><p><span class=\"last\">Accueil<\/span><\/p><\/nav><\/div>\n\t\t\t\t\t\t<\/div>\n\t\t\t\t<\/div>\n\t\t<div class=\"elementor-element elementor-element-71a9b398 e-con-full e-flex e-con e-parent\" data-id=\"71a9b398\" data-element_type=\"container\" data-e-type=\"container\" data-settings=\"{&quot;jet_parallax_layout_list&quot;:[]}\">\n\t\t<div class=\"elementor-element elementor-element-700e7170 e-con-full e-flex e-con e-child\" data-id=\"700e7170\" data-element_type=\"container\" data-e-type=\"container\" data-settings=\"{&quot;background_background&quot;:&quot;classic&quot;,&quot;jet_parallax_layout_list&quot;:[]}\">\n\t\t\t\t<div data-dce-title-color=\"#212028\" class=\"elementor-element elementor-element-44bdbfd2 elementor-widget elementor-widget-heading\" data-id=\"44bdbfd2\" data-element_type=\"widget\" data-e-type=\"widget\" data-widget_type=\"heading.default\">\n\t\t\t\t\t<h2 class=\"elementor-heading-title elementor-size-default\">Descubra el Lac Vert<\/h2>\t\t\t\t<\/div>\n\t\t\t\t<div class=\"elementor-element elementor-element-5f2219f2 elementor-widget elementor-widget-text-editor\" data-id=\"5f2219f2\" data-element_type=\"widget\" data-e-type=\"widget\" data-widget_type=\"text-editor.default\">\n\t\t\t\t\t\t\t\t\t<p>Enclavado en un entorno forestal cerca del emplazamiento de Passy Plaine-Joux, el Lac Vert hace honor a su nombre. Este paraje natural excepcional, concebido para el paseo, es accesible a todos. La notable transparencia de sus aguas permite ver una acumulaci\u00f3n de \u00e1rboles y plantas en el fondo, mientras que la presencia de algas azules confiere al lago su magn\u00edfico color verde esmeralda.<\/p>\n<p>A 1.200 metros de altitud, el lago ofrece una espl\u00e9ndida vista del macizo del Mont Blanc, un marco ideal para los amantes de la naturaleza.<\/p>\n<p>Acceso y restricciones<br \/>El acceso al Lac Vert est\u00e1 prohibido a los veh\u00edculos del 1 de junio al 30 de septiembre y durante toda la temporada de invierno. Fuera de estos periodos, el acceso est\u00e1 restringido a los propietarios de la finca y sus derechohabientes. De mi\u00e9rcoles a domingo, de 10:00 a 13:00 y de 14:00 a 18:00, hay autobuses gratuitos cada 15 minutos.<\/p>\n\t\t\t\t\t\t\t\t<\/div>\n\t\t\t\t<div class=\"elementor-element elementor-element-122f6e5 elementor-align-center elementor-widget elementor-widget-button\" data-id=\"122f6e5\" data-element_type=\"widget\" data-e-type=\"widget\" data-widget_type=\"button.default\">\n\t\t\t\t\t\t\t\t\t\t<a class=\"elementor-button elementor-button-link elementor-size-sm\" href=\"https:\/\/www.chamonix.com\/lacs-d-hiver\/lac-vert\" target=\"_blank\" rel=\"noopener\">\n\t\t\t\t\t\t<span class=\"elementor-button-content-wrapper\">\n\t\t\t\t\t\t\t\t\t<span class=\"elementor-button-text\">M\u00e1s informaci\u00f3n<\/span>\n\t\t\t\t\t<\/span>\n\t\t\t\t\t<\/a>\n\t\t\t\t\t\t\t\t<\/div>\n\t\t\t\t<div class=\"elementor-element elementor-element-d2475ee elementor-widget elementor-widget-spacer\" data-id=\"d2475ee\" data-element_type=\"widget\" data-e-type=\"widget\" data-widget_type=\"spacer.default\">\n\t\t\t\t\t\t\t<div class=\"elementor-spacer\">\n\t\t\t<div class=\"elementor-spacer-inner\"><\/div>\n\t\t<\/div>\n\t\t\t\t\t\t<\/div>\n\t\t<div class=\"elementor-element elementor-element-1fa9a6d e-con-full e-flex e-con e-child\" data-id=\"1fa9a6d\" data-element_type=\"container\" data-e-type=\"container\" data-settings=\"{&quot;jet_parallax_layout_list&quot;:[]}\">\n\t\t<div class=\"elementor-element elementor-element-c9f0daa e-con-full e-flex e-con e-child\" data-id=\"c9f0daa\" data-element_type=\"container\" data-e-type=\"container\" data-settings=\"{&quot;jet_parallax_layout_list&quot;:[]}\">\n\t\t\t\t<div data-dce-title-color=\"#000000\" class=\"elementor-element elementor-element-c562a02 elementor-widget elementor-widget-heading\" data-id=\"c562a02\" data-element_type=\"widget\" data-e-type=\"widget\" data-widget_type=\"heading.default\">\n\t\t\t\t\t<h2 class=\"elementor-heading-title elementor-size-default\">Bucle Lac Vert<\/h2>\t\t\t\t<\/div>\n\t\t\t\t<div class=\"elementor-element elementor-element-da0acda elementor-widget elementor-widget-text-editor\" data-id=\"da0acda\" data-element_type=\"widget\" data-e-type=\"widget\" data-widget_type=\"text-editor.default\">\n\t\t\t\t\t\t\t\t\t<p>Desde Plaine-Joux, siga los senderos se\u00f1alizados a trav\u00e9s del bosque hasta Lac Vert. En verano, el lago puede rodearse en 15 minutos. Podr\u00e1 admirar la transparencia del agua, que deja ver \u00e1rboles y plantas en el fondo, realzados por delicadas algas azules. Este fen\u00f3meno confiere al lago su magn\u00edfico color verde esmeralda. El Mont Blanc se refleja a veces en el agua, a\u00f1adiendo un toque majestuoso al paisaje.<\/p>\n<p>Para volver, salga del aparcamiento del restaurante del Lac Vert y suba hasta el refugio del Ch\u00e2telet d&#8217;Ay\u00e8res, despu\u00e9s siga el sendero por encima del lago de vuelta a Plaine-Joux.<\/p>\n<p>Est\u00e1 prohibido ba\u00f1arse en los lagos de monta\u00f1a para preservar su fr\u00e1gil ecosistema. La introducci\u00f3n de productos como cremas solares o boyas puede perturbar el equilibrio natural del lago. Para m\u00e1s informaci\u00f3n, visite l<a href=\"http:\/\/lacs-sentinelles.org\" target=\"_new\" rel=\"noopener\" data-mce-href=\"http:\/\/lacs-sentinelles.org\" data-mce->lacs-sentinelles.org<\/a>.<\/p>\n\t\t\t\t\t\t\t\t<\/div>\n\t\t\t\t<div class=\"elementor-element elementor-element-3a4827e elementor-widget elementor-widget-button\" data-id=\"3a4827e\" data-element_type=\"widget\" data-e-type=\"widget\" data-widget_type=\"button.default\">\n\t\t\t\t\t\t\t\t\t\t<a class=\"elementor-button elementor-button-link elementor-size-sm\" href=\"https:\/\/www.savoie-mont-blanc.com\/randonnees-et-balades\/boucle-du-lac-vert-124327\/\" target=\"_blank\" rel=\"noopener\">\n\t\t\t\t\t\t<span class=\"elementor-button-content-wrapper\">\n\t\t\t\t\t\t\t\t\t<span class=\"elementor-button-text\">Tarjeta<\/span>\n\t\t\t\t\t<\/span>\n\t\t\t\t\t<\/a>\n\t\t\t\t\t\t\t\t<\/div>\n\t\t\t\t<\/div>\n\t\t<div class=\"elementor-element elementor-element-f4b5ffd e-con-full e-flex e-con e-child\" data-id=\"f4b5ffd\" data-element_type=\"container\" data-e-type=\"container\" data-settings=\"{&quot;background_background&quot;:&quot;slideshow&quot;,&quot;background_slideshow_gallery&quot;:[{&quot;id&quot;:7088,&quot;url&quot;:&quot;https:\\\/\\\/fontaine-chamonix.com\\\/wp-content\\\/uploads\\\/2025\\\/01\\\/2793338.png&quot;}],&quot;background_slideshow_slide_duration&quot;:2000,&quot;jet_parallax_layout_list&quot;:[],&quot;background_slideshow_loop&quot;:&quot;yes&quot;,&quot;background_slideshow_slide_transition&quot;:&quot;fade&quot;,&quot;background_slideshow_transition_duration&quot;:500}\">\n\t\t\t\t<\/div>\n\t\t\t\t<\/div>\n\t\t\t\t<\/div>\n\t\t\t\t<\/div>\n\t\t\t\t<\/div>\n\t\t","protected":false},"excerpt":{"rendered":"<p>Lago Verde Descubra el Lac Vert Enclavado en un entorno forestal cerca del emplazamiento de Passy Plaine-Joux, el Lac Vert hace honor a su nombre. Este paraje natural excepcional, concebido para el paseo, es accesible a todos. La notable transparencia de sus aguas permite ver una acumulaci\u00f3n de \u00e1rboles y plantas en el fondo, mientras [&hellip;]<\/p>\n","protected":false},"author":4,"featured_media":12905,"parent":0,"menu_order":0,"comment_status":"closed","ping_status":"closed","template":"elementor_header_footer","meta":{"footnotes":""},"class_list":["post-8190","page","type-page","status-publish","has-post-thumbnail","hentry"],"jetpack_sharing_enabled":true,"_links":{"self":[{"href":"https:\/\/fontaine-chamonix.com\/es\/wp-json\/wp\/v2\/pages\/8190","targetHints":{"allow":["GET"]}}],"collection":[{"href":"https:\/\/fontaine-chamonix.com\/es\/wp-json\/wp\/v2\/pages"}],"about":[{"href":"https:\/\/fontaine-chamonix.com\/es\/wp-json\/wp\/v2\/types\/page"}],"author":[{"embeddable":true,"href":"https:\/\/fontaine-chamonix.com\/es\/wp-json\/wp\/v2\/users\/4"}],"replies":[{"embeddable":true,"href":"https:\/\/fontaine-chamonix.com\/es\/wp-json\/wp\/v2\/comments?post=8190"}],"version-history":[{"count":9,"href":"https:\/\/fontaine-chamonix.com\/es\/wp-json\/wp\/v2\/pages\/8190\/revisions"}],"predecessor-version":[{"id":12927,"href":"https:\/\/fontaine-chamonix.com\/es\/wp-json\/wp\/v2\/pages\/8190\/revisions\/12927"}],"wp:featuredmedia":[{"embeddable":true,"href":"https:\/\/fontaine-chamonix.com\/es\/wp-json\/wp\/v2\/media\/12905"}],"wp:attachment":[{"href":"https:\/\/fontaine-chamonix.com\/es\/wp-json\/wp\/v2\/media?parent=8190"}],"curies":[{"name":"wp","href":"https:\/\/api.w.org\/{rel}","templated":true}]}}