{"id":8136,"date":"2025-01-26T10:45:35","date_gmt":"2025-01-26T09:45:35","guid":{"rendered":"https:\/\/fontaine-chamonix.com\/rutas-con-raquetas-de-nieve\/"},"modified":"2025-07-18T13:57:49","modified_gmt":"2025-07-18T11:57:49","slug":"rutas-con-raquetas-de-nieve","status":"publish","type":"page","link":"https:\/\/fontaine-chamonix.com\/es\/rutas-con-raquetas-de-nieve\/","title":{"rendered":"Rutas con raquetas de nieve"},"content":{"rendered":"\t\t<div data-elementor-type=\"wp-page\" data-elementor-id=\"8136\" class=\"elementor elementor-8136 elementor-7427\" data-elementor-post-type=\"page\">\n\t\t\t\t<div data-dce-background-image-url=\"https:\/\/fontaine-chamonix.com\/wp-content\/uploads\/2025\/01\/sivasankara-reddy-bommireddy-ymvbfgmaoxs-unsplash-scaled.jpg\" class=\"elementor-element elementor-element-644c5d9b e-con-full e-flex e-con e-parent\" data-id=\"644c5d9b\" data-element_type=\"container\" data-e-type=\"container\" data-settings=\"{&quot;background_background&quot;:&quot;classic&quot;,&quot;jet_parallax_layout_list&quot;:[]}\">\n\t\t\t\t<div data-dce-title-color=\"#FFFFFF\" class=\"elementor-element elementor-element-3736211d elementor-widget elementor-widget-heading\" data-id=\"3736211d\" data-element_type=\"widget\" data-e-type=\"widget\" data-widget_type=\"heading.default\">\n\t\t\t\t\t<h1 class=\"elementor-heading-title elementor-size-default\">Rutas con raquetas de nieve<\/h1>\t\t\t\t<\/div>\n\t\t\t\t<\/div>\n\t\t<div class=\"elementor-element elementor-element-42ca99a0 e-con-full e-flex e-con e-parent\" data-id=\"42ca99a0\" data-element_type=\"container\" data-e-type=\"container\" data-settings=\"{&quot;jet_parallax_layout_list&quot;:[]}\">\n\t\t\t\t<div class=\"elementor-element elementor-element-75c4c6dc elementor-widget elementor-widget-shortcode\" data-id=\"75c4c6dc\" data-element_type=\"widget\" data-e-type=\"widget\" data-widget_type=\"shortcode.default\">\n\t\t\t\t\t\t\t<div class=\"elementor-shortcode\"><nav aria-label=\"breadcrumbs\" class=\"rank-math-breadcrumb\"><p><span class=\"last\">Accueil<\/span><\/p><\/nav><\/div>\n\t\t\t\t\t\t<\/div>\n\t\t\t\t<\/div>\n\t\t<div class=\"elementor-element elementor-element-1b28fb2f e-con-full e-flex e-con e-parent\" data-id=\"1b28fb2f\" data-element_type=\"container\" data-e-type=\"container\" data-settings=\"{&quot;jet_parallax_layout_list&quot;:[]}\">\n\t\t<div class=\"elementor-element elementor-element-591e2b65 e-con-full e-flex e-con e-child\" data-id=\"591e2b65\" data-element_type=\"container\" data-e-type=\"container\" data-settings=\"{&quot;background_background&quot;:&quot;classic&quot;,&quot;jet_parallax_layout_list&quot;:[]}\">\n\t\t\t\t<div data-dce-title-color=\"#212028\" class=\"elementor-element elementor-element-6542d297 elementor-widget elementor-widget-heading\" data-id=\"6542d297\" data-element_type=\"widget\" data-e-type=\"widget\" data-widget_type=\"heading.default\">\n\t\t\t\t\t<h2 class=\"elementor-heading-title elementor-size-default\">Raquetas de nieve en el valle de Chamonix<\/h2>\t\t\t\t<\/div>\n\t\t\t\t<div class=\"elementor-element elementor-element-3007e439 elementor-widget elementor-widget-text-editor\" data-id=\"3007e439\" data-element_type=\"widget\" data-e-type=\"widget\" data-widget_type=\"text-editor.default\">\n\t\t\t\t\t\t\t\t\t<p>El senderismo con raquetas de nieve consiste en conectar con la naturaleza, trazando su propio rumbo a trav\u00e9s de un universo pr\u00edstino. Puede elegir entre excursiones de media jornada o de jornada completa con raquetas de nieve.<\/p>\n<p>La paz y la tranquilidad de las cumbres nevadas le recargar\u00e1n las pilas y le proporcionar\u00e1n una experiencia invernal \u00fanica. Para descubrir los secretos de las monta\u00f1as bajo la nieve con total seguridad, parta acompa\u00f1ado por un profesional que podr\u00e1 sugerirle itinerarios adaptados a sus deseos y capacidades.<\/p>\n\t\t\t\t\t\t\t\t<\/div>\n\t\t\t\t<div class=\"elementor-element elementor-element-7e1d27f elementor-align-center elementor-widget elementor-widget-button\" data-id=\"7e1d27f\" data-element_type=\"widget\" data-e-type=\"widget\" data-widget_type=\"button.default\">\n\t\t\t\t\t\t\t\t\t\t<a class=\"elementor-button elementor-button-link elementor-size-sm\" href=\"https:\/\/www.chamonix.com\/sites\/default\/files\/media\/brochures\/Plan_Fond-Raquettes_2024-2025_WEB.pdf\" target=\"_blank\" rel=\"noopener\">\n\t\t\t\t\t\t<span class=\"elementor-button-content-wrapper\">\n\t\t\t\t\t\t\t\t\t<span class=\"elementor-button-text\">Folleto de senderos de invierno para raquetas de nieve<\/span>\n\t\t\t\t\t<\/span>\n\t\t\t\t\t<\/a>\n\t\t\t\t\t\t\t\t<\/div>\n\t\t\t\t<div class=\"elementor-element elementor-element-2608549 elementor-widget elementor-widget-spacer\" data-id=\"2608549\" data-element_type=\"widget\" data-e-type=\"widget\" data-widget_type=\"spacer.default\">\n\t\t\t\t\t\t\t<div class=\"elementor-spacer\">\n\t\t\t<div class=\"elementor-spacer-inner\"><\/div>\n\t\t<\/div>\n\t\t\t\t\t\t<\/div>\n\t\t<div class=\"elementor-element elementor-element-1552792d e-con-full e-flex e-con e-child\" data-id=\"1552792d\" data-element_type=\"container\" data-e-type=\"container\" data-settings=\"{&quot;jet_parallax_layout_list&quot;:[]}\">\n\t\t<div class=\"elementor-element elementor-element-40efd60d e-con-full e-flex e-con e-child\" data-id=\"40efd60d\" data-element_type=\"container\" data-e-type=\"container\" data-settings=\"{&quot;jet_parallax_layout_list&quot;:[]}\">\n\t\t\t\t<div data-dce-title-color=\"#000000\" class=\"elementor-element elementor-element-46e45f88 elementor-widget elementor-widget-heading\" data-id=\"46e45f88\" data-element_type=\"widget\" data-e-type=\"widget\" data-widget_type=\"heading.default\">\n\t\t\t\t\t<h2 class=\"elementor-heading-title elementor-size-default\">Reserve su excursi\u00f3n con raquetas de nieve<\/h2>\t\t\t\t<\/div>\n\t\t\t\t<div class=\"elementor-element elementor-element-2d448d9 elementor-widget elementor-widget-text-editor\" data-id=\"2d448d9\" data-element_type=\"widget\" data-e-type=\"widget\" data-widget_type=\"text-editor.default\">\n\t\t\t\t\t\t\t\t\t<p>Reserve su excursi\u00f3n guiada con raquetas de nieve a partir de 50 euros por persona.<\/p>\n\t\t\t\t\t\t\t\t<\/div>\n\t\t\t\t<div class=\"elementor-element elementor-element-47db3b1 elementor-widget elementor-widget-button\" data-id=\"47db3b1\" data-element_type=\"widget\" data-e-type=\"widget\" data-widget_type=\"button.default\">\n\t\t\t\t\t\t\t\t\t\t<a class=\"elementor-button elementor-button-link elementor-size-sm\" href=\"https:\/\/booking.chamonix.com\/activite-31944-raquettes-initiation-facile-demi-journee?lang=fr_FR\" target=\"_blank\" rel=\"noopener\">\n\t\t\t\t\t\t<span class=\"elementor-button-content-wrapper\">\n\t\t\t\t\t\t\t\t\t<span class=\"elementor-button-text\">Reserve<\/span>\n\t\t\t\t\t<\/span>\n\t\t\t\t\t<\/a>\n\t\t\t\t\t\t\t\t<\/div>\n\t\t\t\t<\/div>\n\t\t<div class=\"elementor-element elementor-element-18ec1161 e-con-full e-flex e-con e-child\" data-id=\"18ec1161\" data-element_type=\"container\" data-e-type=\"container\" data-settings=\"{&quot;background_background&quot;:&quot;slideshow&quot;,&quot;background_slideshow_gallery&quot;:[{&quot;id&quot;:7439,&quot;url&quot;:&quot;https:\\\/\\\/fontaine-chamonix.com\\\/wp-content\\\/uploads\\\/2025\\\/01\\\/alain-wong-f-oxr0Lk5EU-unsplash-1-scaled.jpg&quot;}],&quot;background_slideshow_slide_duration&quot;:2000,&quot;jet_parallax_layout_list&quot;:[],&quot;background_slideshow_loop&quot;:&quot;yes&quot;,&quot;background_slideshow_slide_transition&quot;:&quot;fade&quot;,&quot;background_slideshow_transition_duration&quot;:500}\">\n\t\t\t\t<\/div>\n\t\t\t\t<\/div>\n\t\t\t\t<div class=\"elementor-element elementor-element-458792c6 elementor-widget elementor-widget-spacer\" data-id=\"458792c6\" data-element_type=\"widget\" data-e-type=\"widget\" data-widget_type=\"spacer.default\">\n\t\t\t\t\t\t\t<div class=\"elementor-spacer\">\n\t\t\t<div class=\"elementor-spacer-inner\"><\/div>\n\t\t<\/div>\n\t\t\t\t\t\t<\/div>\n\t\t<div class=\"elementor-element elementor-element-74dbefcd e-con-full e-flex e-con e-child\" data-id=\"74dbefcd\" data-element_type=\"container\" data-e-type=\"container\" data-settings=\"{&quot;jet_parallax_layout_list&quot;:[]}\">\n\t\t<div class=\"elementor-element elementor-element-78efe77b e-con-full e-flex e-con e-child\" data-id=\"78efe77b\" data-element_type=\"container\" data-e-type=\"container\" data-settings=\"{&quot;background_background&quot;:&quot;slideshow&quot;,&quot;background_slideshow_gallery&quot;:[{&quot;id&quot;:7444,&quot;url&quot;:&quot;https:\\\/\\\/fontaine-chamonix.com\\\/wp-content\\\/uploads\\\/2025\\\/01\\\/greg-rakozy-SXyxT9hPoX0-unsplash-1-scaled.jpg&quot;}],&quot;background_slideshow_slide_duration&quot;:2000,&quot;jet_parallax_layout_list&quot;:[],&quot;background_slideshow_loop&quot;:&quot;yes&quot;,&quot;background_slideshow_slide_transition&quot;:&quot;fade&quot;,&quot;background_slideshow_transition_duration&quot;:500}\">\n\t\t\t\t<\/div>\n\t\t<div class=\"elementor-element elementor-element-7a3155fc e-con-full e-flex e-con e-child\" data-id=\"7a3155fc\" data-element_type=\"container\" data-e-type=\"container\" data-settings=\"{&quot;jet_parallax_layout_list&quot;:[]}\">\n\t\t\t\t<div data-dce-title-color=\"#000000\" class=\"elementor-element elementor-element-281b440e elementor-widget elementor-widget-heading\" data-id=\"281b440e\" data-element_type=\"widget\" data-e-type=\"widget\" data-widget_type=\"heading.default\">\n\t\t\t\t\t<h2 class=\"elementor-heading-title elementor-size-default\">Los reflejos correctos<\/h2>\t\t\t\t<\/div>\n\t\t\t\t<div class=\"elementor-element elementor-element-405d4a40 elementor-widget elementor-widget-text-editor\" data-id=\"405d4a40\" data-element_type=\"widget\" data-e-type=\"widget\" data-widget_type=\"text-editor.default\">\n\t\t\t\t\t\t\t\t\t<p>Para disfrutar y admirar durante muchos a\u00f1os la naturaleza que nos rodea, conviene conocer las medidas que hay que tomar al salir a pasear.<\/p>\n\t\t\t\t\t\t\t\t<\/div>\n\t\t\t\t<div class=\"elementor-element elementor-element-7531acff elementor-widget elementor-widget-button\" data-id=\"7531acff\" data-element_type=\"widget\" data-e-type=\"widget\" data-widget_type=\"button.default\">\n\t\t\t\t\t\t\t\t\t\t<a class=\"elementor-button elementor-button-link elementor-size-sm\" href=\"https:\/\/www.chamonix.com\/la-vallee\/destination-montagne-durable\/les-bons-reflexes-en-milieu-naturel\" target=\"_blank\" rel=\"noopener\">\n\t\t\t\t\t\t<span class=\"elementor-button-content-wrapper\">\n\t\t\t\t\t\t\t\t\t<span class=\"elementor-button-text\">M\u00e1s informaci\u00f3n<\/span>\n\t\t\t\t\t<\/span>\n\t\t\t\t\t<\/a>\n\t\t\t\t\t\t\t\t<\/div>\n\t\t\t\t<\/div>\n\t\t\t\t<\/div>\n\t\t\t\t<div class=\"elementor-element elementor-element-570e8a5c elementor-widget elementor-widget-spacer\" data-id=\"570e8a5c\" data-element_type=\"widget\" data-e-type=\"widget\" data-widget_type=\"spacer.default\">\n\t\t\t\t\t\t\t<div class=\"elementor-spacer\">\n\t\t\t<div class=\"elementor-spacer-inner\"><\/div>\n\t\t<\/div>\n\t\t\t\t\t\t<\/div>\n\t\t\t\t<\/div>\n\t\t\t\t<\/div>\n\t\t\t\t<\/div>\n\t\t","protected":false},"excerpt":{"rendered":"<p>Rutas con raquetas de nieve Raquetas de nieve en el valle de Chamonix El senderismo con raquetas de nieve consiste en conectar con la naturaleza, trazando su propio rumbo a trav\u00e9s de un universo pr\u00edstino. Puede elegir entre excursiones de media jornada o de jornada completa con raquetas de nieve. La paz y la tranquilidad [&hellip;]<\/p>\n","protected":false},"author":4,"featured_media":6500,"parent":0,"menu_order":0,"comment_status":"closed","ping_status":"closed","template":"elementor_header_footer","meta":{"footnotes":""},"class_list":["post-8136","page","type-page","status-publish","has-post-thumbnail","hentry"],"jetpack_sharing_enabled":true,"_links":{"self":[{"href":"https:\/\/fontaine-chamonix.com\/es\/wp-json\/wp\/v2\/pages\/8136","targetHints":{"allow":["GET"]}}],"collection":[{"href":"https:\/\/fontaine-chamonix.com\/es\/wp-json\/wp\/v2\/pages"}],"about":[{"href":"https:\/\/fontaine-chamonix.com\/es\/wp-json\/wp\/v2\/types\/page"}],"author":[{"embeddable":true,"href":"https:\/\/fontaine-chamonix.com\/es\/wp-json\/wp\/v2\/users\/4"}],"replies":[{"embeddable":true,"href":"https:\/\/fontaine-chamonix.com\/es\/wp-json\/wp\/v2\/comments?post=8136"}],"version-history":[{"count":4,"href":"https:\/\/fontaine-chamonix.com\/es\/wp-json\/wp\/v2\/pages\/8136\/revisions"}],"predecessor-version":[{"id":9397,"href":"https:\/\/fontaine-chamonix.com\/es\/wp-json\/wp\/v2\/pages\/8136\/revisions\/9397"}],"wp:featuredmedia":[{"embeddable":true,"href":"https:\/\/fontaine-chamonix.com\/es\/wp-json\/wp\/v2\/media\/6500"}],"wp:attachment":[{"href":"https:\/\/fontaine-chamonix.com\/es\/wp-json\/wp\/v2\/media?parent=8136"}],"curies":[{"name":"wp","href":"https:\/\/api.w.org\/{rel}","templated":true}]}}