{"id":8093,"date":"2025-01-05T12:00:23","date_gmt":"2025-01-05T11:00:23","guid":{"rendered":"https:\/\/fontaine-chamonix.com\/paquetes\/"},"modified":"2025-07-31T10:29:03","modified_gmt":"2025-07-31T08:29:03","slug":"paquetes","status":"publish","type":"page","link":"https:\/\/fontaine-chamonix.com\/es\/paquetes\/","title":{"rendered":"Paquetes"},"content":{"rendered":"\t\t<div data-elementor-type=\"wp-page\" data-elementor-id=\"8093\" class=\"elementor elementor-8093 elementor-6672\" data-elementor-post-type=\"page\">\n\t\t\t\t<div data-dce-background-image-url=\"https:\/\/fontaine-chamonix.com\/wp-content\/uploads\/2025\/01\/robert-kalinagil-pRYkEZNYjFY-unsplash-scaled.jpg\" class=\"elementor-element elementor-element-f24ed25 e-con-full e-flex e-con e-parent\" data-id=\"f24ed25\" data-element_type=\"container\" data-e-type=\"container\" data-settings=\"{&quot;background_background&quot;:&quot;classic&quot;,&quot;jet_parallax_layout_list&quot;:[]}\">\n\t\t\t\t<div data-dce-title-color=\"#FFFFFF\" class=\"elementor-element elementor-element-16e7d08 elementor-widget elementor-widget-heading\" data-id=\"16e7d08\" data-element_type=\"widget\" data-e-type=\"widget\" data-widget_type=\"heading.default\">\n\t\t\t\t\t<h1 class=\"elementor-heading-title elementor-size-default\">Paquetes<\/h1>\t\t\t\t<\/div>\n\t\t\t\t<\/div>\n\t\t<div class=\"elementor-element elementor-element-8f71d87 e-con-full e-flex e-con e-parent\" data-id=\"8f71d87\" data-element_type=\"container\" data-e-type=\"container\" data-settings=\"{&quot;jet_parallax_layout_list&quot;:[]}\">\n\t\t\t\t<div class=\"elementor-element elementor-element-58545ce elementor-widget elementor-widget-shortcode\" data-id=\"58545ce\" data-element_type=\"widget\" data-e-type=\"widget\" data-widget_type=\"shortcode.default\">\n\t\t\t\t\t\t\t<div class=\"elementor-shortcode\"><nav aria-label=\"breadcrumbs\" class=\"rank-math-breadcrumb\"><p><span class=\"last\">Accueil<\/span><\/p><\/nav><\/div>\n\t\t\t\t\t\t<\/div>\n\t\t\t\t<\/div>\n\t\t<div class=\"elementor-element elementor-element-f0879ab e-con-full e-flex e-con e-parent\" data-id=\"f0879ab\" data-element_type=\"container\" data-e-type=\"container\" data-settings=\"{&quot;jet_parallax_layout_list&quot;:[]}\">\n\t\t<div class=\"elementor-element elementor-element-e05775c e-con-full e-flex e-con e-child\" data-id=\"e05775c\" data-element_type=\"container\" data-e-type=\"container\" data-settings=\"{&quot;background_background&quot;:&quot;classic&quot;,&quot;jet_parallax_layout_list&quot;:[]}\">\n\t\t\t\t<div data-dce-title-color=\"#212028\" class=\"elementor-element elementor-element-7308fcc elementor-widget elementor-widget-heading\" data-id=\"7308fcc\" data-element_type=\"widget\" data-e-type=\"widget\" data-widget_type=\"heading.default\">\n\t\t\t\t\t<h2 class=\"elementor-heading-title elementor-size-default\">Encuentre el paquete m\u00e1s adecuado para usted.<\/h2>\t\t\t\t<\/div>\n\t\t\t\t<div class=\"elementor-element elementor-element-f0f4a4c elementor-widget elementor-widget-text-editor\" data-id=\"f0f4a4c\" data-element_type=\"widget\" data-e-type=\"widget\" data-widget_type=\"text-editor.default\">\n\t\t\t\t\t\t\t\t\t<p>Tanto si es un \u00e1vido esquiador como si simplemente siente curiosidad por los excepcionales paisajes del valle de Chamonix-Mont-Blanc, encontrar\u00e1 un paquete que se adapte a sus necesidades. Tanto si desea pasar medio d\u00eda, un d\u00eda entero o varios d\u00edas, tendr\u00e1 acceso a todas las estaciones de esqu\u00ed del valle y a lugares de excursiones memorables.<\/p>\n<p>Si reserva sus forfaits en l\u00ednea al menos tres d\u00edas antes de su visita, podr\u00e1 beneficiarse de tarifas especiales. As\u00ed podr\u00e1 planificar su estancia y beneficiarse de descuentos exclusivos, mientras se prepara para unas vacaciones inolvidables.<\/p>\n\t\t\t\t\t\t\t\t<\/div>\n\t\t\t\t<div class=\"elementor-element elementor-element-334cacf elementor-widget elementor-widget-spacer\" data-id=\"334cacf\" data-element_type=\"widget\" data-e-type=\"widget\" data-widget_type=\"spacer.default\">\n\t\t\t\t\t\t\t<div class=\"elementor-spacer\">\n\t\t\t<div class=\"elementor-spacer-inner\"><\/div>\n\t\t<\/div>\n\t\t\t\t\t\t<\/div>\n\t\t\t\t<div class=\"elementor-element elementor-element-375b564 elementor-widget elementor-widget-spacer\" data-id=\"375b564\" data-element_type=\"widget\" data-e-type=\"widget\" data-widget_type=\"spacer.default\">\n\t\t\t\t\t\t\t<div class=\"elementor-spacer\">\n\t\t\t<div class=\"elementor-spacer-inner\"><\/div>\n\t\t<\/div>\n\t\t\t\t\t\t<\/div>\n\t\t<div class=\"elementor-element elementor-element-305ce05 e-con-full e-flex e-con e-child\" data-id=\"305ce05\" data-element_type=\"container\" data-e-type=\"container\" data-settings=\"{&quot;jet_parallax_layout_list&quot;:[]}\">\n\t\t<div class=\"elementor-element elementor-element-010ebd3 e-con-full e-flex e-con e-child\" data-id=\"010ebd3\" data-element_type=\"container\" data-e-type=\"container\" data-settings=\"{&quot;jet_parallax_layout_list&quot;:[]}\">\n\t\t<div class=\"elementor-element elementor-element-f3eb318 e-con-full e-flex e-con e-child\" data-id=\"f3eb318\" data-element_type=\"container\" data-e-type=\"container\" data-settings=\"{&quot;jet_parallax_layout_list&quot;:[]}\">\n\t\t\t\t<div data-dce-title-color=\"#000000\" class=\"elementor-element elementor-element-9fcc60d elementor-widget elementor-widget-heading\" data-id=\"9fcc60d\" data-element_type=\"widget\" data-e-type=\"widget\" data-widget_type=\"heading.default\">\n\t\t\t\t\t<h2 class=\"elementor-heading-title elementor-size-default\">Todos los paquetes: buenas ofertas de Internet<\/h2>\t\t\t\t<\/div>\n\t\t\t\t<div class=\"elementor-element elementor-element-0887d0c elementor-widget elementor-widget-text-editor\" data-id=\"0887d0c\" data-element_type=\"widget\" data-e-type=\"widget\" data-widget_type=\"text-editor.default\">\n\t\t\t\t\t\t\t\t\t<p>Ya sea para un d\u00eda o para una estancia, solo o en familia, este invierno podr\u00e1 beneficiarse de las mejores tarifas reservando su forfait en l\u00ednea con al menos 3 d\u00edas de antelaci\u00f3n.<\/p>\n<p>Descubra los diferentes forfaits, como Mont Blanc Unlimited, Chamonix Le Pass y muchos otros, para encontrar el que mejor se adapte a sus necesidades.<\/p>\n\t\t\t\t\t\t\t\t<\/div>\n\t\t\t\t<div class=\"elementor-element elementor-element-aba7a20 elementor-widget elementor-widget-button\" data-id=\"aba7a20\" data-element_type=\"widget\" data-e-type=\"widget\" data-widget_type=\"button.default\">\n\t\t\t\t\t\t\t\t\t\t<a class=\"elementor-button elementor-button-link elementor-size-sm\" href=\"https:\/\/www.montblancnaturalresort.com\/fr\/nos-forfaits?_ecmp=OTCHAM\" target=\"_blank\" rel=\"noopener\">\n\t\t\t\t\t\t<span class=\"elementor-button-content-wrapper\">\n\t\t\t\t\t\t\t\t\t<span class=\"elementor-button-text\">Ahorre tiempo: compre su paquete en l\u00ednea<\/span>\n\t\t\t\t\t<\/span>\n\t\t\t\t\t<\/a>\n\t\t\t\t\t\t\t\t<\/div>\n\t\t\t\t<\/div>\n\t\t<div class=\"elementor-element elementor-element-23337d5 e-con-full e-flex e-con e-child\" data-id=\"23337d5\" data-element_type=\"container\" data-e-type=\"container\" data-settings=\"{&quot;background_background&quot;:&quot;slideshow&quot;,&quot;background_slideshow_gallery&quot;:[{&quot;id&quot;:9613,&quot;url&quot;:&quot;https:\\\/\\\/fontaine-chamonix.com\\\/wp-content\\\/uploads\\\/2025\\\/07\\\/kevin-bessat-aDP2i04upHU-unsplash-1-scaled.jpg&quot;}],&quot;background_slideshow_slide_duration&quot;:2000,&quot;jet_parallax_layout_list&quot;:[],&quot;background_slideshow_loop&quot;:&quot;yes&quot;,&quot;background_slideshow_slide_transition&quot;:&quot;fade&quot;,&quot;background_slideshow_transition_duration&quot;:500}\">\n\t\t\t\t<\/div>\n\t\t\t\t<\/div>\n\t\t\t\t<\/div>\n\t\t<div class=\"elementor-element elementor-element-1e376e0 e-con-full e-flex e-con e-child\" data-id=\"1e376e0\" data-element_type=\"container\" data-e-type=\"container\" data-settings=\"{&quot;jet_parallax_layout_list&quot;:[]}\">\n\t\t<div class=\"elementor-element elementor-element-3ff4c7f e-con-full e-flex e-con e-child\" data-id=\"3ff4c7f\" data-element_type=\"container\" data-e-type=\"container\" data-settings=\"{&quot;background_background&quot;:&quot;slideshow&quot;,&quot;background_slideshow_gallery&quot;:[{&quot;id&quot;:6526,&quot;url&quot;:&quot;https:\\\/\\\/fontaine-chamonix.com\\\/wp-content\\\/uploads\\\/2025\\\/01\\\/hongbin-u5JUXp3Lfz4-unsplash-1-scaled.jpg&quot;}],&quot;background_slideshow_slide_duration&quot;:2000,&quot;jet_parallax_layout_list&quot;:[],&quot;background_slideshow_loop&quot;:&quot;yes&quot;,&quot;background_slideshow_slide_transition&quot;:&quot;fade&quot;,&quot;background_slideshow_transition_duration&quot;:500}\">\n\t\t\t\t<\/div>\n\t\t<div class=\"elementor-element elementor-element-399c2e3 e-con-full e-flex e-con e-child\" data-id=\"399c2e3\" data-element_type=\"container\" data-e-type=\"container\" data-settings=\"{&quot;jet_parallax_layout_list&quot;:[]}\">\n\t\t\t\t<div data-dce-title-color=\"#000000\" class=\"elementor-element elementor-element-70b282e elementor-widget elementor-widget-heading\" data-id=\"70b282e\" data-element_type=\"widget\" data-e-type=\"widget\" data-widget_type=\"heading.default\">\n\t\t\t\t\t<h2 class=\"elementor-heading-title elementor-size-default\">Paquete Mont-Blanc Unlimited<\/h2>\t\t\t\t<\/div>\n\t\t\t\t<div class=\"elementor-element elementor-element-1f1832a elementor-widget elementor-widget-text-editor\" data-id=\"1f1832a\" data-element_type=\"widget\" data-e-type=\"widget\" data-widget_type=\"text-editor.default\">\n\t\t\t\t\t\t\t\t\t<p>El forfait MONT BLANC Unlimited le abre las puertas de la aventura: acceso a todas las estaciones de esqu\u00ed de Chamonix (excluida la cumbre de Grands Montets), as\u00ed como a las estaciones de Les Houches &#8211; Saint-Gervais, Evasion Mont-Blanc, e incluso a las pistas italianas y suizas. Tambi\u00e9n puede aprovechar el acceso a lugares emblem\u00e1ticos de excursi\u00f3n para descubrir la monta\u00f1a de otra manera.<\/p>\n<p>\u00a1Un forfait para esquiar en 3 pa\u00edses y explorar un territorio excepcional!<\/p>\n\t\t\t\t\t\t\t\t<\/div>\n\t\t\t\t<div class=\"elementor-element elementor-element-93b7b7f elementor-widget elementor-widget-button\" data-id=\"93b7b7f\" data-element_type=\"widget\" data-e-type=\"widget\" data-widget_type=\"button.default\">\n\t\t\t\t\t\t\t\t\t\t<a class=\"elementor-button elementor-button-link elementor-size-sm\" href=\"https:\/\/www.montblancnaturalresort.com\/fr\/montblanc-unlimited?_ecmp=OTCHAM\" target=\"_blank\" rel=\"noopener\">\n\t\t\t\t\t\t<span class=\"elementor-button-content-wrapper\">\n\t\t\t\t\t\t\t\t\t<span class=\"elementor-button-text\">Compre su paquete en l\u00ednea<\/span>\n\t\t\t\t\t<\/span>\n\t\t\t\t\t<\/a>\n\t\t\t\t\t\t\t\t<\/div>\n\t\t\t\t<\/div>\n\t\t\t\t<\/div>\n\t\t\t\t<div class=\"elementor-element elementor-element-b6344e8 elementor-widget elementor-widget-spacer\" data-id=\"b6344e8\" data-element_type=\"widget\" data-e-type=\"widget\" data-widget_type=\"spacer.default\">\n\t\t\t\t\t\t\t<div class=\"elementor-spacer\">\n\t\t\t<div class=\"elementor-spacer-inner\"><\/div>\n\t\t<\/div>\n\t\t\t\t\t\t<\/div>\n\t\t<div class=\"elementor-element elementor-element-3dd234d e-con-full e-flex e-con e-child\" data-id=\"3dd234d\" data-element_type=\"container\" data-e-type=\"container\" data-settings=\"{&quot;jet_parallax_layout_list&quot;:[]}\">\n\t\t<div class=\"elementor-element elementor-element-5694585 e-con-full e-flex e-con e-child\" data-id=\"5694585\" data-element_type=\"container\" data-e-type=\"container\" data-settings=\"{&quot;jet_parallax_layout_list&quot;:[]}\">\n\t\t<div class=\"elementor-element elementor-element-4b914cb e-con-full e-flex e-con e-child\" data-id=\"4b914cb\" data-element_type=\"container\" data-e-type=\"container\" data-settings=\"{&quot;jet_parallax_layout_list&quot;:[]}\">\n\t\t\t\t<div data-dce-title-color=\"#000000\" class=\"elementor-element elementor-element-9599211 elementor-widget elementor-widget-heading\" data-id=\"9599211\" data-element_type=\"widget\" data-e-type=\"widget\" data-widget_type=\"heading.default\">\n\t\t\t\t\t<h2 class=\"elementor-heading-title elementor-size-default\">Les Houches - Saint-Gervais<\/h2>\t\t\t\t<\/div>\n\t\t\t\t<div class=\"elementor-element elementor-element-1d5f2d4 elementor-widget elementor-widget-text-editor\" data-id=\"1d5f2d4\" data-element_type=\"widget\" data-e-type=\"widget\" data-widget_type=\"text-editor.default\">\n\t\t\t\t\t\t\t\t\t<p>Les Houches &#8211; Saint-Gervais es la primera estaci\u00f3n de esqu\u00ed accesible del valle del Mont-Blanc, y el lugar ideal para comenzar sus vacaciones en la monta\u00f1a. Situada en el coraz\u00f3n del macizo, la estaci\u00f3n ofrece una vista panor\u00e1mica excepcional de 360\u00b0 de los picos emblem\u00e1ticos: el Mont Joly, la cordillera de Aravis, el macizo del Fiz, las Agujas Rojas, con el majestuoso macizo del Mont-Blanc al fondo.<br \/>Es el marco ideal para unas vacaciones en la monta\u00f1a, combinando deportes de invierno, naturaleza virgen y espectaculares paisajes alpinos.<\/p>\n\t\t\t\t\t\t\t\t<\/div>\n\t\t\t\t<div class=\"elementor-element elementor-element-4cbb2f2 elementor-widget elementor-widget-button\" data-id=\"4cbb2f2\" data-element_type=\"widget\" data-e-type=\"widget\" data-widget_type=\"button.default\">\n\t\t\t\t\t\t\t\t\t\t<a class=\"elementor-button elementor-button-link elementor-size-sm\" href=\"https:\/\/leshouches.montblancnaturalresort.com\/fr\/billetterie\" target=\"_blank\" rel=\"noopener\">\n\t\t\t\t\t\t<span class=\"elementor-button-content-wrapper\">\n\t\t\t\t\t\t\t\t\t<span class=\"elementor-button-text\">Compre su paquete en l\u00ednea<\/span>\n\t\t\t\t\t<\/span>\n\t\t\t\t\t<\/a>\n\t\t\t\t\t\t\t\t<\/div>\n\t\t\t\t<\/div>\n\t\t<div class=\"elementor-element elementor-element-dfbe3c0 e-con-full e-flex e-con e-child\" data-id=\"dfbe3c0\" data-element_type=\"container\" data-e-type=\"container\" data-settings=\"{&quot;background_background&quot;:&quot;slideshow&quot;,&quot;background_slideshow_gallery&quot;:[{&quot;id&quot;:6846,&quot;url&quot;:&quot;https:\\\/\\\/fontaine-chamonix.com\\\/wp-content\\\/uploads\\\/2025\\\/01\\\/sebastian-smith-V8YFNLZzy_8-unsplash-1-scaled.jpg&quot;}],&quot;background_slideshow_slide_duration&quot;:2000,&quot;jet_parallax_layout_list&quot;:[],&quot;background_slideshow_loop&quot;:&quot;yes&quot;,&quot;background_slideshow_slide_transition&quot;:&quot;fade&quot;,&quot;background_slideshow_transition_duration&quot;:500}\">\n\t\t\t\t<\/div>\n\t\t\t\t<\/div>\n\t\t\t\t<\/div>\n\t\t<div class=\"elementor-element elementor-element-bb45386 e-con-full e-flex e-con e-child\" data-id=\"bb45386\" data-element_type=\"container\" data-e-type=\"container\" data-settings=\"{&quot;jet_parallax_layout_list&quot;:[]}\">\n\t\t<div class=\"elementor-element elementor-element-ebdd9cb e-con-full e-flex e-con e-child\" data-id=\"ebdd9cb\" data-element_type=\"container\" data-e-type=\"container\" data-settings=\"{&quot;jet_parallax_layout_list&quot;:[]}\">\n\t\t<div class=\"elementor-element elementor-element-de2fae9 e-con-full e-flex e-con e-child\" data-id=\"de2fae9\" data-element_type=\"container\" data-e-type=\"container\" data-settings=\"{&quot;background_background&quot;:&quot;slideshow&quot;,&quot;background_slideshow_gallery&quot;:[{&quot;id&quot;:9658,&quot;url&quot;:&quot;https:\\\/\\\/fontaine-chamonix.com\\\/wp-content\\\/uploads\\\/2025\\\/07\\\/thanh-nguyen-M0oK-Vitr0I-unsplash-1-scaled.jpg&quot;}],&quot;background_slideshow_slide_duration&quot;:2000,&quot;jet_parallax_layout_list&quot;:[],&quot;background_slideshow_loop&quot;:&quot;yes&quot;,&quot;background_slideshow_slide_transition&quot;:&quot;fade&quot;,&quot;background_slideshow_transition_duration&quot;:500}\">\n\t\t\t\t<\/div>\n\t\t<div class=\"elementor-element elementor-element-8cdf23b e-con-full e-flex e-con e-child\" data-id=\"8cdf23b\" data-element_type=\"container\" data-e-type=\"container\" data-settings=\"{&quot;jet_parallax_layout_list&quot;:[]}\">\n\t\t\t\t<div data-dce-title-color=\"#000000\" class=\"elementor-element elementor-element-9095cbe elementor-widget elementor-widget-heading\" data-id=\"9095cbe\" data-element_type=\"widget\" data-e-type=\"widget\" data-widget_type=\"heading.default\">\n\t\t\t\t\t<h2 class=\"elementor-heading-title elementor-size-default\">Una sola pasada: 100% peat\u00f3n<\/h2>\t\t\t\t<\/div>\n\t\t\t\t<div class=\"elementor-element elementor-element-7a8522c elementor-widget elementor-widget-text-editor\" data-id=\"7a8522c\" data-element_type=\"widget\" data-e-type=\"widget\" data-widget_type=\"text-editor.default\">\n\t\t\t\t\t\t\t\t\t<p>Con el paquete Chamonix 100% peatonal, descubra los panoramas m\u00e1s bellos de los Alpes sin esqu\u00eds. Podr\u00e1 acceder f\u00e1cilmente a los lugares m\u00e1s emblem\u00e1ticos: Planpraz, Br\u00e9vent, Fl\u00e9g\u00e8re, Charamillon, as\u00ed como a la imprescindible Aiguille du Midi y al espectacular paraje de Montenvers &#8211; Mer de Glace.<br \/>Disfrute de unas vistas impresionantes mientras saborea la cocina de los restaurantes de altura enclavados en estos parajes excepcionales. Es la oportunidad perfecta para explorar las monta\u00f1as de una forma diferente, combinando los placeres gastron\u00f3micos con las vistas panor\u00e1micas.<\/p>\n\t\t\t\t\t\t\t\t<\/div>\n\t\t\t\t<div class=\"elementor-element elementor-element-bfb4f6a elementor-widget elementor-widget-button\" data-id=\"bfb4f6a\" data-element_type=\"widget\" data-e-type=\"widget\" data-widget_type=\"button.default\">\n\t\t\t\t\t\t\t\t\t\t<a class=\"elementor-button elementor-button-link elementor-size-sm\" href=\"https:\/\/www.montblancnaturalresort.com\/fr\/sejour-pietons-chamonix?_ecmp=OTCHAM\" target=\"_blank\" rel=\"noopener\">\n\t\t\t\t\t\t<span class=\"elementor-button-content-wrapper\">\n\t\t\t\t\t\t\t\t\t<span class=\"elementor-button-text\">Compre el Pase de Peat\u00f3n en l\u00ednea<\/span>\n\t\t\t\t\t<\/span>\n\t\t\t\t\t<\/a>\n\t\t\t\t\t\t\t\t<\/div>\n\t\t\t\t<\/div>\n\t\t\t\t<\/div>\n\t\t\t\t<\/div>\n\t\t\t\t<\/div>\n\t\t\t\t<\/div>\n\t\t\t\t<\/div>\n\t\t","protected":false},"excerpt":{"rendered":"<p>Paquetes Encuentre el paquete m\u00e1s adecuado para usted. Tanto si es un \u00e1vido esquiador como si simplemente siente curiosidad por los excepcionales paisajes del valle de Chamonix-Mont-Blanc, encontrar\u00e1 un paquete que se adapte a sus necesidades. Tanto si desea pasar medio d\u00eda, un d\u00eda entero o varios d\u00edas, tendr\u00e1 acceso a todas las estaciones de [&hellip;]<\/p>\n","protected":false},"author":4,"featured_media":6495,"parent":0,"menu_order":0,"comment_status":"closed","ping_status":"closed","template":"elementor_header_footer","meta":{"footnotes":""},"class_list":["post-8093","page","type-page","status-publish","has-post-thumbnail","hentry"],"jetpack_sharing_enabled":true,"_links":{"self":[{"href":"https:\/\/fontaine-chamonix.com\/es\/wp-json\/wp\/v2\/pages\/8093","targetHints":{"allow":["GET"]}}],"collection":[{"href":"https:\/\/fontaine-chamonix.com\/es\/wp-json\/wp\/v2\/pages"}],"about":[{"href":"https:\/\/fontaine-chamonix.com\/es\/wp-json\/wp\/v2\/types\/page"}],"author":[{"embeddable":true,"href":"https:\/\/fontaine-chamonix.com\/es\/wp-json\/wp\/v2\/users\/4"}],"replies":[{"embeddable":true,"href":"https:\/\/fontaine-chamonix.com\/es\/wp-json\/wp\/v2\/comments?post=8093"}],"version-history":[{"count":6,"href":"https:\/\/fontaine-chamonix.com\/es\/wp-json\/wp\/v2\/pages\/8093\/revisions"}],"predecessor-version":[{"id":9665,"href":"https:\/\/fontaine-chamonix.com\/es\/wp-json\/wp\/v2\/pages\/8093\/revisions\/9665"}],"wp:featuredmedia":[{"embeddable":true,"href":"https:\/\/fontaine-chamonix.com\/es\/wp-json\/wp\/v2\/media\/6495"}],"wp:attachment":[{"href":"https:\/\/fontaine-chamonix.com\/es\/wp-json\/wp\/v2\/media?parent=8093"}],"curies":[{"name":"wp","href":"https:\/\/api.w.org\/{rel}","templated":true}]}}