{"id":8025,"date":"2024-12-06T09:56:25","date_gmt":"2024-12-06T08:56:25","guid":{"rendered":"https:\/\/fontaine-chamonix.com\/spa-y-zona-de-relajacion\/"},"modified":"2025-12-22T19:51:33","modified_gmt":"2025-12-22T18:51:33","slug":"spa-y-zona-de-relajacion","status":"publish","type":"page","link":"https:\/\/fontaine-chamonix.com\/es\/spa-y-zona-de-relajacion\/","title":{"rendered":"SPA y zona de relajaci\u00f3n"},"content":{"rendered":"\t\t<div data-elementor-type=\"wp-page\" data-elementor-id=\"8025\" class=\"elementor elementor-8025 elementor-4199\" data-elementor-post-type=\"page\">\n\t\t\t\t<div data-dce-background-image-url=\"https:\/\/fontaine-chamonix.com\/wp-content\/uploads\/2023\/11\/espace-detente.jpg\" class=\"elementor-element elementor-element-77dccf0 e-con-full e-flex e-con e-parent\" data-id=\"77dccf0\" data-element_type=\"container\" data-e-type=\"container\" data-settings=\"{&quot;background_background&quot;:&quot;classic&quot;,&quot;jet_parallax_layout_list&quot;:[]}\">\n\t\t\t\t<div data-dce-title-color=\"#FFFFFF\" class=\"elementor-element elementor-element-4057085 elementor-widget elementor-widget-heading\" data-id=\"4057085\" data-element_type=\"widget\" data-e-type=\"widget\" data-widget_type=\"heading.default\">\n\t\t\t\t\t<h1 class=\"elementor-heading-title elementor-size-default\">Zona SPA <\/br>&amp; <\/br>relajaci\u00f3n<\/h1>\t\t\t\t<\/div>\n\t\t\t\t<\/div>\n\t\t<div class=\"elementor-element elementor-element-c6ccdbf e-con-full e-flex e-con e-parent\" data-id=\"c6ccdbf\" data-element_type=\"container\" data-e-type=\"container\" data-settings=\"{&quot;jet_parallax_layout_list&quot;:[]}\">\n\t\t\t\t<div class=\"elementor-element elementor-element-f887e48 elementor-widget elementor-widget-shortcode\" data-id=\"f887e48\" data-element_type=\"widget\" data-e-type=\"widget\" data-widget_type=\"shortcode.default\">\n\t\t\t\t\t\t\t<div class=\"elementor-shortcode\"><nav aria-label=\"breadcrumbs\" class=\"rank-math-breadcrumb\"><p><span class=\"last\">Accueil<\/span><\/p><\/nav><\/div>\n\t\t\t\t\t\t<\/div>\n\t\t\t\t<\/div>\n\t\t<div class=\"elementor-element elementor-element-7161bad e-con-full e-flex e-con e-parent\" data-id=\"7161bad\" data-element_type=\"container\" data-e-type=\"container\" data-settings=\"{&quot;jet_parallax_layout_list&quot;:[],&quot;background_background&quot;:&quot;classic&quot;}\">\n\t\t<div class=\"elementor-element elementor-element-e15bc51 e-con-full e-flex e-con e-child\" data-id=\"e15bc51\" data-element_type=\"container\" data-e-type=\"container\" data-settings=\"{&quot;jet_parallax_layout_list&quot;:[]}\">\n\t\t<div class=\"elementor-element elementor-element-0752b52 e-con-full e-flex e-con e-child\" data-id=\"0752b52\" data-element_type=\"container\" data-e-type=\"container\" data-settings=\"{&quot;jet_parallax_layout_list&quot;:[]}\">\n\t\t<div class=\"elementor-element elementor-element-0929a5d e-con-full e-flex e-con e-child\" data-id=\"0929a5d\" data-element_type=\"container\" data-e-type=\"container\" data-settings=\"{&quot;background_background&quot;:&quot;classic&quot;,&quot;jet_parallax_layout_list&quot;:[]}\">\n\t\t\t\t<div class=\"elementor-element elementor-element-4dc7b48 elementor-widget elementor-widget-heading\" data-id=\"4dc7b48\" data-element_type=\"widget\" data-e-type=\"widget\" data-widget_type=\"heading.default\">\n\t\t\t\t\t<h2 class=\"elementor-heading-title elementor-size-default\">Piscina cubierta climatizada: sum\u00e9rjase en el bienestar<\/h2>\t\t\t\t<\/div>\n\t\t\t\t<div class=\"elementor-element elementor-element-e8244f5 elementor-widget elementor-widget-text-editor\" data-id=\"e8244f5\" data-element_type=\"widget\" data-e-type=\"widget\" data-widget_type=\"text-editor.default\">\n\t\t\t\t\t\t\t\t\t<p>Dese un chapuz\u00f3n en nuestra piscina cubierta, climatizada todo el a\u00f1o, para relajarse despu\u00e9s de un d\u00eda de excursi\u00f3n o de esqu\u00ed. Ya sea para nadar unos largos o simplemente flotar y dejar atr\u00e1s las preocupaciones, la temperatura perfecta y el ambiente tranquilo le proporcionar\u00e1n una relajaci\u00f3n instant\u00e1nea.<\/p>\n<p>Horario: Abierto de 8.00 a 10.00 y de 15.00 a 20.00 h. Los ni\u00f1os deben ir acompa\u00f1ados de un adulto.<\/p>\n<p>Acceso gratuito<\/p>\n\t\t\t\t\t\t\t\t<\/div>\n\t\t\t\t<\/div>\n\t\t\t\t<\/div>\n\t\t<div class=\"elementor-element elementor-element-ea903a9 e-con-full e-flex e-con e-child\" data-id=\"ea903a9\" data-element_type=\"container\" data-e-type=\"container\" data-settings=\"{&quot;jet_parallax_layout_list&quot;:[],&quot;background_background&quot;:&quot;slideshow&quot;,&quot;motion_fx_motion_fx_scrolling&quot;:&quot;yes&quot;,&quot;motion_fx_translateY_effect&quot;:&quot;yes&quot;,&quot;motion_fx_translateY_affectedRange&quot;:{&quot;unit&quot;:&quot;%&quot;,&quot;size&quot;:&quot;&quot;,&quot;sizes&quot;:{&quot;start&quot;:0,&quot;end&quot;:47}},&quot;background_slideshow_gallery&quot;:[{&quot;id&quot;:10407,&quot;url&quot;:&quot;https:\\\/\\\/fontaine-chamonix.com\\\/wp-content\\\/uploads\\\/2025\\\/12\\\/Hotel-La-Fontaine-HD-100645-min-scaled.jpg&quot;},{&quot;id&quot;:10417,&quot;url&quot;:&quot;https:\\\/\\\/fontaine-chamonix.com\\\/wp-content\\\/uploads\\\/2025\\\/12\\\/Hotel-La-Fontaine-HD-100650-min-scaled.jpg&quot;},{&quot;id&quot;:4231,&quot;url&quot;:&quot;https:\\\/\\\/fontaine-chamonix.com\\\/wp-content\\\/uploads\\\/2024\\\/12\\\/spa-et-piscine-08.jpg&quot;},{&quot;id&quot;:10402,&quot;url&quot;:&quot;https:\\\/\\\/fontaine-chamonix.com\\\/wp-content\\\/uploads\\\/2025\\\/12\\\/Hotel-La-Fontaine-HD-100642-min-scaled.jpg&quot;}],&quot;background_slideshow_slide_duration&quot;:2000,&quot;background_slideshow_loop&quot;:&quot;yes&quot;,&quot;background_slideshow_slide_transition&quot;:&quot;fade&quot;,&quot;background_slideshow_transition_duration&quot;:500,&quot;motion_fx_translateY_speed&quot;:{&quot;unit&quot;:&quot;px&quot;,&quot;size&quot;:4,&quot;sizes&quot;:[]},&quot;motion_fx_devices&quot;:[&quot;desktop&quot;,&quot;tablet&quot;,&quot;mobile&quot;]}\">\n\t\t\t\t<\/div>\n\t\t\t\t<\/div>\n\t\t\t\t<\/div>\n\t\t<div data-dce-background-color=\"#61616212\" class=\"elementor-element elementor-element-55c2ab8 e-con-full e-flex e-con e-parent\" data-id=\"55c2ab8\" data-element_type=\"container\" data-e-type=\"container\" data-settings=\"{&quot;jet_parallax_layout_list&quot;:[],&quot;background_background&quot;:&quot;classic&quot;}\">\n\t\t<div class=\"elementor-element elementor-element-5756881 e-con-full e-flex e-con e-child\" data-id=\"5756881\" data-element_type=\"container\" data-e-type=\"container\" data-settings=\"{&quot;jet_parallax_layout_list&quot;:[]}\">\n\t\t<div class=\"elementor-element elementor-element-68c412d e-con-full e-flex e-con e-child\" data-id=\"68c412d\" data-element_type=\"container\" data-e-type=\"container\" data-settings=\"{&quot;jet_parallax_layout_list&quot;:[],&quot;background_background&quot;:&quot;slideshow&quot;,&quot;motion_fx_motion_fx_scrolling&quot;:&quot;yes&quot;,&quot;motion_fx_translateY_effect&quot;:&quot;yes&quot;,&quot;motion_fx_translateY_affectedRange&quot;:{&quot;unit&quot;:&quot;%&quot;,&quot;size&quot;:&quot;&quot;,&quot;sizes&quot;:{&quot;start&quot;:0,&quot;end&quot;:47}},&quot;background_slideshow_gallery&quot;:[{&quot;id&quot;:4250,&quot;url&quot;:&quot;https:\\\/\\\/fontaine-chamonix.com\\\/wp-content\\\/uploads\\\/2024\\\/12\\\/SAUNA-SPA-03.jpg&quot;},{&quot;id&quot;:2881,&quot;url&quot;:&quot;https:\\\/\\\/fontaine-chamonix.com\\\/wp-content\\\/uploads\\\/2021\\\/05\\\/sauna-spa-chamonix.jpeg&quot;},{&quot;id&quot;:2885,&quot;url&quot;:&quot;https:\\\/\\\/fontaine-chamonix.com\\\/wp-content\\\/uploads\\\/2021\\\/05\\\/Sauna-Spa-Fontaine-Mont-Blanc.jpeg&quot;},{&quot;id&quot;:3429,&quot;url&quot;:&quot;https:\\\/\\\/fontaine-chamonix.com\\\/wp-content\\\/uploads\\\/2023\\\/11\\\/SAUNA-SPA-HAMMAM--scaled.jpg&quot;}],&quot;background_slideshow_slide_duration&quot;:2000,&quot;background_slideshow_loop&quot;:&quot;yes&quot;,&quot;background_slideshow_slide_transition&quot;:&quot;fade&quot;,&quot;background_slideshow_transition_duration&quot;:500,&quot;motion_fx_translateY_speed&quot;:{&quot;unit&quot;:&quot;px&quot;,&quot;size&quot;:4,&quot;sizes&quot;:[]},&quot;motion_fx_devices&quot;:[&quot;desktop&quot;,&quot;tablet&quot;,&quot;mobile&quot;]}\">\n\t\t\t\t<\/div>\n\t\t<div class=\"elementor-element elementor-element-19d86a4 e-con-full e-flex e-con e-child\" data-id=\"19d86a4\" data-element_type=\"container\" data-e-type=\"container\" data-settings=\"{&quot;jet_parallax_layout_list&quot;:[]}\">\n\t\t<div class=\"elementor-element elementor-element-76af960 e-con-full e-flex e-con e-child\" data-id=\"76af960\" data-element_type=\"container\" data-e-type=\"container\" data-settings=\"{&quot;background_background&quot;:&quot;classic&quot;,&quot;jet_parallax_layout_list&quot;:[]}\">\n\t\t\t\t<div class=\"elementor-element elementor-element-e8cd390 elementor-widget elementor-widget-heading\" data-id=\"e8cd390\" data-element_type=\"widget\" data-e-type=\"widget\" data-widget_type=\"heading.default\">\n\t\t\t\t\t<h2 class=\"elementor-heading-title elementor-size-default\">Sauna: una escapada beneficiosa<\/h2>\t\t\t\t<\/div>\n\t\t\t\t<div class=\"elementor-element elementor-element-1bfba10 elementor-widget elementor-widget-text-editor\" data-id=\"1bfba10\" data-element_type=\"widget\" data-e-type=\"widget\" data-widget_type=\"text-editor.default\">\n\t\t\t\t\t\t\t\t\t<p>Rel\u00e1jese en nuestra sauna, un santuario de calor y tranquilidad. Dise\u00f1ada para aliviar los m\u00fasculos y purificar la piel, la sauna le ofrece un merecido descanso en un ambiente envolvente. Aproveche el calor seco para revitalizar su cuerpo despu\u00e9s de un d\u00eda activo.<\/p>\n<p>Horarios: de 17:00 a 20:00 h, ba\u00f1ador obligatorio.<\/p>\n<p>Acceso gratuito<\/p>\n\t\t\t\t\t\t\t\t<\/div>\n\t\t\t\t<\/div>\n\t\t\t\t<\/div>\n\t\t\t\t<\/div>\n\t\t\t\t<\/div>\n\t\t<div class=\"elementor-element elementor-element-c787d82 e-con-full e-flex e-con e-parent\" data-id=\"c787d82\" data-element_type=\"container\" data-e-type=\"container\" data-settings=\"{&quot;jet_parallax_layout_list&quot;:[],&quot;background_background&quot;:&quot;classic&quot;}\">\n\t\t<div class=\"elementor-element elementor-element-377b625 e-con-full e-flex e-con e-child\" data-id=\"377b625\" data-element_type=\"container\" data-e-type=\"container\" data-settings=\"{&quot;jet_parallax_layout_list&quot;:[]}\">\n\t\t<div class=\"elementor-element elementor-element-3b57139 e-con-full e-flex e-con e-child\" data-id=\"3b57139\" data-element_type=\"container\" data-e-type=\"container\" data-settings=\"{&quot;jet_parallax_layout_list&quot;:[]}\">\n\t\t<div class=\"elementor-element elementor-element-8497db1 e-con-full e-flex e-con e-child\" data-id=\"8497db1\" data-element_type=\"container\" data-e-type=\"container\" data-settings=\"{&quot;background_background&quot;:&quot;classic&quot;,&quot;jet_parallax_layout_list&quot;:[]}\">\n\t\t\t\t<div class=\"elementor-element elementor-element-eeed80a elementor-widget elementor-widget-heading\" data-id=\"eeed80a\" data-element_type=\"widget\" data-e-type=\"widget\" data-widget_type=\"heading.default\">\n\t\t\t\t\t<h2 class=\"elementor-heading-title elementor-size-default\">Hammam: la dulzura del vapor<\/h2>\t\t\t\t<\/div>\n\t\t\t\t<div class=\"elementor-element elementor-element-1c63c8e elementor-widget elementor-widget-text-editor\" data-id=\"1c63c8e\" data-element_type=\"widget\" data-e-type=\"widget\" data-widget_type=\"text-editor.default\">\n\t\t\t\t\t\t\t\t\t<p>Reg\u00e1lese un momento de bienestar en nuestro hammam, donde el vapor caliente le invita a una profunda relajaci\u00f3n. Perfecto para eliminar toxinas, favorecer la circulaci\u00f3n y relajar los m\u00fasculos. D\u00e9jese envolver por esta atm\u00f3sfera relajante para una sensaci\u00f3n de ligereza incomparable.<\/p>\n<p>Horario: de 17:00 a 20:00 h, ba\u00f1ador obligatorio.<\/p>\n<p>Acceso gratuito.<\/p>\n\t\t\t\t\t\t\t\t<\/div>\n\t\t\t\t<\/div>\n\t\t\t\t<\/div>\n\t\t<div class=\"elementor-element elementor-element-82bd3f2 e-con-full e-flex e-con e-child\" data-id=\"82bd3f2\" data-element_type=\"container\" data-e-type=\"container\" data-settings=\"{&quot;jet_parallax_layout_list&quot;:[],&quot;background_background&quot;:&quot;slideshow&quot;,&quot;motion_fx_motion_fx_scrolling&quot;:&quot;yes&quot;,&quot;motion_fx_translateY_effect&quot;:&quot;yes&quot;,&quot;motion_fx_translateY_affectedRange&quot;:{&quot;unit&quot;:&quot;%&quot;,&quot;size&quot;:&quot;&quot;,&quot;sizes&quot;:{&quot;start&quot;:0,&quot;end&quot;:47}},&quot;background_slideshow_gallery&quot;:[{&quot;id&quot;:2865,&quot;url&quot;:&quot;https:\\\/\\\/fontaine-chamonix.com\\\/wp-content\\\/uploads\\\/2021\\\/05\\\/Hammam-spa-Chamonix-Mont-Blanc.jpeg&quot;}],&quot;background_slideshow_slide_duration&quot;:2000,&quot;background_slideshow_loop&quot;:&quot;yes&quot;,&quot;background_slideshow_slide_transition&quot;:&quot;fade&quot;,&quot;background_slideshow_transition_duration&quot;:500,&quot;motion_fx_translateY_speed&quot;:{&quot;unit&quot;:&quot;px&quot;,&quot;size&quot;:4,&quot;sizes&quot;:[]},&quot;motion_fx_devices&quot;:[&quot;desktop&quot;,&quot;tablet&quot;,&quot;mobile&quot;]}\">\n\t\t\t\t<\/div>\n\t\t\t\t<\/div>\n\t\t\t\t<\/div>\n\t\t<div data-dce-background-color=\"#61616212\" class=\"elementor-element elementor-element-f020a40 e-con-full e-flex e-con e-parent\" data-id=\"f020a40\" data-element_type=\"container\" data-e-type=\"container\" data-settings=\"{&quot;jet_parallax_layout_list&quot;:[],&quot;background_background&quot;:&quot;classic&quot;}\">\n\t\t\t\t<\/div>\n\t\t\t\t<\/div>\n\t\t","protected":false},"excerpt":{"rendered":"<p>Zona SPA &amp; relajaci\u00f3n Piscina cubierta climatizada: sum\u00e9rjase en el bienestar Dese un chapuz\u00f3n en nuestra piscina cubierta, climatizada todo el a\u00f1o, para relajarse despu\u00e9s de un d\u00eda de excursi\u00f3n o de esqu\u00ed. Ya sea para nadar unos largos o simplemente flotar y dejar atr\u00e1s las preocupaciones, la temperatura perfecta y el ambiente tranquilo le [&hellip;]<\/p>\n","protected":false},"author":3,"featured_media":3441,"parent":0,"menu_order":0,"comment_status":"closed","ping_status":"closed","template":"elementor_header_footer","meta":{"footnotes":""},"class_list":["post-8025","page","type-page","status-publish","has-post-thumbnail","hentry"],"jetpack_sharing_enabled":true,"_links":{"self":[{"href":"https:\/\/fontaine-chamonix.com\/es\/wp-json\/wp\/v2\/pages\/8025","targetHints":{"allow":["GET"]}}],"collection":[{"href":"https:\/\/fontaine-chamonix.com\/es\/wp-json\/wp\/v2\/pages"}],"about":[{"href":"https:\/\/fontaine-chamonix.com\/es\/wp-json\/wp\/v2\/types\/page"}],"author":[{"embeddable":true,"href":"https:\/\/fontaine-chamonix.com\/es\/wp-json\/wp\/v2\/users\/3"}],"replies":[{"embeddable":true,"href":"https:\/\/fontaine-chamonix.com\/es\/wp-json\/wp\/v2\/comments?post=8025"}],"version-history":[{"count":7,"href":"https:\/\/fontaine-chamonix.com\/es\/wp-json\/wp\/v2\/pages\/8025\/revisions"}],"predecessor-version":[{"id":11347,"href":"https:\/\/fontaine-chamonix.com\/es\/wp-json\/wp\/v2\/pages\/8025\/revisions\/11347"}],"wp:featuredmedia":[{"embeddable":true,"href":"https:\/\/fontaine-chamonix.com\/es\/wp-json\/wp\/v2\/media\/3441"}],"wp:attachment":[{"href":"https:\/\/fontaine-chamonix.com\/es\/wp-json\/wp\/v2\/media?parent=8025"}],"curies":[{"name":"wp","href":"https:\/\/api.w.org\/{rel}","templated":true}]}}