{"id":8011,"date":"2025-01-26T10:45:15","date_gmt":"2025-01-26T09:45:15","guid":{"rendered":"https:\/\/fontaine-chamonix.com\/escuela-de-esqui\/"},"modified":"2025-07-31T10:24:03","modified_gmt":"2025-07-31T08:24:03","slug":"escuela-de-esqui","status":"publish","type":"page","link":"https:\/\/fontaine-chamonix.com\/es\/escuela-de-esqui\/","title":{"rendered":"Escuela de esqu\u00ed"},"content":{"rendered":"\t\t<div data-elementor-type=\"wp-page\" data-elementor-id=\"8011\" class=\"elementor elementor-8011 elementor-7299\" data-elementor-post-type=\"page\">\n\t\t\t\t<div data-dce-background-image-url=\"https:\/\/fontaine-chamonix.com\/wp-content\/uploads\/2025\/01\/nejc-peternelj-SCXuSA6-Szg-unsplash-1-scaled.jpg\" class=\"elementor-element elementor-element-4f91c8e4 e-con-full e-flex e-con e-parent\" data-id=\"4f91c8e4\" data-element_type=\"container\" data-e-type=\"container\" data-settings=\"{&quot;background_background&quot;:&quot;classic&quot;,&quot;jet_parallax_layout_list&quot;:[]}\">\n\t\t\t\t<div data-dce-title-color=\"#FFFFFF\" class=\"elementor-element elementor-element-7df773dc elementor-widget elementor-widget-heading\" data-id=\"7df773dc\" data-element_type=\"widget\" data-e-type=\"widget\" data-widget_type=\"heading.default\">\n\t\t\t\t\t<h1 class=\"elementor-heading-title elementor-size-default\">Escuela de esqu\u00ed<\/h1>\t\t\t\t<\/div>\n\t\t\t\t<\/div>\n\t\t<div class=\"elementor-element elementor-element-2e3fbbfa e-con-full e-flex e-con e-parent\" data-id=\"2e3fbbfa\" data-element_type=\"container\" data-e-type=\"container\" data-settings=\"{&quot;jet_parallax_layout_list&quot;:[]}\">\n\t\t\t\t<div class=\"elementor-element elementor-element-2bef6e18 elementor-widget elementor-widget-shortcode\" data-id=\"2bef6e18\" data-element_type=\"widget\" data-e-type=\"widget\" data-widget_type=\"shortcode.default\">\n\t\t\t\t\t\t\t<div class=\"elementor-shortcode\"><nav aria-label=\"breadcrumbs\" class=\"rank-math-breadcrumb\"><p><span class=\"last\">Accueil<\/span><\/p><\/nav><\/div>\n\t\t\t\t\t\t<\/div>\n\t\t\t\t<\/div>\n\t\t<div class=\"elementor-element elementor-element-6db2e274 e-con-full e-flex e-con e-parent\" data-id=\"6db2e274\" data-element_type=\"container\" data-e-type=\"container\" data-settings=\"{&quot;jet_parallax_layout_list&quot;:[]}\">\n\t\t<div class=\"elementor-element elementor-element-21dece99 e-con-full e-flex e-con e-child\" data-id=\"21dece99\" data-element_type=\"container\" data-e-type=\"container\" data-settings=\"{&quot;background_background&quot;:&quot;classic&quot;,&quot;jet_parallax_layout_list&quot;:[]}\">\n\t\t\t\t<div data-dce-title-color=\"#212028\" class=\"elementor-element elementor-element-3e2cd9a5 elementor-widget elementor-widget-heading\" data-id=\"3e2cd9a5\" data-element_type=\"widget\" data-e-type=\"widget\" data-widget_type=\"heading.default\">\n\t\t\t\t\t<h2 class=\"elementor-heading-title elementor-size-default\">No hay l\u00edmite de edad para aprender. <\/h2>\t\t\t\t<\/div>\n\t\t\t\t<div class=\"elementor-element elementor-element-5e5e8fa elementor-widget elementor-widget-text-editor\" data-id=\"5e5e8fa\" data-element_type=\"widget\" data-e-type=\"widget\" data-widget_type=\"text-editor.default\">\n\t\t\t\t\t\t\t\t\t<p>Tanto si eres principiante como si buscas mejorar tu t\u00e9cnica, las escuelas de esqu\u00ed del valle te dan la bienvenida al coraz\u00f3n de las monta\u00f1as. Aproveche nuestras ofertas especiales para ayudarle a dar sus primeros pasos en la nieve.<\/p>\n<p>La Oficina de Turismo ofrece un pack especial para principiantes, ideal para los que nunca han esquiado. Recibir\u00e1 la supervisi\u00f3n personalizada de un monitor cualificado, para que pueda aprender con total seguridad. Es la manera perfecta de descubrir los placeres del esqu\u00ed y disfrutar de una experiencia \u00fanica en la monta\u00f1a en un entorno tranquilo.<\/p>\n\t\t\t\t\t\t\t\t<\/div>\n\t\t\t\t<div class=\"elementor-element elementor-element-1f00f39 elementor-align-center elementor-widget elementor-widget-button\" data-id=\"1f00f39\" data-element_type=\"widget\" data-e-type=\"widget\" data-widget_type=\"button.default\">\n\t\t\t\t\t\t\t\t\t\t<a class=\"elementor-button elementor-button-link elementor-size-sm\" href=\"https:\/\/booking.chamonix.com\/fr\/serpActivity?type=newActivity&#038;s_st=base_price&#038;ref_c.thematique_activity=1stski\" target=\"_blank\" rel=\"noopener\">\n\t\t\t\t\t\t<span class=\"elementor-button-content-wrapper\">\n\t\t\t\t\t\t\t\t\t<span class=\"elementor-button-text\">Reserve ya su curso<\/span>\n\t\t\t\t\t<\/span>\n\t\t\t\t\t<\/a>\n\t\t\t\t\t\t\t\t<\/div>\n\t\t\t\t<div class=\"elementor-element elementor-element-5005f0ad elementor-widget elementor-widget-spacer\" data-id=\"5005f0ad\" data-element_type=\"widget\" data-e-type=\"widget\" data-widget_type=\"spacer.default\">\n\t\t\t\t\t\t\t<div class=\"elementor-spacer\">\n\t\t\t<div class=\"elementor-spacer-inner\"><\/div>\n\t\t<\/div>\n\t\t\t\t\t\t<\/div>\n\t\t\t\t<div class=\"elementor-element elementor-element-6d720ac6 elementor-widget elementor-widget-spacer\" data-id=\"6d720ac6\" data-element_type=\"widget\" data-e-type=\"widget\" data-widget_type=\"spacer.default\">\n\t\t\t\t\t\t\t<div class=\"elementor-spacer\">\n\t\t\t<div class=\"elementor-spacer-inner\"><\/div>\n\t\t<\/div>\n\t\t\t\t\t\t<\/div>\n\t\t<div class=\"elementor-element elementor-element-43d105ad e-con-full e-flex e-con e-child\" data-id=\"43d105ad\" data-element_type=\"container\" data-e-type=\"container\" data-settings=\"{&quot;jet_parallax_layout_list&quot;:[]}\">\n\t\t<div class=\"elementor-element elementor-element-1678814b e-con-full e-flex e-con e-child\" data-id=\"1678814b\" data-element_type=\"container\" data-e-type=\"container\" data-settings=\"{&quot;background_background&quot;:&quot;slideshow&quot;,&quot;background_slideshow_gallery&quot;:[{&quot;id&quot;:9630,&quot;url&quot;:&quot;https:\\\/\\\/fontaine-chamonix.com\\\/wp-content\\\/uploads\\\/2025\\\/07\\\/maxwell-ingham-d3Lm40Dn9rA-unsplash-1-scaled.jpg&quot;}],&quot;background_slideshow_slide_duration&quot;:2000,&quot;jet_parallax_layout_list&quot;:[],&quot;background_slideshow_loop&quot;:&quot;yes&quot;,&quot;background_slideshow_slide_transition&quot;:&quot;fade&quot;,&quot;background_slideshow_transition_duration&quot;:500}\">\n\t\t\t\t<\/div>\n\t\t<div class=\"elementor-element elementor-element-3c834f60 e-con-full e-flex e-con e-child\" data-id=\"3c834f60\" data-element_type=\"container\" data-e-type=\"container\" data-settings=\"{&quot;jet_parallax_layout_list&quot;:[]}\">\n\t\t\t\t<div data-dce-title-color=\"#000000\" class=\"elementor-element elementor-element-7effe45d elementor-widget elementor-widget-heading\" data-id=\"7effe45d\" data-element_type=\"widget\" data-e-type=\"widget\" data-widget_type=\"heading.default\">\n\t\t\t\t\t<h2 class=\"elementor-heading-title elementor-size-default\">Guarder\u00eda y jard\u00edn de nieve ESF Chamonix<\/h2>\t\t\t\t<\/div>\n\t\t\t\t<div class=\"elementor-element elementor-element-73538449 elementor-widget elementor-widget-text-editor\" data-id=\"73538449\" data-element_type=\"widget\" data-e-type=\"widget\" data-widget_type=\"text-editor.default\">\n\t\t\t\t\t\t\t\t\t<p>En la ESF de Chamonix, los monitores ofrecen clases de esqu\u00ed adaptadas a las necesidades de su hijo, para ayudarle a progresar sin problemas. Gracias a una supervisi\u00f3n de calidad, su hijo aprender\u00e1 a esquiar con total seguridad y un acompa\u00f1amiento personalizado adaptado a su nivel y a sus necesidades.<\/p>\n<p>En la guarder\u00eda, los m\u00e1s peque\u00f1os descubren el placer de esquiar en un entorno seguro. Supervisados por monitores cualificados, progresan a su ritmo mientras se divierten en las pistas.<\/p>\n<p>Condiciones<br \/>Los ni\u00f1os que lleven pa\u00f1ales no pueden participar en las clases de esqu\u00ed ni en el club, y se desaconsejan las jornadas completas a los ni\u00f1os de 3 a\u00f1os para garantizar su comodidad y seguridad.<\/p>\n<p>El FSE Chamonix le da la bienvenida hasta el 11\/04\/2025, todos los d\u00edas, a reserva de condiciones meteorol\u00f3gicas y de nieve favorables.<\/p>\n<p>Tel\u00e9fono: 04 50 53 22 57<\/p>\n\t\t\t\t\t\t\t\t<\/div>\n\t\t\t\t<div class=\"elementor-element elementor-element-3fb7913 elementor-widget elementor-widget-button\" data-id=\"3fb7913\" data-element_type=\"widget\" data-e-type=\"widget\" data-widget_type=\"button.default\">\n\t\t\t\t\t\t\t\t\t\t<a class=\"elementor-button elementor-button-link elementor-size-sm\" href=\"https:\/\/www.chamonix.com\/activites\/hiver\/le-ski-dans-la-vallee-de-chamonix-mont-blanc\/ecole-de-ski-et-snowboard#:~:text=Garderie%20et%20Jardin%20des%20Neiges%20%2D%20ESF%20de%20Chamonix\" target=\"_blank\" rel=\"noopener\">\n\t\t\t\t\t\t<span class=\"elementor-button-content-wrapper\">\n\t\t\t\t\t\t\t\t\t<span class=\"elementor-button-text\">M\u00e1s informaci\u00f3n<\/span>\n\t\t\t\t\t<\/span>\n\t\t\t\t\t<\/a>\n\t\t\t\t\t\t\t\t<\/div>\n\t\t\t\t<\/div>\n\t\t\t\t<\/div>\n\t\t\t\t<div class=\"elementor-element elementor-element-27216810 elementor-widget elementor-widget-spacer\" data-id=\"27216810\" data-element_type=\"widget\" data-e-type=\"widget\" data-widget_type=\"spacer.default\">\n\t\t\t\t\t\t\t<div class=\"elementor-spacer\">\n\t\t\t<div class=\"elementor-spacer-inner\"><\/div>\n\t\t<\/div>\n\t\t\t\t\t\t<\/div>\n\t\t<div class=\"elementor-element elementor-element-48a220dd e-con-full e-flex e-con e-child\" data-id=\"48a220dd\" data-element_type=\"container\" data-e-type=\"container\" data-settings=\"{&quot;jet_parallax_layout_list&quot;:[]}\">\n\t\t<div class=\"elementor-element elementor-element-105b009 e-con-full e-flex e-con e-child\" data-id=\"105b009\" data-element_type=\"container\" data-e-type=\"container\" data-settings=\"{&quot;jet_parallax_layout_list&quot;:[]}\">\n\t\t<div class=\"elementor-element elementor-element-3b5944b8 e-con-full e-flex e-con e-child\" data-id=\"3b5944b8\" data-element_type=\"container\" data-e-type=\"container\" data-settings=\"{&quot;jet_parallax_layout_list&quot;:[]}\">\n\t\t\t\t<div data-dce-title-color=\"#000000\" class=\"elementor-element elementor-element-4f0fd12 elementor-widget elementor-widget-heading\" data-id=\"4f0fd12\" data-element_type=\"widget\" data-e-type=\"widget\" data-widget_type=\"heading.default\">\n\t\t\t\t\t<h2 class=\"elementor-heading-title elementor-size-default\">ESF Les Houches<\/h2>\t\t\t\t<\/div>\n\t\t\t\t<div class=\"elementor-element elementor-element-4280cb3b elementor-widget elementor-widget-text-editor\" data-id=\"4280cb3b\" data-element_type=\"widget\" data-e-type=\"widget\" data-widget_type=\"text-editor.default\">\n\t\t\t\t\t\t\t\t\t<p>La ESF de Les Houches cuenta con m\u00e1s de 100 monitores titulados por el Estado que trabajan desde 2 oficinas en Les Houches. Apasionados por su trabajo, nuestros monitores de esqu\u00ed ense\u00f1an todas las disciplinas de los deportes de invierno: esqu\u00ed, snowboard, telemark, esqu\u00ed de fondo, sit-ski, etc.<\/p>\n<p>Clases de esqu\u00ed para adultos y ni\u00f1os<br \/>Tanto para principiantes como para esquiadores experimentados, la ESF de Les Houches ofrece clases de esqu\u00ed para todos los niveles, impartidas por monitores cualificados. Tambi\u00e9n ense\u00f1amos otros deportes de invierno como el snowboard y el esqu\u00ed de telemark, para una experiencia completa en la monta\u00f1a.<\/p>\n<p>Clases de esqu\u00ed nocturno<br \/>Disfrute de una experiencia \u00fanica con las clases de esqu\u00ed nocturno en la pista del Tourchet durante las vacaciones de invierno. Una actividad ideal para los aficionados al esqu\u00ed nocturno.<\/p>\n<p>Accesibilidad para personas con discapacidad<br \/>Para el FSE de Les Houches es un honor ofrecer soportes y equipos especialmente adaptados para personas con discapacidad, con el fin de garantizar una experiencia de esqu\u00ed segura e integradora.<\/p>\n<p>Excursiones con raquetas de nieve con gu\u00edas especializados<br \/>Gu\u00edas experimentados conducen salidas con raquetas de nieve, para que pueda descubrir las monta\u00f1as de una manera diferente y disfrutar de momentos de convivencia en plena naturaleza.<\/p>\n<p>Tel\u00e9fono: 04 50 54 48 79<\/p>\n\t\t\t\t\t\t\t\t<\/div>\n\t\t\t\t<div class=\"elementor-element elementor-element-37096dbc elementor-widget elementor-widget-button\" data-id=\"37096dbc\" data-element_type=\"widget\" data-e-type=\"widget\" data-widget_type=\"button.default\">\n\t\t\t\t\t\t\t\t\t\t<a class=\"elementor-button elementor-button-link elementor-size-sm\" href=\"https:\/\/www.chamonix.com\/activites\/hiver\/ski-de-fond\/ecoles-de-ski-nordique\/esf-les-houches\" target=\"_blank\" rel=\"noopener\">\n\t\t\t\t\t\t<span class=\"elementor-button-content-wrapper\">\n\t\t\t\t\t\t\t\t\t<span class=\"elementor-button-text\">M\u00e1s informaci\u00f3n<\/span>\n\t\t\t\t\t<\/span>\n\t\t\t\t\t<\/a>\n\t\t\t\t\t\t\t\t<\/div>\n\t\t\t\t<\/div>\n\t\t<div class=\"elementor-element elementor-element-2a61cbb e-con-full e-flex e-con e-child\" data-id=\"2a61cbb\" data-element_type=\"container\" data-e-type=\"container\" data-settings=\"{&quot;background_background&quot;:&quot;slideshow&quot;,&quot;background_slideshow_gallery&quot;:[{&quot;id&quot;:9613,&quot;url&quot;:&quot;https:\\\/\\\/fontaine-chamonix.com\\\/wp-content\\\/uploads\\\/2025\\\/07\\\/kevin-bessat-aDP2i04upHU-unsplash-1-scaled.jpg&quot;}],&quot;background_slideshow_slide_duration&quot;:2000,&quot;jet_parallax_layout_list&quot;:[],&quot;background_slideshow_loop&quot;:&quot;yes&quot;,&quot;background_slideshow_slide_transition&quot;:&quot;fade&quot;,&quot;background_slideshow_transition_duration&quot;:500}\">\n\t\t\t\t<\/div>\n\t\t\t\t<\/div>\n\t\t\t\t<\/div>\n\t\t<div class=\"elementor-element elementor-element-44097361 e-con-full e-flex e-con e-child\" data-id=\"44097361\" data-element_type=\"container\" data-e-type=\"container\" data-settings=\"{&quot;jet_parallax_layout_list&quot;:[]}\">\n\t\t<div class=\"elementor-element elementor-element-763b5024 e-con-full e-flex e-con e-child\" data-id=\"763b5024\" data-element_type=\"container\" data-e-type=\"container\" data-settings=\"{&quot;jet_parallax_layout_list&quot;:[]}\">\n\t\t<div class=\"elementor-element elementor-element-1073e687 e-con-full e-flex e-con e-child\" data-id=\"1073e687\" data-element_type=\"container\" data-e-type=\"container\" data-settings=\"{&quot;background_background&quot;:&quot;slideshow&quot;,&quot;background_slideshow_gallery&quot;:[{&quot;id&quot;:9618,&quot;url&quot;:&quot;https:\\\/\\\/fontaine-chamonix.com\\\/wp-content\\\/uploads\\\/2025\\\/07\\\/aston-holtes-1CSrMUaua8k-unsplash-1-scaled.jpg&quot;}],&quot;background_slideshow_slide_duration&quot;:2000,&quot;jet_parallax_layout_list&quot;:[],&quot;background_slideshow_loop&quot;:&quot;yes&quot;,&quot;background_slideshow_slide_transition&quot;:&quot;fade&quot;,&quot;background_slideshow_transition_duration&quot;:500}\">\n\t\t\t\t<\/div>\n\t\t<div class=\"elementor-element elementor-element-12b02c4e e-con-full e-flex e-con e-child\" data-id=\"12b02c4e\" data-element_type=\"container\" data-e-type=\"container\" data-settings=\"{&quot;jet_parallax_layout_list&quot;:[]}\">\n\t\t\t\t<div data-dce-title-color=\"#000000\" class=\"elementor-element elementor-element-29356a97 elementor-widget elementor-widget-heading\" data-id=\"29356a97\" data-element_type=\"widget\" data-e-type=\"widget\" data-widget_type=\"heading.default\">\n\t\t\t\t\t<h2 class=\"elementor-heading-title elementor-size-default\">ESF Chamonix<\/h2>\t\t\t\t<\/div>\n\t\t\t\t<div class=\"elementor-element elementor-element-4ae174c2 elementor-widget elementor-widget-text-editor\" data-id=\"4ae174c2\" data-element_type=\"widget\" data-e-type=\"widget\" data-widget_type=\"text-editor.default\">\n\t\t\t\t\t\t\t\t\t<p>280 monitores y gu\u00edas experimentados ofrecen clases personalizadas en todas las zonas de esqu\u00ed del valle de Chamonix, adaptadas a todos los niveles.<\/p>\n<p>Para los ni\u00f1os a partir de 3 a\u00f1os, los clubes Savoy y Planards ofrecen clases de un d\u00eda o medio d\u00eda, con o sin comidas.<\/p>\n<p>Actividades disponibles: esqu\u00ed alpino, esqu\u00ed de fondo, snowboard, handiski, excursiones con raquetas de nieve, iniciaci\u00f3n al esqu\u00ed para ni\u00f1os.<\/p>\n<p>Tel\u00e9fono: 04 50 53 22 57<\/p>\n\t\t\t\t\t\t\t\t<\/div>\n\t\t\t\t<div class=\"elementor-element elementor-element-15e6c30b elementor-widget elementor-widget-button\" data-id=\"15e6c30b\" data-element_type=\"widget\" data-e-type=\"widget\" data-widget_type=\"button.default\">\n\t\t\t\t\t\t\t\t\t\t<a class=\"elementor-button elementor-button-link elementor-size-sm\" href=\"https:\/\/static.apidae-tourisme.com\/filestore\/objets-touristiques\/documents\/199\/13\/921031\/produits-esf-cham-FR.pdf\" target=\"_blank\" rel=\"noopener\">\n\t\t\t\t\t\t<span class=\"elementor-button-content-wrapper\">\n\t\t\t\t\t\t\t\t\t<span class=\"elementor-button-text\">Folleto de la escuela de esqu\u00ed de Chamonix<\/span>\n\t\t\t\t\t<\/span>\n\t\t\t\t\t<\/a>\n\t\t\t\t\t\t\t\t<\/div>\n\t\t\t\t<\/div>\n\t\t\t\t<\/div>\n\t\t\t\t<\/div>\n\t\t\t\t<\/div>\n\t\t\t\t<\/div>\n\t\t\t\t<\/div>\n\t\t","protected":false},"excerpt":{"rendered":"<p>Escuela de esqu\u00ed No hay l\u00edmite de edad para aprender. Tanto si eres principiante como si buscas mejorar tu t\u00e9cnica, las escuelas de esqu\u00ed del valle te dan la bienvenida al coraz\u00f3n de las monta\u00f1as. Aproveche nuestras ofertas especiales para ayudarle a dar sus primeros pasos en la nieve. La Oficina de Turismo ofrece un [&hellip;]<\/p>\n","protected":false},"author":4,"featured_media":6609,"parent":0,"menu_order":0,"comment_status":"closed","ping_status":"closed","template":"elementor_header_footer","meta":{"footnotes":""},"class_list":["post-8011","page","type-page","status-publish","has-post-thumbnail","hentry"],"jetpack_sharing_enabled":true,"_links":{"self":[{"href":"https:\/\/fontaine-chamonix.com\/es\/wp-json\/wp\/v2\/pages\/8011","targetHints":{"allow":["GET"]}}],"collection":[{"href":"https:\/\/fontaine-chamonix.com\/es\/wp-json\/wp\/v2\/pages"}],"about":[{"href":"https:\/\/fontaine-chamonix.com\/es\/wp-json\/wp\/v2\/types\/page"}],"author":[{"embeddable":true,"href":"https:\/\/fontaine-chamonix.com\/es\/wp-json\/wp\/v2\/users\/4"}],"replies":[{"embeddable":true,"href":"https:\/\/fontaine-chamonix.com\/es\/wp-json\/wp\/v2\/comments?post=8011"}],"version-history":[{"count":7,"href":"https:\/\/fontaine-chamonix.com\/es\/wp-json\/wp\/v2\/pages\/8011\/revisions"}],"predecessor-version":[{"id":9647,"href":"https:\/\/fontaine-chamonix.com\/es\/wp-json\/wp\/v2\/pages\/8011\/revisions\/9647"}],"wp:featuredmedia":[{"embeddable":true,"href":"https:\/\/fontaine-chamonix.com\/es\/wp-json\/wp\/v2\/media\/6609"}],"wp:attachment":[{"href":"https:\/\/fontaine-chamonix.com\/es\/wp-json\/wp\/v2\/media?parent=8011"}],"curies":[{"name":"wp","href":"https:\/\/api.w.org\/{rel}","templated":true}]}}