{"id":7995,"date":"2020-12-28T17:34:52","date_gmt":"2020-12-28T16:34:52","guid":{"rendered":"https:\/\/fontaine-chamonix.com\/condiciones-generales-de-venta\/"},"modified":"2025-02-08T16:51:48","modified_gmt":"2025-02-08T15:51:48","slug":"condiciones-generales-de-venta","status":"publish","type":"page","link":"https:\/\/fontaine-chamonix.com\/es\/condiciones-generales-de-venta\/","title":{"rendered":"Condiciones generales de venta"},"content":{"rendered":"\t\t<div data-elementor-type=\"wp-page\" data-elementor-id=\"7995\" class=\"elementor elementor-7995 elementor-972\" data-elementor-post-type=\"page\">\n\t\t\t\t<div data-dce-background-image-url=\"https:\/\/fontaine-chamonix.com\/wp-content\/uploads\/2024\/12\/bg-cgv.jpg\" class=\"elementor-element elementor-element-3ca0faf e-con-full e-flex e-con e-parent\" data-id=\"3ca0faf\" data-element_type=\"container\" data-e-type=\"container\" data-settings=\"{&quot;background_background&quot;:&quot;classic&quot;,&quot;jet_parallax_layout_list&quot;:[]}\">\n\t\t\t\t<div data-dce-title-color=\"#FFFFFF\" class=\"elementor-element elementor-element-75da701 elementor-widget elementor-widget-heading\" data-id=\"75da701\" data-element_type=\"widget\" data-e-type=\"widget\" data-widget_type=\"heading.default\">\n\t\t\t\t\t<h1 class=\"elementor-heading-title elementor-size-default\">Condiciones generales de venta<\/h1>\t\t\t\t<\/div>\n\t\t\t\t<\/div>\n\t\t<div class=\"elementor-element elementor-element-77bcc13 e-con-full e-flex e-con e-parent\" data-id=\"77bcc13\" data-element_type=\"container\" data-e-type=\"container\" data-settings=\"{&quot;jet_parallax_layout_list&quot;:[]}\">\n\t\t\t\t<div class=\"elementor-element elementor-element-4ef8ba0 elementor-widget elementor-widget-shortcode\" data-id=\"4ef8ba0\" data-element_type=\"widget\" data-e-type=\"widget\" data-widget_type=\"shortcode.default\">\n\t\t\t\t\t\t\t<div class=\"elementor-shortcode\"><nav aria-label=\"breadcrumbs\" class=\"rank-math-breadcrumb\"><p><span class=\"last\">Accueil<\/span><\/p><\/nav><\/div>\n\t\t\t\t\t\t<\/div>\n\t\t\t\t<\/div>\n\t\t<div class=\"elementor-element elementor-element-5dea7f7 e-con-full e-flex e-con e-parent\" data-id=\"5dea7f7\" data-element_type=\"container\" data-e-type=\"container\" data-settings=\"{&quot;jet_parallax_layout_list&quot;:[]}\">\n\t\t<div class=\"elementor-element elementor-element-31c193f e-con-full e-flex e-con e-child\" data-id=\"31c193f\" data-element_type=\"container\" data-e-type=\"container\" data-settings=\"{&quot;background_background&quot;:&quot;classic&quot;,&quot;jet_parallax_layout_list&quot;:[]}\">\n\t\t\t\t<div class=\"elementor-element elementor-element-cfdf8e6 elementor-widget elementor-widget-text-editor\" data-id=\"cfdf8e6\" data-element_type=\"widget\" data-e-type=\"widget\" data-widget_type=\"text-editor.default\">\n\t\t\t\t\t\t\t\t\t<p>Las presentes Condiciones Generales de Venta se aplican, sin restricci\u00f3n ni reserva, a todas las compras de servicios de reserva de habitaciones de hotel y servicios conexos ofrecidos por H\u00f4tel La Fontaine a los consumidores y clientes en el sitio web del Hotel.<\/p>\n\t\t\t\t\t\t\t\t<\/div>\n\t\t\t\t<div data-dce-title-color=\"#212028\" class=\"elementor-element elementor-element-c96e7b4 elementor-widget elementor-widget-heading\" data-id=\"c96e7b4\" data-element_type=\"widget\" data-e-type=\"widget\" data-widget_type=\"heading.default\">\n\t\t\t\t\t<h2 class=\"elementor-heading-title elementor-size-default\">Remisi\u00f3n al Defensor del Consumidor<\/h2>\t\t\t\t<\/div>\n\t\t\t\t<div class=\"elementor-element elementor-element-b2d0b48 elementor-widget elementor-widget-text-editor\" data-id=\"b2d0b48\" data-element_type=\"widget\" data-e-type=\"widget\" data-widget_type=\"text-editor.default\">\n\t\t\t\t\t\t\t\t\t<p>En caso de litigio no resuelto con el Hotel La Fontaine, de conformidad con los art\u00edculos L. 616-1 y R. 616-1 del C\u00f3digo de Consumo franc\u00e9s, el cliente tiene derecho a recurrir al Defensor del Turismo y de los Viajes para intentar, con su ayuda, encontrar una soluci\u00f3n amistosa al conflicto.<br \/>\nLos datos de contacto son los siguientes<br \/>\nDefensor del Turista y del Viajero,<br \/>\nMTV M\u00e9diation Tourisme Voyage<br \/>\nBP 80 303<br \/>\n75823 Par\u00eds Cedex 17 Francia<\/p>\n<p>Los detalles sobre c\u00f3mo ponerse en contacto con el Defensor del Pueblo est\u00e1n disponibles en la siguiente p\u00e1gina web: www.mtv.travel<\/p>\n\t\t\t\t\t\t\t\t<\/div>\n\t\t\t\t<div data-dce-title-color=\"#212028\" class=\"elementor-element elementor-element-baa2c74 elementor-widget elementor-widget-heading\" data-id=\"baa2c74\" data-element_type=\"widget\" data-e-type=\"widget\" data-widget_type=\"heading.default\">\n\t\t\t\t\t<h2 class=\"elementor-heading-title elementor-size-default\">Cambios - Anulaci\u00f3n de reserva<\/h2>\t\t\t\t<\/div>\n\t\t\t\t<div class=\"elementor-element elementor-element-4b6053d elementor-widget elementor-widget-text-editor\" data-id=\"4b6053d\" data-element_type=\"widget\" data-e-type=\"widget\" data-widget_type=\"text-editor.default\">\n\t\t\t\t\t\t\t\t\t<p>De conformidad con el art\u00edculo 221-28 del C\u00f3digo de Consumo franc\u00e9s, el cliente no podr\u00e1 acogerse al periodo de reflexi\u00f3n de 14 d\u00edas. Las reservas realizadas en el sitio web del H\u00f4tel La Fontaine no pueden modificarse durante la estancia.<\/p>\n\t\t\t\t\t\t\t\t<\/div>\n\t\t\t\t<div data-dce-title-color=\"#212028\" class=\"elementor-element elementor-element-eb9ab16 elementor-widget elementor-widget-heading\" data-id=\"eb9ab16\" data-element_type=\"widget\" data-e-type=\"widget\" data-widget_type=\"heading.default\">\n\t\t\t\t\t<h2 class=\"elementor-heading-title elementor-size-default\">Informaci\u00f3n precontractual - Aceptaci\u00f3n del cliente<\/h2>\t\t\t\t<\/div>\n\t\t\t\t<div class=\"elementor-element elementor-element-afc64a7 elementor-widget elementor-widget-text-editor\" data-id=\"afc64a7\" data-element_type=\"widget\" data-e-type=\"widget\" data-widget_type=\"text-editor.default\">\n\t\t\t\t\t\t\t\t\t<p>comprensibles, las presentes Condiciones Generales de Venta y toda la informaci\u00f3n enumerada en el art\u00edculo L. 221-5 del C\u00f3digo de Consumo franc\u00e9s, en particular la informaci\u00f3n siguiente<\/p>\n<p>las caracter\u00edsticas esenciales de los Servicios, teniendo en cuenta el soporte de comunicaci\u00f3n utilizado y el Servicio de que se trate ;<br \/>\nel precio de los Servicios y los costes relacionados;<br \/>\na falta de ejecuci\u00f3n inmediata del contrato, la fecha o el plazo en el que el Proveedor de Servicios se compromete a prestar los Servicios reservados;<br \/>\ninformaci\u00f3n relativa a la identidad del Proveedor de Servicios, sus datos postales, telef\u00f3nicos y electr\u00f3nicos de contacto, y sus actividades, si ello no se desprende del contexto,<br \/>\nla informaci\u00f3n relativa a las garant\u00edas legales y contractuales y sus modalidades de aplicaci\u00f3n<br \/>\nlas funcionalidades de los contenidos digitales y, en su caso, su interoperabilidad<br \/>\nla posibilidad de recurrir a la mediaci\u00f3n convencional en caso de litigio;<br \/>\nla informaci\u00f3n sobre las condiciones contractuales importantes<br \/>\nlos medios de pago aceptados.<br \/>\nEl hecho de que una persona f\u00edsica (o jur\u00eddica) efect\u00fae una reserva en el sitio de Internet del Hotel implica la aceptaci\u00f3n plena y sin reservas de las presentes Condiciones Generales de Venta y la obligaci\u00f3n de pagar los Servicios solicitados, lo que reconoce expresamente el Cliente, que renuncia, en particular, a invocar cualquier documento contradictorio que ser\u00eda inoponible al Proveedor de Servicios.<\/p>\n\t\t\t\t\t\t\t\t<\/div>\n\t\t\t\t<div data-dce-title-color=\"#212028\" class=\"elementor-element elementor-element-ae59ff9 elementor-widget elementor-widget-heading\" data-id=\"ae59ff9\" data-element_type=\"widget\" data-e-type=\"widget\" data-widget_type=\"heading.default\">\n\t\t\t\t\t<h2 class=\"elementor-heading-title elementor-size-default\">Informaci\u00f3n al consumidor<\/h2>\t\t\t\t<\/div>\n\t\t\t\t<div class=\"elementor-element elementor-element-15fe16c elementor-widget elementor-widget-text-editor\" data-id=\"15fe16c\" data-element_type=\"widget\" data-e-type=\"widget\" data-widget_type=\"text-editor.default\">\n\t\t\t\t\t\t\t\t\t<p>El H\u00f4tel La Fontaine est\u00e1 vinculado por la garant\u00eda de conformidad de las prestaciones, en las condiciones previstas en los art\u00edculos L. 111-2. del C\u00f3digo de Consumo franc\u00e9s, sin perjuicio de cualquier garant\u00eda contractual complementaria que pueda acordarse espec\u00edficamente entre las partes, al margen de las presentes condiciones generales, en virtud de un contrato escrito debidamente firmado por las partes.<\/p>\n<p>Los servicios comercializados por el H\u00f4tel La Fontaine consisten, en el marco de un contrato con el establecimiento, en la puesta a disposici\u00f3n de habitaciones, cuyas caracter\u00edsticas esenciales se presentan en el sitio web fontaine-chamonix.com, con o sin servicio de desayuno y otros servicios adicionales relacionados con el alojamiento temporal. De conformidad con lo dispuesto en el art\u00edculo L. 111-1 del C\u00f3digo de Consumo franc\u00e9s, estas prestaciones se presentan en la p\u00e1gina web fontaine-chamonix.com.<\/p>\n\t\t\t\t\t\t\t\t<\/div>\n\t\t\t\t<div data-dce-title-color=\"#212028\" class=\"elementor-element elementor-element-d548b0b elementor-widget elementor-widget-heading\" data-id=\"d548b0b\" data-element_type=\"widget\" data-e-type=\"widget\" data-widget_type=\"heading.default\">\n\t\t\t\t\t<h2 class=\"elementor-heading-title elementor-size-default\">Informaci\u00f3n jur\u00eddica<\/h2>\t\t\t\t<\/div>\n\t\t\t\t<div class=\"elementor-element elementor-element-fbd70c3 elementor-widget elementor-widget-text-editor\" data-id=\"fbd70c3\" data-element_type=\"widget\" data-e-type=\"widget\" data-widget_type=\"text-editor.default\">\n\t\t\t\t\t\t\t\t\t<p>De conformidad con lo dispuesto en los art\u00edculos 6-III y 19 de la Ley n\u00ba 2004-575 de 21 de junio de 2004 sobre la confianza en la econom\u00eda digital, conocida como L.C.E.N., se informa a los usuarios y visitantes del sitio web fontaine-chamonix.com del presente aviso legal en esta p\u00e1gina.<br \/>\nSe puede acceder al sitio web de H\u00f4tel La Fontaine en la siguiente direcci\u00f3n: fontaine-chamonix.com.<br \/>\nEl acceso y la utilizaci\u00f3n del sitio web est\u00e1n sujetos al presente \u00abAviso legal\u00bb detallado en la p\u00e1gina siguiente &gt;&gt; aviso legal y a las leyes y\/o reglamentos aplicables.<\/p>\n<p>La conexi\u00f3n, el uso y el acceso a este sitio web implican la aceptaci\u00f3n plena y sin reservas por parte del internauta de todas las disposiciones del presente Aviso Legal.<\/p>\n\t\t\t\t\t\t\t\t<\/div>\n\t\t\t\t<\/div>\n\t\t\t\t<\/div>\n\t\t\t\t<\/div>\n\t\t","protected":false},"excerpt":{"rendered":"<p>Condiciones generales de venta Las presentes Condiciones Generales de Venta se aplican, sin restricci\u00f3n ni reserva, a todas las compras de servicios de reserva de habitaciones de hotel y servicios conexos ofrecidos por H\u00f4tel La Fontaine a los consumidores y clientes en el sitio web del Hotel. Remisi\u00f3n al Defensor del Consumidor En caso de [&hellip;]<\/p>\n","protected":false},"author":3,"featured_media":4795,"parent":0,"menu_order":0,"comment_status":"closed","ping_status":"open","template":"elementor_header_footer","meta":{"footnotes":""},"class_list":["post-7995","page","type-page","status-publish","has-post-thumbnail","hentry"],"jetpack_sharing_enabled":true,"_links":{"self":[{"href":"https:\/\/fontaine-chamonix.com\/es\/wp-json\/wp\/v2\/pages\/7995","targetHints":{"allow":["GET"]}}],"collection":[{"href":"https:\/\/fontaine-chamonix.com\/es\/wp-json\/wp\/v2\/pages"}],"about":[{"href":"https:\/\/fontaine-chamonix.com\/es\/wp-json\/wp\/v2\/types\/page"}],"author":[{"embeddable":true,"href":"https:\/\/fontaine-chamonix.com\/es\/wp-json\/wp\/v2\/users\/3"}],"replies":[{"embeddable":true,"href":"https:\/\/fontaine-chamonix.com\/es\/wp-json\/wp\/v2\/comments?post=7995"}],"version-history":[{"count":3,"href":"https:\/\/fontaine-chamonix.com\/es\/wp-json\/wp\/v2\/pages\/7995\/revisions"}],"predecessor-version":[{"id":7998,"href":"https:\/\/fontaine-chamonix.com\/es\/wp-json\/wp\/v2\/pages\/7995\/revisions\/7998"}],"wp:featuredmedia":[{"embeddable":true,"href":"https:\/\/fontaine-chamonix.com\/es\/wp-json\/wp\/v2\/media\/4795"}],"wp:attachment":[{"href":"https:\/\/fontaine-chamonix.com\/es\/wp-json\/wp\/v2\/media?parent=7995"}],"curies":[{"name":"wp","href":"https:\/\/api.w.org\/{rel}","templated":true}]}}