{"id":7983,"date":"2025-01-26T10:45:00","date_gmt":"2025-01-26T09:45:00","guid":{"rendered":"https:\/\/fontaine-chamonix.com\/perros-de-trineo\/"},"modified":"2025-12-23T17:13:57","modified_gmt":"2025-12-23T16:13:57","slug":"perros-de-trineo","status":"publish","type":"page","link":"https:\/\/fontaine-chamonix.com\/es\/perros-de-trineo\/","title":{"rendered":"Perros de trineo"},"content":{"rendered":"\t\t<div data-elementor-type=\"wp-page\" data-elementor-id=\"7983\" class=\"elementor elementor-7983 elementor-7451\" data-elementor-post-type=\"page\">\n\t\t\t\t<div data-dce-background-image-url=\"https:\/\/fontaine-chamonix.com\/wp-content\/uploads\/2025\/01\/rasmus-gundorff-saederup-v1WgKHDi6dU-unsplash-1-scaled.jpg\" class=\"elementor-element elementor-element-3e59ec e-con-full e-flex e-con e-parent\" data-id=\"3e59ec\" data-element_type=\"container\" data-e-type=\"container\" data-settings=\"{&quot;background_background&quot;:&quot;classic&quot;,&quot;jet_parallax_layout_list&quot;:[]}\">\n\t\t\t\t<div data-dce-title-color=\"#FFFFFF\" class=\"elementor-element elementor-element-49868676 elementor-widget elementor-widget-heading\" data-id=\"49868676\" data-element_type=\"widget\" data-e-type=\"widget\" data-widget_type=\"heading.default\">\n\t\t\t\t\t<h1 class=\"elementor-heading-title elementor-size-default\">Perros de trineo<\/h1>\t\t\t\t<\/div>\n\t\t\t\t<\/div>\n\t\t<div class=\"elementor-element elementor-element-4994d014 e-con-full e-flex e-con e-parent\" data-id=\"4994d014\" data-element_type=\"container\" data-e-type=\"container\" data-settings=\"{&quot;jet_parallax_layout_list&quot;:[]}\">\n\t\t\t\t<div class=\"elementor-element elementor-element-3550d946 elementor-widget elementor-widget-shortcode\" data-id=\"3550d946\" data-element_type=\"widget\" data-e-type=\"widget\" data-widget_type=\"shortcode.default\">\n\t\t\t\t\t\t\t<div class=\"elementor-shortcode\"><nav aria-label=\"breadcrumbs\" class=\"rank-math-breadcrumb\"><p><span class=\"last\">Accueil<\/span><\/p><\/nav><\/div>\n\t\t\t\t\t\t<\/div>\n\t\t\t\t<\/div>\n\t\t<div class=\"elementor-element elementor-element-50a91d4f e-con-full e-flex e-con e-parent\" data-id=\"50a91d4f\" data-element_type=\"container\" data-e-type=\"container\" data-settings=\"{&quot;jet_parallax_layout_list&quot;:[]}\">\n\t\t<div class=\"elementor-element elementor-element-9866cb3 e-con-full e-flex e-con e-child\" data-id=\"9866cb3\" data-element_type=\"container\" data-e-type=\"container\" data-settings=\"{&quot;background_background&quot;:&quot;classic&quot;,&quot;jet_parallax_layout_list&quot;:[]}\">\n\t\t\t\t<div data-dce-title-color=\"#212028\" class=\"elementor-element elementor-element-256c4445 elementor-widget elementor-widget-heading\" data-id=\"256c4445\" data-element_type=\"widget\" data-e-type=\"widget\" data-widget_type=\"heading.default\">\n\t\t\t\t\t<h2 class=\"elementor-heading-title elementor-size-default\">Una aventura invernal excepcional<\/h2>\t\t\t\t<\/div>\n\t\t\t\t<div class=\"elementor-element elementor-element-2007ed50 elementor-widget elementor-widget-text-editor\" data-id=\"2007ed50\" data-element_type=\"widget\" data-e-type=\"widget\" data-widget_type=\"text-editor.default\">\n\t\t\t\t\t\t\t\t\t<p>Bienvenido al valle de Chamonix, donde podr\u00e1 vivir una aventura invernal \u00fanica junto a nuestros perros de trineo. Venga a conocer a estos atletas n\u00f3rdicos, aprenda a guiarlos y salga a explorar los paisajes nevados de Chamonix. Acompa\u00f1ado por mushers experimentados, descubrir\u00e1 la fuerza de la jaur\u00eda y la belleza de las monta\u00f1as.<\/p>\n<p>Le espera una experiencia diferente, mezcla de naturaleza y tradici\u00f3n, y un momento inolvidable en pleno invierno alpino.<\/p>\n\t\t\t\t\t\t\t\t<\/div>\n\t\t<div class=\"elementor-element elementor-element-4ec3c0 e-con-full e-flex e-con e-child\" data-id=\"4ec3c0\" data-element_type=\"container\" data-e-type=\"container\" data-settings=\"{&quot;jet_parallax_layout_list&quot;:[]}\">\n\t\t<div class=\"elementor-element elementor-element-3e97f5fa e-con-full e-flex e-con e-child\" data-id=\"3e97f5fa\" data-element_type=\"container\" data-e-type=\"container\" data-settings=\"{&quot;jet_parallax_layout_list&quot;:[]}\">\n\t\t\t\t<div data-dce-title-color=\"#000000\" class=\"elementor-element elementor-element-2f445e18 elementor-widget elementor-widget-heading\" data-id=\"2f445e18\" data-element_type=\"widget\" data-e-type=\"widget\" data-widget_type=\"heading.default\">\n\t\t\t\t\t<h2 class=\"elementor-heading-title elementor-size-default\">HuskyDalen <\/h2>\t\t\t\t<\/div>\n\t\t\t\t<div class=\"elementor-element elementor-element-5b845ec elementor-widget elementor-widget-text-editor\" data-id=\"5b845ec\" data-element_type=\"widget\" data-e-type=\"widget\" data-widget_type=\"text-editor.default\">\n\t\t\t\t\t\t\t\t\t<p>Frente al Mont Blanc, viva mucho m\u00e1s que un simple paseo: ad\u00e9ntrese en el mundo de los perros n\u00f3rdicos, donde la naturaleza, la tradici\u00f3n y la complicidad cobran todo su sentido. Huskydalen, referente en Chamonix-Mont-Blanc desde 1999, le invita a conocer a sus atl\u00e9ticos huskies, aut\u00e9nticas estrellas del trineo, en un entorno grandioso. Ya sea en familia, en pareja o con amigos, aqu\u00ed la aventura est\u00e1 al alcance de todos y cada encuentro con un husky se convierte en un momento de emoci\u00f3n y convivencia.<\/p>\n<p>Reservas por correo electr\u00f3nico o por tel\u00e9fono:<\/p>\n<p>+33 (6) 84 99 34 67<\/p>\n<p>contact@huskydalen.com<\/p>\n\t\t\t\t\t\t\t\t<\/div>\n\t\t\t\t<div class=\"elementor-element elementor-element-6a212347 elementor-widget elementor-widget-button\" data-id=\"6a212347\" data-element_type=\"widget\" data-e-type=\"widget\" data-widget_type=\"button.default\">\n\t\t\t\t\t\t\t\t\t\t<a class=\"elementor-button elementor-button-link elementor-size-sm\" href=\"https:\/\/www.huskydalen.com\/\" target=\"_blank\" rel=\"noopener\">\n\t\t\t\t\t\t<span class=\"elementor-button-content-wrapper\">\n\t\t\t\t\t\t\t\t\t<span class=\"elementor-button-text\">Huskydalen.com<\/span>\n\t\t\t\t\t<\/span>\n\t\t\t\t\t<\/a>\n\t\t\t\t\t\t\t\t<\/div>\n\t\t\t\t<\/div>\n\t\t<div class=\"elementor-element elementor-element-6cb230fd e-con-full e-flex e-con e-child\" data-id=\"6cb230fd\" data-element_type=\"container\" data-e-type=\"container\" data-settings=\"{&quot;background_background&quot;:&quot;slideshow&quot;,&quot;background_slideshow_gallery&quot;:[{&quot;id&quot;:9601,&quot;url&quot;:&quot;https:\\\/\\\/fontaine-chamonix.com\\\/wp-content\\\/uploads\\\/2025\\\/07\\\/fredrik-solli-wandem-Sl2cV_6x3-g-unsplash-1-scaled.jpg&quot;}],&quot;background_slideshow_slide_duration&quot;:2000,&quot;jet_parallax_layout_list&quot;:[],&quot;background_slideshow_loop&quot;:&quot;yes&quot;,&quot;background_slideshow_slide_transition&quot;:&quot;fade&quot;,&quot;background_slideshow_transition_duration&quot;:500}\">\n\t\t\t\t<\/div>\n\t\t\t\t<\/div>\n\t\t\t\t<div class=\"elementor-element elementor-element-640939f7 elementor-widget elementor-widget-spacer\" data-id=\"640939f7\" data-element_type=\"widget\" data-e-type=\"widget\" data-widget_type=\"spacer.default\">\n\t\t\t\t\t\t\t<div class=\"elementor-spacer\">\n\t\t\t<div class=\"elementor-spacer-inner\"><\/div>\n\t\t<\/div>\n\t\t\t\t\t\t<\/div>\n\t\t\t\t<div class=\"elementor-element elementor-element-38da04df elementor-widget elementor-widget-spacer\" data-id=\"38da04df\" data-element_type=\"widget\" data-e-type=\"widget\" data-widget_type=\"spacer.default\">\n\t\t\t\t\t\t\t<div class=\"elementor-spacer\">\n\t\t\t<div class=\"elementor-spacer-inner\"><\/div>\n\t\t<\/div>\n\t\t\t\t\t\t<\/div>\n\t\t\t\t<\/div>\n\t\t\t\t<\/div>\n\t\t\t\t<\/div>\n\t\t","protected":false},"excerpt":{"rendered":"<p>Perros de trineo Una aventura invernal excepcional Bienvenido al valle de Chamonix, donde podr\u00e1 vivir una aventura invernal \u00fanica junto a nuestros perros de trineo. Venga a conocer a estos atletas n\u00f3rdicos, aprenda a guiarlos y salga a explorar los paisajes nevados de Chamonix. Acompa\u00f1ado por mushers experimentados, descubrir\u00e1 la fuerza de la jaur\u00eda y [&hellip;]<\/p>\n","protected":false},"author":4,"featured_media":6510,"parent":0,"menu_order":0,"comment_status":"closed","ping_status":"closed","template":"elementor_header_footer","meta":{"footnotes":""},"class_list":["post-7983","page","type-page","status-publish","has-post-thumbnail","hentry"],"jetpack_sharing_enabled":true,"_links":{"self":[{"href":"https:\/\/fontaine-chamonix.com\/es\/wp-json\/wp\/v2\/pages\/7983","targetHints":{"allow":["GET"]}}],"collection":[{"href":"https:\/\/fontaine-chamonix.com\/es\/wp-json\/wp\/v2\/pages"}],"about":[{"href":"https:\/\/fontaine-chamonix.com\/es\/wp-json\/wp\/v2\/types\/page"}],"author":[{"embeddable":true,"href":"https:\/\/fontaine-chamonix.com\/es\/wp-json\/wp\/v2\/users\/4"}],"replies":[{"embeddable":true,"href":"https:\/\/fontaine-chamonix.com\/es\/wp-json\/wp\/v2\/comments?post=7983"}],"version-history":[{"count":9,"href":"https:\/\/fontaine-chamonix.com\/es\/wp-json\/wp\/v2\/pages\/7983\/revisions"}],"predecessor-version":[{"id":11418,"href":"https:\/\/fontaine-chamonix.com\/es\/wp-json\/wp\/v2\/pages\/7983\/revisions\/11418"}],"wp:featuredmedia":[{"embeddable":true,"href":"https:\/\/fontaine-chamonix.com\/es\/wp-json\/wp\/v2\/media\/6510"}],"wp:attachment":[{"href":"https:\/\/fontaine-chamonix.com\/es\/wp-json\/wp\/v2\/media?parent=7983"}],"curies":[{"name":"wp","href":"https:\/\/api.w.org\/{rel}","templated":true}]}}