{"id":8572,"date":"2025-01-31T13:38:42","date_gmt":"2025-01-31T12:38:42","guid":{"rendered":"https:\/\/fontaine-chamonix.com\/helicopter-flight\/"},"modified":"2026-01-03T18:41:13","modified_gmt":"2026-01-03T17:41:13","slug":"helicopter-flight","status":"publish","type":"page","link":"https:\/\/fontaine-chamonix.com\/en\/helicopter-flight\/","title":{"rendered":"Helicopter flight"},"content":{"rendered":"\t\t<div data-elementor-type=\"wp-page\" data-elementor-id=\"8572\" class=\"elementor elementor-8572 elementor-7626\" data-elementor-post-type=\"page\">\n\t\t\t\t<div data-dce-background-image-url=\"https:\/\/fontaine-chamonix.com\/wp-content\/uploads\/2025\/01\/jainam-mehta-zwQ60S04NEY-unsplash-1-scaled.jpg\" class=\"elementor-element elementor-element-702b495 e-con-full e-flex e-con e-parent\" data-id=\"702b495\" data-element_type=\"container\" data-e-type=\"container\" data-settings=\"{&quot;background_background&quot;:&quot;classic&quot;,&quot;jet_parallax_layout_list&quot;:[]}\">\n\t\t\t\t<div data-dce-title-color=\"#FFFFFF\" class=\"elementor-element elementor-element-1a16ef25 elementor-widget elementor-widget-heading\" data-id=\"1a16ef25\" data-element_type=\"widget\" data-e-type=\"widget\" data-widget_type=\"heading.default\">\n\t\t\t\t\t<h1 class=\"elementor-heading-title elementor-size-default\">Helicopter flight<\/h1>\t\t\t\t<\/div>\n\t\t\t\t<\/div>\n\t\t<div class=\"elementor-element elementor-element-faa05e e-con-full e-flex e-con e-parent\" data-id=\"faa05e\" data-element_type=\"container\" data-e-type=\"container\" data-settings=\"{&quot;jet_parallax_layout_list&quot;:[]}\">\n\t\t\t\t<div class=\"elementor-element elementor-element-76e4050a elementor-widget elementor-widget-shortcode\" data-id=\"76e4050a\" data-element_type=\"widget\" data-e-type=\"widget\" data-widget_type=\"shortcode.default\">\n\t\t\t\t\t\t\t<div class=\"elementor-shortcode\"><nav aria-label=\"breadcrumbs\" class=\"rank-math-breadcrumb\"><p><span class=\"last\">Accueil<\/span><\/p><\/nav><\/div>\n\t\t\t\t\t\t<\/div>\n\t\t\t\t<\/div>\n\t\t<div class=\"elementor-element elementor-element-4235a972 e-con-full e-flex e-con e-parent\" data-id=\"4235a972\" data-element_type=\"container\" data-e-type=\"container\" data-settings=\"{&quot;jet_parallax_layout_list&quot;:[]}\">\n\t\t<div class=\"elementor-element elementor-element-7d55213f e-con-full e-flex e-con e-child\" data-id=\"7d55213f\" data-element_type=\"container\" data-e-type=\"container\" data-settings=\"{&quot;background_background&quot;:&quot;classic&quot;,&quot;jet_parallax_layout_list&quot;:[]}\">\n\t\t\t\t<div data-dce-title-color=\"#212028\" class=\"elementor-element elementor-element-507fa61f elementor-widget elementor-widget-heading\" data-id=\"507fa61f\" data-element_type=\"widget\" data-e-type=\"widget\" data-widget_type=\"heading.default\">\n\t\t\t\t\t<h2 class=\"elementor-heading-title elementor-size-default\">Discover Chamonix from the air in a helicopter<\/h2>\t\t\t\t<\/div>\n\t\t\t\t<div class=\"elementor-element elementor-element-71319292 elementor-widget elementor-widget-text-editor\" data-id=\"71319292\" data-element_type=\"widget\" data-e-type=\"widget\" data-widget_type=\"text-editor.default\">\n\t\t\t\t\t\t\t\t\t<p>Fly into the heart of the Mont Blanc Massif and discover its majestic peaks. CMBH offers you a unique experience with a panoramic flight over the mountains.<\/p>\n\t\t\t\t\t\t\t\t<\/div>\n\t\t<div class=\"elementor-element elementor-element-2a6ba470 e-con-full e-flex e-con e-child\" data-id=\"2a6ba470\" data-element_type=\"container\" data-e-type=\"container\" data-settings=\"{&quot;jet_parallax_layout_list&quot;:[]}\">\n\t\t<div class=\"elementor-element elementor-element-1093ac29 e-con-full e-flex e-con e-child\" data-id=\"1093ac29\" data-element_type=\"container\" data-e-type=\"container\" data-settings=\"{&quot;jet_parallax_layout_list&quot;:[]}\">\n\t\t\t\t<div data-dce-title-color=\"#000000\" class=\"elementor-element elementor-element-fdeccca elementor-widget elementor-widget-heading\" data-id=\"fdeccca\" data-element_type=\"widget\" data-e-type=\"widget\" data-widget_type=\"heading.default\">\n\t\t\t\t\t<h2 class=\"elementor-heading-title elementor-size-default\">Panoramic flight<\/h2>\t\t\t\t<\/div>\n\t\t\t\t<div class=\"elementor-element elementor-element-ad491de elementor-widget elementor-widget-text-editor\" data-id=\"ad491de\" data-element_type=\"widget\" data-e-type=\"widget\" data-widget_type=\"text-editor.default\">\n\t\t\t\t\t\t\t\t\t<p><strong>15-minute flight:<\/strong> Fly over the Grandes Jorasses, an iconic peak of the Alps. You will pass above the Argenti\u00e8re Glacier, with stunning views of the north faces of Aiguille Verte, Les Droites, and Les Courtes. Witness the dramatic north face of the Grandes Jorasses, then take in the breathtaking sights of the Vall\u00e9e Blanche, the s\u00e9racs of the G\u00e9ant Glacier, and the Mer de Glace.<\/p>\n<p><strong>20-minute flight:<\/strong> Reach the summit of Mont Blanc at 4,810 meters. Admire Mont Blanc du Tacul, Mont Maudit, the Aiguille du Midi, and the Aiguilles de Chamonix.<\/p>\n<p><strong>30-minute flight:<\/strong> Fly over the Swiss glaciers of Trient and Saleina, the north faces of the Argenti\u00e8re basin, and the summit of Aiguille Verte. Discover the Italian side with the Grand Pilier d\u2019Angle and the Peuterey Ridge before returning via the north face of Bionnassay and the Aiguille du Go\u00fbter.<\/p>\n\t\t\t\t\t\t\t\t<\/div>\n\t\t\t\t<div class=\"elementor-element elementor-element-3520e967 elementor-align-left elementor-widget elementor-widget-button\" data-id=\"3520e967\" data-element_type=\"widget\" data-e-type=\"widget\" data-widget_type=\"button.default\">\n\t\t\t\t\t\t\t\t\t\t<a class=\"elementor-button elementor-button-link elementor-size-sm\" href=\"https:\/\/www.chamonix-helico.fr\/\" target=\"_blank\" rel=\"noopener\">\n\t\t\t\t\t\t<span class=\"elementor-button-content-wrapper\">\n\t\t\t\t\t\t\t\t\t<span class=\"elementor-button-text\">Book by clicking here<\/span>\n\t\t\t\t\t<\/span>\n\t\t\t\t\t<\/a>\n\t\t\t\t\t\t\t\t<\/div>\n\t\t\t\t<\/div>\n\t\t<div class=\"elementor-element elementor-element-3fad6d57 e-con-full e-flex e-con e-child\" data-id=\"3fad6d57\" data-element_type=\"container\" data-e-type=\"container\" data-settings=\"{&quot;background_background&quot;:&quot;slideshow&quot;,&quot;background_slideshow_gallery&quot;:[{&quot;id&quot;:6622,&quot;url&quot;:&quot;https:\\\/\\\/fontaine-chamonix.com\\\/wp-content\\\/uploads\\\/2025\\\/01\\\/jainam-mehta-zwQ60S04NEY-unsplash-1-scaled.jpg&quot;}],&quot;background_slideshow_slide_duration&quot;:2000,&quot;jet_parallax_layout_list&quot;:[],&quot;background_slideshow_loop&quot;:&quot;yes&quot;,&quot;background_slideshow_slide_transition&quot;:&quot;fade&quot;,&quot;background_slideshow_transition_duration&quot;:500}\">\n\t\t\t\t<\/div>\n\t\t\t\t<\/div>\n\t\t\t\t<\/div>\n\t\t\t\t<\/div>\n\t\t\t\t<\/div>\n\t\t","protected":false},"excerpt":{"rendered":"<p>Helicopter flight Discover Chamonix from the air in a helicopter Fly into the heart of the Mont Blanc Massif and discover its majestic peaks. CMBH offers you a unique experience with a panoramic flight over the mountains. Panoramic flight 15-minute flight: Fly over the Grandes Jorasses, an iconic peak of the Alps. You will pass [&hellip;]<\/p>\n","protected":false},"author":4,"featured_media":6622,"parent":0,"menu_order":0,"comment_status":"closed","ping_status":"closed","template":"elementor_header_footer","meta":{"footnotes":""},"class_list":["post-8572","page","type-page","status-publish","has-post-thumbnail","hentry"],"jetpack_sharing_enabled":true,"_links":{"self":[{"href":"https:\/\/fontaine-chamonix.com\/en\/wp-json\/wp\/v2\/pages\/8572","targetHints":{"allow":["GET"]}}],"collection":[{"href":"https:\/\/fontaine-chamonix.com\/en\/wp-json\/wp\/v2\/pages"}],"about":[{"href":"https:\/\/fontaine-chamonix.com\/en\/wp-json\/wp\/v2\/types\/page"}],"author":[{"embeddable":true,"href":"https:\/\/fontaine-chamonix.com\/en\/wp-json\/wp\/v2\/users\/4"}],"replies":[{"embeddable":true,"href":"https:\/\/fontaine-chamonix.com\/en\/wp-json\/wp\/v2\/comments?post=8572"}],"version-history":[{"count":5,"href":"https:\/\/fontaine-chamonix.com\/en\/wp-json\/wp\/v2\/pages\/8572\/revisions"}],"predecessor-version":[{"id":11423,"href":"https:\/\/fontaine-chamonix.com\/en\/wp-json\/wp\/v2\/pages\/8572\/revisions\/11423"}],"wp:featuredmedia":[{"embeddable":true,"href":"https:\/\/fontaine-chamonix.com\/en\/wp-json\/wp\/v2\/media\/6622"}],"wp:attachment":[{"href":"https:\/\/fontaine-chamonix.com\/en\/wp-json\/wp\/v2\/media?parent=8572"}],"curies":[{"name":"wp","href":"https:\/\/api.w.org\/{rel}","templated":true}]}}