{"id":8576,"date":"2025-01-31T13:38:42","date_gmt":"2025-01-31T12:38:42","guid":{"rendered":"https:\/\/fontaine-chamonix.com\/flug-mit-dem-hubschrauber\/"},"modified":"2026-01-03T18:42:38","modified_gmt":"2026-01-03T17:42:38","slug":"flug-mit-dem-hubschrauber","status":"publish","type":"page","link":"https:\/\/fontaine-chamonix.com\/de\/flug-mit-dem-hubschrauber\/","title":{"rendered":"Flug mit dem Hubschrauber"},"content":{"rendered":"\t\t<div data-elementor-type=\"wp-page\" data-elementor-id=\"8576\" class=\"elementor elementor-8576 elementor-7626\" data-elementor-post-type=\"page\">\n\t\t\t\t<div data-dce-background-image-url=\"https:\/\/fontaine-chamonix.com\/wp-content\/uploads\/2025\/01\/jainam-mehta-zwQ60S04NEY-unsplash-1-scaled.jpg\" class=\"elementor-element elementor-element-702b495 e-con-full e-flex e-con e-parent\" data-id=\"702b495\" data-element_type=\"container\" data-e-type=\"container\" data-settings=\"{&quot;background_background&quot;:&quot;classic&quot;,&quot;jet_parallax_layout_list&quot;:[]}\">\n\t\t\t\t<div data-dce-title-color=\"#FFFFFF\" class=\"elementor-element elementor-element-1a16ef25 elementor-widget elementor-widget-heading\" data-id=\"1a16ef25\" data-element_type=\"widget\" data-e-type=\"widget\" data-widget_type=\"heading.default\">\n\t\t\t\t\t<h1 class=\"elementor-heading-title elementor-size-default\">Flug mit dem Hubschrauber<\/h1>\t\t\t\t<\/div>\n\t\t\t\t<\/div>\n\t\t<div class=\"elementor-element elementor-element-faa05e e-con-full e-flex e-con e-parent\" data-id=\"faa05e\" data-element_type=\"container\" data-e-type=\"container\" data-settings=\"{&quot;jet_parallax_layout_list&quot;:[]}\">\n\t\t\t\t<div class=\"elementor-element elementor-element-76e4050a elementor-widget elementor-widget-shortcode\" data-id=\"76e4050a\" data-element_type=\"widget\" data-e-type=\"widget\" data-widget_type=\"shortcode.default\">\n\t\t\t\t\t\t\t<div class=\"elementor-shortcode\"><nav aria-label=\"breadcrumbs\" class=\"rank-math-breadcrumb\"><p><span class=\"last\">Accueil<\/span><\/p><\/nav><\/div>\n\t\t\t\t\t\t<\/div>\n\t\t\t\t<\/div>\n\t\t<div class=\"elementor-element elementor-element-4235a972 e-con-full e-flex e-con e-parent\" data-id=\"4235a972\" data-element_type=\"container\" data-e-type=\"container\" data-settings=\"{&quot;jet_parallax_layout_list&quot;:[]}\">\n\t\t<div class=\"elementor-element elementor-element-7d55213f e-con-full e-flex e-con e-child\" data-id=\"7d55213f\" data-element_type=\"container\" data-e-type=\"container\" data-settings=\"{&quot;background_background&quot;:&quot;classic&quot;,&quot;jet_parallax_layout_list&quot;:[]}\">\n\t\t\t\t<div data-dce-title-color=\"#212028\" class=\"elementor-element elementor-element-507fa61f elementor-widget elementor-widget-heading\" data-id=\"507fa61f\" data-element_type=\"widget\" data-e-type=\"widget\" data-widget_type=\"heading.default\">\n\t\t\t\t\t<h2 class=\"elementor-heading-title elementor-size-default\">Entdecken Sie Chamonix aus der Luft mit dem Hubschrauber<\/h2>\t\t\t\t<\/div>\n\t\t\t\t<div class=\"elementor-element elementor-element-71319292 elementor-widget elementor-widget-text-editor\" data-id=\"71319292\" data-element_type=\"widget\" data-e-type=\"widget\" data-widget_type=\"text-editor.default\">\n\t\t\t\t\t\t\t\t\t<p>Fliegen Sie durch das Herz des Mont-Blanc-Massivs und entdecken Sie seine majest\u00e4tischen Gipfel. CMBH bietet Ihnen ein einzigartiges Erlebnis mit einem Panoramaflug \u00fcber die Berge.<\/p>\n\t\t\t\t\t\t\t\t<\/div>\n\t\t<div class=\"elementor-element elementor-element-2a6ba470 e-con-full e-flex e-con e-child\" data-id=\"2a6ba470\" data-element_type=\"container\" data-e-type=\"container\" data-settings=\"{&quot;jet_parallax_layout_list&quot;:[]}\">\n\t\t<div class=\"elementor-element elementor-element-1093ac29 e-con-full e-flex e-con e-child\" data-id=\"1093ac29\" data-element_type=\"container\" data-e-type=\"container\" data-settings=\"{&quot;jet_parallax_layout_list&quot;:[]}\">\n\t\t\t\t<div data-dce-title-color=\"#000000\" class=\"elementor-element elementor-element-fdeccca elementor-widget elementor-widget-heading\" data-id=\"fdeccca\" data-element_type=\"widget\" data-e-type=\"widget\" data-widget_type=\"heading.default\">\n\t\t\t\t\t<h2 class=\"elementor-heading-title elementor-size-default\">Rundflug<\/h2>\t\t\t\t<\/div>\n\t\t\t\t<div class=\"elementor-element elementor-element-ad491de elementor-widget elementor-widget-text-editor\" data-id=\"ad491de\" data-element_type=\"widget\" data-e-type=\"widget\" data-widget_type=\"text-editor.default\">\n\t\t\t\t\t\t\t\t\t<p><strong>15-min\u00fctiger Flug:<\/strong> Fliegen Sie \u00fcber die Grandes Jorasses, einen der bekanntesten Gipfel der Alpen. Sie \u00fcberqueren den Argenti\u00e8re-Gletscher und genie\u00dfen den Blick auf die Nordw\u00e4nde der Aiguille Verte, der Droites und der Courtes. Bewundern Sie die imposante Nordwand der Grandes Jorasses, bevor Sie die Vall\u00e9e Blanche, die S\u00e9racs des G\u00e9ant-Gletschers und das Mer de Glace entdecken.<\/p>\n<p><strong>20-min\u00fctiger Flug:<\/strong> Erreichen Sie den Gipfel des Mont Blanc auf 4.810 Metern. Bestaunen Sie den Mont Blanc du Tacul, den Mont Maudit, die Aiguille du Midi und die Aiguilles de Chamonix.<\/p>\n<p><strong>30-min\u00fctiger Flug:<\/strong> Fliegen Sie \u00fcber die Schweizer Gletscher Trient und Saleina, die Nordw\u00e4nde des Argenti\u00e8re-Beckens und den Gipfel der Aiguille Verte. Entdecken Sie die italienische Seite mit dem Grand Pilier d\u2019Angle und dem Peuterey-Grat, bevor Sie \u00fcber die Nordwand der Bionnassay und die Aiguille du Go\u00fbter zur\u00fcckkehren.<\/p>\n\t\t\t\t\t\t\t\t<\/div>\n\t\t\t\t<div class=\"elementor-element elementor-element-3520e967 elementor-align-left elementor-widget elementor-widget-button\" data-id=\"3520e967\" data-element_type=\"widget\" data-e-type=\"widget\" data-widget_type=\"button.default\">\n\t\t\t\t\t\t\t\t\t\t<a class=\"elementor-button elementor-button-link elementor-size-sm\" href=\"https:\/\/www.chamonix-helico.fr\/\" target=\"_blank\" rel=\"noopener\">\n\t\t\t\t\t\t<span class=\"elementor-button-content-wrapper\">\n\t\t\t\t\t\t\t\t\t<span class=\"elementor-button-text\">Buchen Sie hier<\/span>\n\t\t\t\t\t<\/span>\n\t\t\t\t\t<\/a>\n\t\t\t\t\t\t\t\t<\/div>\n\t\t\t\t<\/div>\n\t\t<div class=\"elementor-element elementor-element-3fad6d57 e-con-full e-flex e-con e-child\" data-id=\"3fad6d57\" data-element_type=\"container\" data-e-type=\"container\" data-settings=\"{&quot;background_background&quot;:&quot;slideshow&quot;,&quot;background_slideshow_gallery&quot;:[{&quot;id&quot;:6623,&quot;url&quot;:&quot;https:\\\/\\\/fontaine-chamonix.com\\\/wp-content\\\/uploads\\\/2025\\\/01\\\/jainam-mehta-zwQ60S04NEY-unsplash-1-scaled.jpg&quot;}],&quot;background_slideshow_slide_duration&quot;:2000,&quot;jet_parallax_layout_list&quot;:[],&quot;background_slideshow_loop&quot;:&quot;yes&quot;,&quot;background_slideshow_slide_transition&quot;:&quot;fade&quot;,&quot;background_slideshow_transition_duration&quot;:500}\">\n\t\t\t\t<\/div>\n\t\t\t\t<\/div>\n\t\t\t\t<\/div>\n\t\t\t\t<\/div>\n\t\t\t\t<\/div>\n\t\t","protected":false},"excerpt":{"rendered":"<p>Flug mit dem Hubschrauber Entdecken Sie Chamonix aus der Luft mit dem Hubschrauber Fliegen Sie durch das Herz des Mont-Blanc-Massivs und entdecken Sie seine majest\u00e4tischen Gipfel. CMBH bietet Ihnen ein einzigartiges Erlebnis mit einem Panoramaflug \u00fcber die Berge. Rundflug 15-min\u00fctiger Flug: Fliegen Sie \u00fcber die Grandes Jorasses, einen der bekanntesten Gipfel der Alpen. Sie \u00fcberqueren [&hellip;]<\/p>\n","protected":false},"author":4,"featured_media":6623,"parent":0,"menu_order":0,"comment_status":"closed","ping_status":"closed","template":"elementor_header_footer","meta":{"footnotes":""},"class_list":["post-8576","page","type-page","status-publish","has-post-thumbnail","hentry"],"jetpack_sharing_enabled":true,"_links":{"self":[{"href":"https:\/\/fontaine-chamonix.com\/de\/wp-json\/wp\/v2\/pages\/8576","targetHints":{"allow":["GET"]}}],"collection":[{"href":"https:\/\/fontaine-chamonix.com\/de\/wp-json\/wp\/v2\/pages"}],"about":[{"href":"https:\/\/fontaine-chamonix.com\/de\/wp-json\/wp\/v2\/types\/page"}],"author":[{"embeddable":true,"href":"https:\/\/fontaine-chamonix.com\/de\/wp-json\/wp\/v2\/users\/4"}],"replies":[{"embeddable":true,"href":"https:\/\/fontaine-chamonix.com\/de\/wp-json\/wp\/v2\/comments?post=8576"}],"version-history":[{"count":5,"href":"https:\/\/fontaine-chamonix.com\/de\/wp-json\/wp\/v2\/pages\/8576\/revisions"}],"predecessor-version":[{"id":11424,"href":"https:\/\/fontaine-chamonix.com\/de\/wp-json\/wp\/v2\/pages\/8576\/revisions\/11424"}],"wp:featuredmedia":[{"embeddable":true,"href":"https:\/\/fontaine-chamonix.com\/de\/wp-json\/wp\/v2\/media\/6623"}],"wp:attachment":[{"href":"https:\/\/fontaine-chamonix.com\/de\/wp-json\/wp\/v2\/media?parent=8576"}],"curies":[{"name":"wp","href":"https:\/\/api.w.org\/{rel}","templated":true}]}}