{"id":8474,"date":"2024-12-09T11:33:36","date_gmt":"2024-12-09T10:33:36","guid":{"rendered":"https:\/\/fontaine-chamonix.com\/nach-chamonix-und-darueber-hinaus\/entspannung-wohlbefinden\/"},"modified":"2025-02-17T12:38:02","modified_gmt":"2025-02-17T11:38:02","slug":"entspannung-wohlbefinden","status":"publish","type":"page","link":"https:\/\/fontaine-chamonix.com\/de\/nach-chamonix-und-darueber-hinaus\/entspannung-wohlbefinden\/","title":{"rendered":"Entspannung &#038; Wohlbefinden"},"content":{"rendered":"\t\t<div data-elementor-type=\"wp-page\" data-elementor-id=\"8474\" class=\"elementor elementor-8474 elementor-4494\" data-elementor-post-type=\"page\">\n\t\t\t\t<div data-dce-background-image-url=\"https:\/\/fontaine-chamonix.com\/wp-content\/uploads\/2025\/01\/laura-chouette-te8u5ngLwBg-unsplash-1-scaled.jpg\" class=\"elementor-element elementor-element-d566586 e-con-full e-flex e-con e-parent\" data-id=\"d566586\" data-element_type=\"container\" data-e-type=\"container\" data-settings=\"{&quot;background_background&quot;:&quot;classic&quot;,&quot;jet_parallax_layout_list&quot;:[]}\">\n\t\t\t\t<div data-dce-title-color=\"#FFFFFF\" class=\"elementor-element elementor-element-dfa1579 elementor-widget elementor-widget-heading\" data-id=\"dfa1579\" data-element_type=\"widget\" data-e-type=\"widget\" data-widget_type=\"heading.default\">\n\t\t\t\t\t<h1 class=\"elementor-heading-title elementor-size-default\">Entspannung &amp; Wohlbefinden<\/h1>\t\t\t\t<\/div>\n\t\t\t\t<\/div>\n\t\t<div class=\"elementor-element elementor-element-6b1fc6c e-con-full e-flex e-con e-parent\" data-id=\"6b1fc6c\" data-element_type=\"container\" data-e-type=\"container\" data-settings=\"{&quot;jet_parallax_layout_list&quot;:[]}\">\n\t\t\t\t<div class=\"elementor-element elementor-element-4a64b36 elementor-widget elementor-widget-shortcode\" data-id=\"4a64b36\" data-element_type=\"widget\" data-e-type=\"widget\" data-widget_type=\"shortcode.default\">\n\t\t\t\t\t\t\t<div class=\"elementor-shortcode\"><nav aria-label=\"breadcrumbs\" class=\"rank-math-breadcrumb\"><p><span class=\"last\">Accueil<\/span><\/p><\/nav><\/div>\n\t\t\t\t\t\t<\/div>\n\t\t\t\t<\/div>\n\t\t<div class=\"elementor-element elementor-element-3b6e558 e-con-full e-flex e-con e-parent\" data-id=\"3b6e558\" data-element_type=\"container\" data-e-type=\"container\" data-settings=\"{&quot;jet_parallax_layout_list&quot;:[]}\">\n\t\t<div class=\"elementor-element elementor-element-b269ad5 e-con-full e-flex e-con e-child\" data-id=\"b269ad5\" data-element_type=\"container\" data-e-type=\"container\" data-settings=\"{&quot;background_background&quot;:&quot;classic&quot;,&quot;jet_parallax_layout_list&quot;:[]}\">\n\t\t\t\t<div data-dce-title-color=\"#212028\" class=\"elementor-element elementor-element-777b160 elementor-widget elementor-widget-heading\" data-id=\"777b160\" data-element_type=\"widget\" data-e-type=\"widget\" data-widget_type=\"heading.default\">\n\t\t\t\t\t<h2 class=\"elementor-heading-title elementor-size-default\">QC Terme Chamonix<\/h2>\t\t\t\t<\/div>\n\t\t\t\t<div class=\"elementor-element elementor-element-ea2def5 dce_masking-none elementor-widget elementor-widget-video\" data-id=\"ea2def5\" data-element_type=\"widget\" data-e-type=\"widget\" data-settings=\"{&quot;youtube_url&quot;:&quot;https:\\\/\\\/www.youtube.com\\\/watch?v=GN1PwLNRNZs&amp;ab_channel=QCSpaofWonders&quot;,&quot;video_type&quot;:&quot;youtube&quot;,&quot;controls&quot;:&quot;yes&quot;}\" data-widget_type=\"video.default\">\n\t\t\t\t\t\t\t<div class=\"elementor-wrapper elementor-open-inline\">\n\t\t\t<div class=\"elementor-video\"><\/div>\t\t<\/div>\n\t\t\t\t\t\t<\/div>\n\t\t<div class=\"elementor-element elementor-element-d2d5c86 e-con-full e-flex e-con e-child\" data-id=\"d2d5c86\" data-element_type=\"container\" data-e-type=\"container\" data-settings=\"{&quot;jet_parallax_layout_list&quot;:[]}\">\n\t\t\t\t<div class=\"elementor-element elementor-element-75eab99 elementor-widget elementor-widget-text-editor\" data-id=\"75eab99\" data-element_type=\"widget\" data-e-type=\"widget\" data-widget_type=\"text-editor.default\">\n\t\t\t\t\t\t\t\t\t<p><strong>Entdecken Sie QC Terme Chamonix<\/strong>, eine au\u00dfergew\u00f6hnliche Wellnessoase am Fu\u00dfe des Mont Blanc, wo Entspannung und Wohlbefinden in einer spektakul\u00e4ren Naturkulisse verschmelzen. Dieses Zentrum ist bekannt f\u00fcr seine modernen Einrichtungen und seine auf totale Erholung ausgerichteten Dienstleistungen.<\/p>\n<p>Das <strong>Thermal SPA QC Terme Chamonix<\/strong> bietet einen umfassenden Wellness-Parcours mit Infinity-Pools, Saunen, Dampfb\u00e4dern und Panorama-Whirlpools mit atemberaubendem Blick auf die umliegenden Berge. Die Einrichtungen sind so konzipiert, dass sie eine perfekte Harmonie zwischen Natur und Gelassenheit schaffen, sodass Sie ein einzigartiges Entspannungserlebnis genie\u00dfen k\u00f6nnen.<\/p>\n<hr \/>\n<h3>Praktische Informationen<\/h3>\n<p>Adresse : 480 Promenade du Fori, 74400 Chamonix-Mont-Blanc<br \/>\nKontakt : <a href=\"mailto:chamonix@qcterme.com\">chamonix@qcterme.com<\/a> | +33 (9) 73 05 30 01<br \/>\nWebsite : <a href=\"https:\/\/www.qc-terme.com\/\" target=\"_blank\" rel=\"noopener\">qc-terme.com<\/a><\/p>\n<h3>\u00d6ffnungszeiten &amp; Tarife<\/h3>\n<ul>\n<li>Tageskarte : Ganzt\u00e4giger Zugang zu allen Einrichtungen.<\/li>\n<li>Abendkarte : Ab 17:30 Uhr.<\/li>\n<li>Eintritt unter den Sternen : Ab 19:30 Uhr.<\/li>\n<\/ul>\n<p>Gastronomie : Buffet und \u00c0-la-carte-Service vor Ort verf\u00fcgbar.<\/p>\n<h3>Zugang &amp; Bedingungen<\/h3>\n<p>Mindestalter : 14 Jahre (Minderj\u00e4hrige nur in Begleitung eines Erwachsenen).<br \/>\nBarrierefreiheit : Das Zentrum ist vollst\u00e4ndig f\u00fcr Personen mit eingeschr\u00e4nkter Mobilit\u00e4t zug\u00e4nglich, mit reservierten Parkpl\u00e4tzen auf Anfrage.<\/p>\n<h3>Tipps f\u00fcr Ihren Besuch<\/h3>\n<p>Reservierung : Eine fr\u00fchzeitige Buchung wird dringend empfohlen, insbesondere in Sto\u00dfzeiten. Jetzt reservieren : <a href=\"https:\/\/www.qc-terme.com\/\" target=\"_blank\" rel=\"noopener\">Reservierung QC Terme<\/a>.<br \/>\nVorbereitung : Badeanzug mitbringen \u2013 Handt\u00fccher und Badem\u00e4ntel werden vor Ort gestellt.<br \/>\nAnkunft : Bitte 15 Minuten vor Ihrer Reservierung eintreffen, um einen reibungslosen Empfang zu gew\u00e4hrleisten.<br \/>\nParken : Parkm\u00f6glichkeiten in der N\u00e4he verf\u00fcgbar.<br \/>\nGesundheit : Aus Sicherheitsgr\u00fcnden wird schwangeren Frauen von einem Besuch abgeraten.<\/p>\n\t\t\t\t\t\t\t\t<\/div>\n\t\t\t\t<\/div>\n\t\t\t\t<div class=\"elementor-element elementor-element-e927bf8 elementor-widget elementor-widget-spacer\" data-id=\"e927bf8\" data-element_type=\"widget\" data-e-type=\"widget\" data-widget_type=\"spacer.default\">\n\t\t\t\t\t\t\t<div class=\"elementor-spacer\">\n\t\t\t<div class=\"elementor-spacer-inner\"><\/div>\n\t\t<\/div>\n\t\t\t\t\t\t<\/div>\n\t\t\t\t<div data-dce-title-color=\"#212028\" class=\"elementor-element elementor-element-b4ce3cb elementor-widget elementor-widget-heading\" data-id=\"b4ce3cb\" data-element_type=\"widget\" data-e-type=\"widget\" data-widget_type=\"heading.default\">\n\t\t\t\t\t<h2 class=\"elementor-heading-title elementor-size-default\">Die Thermen von Saint-Gervais Mont-Blanc<\/h2>\t\t\t\t<\/div>\n\t\t\t\t<div class=\"elementor-element elementor-element-2e9c6b0 dce_masking-none elementor-widget elementor-widget-video\" data-id=\"2e9c6b0\" data-element_type=\"widget\" data-e-type=\"widget\" data-settings=\"{&quot;youtube_url&quot;:&quot;https:\\\/\\\/www.youtube.com\\\/watch?v=oSoPP1YZvvI&amp;ab_channel=Saint-GervaisMont-Blanc&quot;,&quot;video_type&quot;:&quot;youtube&quot;,&quot;controls&quot;:&quot;yes&quot;}\" data-widget_type=\"video.default\">\n\t\t\t\t\t\t\t<div class=\"elementor-wrapper elementor-open-inline\">\n\t\t\t<div class=\"elementor-video\"><\/div>\t\t<\/div>\n\t\t\t\t\t\t<\/div>\n\t\t<div class=\"elementor-element elementor-element-acaa199 e-con-full e-flex e-con e-child\" data-id=\"acaa199\" data-element_type=\"container\" data-e-type=\"container\" data-settings=\"{&quot;jet_parallax_layout_list&quot;:[]}\">\n\t\t<div class=\"elementor-element elementor-element-84f809a e-con-full e-flex e-con e-child\" data-id=\"84f809a\" data-element_type=\"container\" data-e-type=\"container\" data-settings=\"{&quot;jet_parallax_layout_list&quot;:[]}\">\n\t\t\t\t<div class=\"elementor-element elementor-element-981a260 elementor-widget elementor-widget-text-editor\" data-id=\"981a260\" data-element_type=\"widget\" data-e-type=\"widget\" data-widget_type=\"text-editor.default\">\n\t\t\t\t\t\t\t\t\t<p><strong>Entdecken Sie die Thermen von Saint-Gervais Mont-Blanc<\/strong>, eine wahre Oase der Ruhe im Herzen der Alpen. Diese au\u00dfergew\u00f6hnlichen Thermen sind bekannt f\u00fcr ihr einzigartiges Thermalwasser, das von Natur aus warm und mineralreich ist und unvergleichliche Vorteile f\u00fcr K\u00f6rper und Geist bietet.<\/p>\n<p>Im <strong>SPA Thermal des Bains du Mont Blanc<\/strong> erwartet Sie ein ganzheitliches Wohlf\u00fchlerlebnis. Genie\u00dfen Sie Innen- und Au\u00dfenbecken, Saunen mit unterschiedlichen Temperaturen, belebende Dampfb\u00e4der und Entspannungsworkshops \u2013 alles in einer zauberhaften Umgebung im Herzen des Thermenparks.<\/p>\n<p>Dieses Thermalwasser, das 6.500 Jahre lang durch die Tiefen des Mont Blanc geflossen ist, bevor es mit 39 \u00b0C an die Oberfl\u00e4che tritt, besitzt au\u00dfergew\u00f6hnliche nat\u00fcrliche Eigenschaften: Es beruhigt, regeneriert und revitalisiert die Haut und lindert gleichzeitig Entz\u00fcndungen und dermatologische Beschwerden.<\/p>\n<h3>Praktische Informationen<\/h3>\n<p><strong>Adresse<\/strong>: 355 All\u00e9e du Dr L\u00e9pinay, 74170 Saint-Gervais-les-Bains, Frankreich<br \/>\n<strong>E-Mail<\/strong>: <a href=\"mailto:contact@thermes-saint-gervais.com\">contact@thermes-saint-gervais.com<\/a><br \/>\n<strong>Website<\/strong>: <a href=\"https:\/\/thermes-saint-gervais.com\/\" target=\"_blank\" rel=\"noopener\">thermes-saint-gervais.com<\/a><br \/>\n<strong>\u00d6ffnungszeiten<\/strong>: Variieren je nach Saison. Besuchen Sie die Website oder kontaktieren Sie die Einrichtung.<br \/>\n<strong>Zugang<\/strong>: Am Ende des Thermenparks gelegen, barrierefrei f\u00fcr Personen mit eingeschr\u00e4nkter Mobilit\u00e4t.<\/p>\n<h3>Tipps f\u00fcr Ihren Besuch<\/h3>\n<ul>\n<li><strong>Reservierung erforderlich<\/strong> in Zeiten hoher Auslastung. Buchen Sie hier online: <a href=\"https:\/\/thermes-saint-gervais.com\/\" target=\"_blank\" rel=\"noopener\">Reservierung Thermes de St Gervais<\/a><\/li>\n<li><strong>Vorgeschriebene Badebekleidung<\/strong>: Nur kurze Badehosen erlaubt (keine Neoprenanz\u00fcge oder Badeshorts). Vor Ort an der Rezeption erh\u00e4ltlich.<\/li>\n<li><strong>Saubere Plastiksandalen<\/strong>: Pflicht, vor Ort an der Rezeption erh\u00e4ltlich (\u20ac6).<\/li>\n<li><strong>Schlie\u00dff\u00e4cher<\/strong>: Eine 2-\u20ac-M\u00fcnze wird ben\u00f6tigt, um das Schlie\u00dffach zu verschlie\u00dfen.<\/li>\n<\/ul>\n<h3>Einschr\u00e4nkungen<\/h3>\n<ul>\n<li><strong>Kinder unter 3 Jahren<\/strong>: Kein Zutritt (au\u00dfer zu speziellen Baby-Willkommenszeiten).<\/li>\n<li><strong>Minderj\u00e4hrige<\/strong>: M\u00fcssen von einem Erwachsenen begleitet werden.<\/li>\n<li><strong>Altersnachweis<\/strong>: Kann bei Bedarf verlangt werden.<\/li>\n<li><strong>Handt\u00fccher und Badem\u00e4ntel<\/strong>: Bademantel wird gestellt. Bringen Sie ein Handtuch f\u00fcr die Umkleider\u00e4ume mit.<\/li>\n<\/ul>\n\t\t\t\t\t\t\t\t<\/div>\n\t\t\t\t<\/div>\n\t\t\t\t<\/div>\n\t\t\t\t<\/div>\n\t\t\t\t<\/div>\n\t\t\t\t<\/div>\n\t\t","protected":false},"excerpt":{"rendered":"<p>Entspannung &amp; Wohlbefinden QC Terme Chamonix https:\/\/www.youtube.com\/watch?v=GN1PwLNRNZs&#038;ab_channel=QCSpaofWonders Entdecken Sie QC Terme Chamonix, eine au\u00dfergew\u00f6hnliche Wellnessoase am Fu\u00dfe des Mont Blanc, wo Entspannung und Wohlbefinden in einer spektakul\u00e4ren Naturkulisse verschmelzen. Dieses Zentrum ist bekannt f\u00fcr seine modernen Einrichtungen und seine auf totale Erholung ausgerichteten Dienstleistungen. Das Thermal SPA QC Terme Chamonix bietet einen umfassenden Wellness-Parcours mit [&hellip;]<\/p>\n","protected":false},"author":3,"featured_media":6643,"parent":8446,"menu_order":0,"comment_status":"closed","ping_status":"closed","template":"","meta":{"footnotes":""},"class_list":["post-8474","page","type-page","status-publish","has-post-thumbnail","hentry"],"jetpack_sharing_enabled":true,"_links":{"self":[{"href":"https:\/\/fontaine-chamonix.com\/de\/wp-json\/wp\/v2\/pages\/8474","targetHints":{"allow":["GET"]}}],"collection":[{"href":"https:\/\/fontaine-chamonix.com\/de\/wp-json\/wp\/v2\/pages"}],"about":[{"href":"https:\/\/fontaine-chamonix.com\/de\/wp-json\/wp\/v2\/types\/page"}],"author":[{"embeddable":true,"href":"https:\/\/fontaine-chamonix.com\/de\/wp-json\/wp\/v2\/users\/3"}],"replies":[{"embeddable":true,"href":"https:\/\/fontaine-chamonix.com\/de\/wp-json\/wp\/v2\/comments?post=8474"}],"version-history":[{"count":9,"href":"https:\/\/fontaine-chamonix.com\/de\/wp-json\/wp\/v2\/pages\/8474\/revisions"}],"predecessor-version":[{"id":8571,"href":"https:\/\/fontaine-chamonix.com\/de\/wp-json\/wp\/v2\/pages\/8474\/revisions\/8571"}],"up":[{"embeddable":true,"href":"https:\/\/fontaine-chamonix.com\/de\/wp-json\/wp\/v2\/pages\/8446"}],"wp:featuredmedia":[{"embeddable":true,"href":"https:\/\/fontaine-chamonix.com\/de\/wp-json\/wp\/v2\/media\/6643"}],"wp:attachment":[{"href":"https:\/\/fontaine-chamonix.com\/de\/wp-json\/wp\/v2\/media?parent=8474"}],"curies":[{"name":"wp","href":"https:\/\/api.w.org\/{rel}","templated":true}]}}