{"id":8426,"date":"2025-01-26T10:46:55","date_gmt":"2025-01-26T09:46:55","guid":{"rendered":"https:\/\/fontaine-chamonix.com\/vallee-blanche-skitouring\/"},"modified":"2026-01-08T16:03:53","modified_gmt":"2026-01-08T15:03:53","slug":"vallee-blanche-skitouring","status":"publish","type":"page","link":"https:\/\/fontaine-chamonix.com\/de\/vallee-blanche-skitouring\/","title":{"rendered":"Vall\u00e9e Blanche &#038; Skitourengehen"},"content":{"rendered":"\t\t<div data-elementor-type=\"wp-page\" data-elementor-id=\"8426\" class=\"elementor elementor-8426 elementor-7490\" data-elementor-post-type=\"page\">\n\t\t\t\t<div data-dce-background-image-url=\"https:\/\/fontaine-chamonix.com\/wp-content\/uploads\/2025\/07\/krzysztof-kowalik-71zTrrkOjas-unsplash-1-scaled.jpg\" class=\"elementor-element elementor-element-3d6f48cb e-con-full e-flex e-con e-parent\" data-id=\"3d6f48cb\" data-element_type=\"container\" data-e-type=\"container\" data-settings=\"{&quot;background_background&quot;:&quot;classic&quot;,&quot;jet_parallax_layout_list&quot;:[]}\">\n\t\t\t\t<div data-dce-title-color=\"#FFFFFF\" class=\"elementor-element elementor-element-11a549e6 elementor-widget elementor-widget-heading\" data-id=\"11a549e6\" data-element_type=\"widget\" data-e-type=\"widget\" data-widget_type=\"heading.default\">\n\t\t\t\t\t<h1 class=\"elementor-heading-title elementor-size-default\">Vall\u00e9e Blanche &amp; Skitourengehen<\/h1>\t\t\t\t<\/div>\n\t\t\t\t<\/div>\n\t\t<div class=\"elementor-element elementor-element-78f3eeb5 e-con-full e-flex e-con e-parent\" data-id=\"78f3eeb5\" data-element_type=\"container\" data-e-type=\"container\" data-settings=\"{&quot;jet_parallax_layout_list&quot;:[]}\">\n\t\t\t\t<div class=\"elementor-element elementor-element-48979faf elementor-widget elementor-widget-shortcode\" data-id=\"48979faf\" data-element_type=\"widget\" data-e-type=\"widget\" data-widget_type=\"shortcode.default\">\n\t\t\t\t\t\t\t<div class=\"elementor-shortcode\"><nav aria-label=\"breadcrumbs\" class=\"rank-math-breadcrumb\"><p><span class=\"last\">Accueil<\/span><\/p><\/nav><\/div>\n\t\t\t\t\t\t<\/div>\n\t\t\t\t<\/div>\n\t\t<div class=\"elementor-element elementor-element-21227d24 e-con-full e-flex e-con e-parent\" data-id=\"21227d24\" data-element_type=\"container\" data-e-type=\"container\" data-settings=\"{&quot;jet_parallax_layout_list&quot;:[]}\">\n\t\t<div class=\"elementor-element elementor-element-185b77a1 e-con-full e-flex e-con e-child\" data-id=\"185b77a1\" data-element_type=\"container\" data-e-type=\"container\" data-settings=\"{&quot;background_background&quot;:&quot;classic&quot;,&quot;jet_parallax_layout_list&quot;:[]}\">\n\t\t\t\t<div data-dce-title-color=\"#212028\" class=\"elementor-element elementor-element-4f020659 elementor-widget elementor-widget-heading\" data-id=\"4f020659\" data-element_type=\"widget\" data-e-type=\"widget\" data-widget_type=\"heading.default\">\n\t\t\t\t\t<h2 class=\"elementor-heading-title elementor-size-default\">Skitouren und Vall\u00e9e Blanche<\/h2>\t\t\t\t<\/div>\n\t\t\t\t<div class=\"elementor-element elementor-element-6c2c6eb7 elementor-widget elementor-widget-text-editor\" data-id=\"6c2c6eb7\" data-element_type=\"widget\" data-e-type=\"widget\" data-widget_type=\"text-editor.default\">\n\t\t\t\t\t\t\t\t\t<p>Das Tal von Chamonix-Mont-Blanc, ein unumg\u00e4ngliches Reiseziel f\u00fcr Liebhaber des Skifahrens abseits der Pisten, ist reich an M\u00f6glichkeiten f\u00fcr Skitouren und Freerando.<br \/>Im Tal stehen Ihnen markierte Strecken zur Verf\u00fcgung, insbesondere in den Gebieten Les Houches, Les Grands-Montets und Balme. F\u00fcr ein sicheres Erlebnis wenden Sie sich an einen Bergf\u00fchrer, der Sie auf eine Entdeckungsreise durch die zahlreichen Combes und Couloirs mitnimmt, die dieses au\u00dfergew\u00f6hnliche Gebiet zu bieten hat.<\/p>\n<p>Erleben Sie die einzigartige Erfahrung des Skifahrens im Hochgebirge, indem Sie das unumg\u00e4ngliche Vall\u00e9e Blanche erkunden! Diese Gletscherroute, die mit der Seilbahn von der Aiguille du Midi (3842 m) aus erreichbar ist, geh\u00f6rt zu den spektakul\u00e4rsten der Welt. Sie ist im Fr\u00fchling sehr beliebt, bleibt aber dennoch ein anspruchsvolles H\u00f6henabenteuer. Die Begleitung durch einen professionellen Bergf\u00fchrer und eine angemessene Ausr\u00fcstung sind unerl\u00e4sslich, um diesen legend\u00e4ren Ausflug in vollen Z\u00fcgen genie\u00dfen zu k\u00f6nnen.<\/p>\n\t\t\t\t\t\t\t\t<\/div>\n\t\t<div class=\"elementor-element elementor-element-4ff93e18 e-con-full e-flex e-con e-child\" data-id=\"4ff93e18\" data-element_type=\"container\" data-e-type=\"container\" data-settings=\"{&quot;jet_parallax_layout_list&quot;:[]}\">\n\t\t<div class=\"elementor-element elementor-element-32d190d e-con-full e-flex e-con e-child\" data-id=\"32d190d\" data-element_type=\"container\" data-e-type=\"container\" data-settings=\"{&quot;jet_parallax_layout_list&quot;:[]}\">\n\t\t\t\t<div data-dce-title-color=\"#000000\" class=\"elementor-element elementor-element-20ac526f elementor-widget elementor-widget-heading\" data-id=\"20ac526f\" data-element_type=\"widget\" data-e-type=\"widget\" data-widget_type=\"heading.default\">\n\t\t\t\t\t<h2 class=\"elementor-heading-title elementor-size-default\">Sicherheitsinformationen<\/h2>\t\t\t\t<\/div>\n\t\t\t\t<div class=\"elementor-element elementor-element-1ca6568 elementor-widget elementor-widget-text-editor\" data-id=\"1ca6568\" data-element_type=\"widget\" data-e-type=\"widget\" data-widget_type=\"text-editor.default\">\n\t\t\t\t\t\t\t\t\t<p>Das Vall\u00e9e Blanche ist eine Hochgebirgstour \u00fcber Gletschergel\u00e4nde mit Spalten, Seracs und Schneebr\u00fccken, die unterschiedlich stark sein k\u00f6nnen. Diese Art von Route erfordert eine solide Beherrschung des Bergmilieus oder, falls dies nicht m\u00f6glich ist, die Begleitung durch einen erfahrenen Bergf\u00fchrer.<\/p>\n<p>Zu Ihrer eigenen Sicherheit sollten Sie unbedingt \u00fcber die richtige Ausr\u00fcstung verf\u00fcgen: ein LVS-Ger\u00e4t (LVS), eine Schaufel, eine Sonde, einen Klettergurt, Steigeisen (besonders n\u00fctzlich f\u00fcr den Grat)&#8230; Und vor allem: Gehen Sie nie allein los!<\/p>\n\t\t\t\t\t\t\t\t<\/div>\n\t\t\t\t<div class=\"elementor-element elementor-element-519598c5 elementor-widget elementor-widget-button\" data-id=\"519598c5\" data-element_type=\"widget\" data-e-type=\"widget\" data-widget_type=\"button.default\">\n\t\t\t\t\t\t\t\t\t\t<a class=\"elementor-button elementor-button-link elementor-size-sm\" href=\"https:\/\/www.chamoniarde.com\/vos-activites\/vallee-blanche\" target=\"_blank\" rel=\"noopener\">\n\t\t\t\t\t\t<span class=\"elementor-button-content-wrapper\">\n\t\t\t\t\t\t\t\t\t<span class=\"elementor-button-text\">Mehr erfahren<\/span>\n\t\t\t\t\t<\/span>\n\t\t\t\t\t<\/a>\n\t\t\t\t\t\t\t\t<\/div>\n\t\t\t\t<\/div>\n\t\t<div class=\"elementor-element elementor-element-5738e2f3 e-con-full e-flex e-con e-child\" data-id=\"5738e2f3\" data-element_type=\"container\" data-e-type=\"container\" data-settings=\"{&quot;background_background&quot;:&quot;slideshow&quot;,&quot;background_slideshow_gallery&quot;:[{&quot;id&quot;:2775,&quot;url&quot;:&quot;https:\\\/\\\/fontaine-chamonix.com\\\/wp-content\\\/uploads\\\/2020\\\/11\\\/aiguille-du-midi.jpg&quot;}],&quot;background_slideshow_slide_duration&quot;:2000,&quot;jet_parallax_layout_list&quot;:[],&quot;background_slideshow_loop&quot;:&quot;yes&quot;,&quot;background_slideshow_slide_transition&quot;:&quot;fade&quot;,&quot;background_slideshow_transition_duration&quot;:500}\">\n\t\t\t\t<\/div>\n\t\t\t\t<\/div>\n\t\t<div class=\"elementor-element elementor-element-1c91245 e-con-full e-flex e-con e-child\" data-id=\"1c91245\" data-element_type=\"container\" data-e-type=\"container\" data-settings=\"{&quot;jet_parallax_layout_list&quot;:[]}\">\n\t\t<div class=\"elementor-element elementor-element-0d8f439 e-con-full e-flex e-con e-child\" data-id=\"0d8f439\" data-element_type=\"container\" data-e-type=\"container\" data-settings=\"{&quot;background_background&quot;:&quot;slideshow&quot;,&quot;background_slideshow_gallery&quot;:[{&quot;id&quot;:9793,&quot;url&quot;:&quot;https:\\\/\\\/fontaine-chamonix.com\\\/wp-content\\\/uploads\\\/2025\\\/07\\\/krzysztof-kowalik-71zTrrkOjas-unsplash-1-scaled.jpg&quot;}],&quot;background_slideshow_slide_duration&quot;:2000,&quot;jet_parallax_layout_list&quot;:[],&quot;background_slideshow_loop&quot;:&quot;yes&quot;,&quot;background_slideshow_slide_transition&quot;:&quot;fade&quot;,&quot;background_slideshow_transition_duration&quot;:500}\">\n\t\t\t\t<\/div>\n\t\t<div class=\"elementor-element elementor-element-8c1f1b3 e-con-full e-flex e-con e-child\" data-id=\"8c1f1b3\" data-element_type=\"container\" data-e-type=\"container\" data-settings=\"{&quot;jet_parallax_layout_list&quot;:[]}\">\n\t\t\t\t<div data-dce-title-color=\"#000000\" class=\"elementor-element elementor-element-9ac4323 elementor-widget elementor-widget-heading\" data-id=\"9ac4323\" data-element_type=\"widget\" data-e-type=\"widget\" data-widget_type=\"heading.default\">\n\t\t\t\t\t<h2 class=\"elementor-heading-title elementor-size-default\">Reservierung<\/h2>\t\t\t\t<\/div>\n\t\t\t\t<div class=\"elementor-element elementor-element-e5842be elementor-widget elementor-widget-text-editor\" data-id=\"e5842be\" data-element_type=\"widget\" data-e-type=\"widget\" data-widget_type=\"text-editor.default\">\n\t\t\t\t\t\t\t\t\t<p>Buchen Sie Ihr Vall\u00e9e Blanche und Ihre von einem Bergprofi betreuten Skitouren \u00fcber unsere Buchungszentrale!<\/p>\n\t\t\t\t\t\t\t\t<\/div>\n\t\t\t\t<div class=\"elementor-element elementor-element-21d052b elementor-widget elementor-widget-button\" data-id=\"21d052b\" data-element_type=\"widget\" data-e-type=\"widget\" data-widget_type=\"button.default\">\n\t\t\t\t\t\t\t\t\t\t<a class=\"elementor-button elementor-button-link elementor-size-sm\" href=\"https:\/\/booking.chamonix.com\/serpActivity?type=new_act&#038;lang=fr_FR&#038;s_st=base_price&#038;ref_c.thematique_activity=skiing\" target=\"_blank\" rel=\"noopener\">\n\t\t\t\t\t\t<span class=\"elementor-button-content-wrapper\">\n\t\t\t\t\t\t\t\t\t<span class=\"elementor-button-text\">Buchen Sie online<\/span>\n\t\t\t\t\t<\/span>\n\t\t\t\t\t<\/a>\n\t\t\t\t\t\t\t\t<\/div>\n\t\t\t\t<\/div>\n\t\t\t\t<\/div>\n\t\t\t\t<div class=\"elementor-element elementor-element-a4c7078 elementor-widget elementor-widget-spacer\" data-id=\"a4c7078\" data-element_type=\"widget\" data-e-type=\"widget\" data-widget_type=\"spacer.default\">\n\t\t\t\t\t\t\t<div class=\"elementor-spacer\">\n\t\t\t<div class=\"elementor-spacer-inner\"><\/div>\n\t\t<\/div>\n\t\t\t\t\t\t<\/div>\n\t\t\t\t<div class=\"elementor-element elementor-element-beca0fe dce_masking-none elementor-widget elementor-widget-video\" data-id=\"beca0fe\" data-element_type=\"widget\" data-e-type=\"widget\" data-settings=\"{&quot;youtube_url&quot;:&quot;https:\\\/\\\/youtu.be\\\/BONv_3ggjhA&quot;,&quot;video_type&quot;:&quot;youtube&quot;,&quot;controls&quot;:&quot;yes&quot;}\" data-widget_type=\"video.default\">\n\t\t\t\t\t\t\t<div class=\"elementor-wrapper elementor-open-inline\">\n\t\t\t<div class=\"elementor-video\"><\/div>\t\t<\/div>\n\t\t\t\t\t\t<\/div>\n\t\t\t\t<div class=\"elementor-element elementor-element-16270ff7 elementor-widget elementor-widget-spacer\" data-id=\"16270ff7\" data-element_type=\"widget\" data-e-type=\"widget\" data-widget_type=\"spacer.default\">\n\t\t\t\t\t\t\t<div class=\"elementor-spacer\">\n\t\t\t<div class=\"elementor-spacer-inner\"><\/div>\n\t\t<\/div>\n\t\t\t\t\t\t<\/div>\n\t\t\t\t<\/div>\n\t\t\t\t<\/div>\n\t\t<div class=\"elementor-element elementor-element-1aed9cf1 e-con-full e-flex e-con e-parent\" data-id=\"1aed9cf1\" data-element_type=\"container\" data-e-type=\"container\" data-settings=\"{&quot;jet_parallax_layout_list&quot;:[]}\">\n\t\t\t\t<div class=\"elementor-element elementor-element-1bf32125 elementor-widget elementor-widget-shortcode\" data-id=\"1bf32125\" data-element_type=\"widget\" data-e-type=\"widget\" data-widget_type=\"shortcode.default\">\n\t\t\t\t\t\t\t<div class=\"elementor-shortcode\"><nav aria-label=\"breadcrumbs\" class=\"rank-math-breadcrumb\"><p><span class=\"last\">Accueil<\/span><\/p><\/nav><\/div>\n\t\t\t\t\t\t<\/div>\n\t\t\t\t<\/div>\n\t\t\t\t<\/div>\n\t\t","protected":false},"excerpt":{"rendered":"<p>Vall\u00e9e Blanche &amp; Skitourengehen Skitouren und Vall\u00e9e Blanche Das Tal von Chamonix-Mont-Blanc, ein unumg\u00e4ngliches Reiseziel f\u00fcr Liebhaber des Skifahrens abseits der Pisten, ist reich an M\u00f6glichkeiten f\u00fcr Skitouren und Freerando.Im Tal stehen Ihnen markierte Strecken zur Verf\u00fcgung, insbesondere in den Gebieten Les Houches, Les Grands-Montets und Balme. F\u00fcr ein sicheres Erlebnis wenden Sie sich an [&hellip;]<\/p>\n","protected":false},"author":4,"featured_media":9793,"parent":0,"menu_order":0,"comment_status":"closed","ping_status":"closed","template":"elementor_header_footer","meta":{"footnotes":""},"class_list":["post-8426","page","type-page","status-publish","has-post-thumbnail","hentry"],"jetpack_sharing_enabled":true,"_links":{"self":[{"href":"https:\/\/fontaine-chamonix.com\/de\/wp-json\/wp\/v2\/pages\/8426","targetHints":{"allow":["GET"]}}],"collection":[{"href":"https:\/\/fontaine-chamonix.com\/de\/wp-json\/wp\/v2\/pages"}],"about":[{"href":"https:\/\/fontaine-chamonix.com\/de\/wp-json\/wp\/v2\/types\/page"}],"author":[{"embeddable":true,"href":"https:\/\/fontaine-chamonix.com\/de\/wp-json\/wp\/v2\/users\/4"}],"replies":[{"embeddable":true,"href":"https:\/\/fontaine-chamonix.com\/de\/wp-json\/wp\/v2\/comments?post=8426"}],"version-history":[{"count":11,"href":"https:\/\/fontaine-chamonix.com\/de\/wp-json\/wp\/v2\/pages\/8426\/revisions"}],"predecessor-version":[{"id":11433,"href":"https:\/\/fontaine-chamonix.com\/de\/wp-json\/wp\/v2\/pages\/8426\/revisions\/11433"}],"wp:featuredmedia":[{"embeddable":true,"href":"https:\/\/fontaine-chamonix.com\/de\/wp-json\/wp\/v2\/media\/9793"}],"wp:attachment":[{"href":"https:\/\/fontaine-chamonix.com\/de\/wp-json\/wp\/v2\/media?parent=8426"}],"curies":[{"name":"wp","href":"https:\/\/api.w.org\/{rel}","templated":true}]}}