{"id":8372,"date":"2025-01-26T10:46:33","date_gmt":"2025-01-26T09:46:33","guid":{"rendered":"https:\/\/fontaine-chamonix.com\/skifahren-und-skilanglauf\/"},"modified":"2025-07-18T14:39:39","modified_gmt":"2025-07-18T12:39:39","slug":"skifahren-und-skilanglauf","status":"publish","type":"page","link":"https:\/\/fontaine-chamonix.com\/de\/skifahren-und-skilanglauf\/","title":{"rendered":"Skifahren und Skilanglauf"},"content":{"rendered":"\t\t<div data-elementor-type=\"wp-page\" data-elementor-id=\"8372\" class=\"elementor elementor-8372 elementor-7390\" data-elementor-post-type=\"page\">\n\t\t\t\t<div data-dce-background-image-url=\"https:\/\/fontaine-chamonix.com\/wp-content\/uploads\/2024\/12\/richard-kemp-lXbctKX97-w-unsplash-1-scaled.jpg\" class=\"elementor-element elementor-element-41bdd6cb e-con-full e-flex e-con e-parent\" data-id=\"41bdd6cb\" data-element_type=\"container\" data-e-type=\"container\" data-settings=\"{&quot;background_background&quot;:&quot;classic&quot;,&quot;jet_parallax_layout_list&quot;:[]}\">\n\t\t\t\t<div data-dce-title-color=\"#FFFFFF\" class=\"elementor-element elementor-element-7111a490 elementor-widget elementor-widget-heading\" data-id=\"7111a490\" data-element_type=\"widget\" data-e-type=\"widget\" data-widget_type=\"heading.default\">\n\t\t\t\t\t<h1 class=\"elementor-heading-title elementor-size-default\">Skifahren und Skilanglauf<\/h1>\t\t\t\t<\/div>\n\t\t\t\t<\/div>\n\t\t<div class=\"elementor-element elementor-element-1cb01371 e-con-full e-flex e-con e-parent\" data-id=\"1cb01371\" data-element_type=\"container\" data-e-type=\"container\" data-settings=\"{&quot;jet_parallax_layout_list&quot;:[]}\">\n\t\t\t\t<div class=\"elementor-element elementor-element-2bd6296e elementor-widget elementor-widget-shortcode\" data-id=\"2bd6296e\" data-element_type=\"widget\" data-e-type=\"widget\" data-widget_type=\"shortcode.default\">\n\t\t\t\t\t\t\t<div class=\"elementor-shortcode\"><nav aria-label=\"breadcrumbs\" class=\"rank-math-breadcrumb\"><p><span class=\"last\">Accueil<\/span><\/p><\/nav><\/div>\n\t\t\t\t\t\t<\/div>\n\t\t\t\t<\/div>\n\t\t<div class=\"elementor-element elementor-element-2836bcf0 e-con-full e-flex e-con e-parent\" data-id=\"2836bcf0\" data-element_type=\"container\" data-e-type=\"container\" data-settings=\"{&quot;jet_parallax_layout_list&quot;:[]}\">\n\t\t<div class=\"elementor-element elementor-element-37e3b03e e-con-full e-flex e-con e-child\" data-id=\"37e3b03e\" data-element_type=\"container\" data-e-type=\"container\" data-settings=\"{&quot;background_background&quot;:&quot;classic&quot;,&quot;jet_parallax_layout_list&quot;:[]}\">\n\t\t\t\t<div data-dce-title-color=\"#212028\" class=\"elementor-element elementor-element-7429699d elementor-widget elementor-widget-heading\" data-id=\"7429699d\" data-element_type=\"widget\" data-e-type=\"widget\" data-widget_type=\"heading.default\">\n\t\t\t\t\t<h2 class=\"elementor-heading-title elementor-size-default\">Skifahren im Tal von Chamonix<\/h2>\t\t\t\t<\/div>\n\t\t\t\t<div class=\"elementor-element elementor-element-206c538c elementor-widget elementor-widget-text-editor\" data-id=\"206c538c\" data-element_type=\"widget\" data-e-type=\"widget\" data-widget_type=\"text-editor.default\">\n\t\t\t\t\t\t\t\t\t<p>Was gibt es Sch\u00f6neres, als mit Blick auf den Mont-Blanc Ski zu fahren?<br \/>Zum Skifahren ins Tal von Chamonix-Mont-Blanc zu kommen, ist die Garantie f\u00fcr ein unvergessliches Erlebnis auf mythischen Pisten. Ob Sie Anf\u00e4nger oder erfahrener Skifahrer sind, Sie finden Skigebiete f\u00fcr jedes Niveau vor der Kulisse des beeindruckenden Mont-Blanc.<\/p>\n\t\t\t\t\t\t\t\t<\/div>\n\t\t<div class=\"elementor-element elementor-element-75062d3b e-con-full e-flex e-con e-child\" data-id=\"75062d3b\" data-element_type=\"container\" data-e-type=\"container\" data-settings=\"{&quot;jet_parallax_layout_list&quot;:[]}\">\n\t\t<div class=\"elementor-element elementor-element-2f5972de e-con-full e-flex e-con e-child\" data-id=\"2f5972de\" data-element_type=\"container\" data-e-type=\"container\" data-settings=\"{&quot;jet_parallax_layout_list&quot;:[]}\">\n\t\t\t\t<div data-dce-title-color=\"#000000\" class=\"elementor-element elementor-element-64e86c5c elementor-widget elementor-widget-heading\" data-id=\"64e86c5c\" data-element_type=\"widget\" data-e-type=\"widget\" data-widget_type=\"heading.default\">\n\t\t\t\t\t<h2 class=\"elementor-heading-title elementor-size-default\">Die Bereiche<\/h2>\t\t\t\t<\/div>\n\t\t\t\t<div class=\"elementor-element elementor-element-eedf6ce elementor-widget elementor-widget-text-editor\" data-id=\"eedf6ce\" data-element_type=\"widget\" data-e-type=\"widget\" data-widget_type=\"text-editor.default\">\n\t\t\t\t\t\t\t\t\t<p>Die Skigebiete <a href=\"https:\/\/www.leshouches.com\/\" target=\"_blank\" rel=\"noopener\">Les Houches<\/a>, <a href=\"https:\/\/www.montblancnaturalresort.com\/brevent\" target=\"_blank\" rel=\"noopener\">Br\u00e9vent<\/a>, <a href=\"https:\/\/www.montblancnaturalresort.com\/flegere\" target=\"_blank\" rel=\"noopener\">Fl\u00e9g\u00e8re<\/a>, <a href=\"https:\/\/www.montblancnaturalresort.com\/grands-montets\" target=\"_blank\" rel=\"noopener\">Grands-Montets<\/a> und <a href=\"https:\/\/www.montblancnaturalresort.com\/balme\" target=\"_blank\" rel=\"noopener\">Balme<\/a> hei\u00dfen Sie willkommen f\u00fcr ein unvergessliches Erlebnis \u2013 sei es beim Carven auf der Piste, beim Springen im Snowpark oder auf der Suche nach Pulverschnee im Freeride-Gel\u00e4nde.<\/p>\n<p>Das <a href=\"https:\/\/www.chamonix.com\/\" target=\"_blank\" rel=\"noopener\">Chamonix-Mont-Blanc-Tal<\/a> bietet eine Vielzahl von Pisten, H\u00f6henunterschieden und Ausrichtungen. Erfahrene Skifahrer k\u00f6nnen ein einzigartiges Abenteuer erleben und gleichzeitig eine atemberaubende Aussicht genie\u00dfen! Anf\u00e4nger und Kinder k\u00f6nnen ihren \u201ePlant\u00e9 de b\u00e2ton\u201c in den niedrig gelegenen Skigebieten des Tals perfektionieren: <a href=\"https:\/\/www.chamonix.com\/le-tourchet\" target=\"_blank\" rel=\"noopener\">Le Tourchet<\/a>, <a href=\"https:\/\/www.chamonix.com\/le-savoy\" target=\"_blank\" rel=\"noopener\">Le Savoy<\/a>, <a href=\"https:\/\/www.chamonix.com\/les-planards\" target=\"_blank\" rel=\"noopener\">Les Planards<\/a>, <a href=\"https:\/\/www.chamonix.com\/les-chosalets\" target=\"_blank\" rel=\"noopener\">Les Chosalets<\/a>, <a href=\"https:\/\/www.chamonix.com\/la-vormaine\" target=\"_blank\" rel=\"noopener\">La Vormaine<\/a> oder <a href=\"https:\/\/www.chamonix.com\/la-poya\" target=\"_blank\" rel=\"noopener\">La Poya<\/a>.<\/p>\n\t\t\t\t\t\t\t\t<\/div>\n\t\t\t\t<div class=\"elementor-element elementor-element-faeb91a elementor-widget elementor-widget-button\" data-id=\"faeb91a\" data-element_type=\"widget\" data-e-type=\"widget\" data-widget_type=\"button.default\">\n\t\t\t\t\t\t\t\t\t\t<a class=\"elementor-button elementor-button-link elementor-size-sm\" href=\"https:\/\/www.chamonix.com\/activites\/hiver\/ski\/forfaits-de-ski\" target=\"_blank\" rel=\"noopener\">\n\t\t\t\t\t\t<span class=\"elementor-button-content-wrapper\">\n\t\t\t\t\t\t\t\t\t<span class=\"elementor-button-text\">Pauschalangebote<\/span>\n\t\t\t\t\t<\/span>\n\t\t\t\t\t<\/a>\n\t\t\t\t\t\t\t\t<\/div>\n\t\t\t\t<div class=\"elementor-element elementor-element-8732bee elementor-widget elementor-widget-button\" data-id=\"8732bee\" data-element_type=\"widget\" data-e-type=\"widget\" data-widget_type=\"button.default\">\n\t\t\t\t\t\t\t\t\t\t<a class=\"elementor-button elementor-button-link elementor-size-sm\" href=\"https:\/\/live.skiplan.com\/moduleweb\/2.0\/chamonix_hiver_general.php\" target=\"_blank\" rel=\"noopener\">\n\t\t\t\t\t\t<span class=\"elementor-button-content-wrapper\">\n\t\t\t\t\t\t\t\t\t<span class=\"elementor-button-text\">Sehen Sie sich den interaktiven Plan an<\/span>\n\t\t\t\t\t<\/span>\n\t\t\t\t\t<\/a>\n\t\t\t\t\t\t\t\t<\/div>\n\t\t\t\t<\/div>\n\t\t<div class=\"elementor-element elementor-element-b2a505 e-con-full e-flex e-con e-child\" data-id=\"b2a505\" data-element_type=\"container\" data-e-type=\"container\" data-settings=\"{&quot;background_background&quot;:&quot;slideshow&quot;,&quot;background_slideshow_gallery&quot;:[{&quot;id&quot;:7402,&quot;url&quot;:&quot;https:\\\/\\\/fontaine-chamonix.com\\\/wp-content\\\/uploads\\\/2025\\\/01\\\/dmitriy-karfagenskiy-GxkUMF40sI8-unsplash-1-scaled.jpg&quot;}],&quot;background_slideshow_slide_duration&quot;:2000,&quot;jet_parallax_layout_list&quot;:[],&quot;background_slideshow_loop&quot;:&quot;yes&quot;,&quot;background_slideshow_slide_transition&quot;:&quot;fade&quot;,&quot;background_slideshow_transition_duration&quot;:500}\">\n\t\t\t\t<\/div>\n\t\t\t\t<\/div>\n\t\t\t\t<div class=\"elementor-element elementor-element-24c9fcc6 elementor-widget elementor-widget-spacer\" data-id=\"24c9fcc6\" data-element_type=\"widget\" data-e-type=\"widget\" data-widget_type=\"spacer.default\">\n\t\t\t\t\t\t\t<div class=\"elementor-spacer\">\n\t\t\t<div class=\"elementor-spacer-inner\"><\/div>\n\t\t<\/div>\n\t\t\t\t\t\t<\/div>\n\t\t<div class=\"elementor-element elementor-element-32acfcce e-con-full e-flex e-con e-child\" data-id=\"32acfcce\" data-element_type=\"container\" data-e-type=\"container\" data-settings=\"{&quot;jet_parallax_layout_list&quot;:[]}\">\n\t\t<div class=\"elementor-element elementor-element-bcc9a29 e-con-full e-flex e-con e-child\" data-id=\"bcc9a29\" data-element_type=\"container\" data-e-type=\"container\" data-settings=\"{&quot;background_background&quot;:&quot;slideshow&quot;,&quot;background_slideshow_gallery&quot;:[{&quot;id&quot;:7412,&quot;url&quot;:&quot;https:\\\/\\\/fontaine-chamonix.com\\\/wp-content\\\/uploads\\\/2025\\\/01\\\/pexels-pixabay-257961-1-scaled.jpg&quot;}],&quot;background_slideshow_slide_duration&quot;:2000,&quot;jet_parallax_layout_list&quot;:[],&quot;background_slideshow_loop&quot;:&quot;yes&quot;,&quot;background_slideshow_slide_transition&quot;:&quot;fade&quot;,&quot;background_slideshow_transition_duration&quot;:500}\">\n\t\t\t\t<\/div>\n\t\t<div class=\"elementor-element elementor-element-23023384 e-con-full e-flex e-con e-child\" data-id=\"23023384\" data-element_type=\"container\" data-e-type=\"container\" data-settings=\"{&quot;jet_parallax_layout_list&quot;:[]}\">\n\t\t\t\t<div data-dce-title-color=\"#000000\" class=\"elementor-element elementor-element-7b1f85af elementor-widget elementor-widget-heading\" data-id=\"7b1f85af\" data-element_type=\"widget\" data-e-type=\"widget\" data-widget_type=\"heading.default\">\n\t\t\t\t\t<h2 class=\"elementor-heading-title elementor-size-default\">Vermietung<\/h2>\t\t\t\t<\/div>\n\t\t\t\t<div class=\"elementor-element elementor-element-3f13be5c elementor-widget elementor-widget-text-editor\" data-id=\"3f13be5c\" data-element_type=\"widget\" data-e-type=\"widget\" data-widget_type=\"text-editor.default\">\n\t\t\t\t\t\t\t\t\t<p>Egal, ob Sie entspanntes Skifahren bevorzugen oder den Nervenkitzel auf sportlichen Pisten suchen, die professionellen Verleiher stehen Ihnen mit Rat und Tat zur Seite und bieten Ihnen eine auf Ihre Bed\u00fcrfnisse zugeschnittene Beratung.<\/p>\n\t\t\t\t\t\t\t\t<\/div>\n\t\t\t\t<div class=\"elementor-element elementor-element-686e0136 elementor-widget elementor-widget-button\" data-id=\"686e0136\" data-element_type=\"widget\" data-e-type=\"widget\" data-widget_type=\"button.default\">\n\t\t\t\t\t\t\t\t\t\t<a class=\"elementor-button elementor-button-link elementor-size-sm\" href=\"https:\/\/www.chamonix.com\/activites\/hiver\/le-ski-dans-la-vallee-de-chamonix-mont-blanc\/location-de-ski-et-snowboard\" target=\"_blank\" rel=\"noopener\">\n\t\t\t\t\t\t<span class=\"elementor-button-content-wrapper\">\n\t\t\t\t\t\t\t\t\t<span class=\"elementor-button-text\">Mehr erfahren<\/span>\n\t\t\t\t\t<\/span>\n\t\t\t\t\t<\/a>\n\t\t\t\t\t\t\t\t<\/div>\n\t\t\t\t<\/div>\n\t\t\t\t<\/div>\n\t\t\t\t<div class=\"elementor-element elementor-element-742c6844 elementor-widget elementor-widget-spacer\" data-id=\"742c6844\" data-element_type=\"widget\" data-e-type=\"widget\" data-widget_type=\"spacer.default\">\n\t\t\t\t\t\t\t<div class=\"elementor-spacer\">\n\t\t\t<div class=\"elementor-spacer-inner\"><\/div>\n\t\t<\/div>\n\t\t\t\t\t\t<\/div>\n\t\t<div class=\"elementor-element elementor-element-4019a581 e-con-full e-flex e-con e-child\" data-id=\"4019a581\" data-element_type=\"container\" data-e-type=\"container\" data-settings=\"{&quot;jet_parallax_layout_list&quot;:[]}\">\n\t\t<div class=\"elementor-element elementor-element-48089796 e-con-full e-flex e-con e-child\" data-id=\"48089796\" data-element_type=\"container\" data-e-type=\"container\" data-settings=\"{&quot;jet_parallax_layout_list&quot;:[]}\">\n\t\t<div class=\"elementor-element elementor-element-4a337df e-con-full e-flex e-con e-child\" data-id=\"4a337df\" data-element_type=\"container\" data-e-type=\"container\" data-settings=\"{&quot;jet_parallax_layout_list&quot;:[]}\">\n\t\t\t\t<div data-dce-title-color=\"#000000\" class=\"elementor-element elementor-element-6488fe64 elementor-widget elementor-widget-heading\" data-id=\"6488fe64\" data-element_type=\"widget\" data-e-type=\"widget\" data-widget_type=\"heading.default\">\n\t\t\t\t\t<h2 class=\"elementor-heading-title elementor-size-default\">Skilanglauf<\/h2>\t\t\t\t<\/div>\n\t\t\t\t<div class=\"elementor-element elementor-element-43399de elementor-widget elementor-widget-text-editor\" data-id=\"43399de\" data-element_type=\"widget\" data-e-type=\"widget\" data-widget_type=\"text-editor.default\">\n\t\t\t\t\t\t\t\t\t<p>Das Tal von Chamonix-Mont-Blanc bietet \u00fcber 50 Kilometer Langlaufloipen (Skating oder alternativ), die von Servoz bis Vallorcine reichen. Egal, wo Sie sich aufhalten, Sie werden immer eine Langlaufroute in der N\u00e4he finden, um die wundersch\u00f6ne Landschaft und den Schnee zu genie\u00dfen.<\/p>\n\t\t\t\t\t\t\t\t<\/div>\n\t\t\t\t<div class=\"elementor-element elementor-element-026682c elementor-widget elementor-widget-button\" data-id=\"026682c\" data-element_type=\"widget\" data-e-type=\"widget\" data-widget_type=\"button.default\">\n\t\t\t\t\t\t\t\t\t\t<a class=\"elementor-button elementor-button-link elementor-size-sm\" href=\"https:\/\/www.chamonix.com\/activites\/hiver\/ski-de-fond-et-espace-luge\/ecoles-de-ski-nordique\" target=\"_blank\" rel=\"noopener\">\n\t\t\t\t\t\t<span class=\"elementor-button-content-wrapper\">\n\t\t\t\t\t\t\t\t\t<span class=\"elementor-button-text\">Nordische Skischule<\/span>\n\t\t\t\t\t<\/span>\n\t\t\t\t\t<\/a>\n\t\t\t\t\t\t\t\t<\/div>\n\t\t\t\t<div class=\"elementor-element elementor-element-296f43c elementor-widget elementor-widget-button\" data-id=\"296f43c\" data-element_type=\"widget\" data-e-type=\"widget\" data-widget_type=\"button.default\">\n\t\t\t\t\t\t\t\t\t\t<a class=\"elementor-button elementor-button-link elementor-size-sm\" href=\"https:\/\/www.chamonix.com\/sites\/default\/files\/media\/brochures\/Plan_Fond-Raquettes_2024-2025_WEB.pdf\" target=\"_blank\" rel=\"noopener\">\n\t\t\t\t\t\t<span class=\"elementor-button-content-wrapper\">\n\t\t\t\t\t\t\t\t\t<span class=\"elementor-button-text\">Pistenplan<\/span>\n\t\t\t\t\t<\/span>\n\t\t\t\t\t<\/a>\n\t\t\t\t\t\t\t\t<\/div>\n\t\t\t\t<div class=\"elementor-element elementor-element-9ffc513 elementor-widget elementor-widget-button\" data-id=\"9ffc513\" data-element_type=\"widget\" data-e-type=\"widget\" data-widget_type=\"button.default\">\n\t\t\t\t\t\t\t\t\t\t<a class=\"elementor-button elementor-button-link elementor-size-sm\" href=\"https:\/\/www.chamonix.com\/activites\/hiver\/ski-nordique-ski-de-fond-espace-luge#block-skinordique\" target=\"_blank\" rel=\"noopener\">\n\t\t\t\t\t\t<span class=\"elementor-button-content-wrapper\">\n\t\t\t\t\t\t\t\t\t<span class=\"elementor-button-text\">Mehr erfahren<\/span>\n\t\t\t\t\t<\/span>\n\t\t\t\t\t<\/a>\n\t\t\t\t\t\t\t\t<\/div>\n\t\t\t\t<\/div>\n\t\t<div class=\"elementor-element elementor-element-7e93ef06 e-con-full e-flex e-con e-child\" data-id=\"7e93ef06\" data-element_type=\"container\" data-e-type=\"container\" data-settings=\"{&quot;background_background&quot;:&quot;slideshow&quot;,&quot;background_slideshow_gallery&quot;:[{&quot;id&quot;:7394,&quot;url&quot;:&quot;https:\\\/\\\/fontaine-chamonix.com\\\/wp-content\\\/uploads\\\/2025\\\/01\\\/phillip-belena-eY-iYrKGOkw-unsplash-1-scaled.jpg&quot;}],&quot;background_slideshow_slide_duration&quot;:2000,&quot;jet_parallax_layout_list&quot;:[],&quot;background_slideshow_loop&quot;:&quot;yes&quot;,&quot;background_slideshow_slide_transition&quot;:&quot;fade&quot;,&quot;background_slideshow_transition_duration&quot;:500}\">\n\t\t\t\t<\/div>\n\t\t\t\t<\/div>\n\t\t\t\t<\/div>\n\t\t<div class=\"elementor-element elementor-element-330748d e-con-full e-flex e-con e-child\" data-id=\"330748d\" data-element_type=\"container\" data-e-type=\"container\" data-settings=\"{&quot;jet_parallax_layout_list&quot;:[]}\">\n\t\t<div class=\"elementor-element elementor-element-38b0192 e-con-full e-flex e-con e-child\" data-id=\"38b0192\" data-element_type=\"container\" data-e-type=\"container\" data-settings=\"{&quot;background_background&quot;:&quot;slideshow&quot;,&quot;background_slideshow_gallery&quot;:[{&quot;id&quot;:6823,&quot;url&quot;:&quot;https:\\\/\\\/fontaine-chamonix.com\\\/wp-content\\\/uploads\\\/2025\\\/01\\\/chris-biron-JVtcrWcbj1c-unsplash-1-scaled.jpg&quot;}],&quot;background_slideshow_slide_duration&quot;:2000,&quot;jet_parallax_layout_list&quot;:[],&quot;background_slideshow_loop&quot;:&quot;yes&quot;,&quot;background_slideshow_slide_transition&quot;:&quot;fade&quot;,&quot;background_slideshow_transition_duration&quot;:500}\">\n\t\t\t\t<\/div>\n\t\t<div class=\"elementor-element elementor-element-0d8e980 e-con-full e-flex e-con e-child\" data-id=\"0d8e980\" data-element_type=\"container\" data-e-type=\"container\" data-settings=\"{&quot;jet_parallax_layout_list&quot;:[]}\">\n\t\t\t\t<div data-dce-title-color=\"#000000\" class=\"elementor-element elementor-element-69f484b elementor-widget elementor-widget-heading\" data-id=\"69f484b\" data-element_type=\"widget\" data-e-type=\"widget\" data-widget_type=\"heading.default\">\n\t\t\t\t\t<h2 class=\"elementor-heading-title elementor-size-default\">Live-Infos, Schnee- und Wetterbericht<\/h2>\t\t\t\t<\/div>\n\t\t\t\t<div class=\"elementor-element elementor-element-a0e6c98 elementor-widget elementor-widget-text-editor\" data-id=\"a0e6c98\" data-element_type=\"widget\" data-e-type=\"widget\" data-widget_type=\"text-editor.default\">\n\t\t\t\t\t\t\t\t\t<p>Bleiben Sie in Echtzeit informiert: Tageswetter, Schneebedingungen und Live-Nachrichten.<\/p>\n\t\t\t\t\t\t\t\t<\/div>\n\t\t\t\t<div class=\"elementor-element elementor-element-2763c63b elementor-widget elementor-widget-button\" data-id=\"2763c63b\" data-element_type=\"widget\" data-e-type=\"widget\" data-widget_type=\"button.default\">\n\t\t\t\t\t\t\t\t\t\t<a class=\"elementor-button elementor-button-link elementor-size-sm\" href=\"https:\/\/www.chamonix.com\/infos-live\" target=\"_blank\" rel=\"noopener\">\n\t\t\t\t\t\t<span class=\"elementor-button-content-wrapper\">\n\t\t\t\t\t\t\t\t\t<span class=\"elementor-button-text\">Mehr erfahren<\/span>\n\t\t\t\t\t<\/span>\n\t\t\t\t\t<\/a>\n\t\t\t\t\t\t\t\t<\/div>\n\t\t\t\t<\/div>\n\t\t\t\t<\/div>\n\t\t\t\t<\/div>\n\t\t\t\t<\/div>\n\t\t\t\t<\/div>\n\t\t","protected":false},"excerpt":{"rendered":"<p>Skifahren und Skilanglauf Skifahren im Tal von Chamonix Was gibt es Sch\u00f6neres, als mit Blick auf den Mont-Blanc Ski zu fahren?Zum Skifahren ins Tal von Chamonix-Mont-Blanc zu kommen, ist die Garantie f\u00fcr ein unvergessliches Erlebnis auf mythischen Pisten. Ob Sie Anf\u00e4nger oder erfahrener Skifahrer sind, Sie finden Skigebiete f\u00fcr jedes Niveau vor der Kulisse des [&hellip;]<\/p>\n","protected":false},"author":4,"featured_media":6121,"parent":0,"menu_order":0,"comment_status":"closed","ping_status":"closed","template":"elementor_header_footer","meta":{"footnotes":""},"class_list":["post-8372","page","type-page","status-publish","has-post-thumbnail","hentry"],"jetpack_sharing_enabled":true,"_links":{"self":[{"href":"https:\/\/fontaine-chamonix.com\/de\/wp-json\/wp\/v2\/pages\/8372","targetHints":{"allow":["GET"]}}],"collection":[{"href":"https:\/\/fontaine-chamonix.com\/de\/wp-json\/wp\/v2\/pages"}],"about":[{"href":"https:\/\/fontaine-chamonix.com\/de\/wp-json\/wp\/v2\/types\/page"}],"author":[{"embeddable":true,"href":"https:\/\/fontaine-chamonix.com\/de\/wp-json\/wp\/v2\/users\/4"}],"replies":[{"embeddable":true,"href":"https:\/\/fontaine-chamonix.com\/de\/wp-json\/wp\/v2\/comments?post=8372"}],"version-history":[{"count":6,"href":"https:\/\/fontaine-chamonix.com\/de\/wp-json\/wp\/v2\/pages\/8372\/revisions"}],"predecessor-version":[{"id":9329,"href":"https:\/\/fontaine-chamonix.com\/de\/wp-json\/wp\/v2\/pages\/8372\/revisions\/9329"}],"wp:featuredmedia":[{"embeddable":true,"href":"https:\/\/fontaine-chamonix.com\/de\/wp-json\/wp\/v2\/media\/6121"}],"wp:attachment":[{"href":"https:\/\/fontaine-chamonix.com\/de\/wp-json\/wp\/v2\/media?parent=8372"}],"curies":[{"name":"wp","href":"https:\/\/api.w.org\/{rel}","templated":true}]}}