{"id":8309,"date":"2020-10-09T10:55:46","date_gmt":"2020-10-09T08:55:46","guid":{"rendered":"https:\/\/fontaine-chamonix.com\/datenschutzrichtlinie\/"},"modified":"2026-03-11T12:23:01","modified_gmt":"2026-03-11T11:23:01","slug":"datenschutzrichtlinie","status":"publish","type":"page","link":"https:\/\/fontaine-chamonix.com\/de\/datenschutzrichtlinie\/","title":{"rendered":"Datenschutzrichtlinie"},"content":{"rendered":"\t\t<div data-elementor-type=\"wp-page\" data-elementor-id=\"8309\" class=\"elementor elementor-8309 elementor-3\" data-elementor-post-type=\"page\">\n\t\t\t\t<div data-dce-background-image-url=\"https:\/\/fontaine-chamonix.com\/wp-content\/uploads\/2024\/12\/bg-politique-de-confidentialite.jpg\" class=\"elementor-element elementor-element-0d47a5c e-con-full e-flex e-con e-parent\" data-id=\"0d47a5c\" data-element_type=\"container\" data-e-type=\"container\" data-settings=\"{&quot;background_background&quot;:&quot;classic&quot;,&quot;jet_parallax_layout_list&quot;:[]}\">\n\t\t\t\t<div data-dce-title-color=\"#FFFFFF\" class=\"elementor-element elementor-element-79a4716 elementor-widget elementor-widget-heading\" data-id=\"79a4716\" data-element_type=\"widget\" data-e-type=\"widget\" data-widget_type=\"heading.default\">\n\t\t\t\t\t<h1 class=\"elementor-heading-title elementor-size-default\">Datenschutzrichtlinie<\/h1>\t\t\t\t<\/div>\n\t\t\t\t<\/div>\n\t\t<div class=\"elementor-element elementor-element-8be462a e-con-full e-flex e-con e-parent\" data-id=\"8be462a\" data-element_type=\"container\" data-e-type=\"container\" data-settings=\"{&quot;jet_parallax_layout_list&quot;:[]}\">\n\t\t\t\t<div class=\"elementor-element elementor-element-538120f elementor-widget elementor-widget-shortcode\" data-id=\"538120f\" data-element_type=\"widget\" data-e-type=\"widget\" data-widget_type=\"shortcode.default\">\n\t\t\t\t\t\t\t<div class=\"elementor-shortcode\"><nav aria-label=\"breadcrumbs\" class=\"rank-math-breadcrumb\"><p><span class=\"last\">Accueil<\/span><\/p><\/nav><\/div>\n\t\t\t\t\t\t<\/div>\n\t\t\t\t<\/div>\n\t\t<div class=\"elementor-element elementor-element-6de88f9 e-con-full e-flex e-con e-parent\" data-id=\"6de88f9\" data-element_type=\"container\" data-e-type=\"container\" data-settings=\"{&quot;jet_parallax_layout_list&quot;:[]}\">\n\t\t<div class=\"elementor-element elementor-element-cba692a e-con-full e-flex e-con e-child\" data-id=\"cba692a\" data-element_type=\"container\" data-e-type=\"container\" data-settings=\"{&quot;background_background&quot;:&quot;classic&quot;,&quot;jet_parallax_layout_list&quot;:[]}\">\n\t\t\t\t<div class=\"elementor-element elementor-element-f8de8c6 elementor-widget elementor-widget-text-editor\" data-id=\"f8de8c6\" data-element_type=\"widget\" data-e-type=\"widget\" data-widget_type=\"text-editor.default\">\n\t\t\t\t\t\t\t\t\tDiese Datenschutzrichtlinie soll Ihnen erkl\u00e4ren, warum wir Ihre Daten erfassen und wie wir uns f\u00fcr den Schutz dieser Daten einsetzen.<br><br>SARL HOTEL LA FONTAINE setzt sich f\u00fcr den Schutz Ihrer pers\u00f6nlichen Daten und Ihrer Privatsph\u00e4re ein.<br><br>Aus diesem Grund und in Anwendung der Allgemeinen Datenschutzverordnung (im Folgenden \u201eDSGVO\u201c) teilen wir Ihnen im Folgenden die Bedingungen mit, unter denen Ihre pers\u00f6nlichen Daten von uns verarbeitet werden sollen.\t\t\t\t\t\t\t\t<\/div>\n\t\t\t\t<div data-dce-title-color=\"#212028\" class=\"elementor-element elementor-element-8a55785 elementor-widget elementor-widget-heading\" data-id=\"8a55785\" data-element_type=\"widget\" data-e-type=\"widget\" data-widget_type=\"heading.default\">\n\t\t\t\t\t<h2 class=\"elementor-heading-title elementor-size-default\">Welche personenbezogenen Daten verarbeiten wir?<\/h2>\t\t\t\t<\/div>\n\t\t\t\t<div data-dce-title-color=\"#212028\" class=\"elementor-element elementor-element-cff2e77 elementor-widget elementor-widget-heading\" data-id=\"cff2e77\" data-element_type=\"widget\" data-e-type=\"widget\" data-widget_type=\"heading.default\">\n\t\t\t\t\t<h3 class=\"elementor-heading-title elementor-size-default\">Zweckbestimmungen :<\/h3>\t\t\t\t<\/div>\n\t\t\t\t<div class=\"elementor-element elementor-element-d1d9752 elementor-widget elementor-widget-text-editor\" data-id=\"d1d9752\" data-element_type=\"widget\" data-e-type=\"widget\" data-widget_type=\"text-editor.default\">\n\t\t\t\t\t\t\t\t\tWir k\u00f6nnen Ihre personenbezogenen Daten erfassen und speichern, insbesondere um:<br><br>Bearbeitung und Beantwortung Ihrer Nachrichten, Einrichtung und Verwaltung des Zugangs zu Ihren Konten, Entgegennahme und Bearbeitung Ihrer Bestellung, Entgegennahme und Bearbeitung Ihrer Teilnahme an einer Umfrage oder einem Wettbewerb, Verwaltung Ihrer Anmeldungen zu unseren Newslettern, Aufbau und Pflege der Gesch\u00e4ftsbeziehung, die sich aus Ihren Nachrichten ergeben kann, Verfassen einer auf der Website ver\u00f6ffentlichten Bewertung\/Kommentar, Bearbeitung Ihrer Bewerbung f\u00fcr eine Stelle, Einziehung Ihrer Zahlung, Sicherstellung der Buchhaltung und der Verwaltung, Verbesserung unserer Kundenbetreuung und unseres Kundendienstes, Verwaltung der Funktionsf\u00e4higkeit und Personalisierung der Dienste, Zusendung von Marketing- und Werbeinformationen entsprechend Ihren Pr\u00e4ferenzen, Erkennung von Angriffen und Einleitung von Rechtsstreitigkeiten gegen Betrug, Speicherung Ihrer Wahl bez\u00fcglich der Verwendung von Cookies, Bearbeitung und Beantwortung Ihrer Antr\u00e4ge auf Aus\u00fcbung Ihrer Rechte, Erf\u00fcllung geltender oder in Vorbereitung befindlicher regulatorischer Anforderungen.\t\t\t\t\t\t\t\t<\/div>\n\t\t\t\t<div data-dce-title-color=\"#212028\" class=\"elementor-element elementor-element-7d3b6a7 elementor-widget elementor-widget-heading\" data-id=\"7d3b6a7\" data-element_type=\"widget\" data-e-type=\"widget\" data-widget_type=\"heading.default\">\n\t\t\t\t\t<h3 class=\"elementor-heading-title elementor-size-default\">Datenkategorien :<\/h3>\t\t\t\t<\/div>\n\t\t\t\t<div class=\"elementor-element elementor-element-52b2e20 elementor-widget elementor-widget-text-editor\" data-id=\"52b2e20\" data-element_type=\"widget\" data-e-type=\"widget\" data-widget_type=\"text-editor.default\">\n\t\t\t\t\t\t\t\t\t<p>Kontaktdaten (z. B. Name, Vorname, Telefonnummer, E-Mail);, Daten zu Zahlungsmethoden, Technische und Standortinformationen, die im Rahmen der Nutzung unserer Dienste generiert werden.<\/p>\n\t\t\t\t\t\t\t\t<\/div>\n\t\t\t\t<div data-dce-title-color=\"#212028\" class=\"elementor-element elementor-element-b21425d elementor-widget elementor-widget-heading\" data-id=\"b21425d\" data-element_type=\"widget\" data-e-type=\"widget\" data-widget_type=\"heading.default\">\n\t\t\t\t\t<h2 class=\"elementor-heading-title elementor-size-default\">Rechtsgrundlage der Verarbeitung<\/h2>\t\t\t\t<\/div>\n\t\t\t\t<div class=\"elementor-element elementor-element-a435d18 elementor-widget elementor-widget-text-editor\" data-id=\"a435d18\" data-element_type=\"widget\" data-e-type=\"widget\" data-widget_type=\"text-editor.default\">\n\t\t\t\t\t\t\t\t\tDie durchgef\u00fchrten Verarbeitungen personenbezogener Daten beruhen auf :<br><br>Entweder auf der Einwilligung der betroffenen Person (Art. 6.1.a DSGVO) f\u00fcr alle Verarbeitungen, die eine vorherige Einholung der Einwilligung erfordern. In Online-Formularen sind Pflichtfelder mit einem Sternchen gekennzeichnet. Bei Nichtbeantwortung der Pflichtfragen sind wir nicht in der Lage, Ihnen die gew\u00fcnschten Dienstleistungen zu erbringen.<br>Entweder zur Erf\u00fcllung eines Vertrags oder zur Durchf\u00fchrung vorvertraglicher Ma\u00dfnahmen,<br>Oder zur Verfolgung eines berechtigten Interesses (Artikel 6 Absatz 1 Buchstabe e der DSGVO).<br>Oder zur Erf\u00fcllung einer gesetzlichen oder regulatorischen Verpflichtung;<br>Ihre Daten werden so lange gespeichert, wie es f\u00fcr die Erf\u00fcllung der oben genannten Zwecke erforderlich ist.<br><br>Die Dauer der Speicherung der personenbezogenen Daten von Kunden h\u00e4ngt von dem jeweiligen Zweck ab. In diesem Rahmen werden die personenbezogenen Daten der Kunden so lange aufbewahrt, wie es f\u00fcr die Erf\u00fcllung ihrer Zwecke erforderlich ist.<br>ihrer Anfrage erforderlich ist. Erfolgt keine Erf\u00fcllung, werden die personenbezogenen Daten innerhalb der von der Commission Nationale Informatique et Libert\u00e9s (CNIL) empfohlenen Fristen nach Ablauf von drei Jahren nach ihrer Erhebung gel\u00f6scht, vorbehaltlich : &#8211; der gesetzlichen M\u00f6glichkeiten und Verpflichtungen zur Archivierung,<br>&#8211; Verpflichtungen zur Aufbewahrung bestimmter Daten zu Beweiszwecken und\/oder zur Anonymisierung von Daten.<br>dieser.<br>Die pers\u00f6nlichen Daten des Kunden, die f\u00fcr die Zwecke der Ausf\u00fchrung der Angebote gesammelt und verarbeitet werden, werden wie folgt behandelt\t\t\t\t\t\t\t\t<\/div>\n\t\t\t\t<div data-dce-title-color=\"#212028\" class=\"elementor-element elementor-element-edf8e9f elementor-widget elementor-widget-heading\" data-id=\"edf8e9f\" data-element_type=\"widget\" data-e-type=\"widget\" data-widget_type=\"heading.default\">\n\t\t\t\t\t<h2 class=\"elementor-heading-title elementor-size-default\">Wer sind die Empf\u00e4nger Ihrer Daten?<\/h2>\t\t\t\t<\/div>\n\t\t\t\t<div class=\"elementor-element elementor-element-201b0ed elementor-widget elementor-widget-text-editor\" data-id=\"201b0ed\" data-element_type=\"widget\" data-e-type=\"widget\" data-widget_type=\"text-editor.default\">\n\t\t\t\t\t\t\t\t\tIhre pers\u00f6nlichen Daten sind f\u00fcr SARL HOTEL LA FONTAINE bestimmt.<br><br>Unsere internen Abteilungen: Sie werden von den Mitarbeitern unserer verschiedenen Abteilungen wie der Verkaufsabteilung oder der f\u00fcr die IT-Sicherheit zust\u00e4ndigen Abteilung verarbeitet. Vertrauensw\u00fcrdige Unternehmen oder Personen: Sie verarbeiten Ihre Daten f\u00fcr uns zu den oben genannten Zwecken, gem\u00e4\u00df unseren Anweisungen, wie sie in unserer Datenschutzrichtlinie beschrieben sind, und gem\u00e4\u00df allen anderen F\u00e4llen angemessener Nutzung in Bezug auf Vertraulichkeit und Sicherheit. Technische Unterauftragnehmer: Ihre personenbezogenen Daten k\u00f6nnen unter strengen Auflagen an unsere technischen Unterauftragnehmer (im Sinne von Artikel 4.8 der DSGVO) weitergeleitet werden. Im Falle einer \u00dcbertragung stellen wir sicher, dass die Unterauftragsverarbeiter die DSGVO einhalten und technische und organisatorische Ma\u00dfnahmen ergreifen, um den Datenschutz zu gew\u00e4hrleisten (Art. 28 DSGVO).<br><br>Traffic-Analyse (wie Google Analytics), Werbeanbieter (wie Google Ads).<br><br>Manchmal m\u00fcssen wir unseren Partnern gestatten, die personenbezogenen Daten, die wir \u00fcber Sie haben, in unserem Namen f\u00fcr die in dieser Richtlinie genannten Zwecke oder aus anderen gesetzlich vorgeschriebenen Gr\u00fcnden zu verarbeiten.<br><br>Die gesammelten personenbezogenen Daten der Kunden werden in Frankreich gehostet.<br><br>Im Falle der Nutzung eines Dienstleisters, der sich au\u00dferhalb der Europ\u00e4ischen Union befindet, verpflichten wir uns, zu \u00fcberpr\u00fcfen, ob angemessene Ma\u00dfnahmen ergriffen wurden, um sicherzustellen, dass die von Ihnen erhobenen Daten nicht an Dritte weitergegeben werden.\t\t\t\t\t\t\t\t<\/div>\n\t\t\t\t<div data-dce-title-color=\"#212028\" class=\"elementor-element elementor-element-077e939 elementor-widget elementor-widget-heading\" data-id=\"077e939\" data-element_type=\"widget\" data-e-type=\"widget\" data-widget_type=\"heading.default\">\n\t\t\t\t\t<h2 class=\"elementor-heading-title elementor-size-default\">Wie bewahrt SARL HOTEL LA FONTAINE die Sicherheit Ihrer Daten?<\/h2>\t\t\t\t<\/div>\n\t\t\t\t<div class=\"elementor-element elementor-element-ca5421d elementor-widget elementor-widget-text-editor\" data-id=\"ca5421d\" data-element_type=\"widget\" data-e-type=\"widget\" data-widget_type=\"text-editor.default\">\n\t\t\t\t\t\t\t\t\tWir ergreifen alle organisatorischen und technischen Ma\u00dfnahmen, um ein angemessenes Sicherheitsniveau f\u00fcr Ihre personenbezogenen Daten zu gew\u00e4hrleisten und insbesondere den Verlust der Vertraulichkeit, Integrit\u00e4t oder Zug\u00e4nglichkeit zu verhindern.<br><br>Wir f\u00fchren h\u00e4ufig Datensicherungen durch, setzen technische und organisatorische Ma\u00dfnahmen ein, um sicherzustellen, dass die personenbezogenen Daten der Kunden sicher aufbewahrt werden, und zwar f\u00fcr den Zeitraum, der f\u00fcr die Aus\u00fcbung der verfolgten Zwecke erforderlich ist.\t\t\t\t\t\t\t\t<\/div>\n\t\t\t\t<div data-dce-title-color=\"#212028\" class=\"elementor-element elementor-element-4781155 elementor-widget elementor-widget-heading\" data-id=\"4781155\" data-element_type=\"widget\" data-e-type=\"widget\" data-widget_type=\"heading.default\">\n\t\t\t\t\t<h2 class=\"elementor-heading-title elementor-size-default\">Welche Rechte haben Sie in Bezug auf Ihre pers\u00f6nlichen Daten?<\/h2>\t\t\t\t<\/div>\n\t\t\t\t<div class=\"elementor-element elementor-element-ed01c4b elementor-widget elementor-widget-text-editor\" data-id=\"ed01c4b\" data-element_type=\"widget\" data-e-type=\"widget\" data-widget_type=\"text-editor.default\">\n\t\t\t\t\t\t\t\t\tGem\u00e4\u00df der geltenden Vorschriften haben Sie die folgenden Rechte: Ein Recht auf Berichtigung: Sie haben das Recht, die Berichtigung unrichtiger Daten, die Sie betreffen, zu verlangen. Sie haben auch das Recht, unvollst\u00e4ndige Daten \u00fcber Sie zu vervollst\u00e4ndigen, indem Sie eine erg\u00e4nzende Erkl\u00e4rung abgeben. Im Falle der Aus\u00fcbung dieses Rechts verpflichten wir uns, alle Berichtigungen an alle Empf\u00e4nger Ihrer Daten zu kommunizieren. Ein Recht auf L\u00f6schung: In bestimmten F\u00e4llen haben Sie das Recht, die L\u00f6schung Ihrer Daten zu verlangen. Jedoch ist dies kein absolutes Recht, und wir k\u00f6nnen diese Daten aus rechtlichen oder legitimen Gr\u00fcnden aufbewahren. Ein Recht auf Einschr\u00e4nkung der Verarbeitung: In bestimmten F\u00e4llen haben Sie das Recht, die Einschr\u00e4nkung der Verarbeitung Ihrer Daten zu verlangen, Ein Recht auf Daten\u00fcbertragbarkeit: Sie haben das Recht, die von Ihnen bereitgestellten Daten in einem strukturierten, g\u00e4ngigen und maschinenlesbaren Format zu erhalten, entweder f\u00fcr Ihre pers\u00f6nliche Nutzung oder um sie an einen Dritten Ihrer Wahl zu \u00fcbermitteln. Dieses Recht gilt nur, wenn die Verarbeitung Ihrer Daten auf Ihrer Einwilligung, einem Vertrag oder automatisierten Mitteln beruht. , Ein Widerspruchsrecht gegen die Verarbeitung: Sie haben das Recht, sich jederzeit der Verarbeitung Ihrer Daten zu widersetzen, wenn diese auf unserem berechtigten Interesse, einer \u00f6ffentlichen Aufgabe oder zu Zwecken der Direktwerbung basiert. Dies ist kein absolutes Recht, und wir k\u00f6nnen Ihren Widerspruch aus rechtlichen oder legitimen Gr\u00fcnden ablehnen. Das Recht, Ihre Einwilligung jederzeit zu widerrufen: Sie k\u00f6nnen Ihre Einwilligung zur Verarbeitung Ihrer Daten widerrufen, wenn die Verarbeitung auf Ihrer Einwilligung beruht. Der Widerruf der Einwilligung beeintr\u00e4chtigt nicht die Rechtm\u00e4\u00dfigkeit der auf der Einwilligung basierenden Verarbeitung, die vor diesem Widerruf erfolgt ist. Das Recht, eine Beschwerde bei einer Aufsichtsbeh\u00f6rde einzureichen: Sie haben das Recht, sich an Ihre Datenschutzbeh\u00f6rde zu wenden, um sich \u00fcber unsere Praktiken zum Schutz personenbezogener Daten zu beschweren.<br>Gem\u00e4\u00df der DSGVO k\u00f6nnen die Bedingungen f\u00fcr die Aus\u00fcbung dieser Rechte je nach der im ersten Absatz genannten Rechtsgrundlage der Verarbeitung variieren. Wir werden alle Aus\u00fcbung von Rechten so schnell wie m\u00f6glich und in jedem Fall innerhalb von 30 Tagen nach Erhalt des Antrags bearbeiten.<br>Wir behalten uns das Recht vor:<br>Eine Identit\u00e4tsnachweis des Antragstellers zu verlangen, wenn begr\u00fcndete Zweifel an dieser bestehen, um seiner Verpflichtung zur Vertraulichkeit nachzukommen.<br>Den Antwortzeitraum um zwei Monate verl\u00e4ngern und den Antragsteller innerhalb eines Monats nach Erhalt des Antrags \u00fcber diese Verl\u00e4ngerung und die Gr\u00fcnde f\u00fcr die Verschiebung informieren.<br>Weigerung, auf eine rechtliche \u00dcbung zu antworten, wenn diese als missbr\u00e4uchlich angesehen wird (angesichts ihrer Anzahl, ihres wiederholenden oder systematischen Charakters).\t\t\t\t\t\t\t\t<\/div>\n\t\t\t\t<div data-dce-title-color=\"#212028\" class=\"elementor-element elementor-element-b96d456 elementor-widget elementor-widget-heading\" data-id=\"b96d456\" data-element_type=\"widget\" data-e-type=\"widget\" data-widget_type=\"heading.default\">\n\t\t\t\t\t<h2 class=\"elementor-heading-title elementor-size-default\">Wen k\u00f6nnen Sie f\u00fcr alle Anfragen im Zusammenhang mit der DSGVO kontaktieren?<\/h2>\t\t\t\t<\/div>\n\t\t\t\t<div class=\"elementor-element elementor-element-ec994f4 elementor-widget elementor-widget-text-editor\" data-id=\"ec994f4\" data-element_type=\"widget\" data-e-type=\"widget\" data-widget_type=\"text-editor.default\">\n\t\t\t\t\t\t\t\t\t<p>Um Ihre Rechte auszu\u00fcben, k\u00f6nnen Sie uns kontaktieren:<\/p>\n<p>SARL HOTEL LA FONTAINE<br \/>161 Chemin de la Fontaine (Weg des Brunnens),<br \/>74310 LES HOUCHES &#8211; CHAMONIX<br \/>FRANKREICH<\/p>\n<p>contact@fontaine-chamonix.com<\/p>\n<p>+33 6 89 32 93 34<\/p>\n<p>Leiterin der Ver\u00f6ffentlichung: Chrystelle Verdier<\/p>\n\t\t\t\t\t\t\t\t<\/div>\n\t\t\t\t<div data-dce-title-color=\"#212028\" class=\"elementor-element elementor-element-e062c6d elementor-widget elementor-widget-heading\" data-id=\"e062c6d\" data-element_type=\"widget\" data-e-type=\"widget\" data-widget_type=\"heading.default\">\n\t\t\t\t\t<h2 class=\"elementor-heading-title elementor-size-default\">Vorbehalt der \u00c4nderung der Datenschutzrichtlinie<\/h2>\t\t\t\t<\/div>\n\t\t\t\t<div class=\"elementor-element elementor-element-ec27225 elementor-widget elementor-widget-text-editor\" data-id=\"ec27225\" data-element_type=\"widget\" data-e-type=\"widget\" data-widget_type=\"text-editor.default\">\n\t\t\t\t\t\t\t\t\t<p>Die vorliegenden Datenschutzrichtlinien k\u00f6nnen sich \u00e4ndern. Sie wurden auf der Grundlage einer freien Vorlage erstellt, die unter https:\/\/donnees.net heruntergeladen werden kann. Da wir unsere Dienstleistungen st\u00e4ndig weiterentwickeln, behalten wir uns das Recht vor, diese Datenschutzrichtlinie im Einklang mit den geltenden gesetzlichen Bestimmungen zu \u00e4ndern. Alle \u00c4nderungen werden zu gegebener Zeit auf diesem Dokument ver\u00f6ffentlicht. Wir empfehlen Ihnen, diese Seite regelm\u00e4\u00dfig zu besuchen, um sich \u00fcber m\u00f6gliche \u00c4nderungen oder Aktualisierungen unserer Datenschutzrichtlinie zu informieren.<\/p>\n\t\t\t\t\t\t\t\t<\/div>\n\t\t\t\t<div data-dce-title-color=\"#212028\" class=\"elementor-element elementor-element-f7cc0ec elementor-widget elementor-widget-heading\" data-id=\"f7cc0ec\" data-element_type=\"widget\" data-e-type=\"widget\" data-widget_type=\"heading.default\">\n\t\t\t\t\t<h2 class=\"elementor-heading-title elementor-size-default\">Cookie-Richtlinie<\/h2>\t\t\t\t<\/div>\n\t\t\t\t<div data-dce-title-color=\"#212028\" class=\"elementor-element elementor-element-1d7843b elementor-widget elementor-widget-heading\" data-id=\"1d7843b\" data-element_type=\"widget\" data-e-type=\"widget\" data-widget_type=\"heading.default\">\n\t\t\t\t\t<h3 class=\"elementor-heading-title elementor-size-default\">Was ist ein \u201eCookie\u201c?<\/h3>\t\t\t\t<\/div>\n\t\t\t\t<div class=\"elementor-element elementor-element-af130ac elementor-widget elementor-widget-text-editor\" data-id=\"af130ac\" data-element_type=\"widget\" data-e-type=\"widget\" data-widget_type=\"text-editor.default\">\n\t\t\t\t\t\t\t\t\tCookies sind kleine Textdateien, die eine Website auf Ihrem Computer oder Mobilger\u00e4t speichert, wenn Sie die Website besuchen.<br><br>Sie erleichtern Ihre Online-Erfahrung, indem sie Ihre Navigationsinformationen speichern. Mithilfe von Cookies k\u00f6nnen Websites Sie angemeldet halten, sich an Ihre Website-Vorlieben erinnern und Ihnen personalisierte Inhalte anbieten. Cookies k\u00f6nnen auch verwendet werden, um Statistiken \u00fcber das Surferlebnis zu erstellen und gezielte Werbung zu zeigen.<br><br>Im Allgemeinen lassen sich Cookies einteilen nach :<br><br>Bereich :<br><br>First-Party-Cookies werden von einer Website erstellt, die ein Nutzer direkt aufruft.<br>Third-Party-Cookies werden nicht von der besuchten Website, sondern von einem Dritten wie Google Analytics, DoubleClick, Facebook, Twitter, LinkedIn, Youtube, Vim\u0435o usw. erstellt.<br>Zweck:<br><br>Unbedingt erforderliche Cookies sind erforderlich, damit die Website ordnungsgem\u00e4\u00df funktioniert.<br>Mithilfe von Pr\u00e4ferenz-Cookies kann sich eine Website an die Entscheidungen erinnern, die Sie in der Vergangenheit getroffen haben.<br>Statistik-Cookies helfen dem Websitebesitzer, statistische Daten zu sammeln und zu verstehen, wie die Besucher mit der Website interagieren.<br>Marketing-Cookies verfolgen die Online-Aktivit\u00e4ten des Nutzers, um Werbetreibenden zu helfen, relevantere Werbung zu schalten.<br>Dauer :<br><ul>\r\n \t<li>Sitzungscookies, die gel\u00f6scht werden, wenn der Nutzer den Browser schlie\u00dft.<\/li>\r\n \t<li>Dauerhafte Cookies, die f\u00fcr eine bestimmte Zeit auf dem Ger\u00e4t des Nutzers verbleiben.<\/li>\r\n<\/ul>\t\t\t\t\t\t\t\t<\/div>\n\t\t\t\t<div data-dce-title-color=\"#212028\" class=\"elementor-element elementor-element-59ef2b3 elementor-widget elementor-widget-heading\" data-id=\"59ef2b3\" data-element_type=\"widget\" data-e-type=\"widget\" data-widget_type=\"heading.default\">\n\t\t\t\t\t<h3 class=\"elementor-heading-title elementor-size-default\">Welche Cookies und Tracker verwenden wir?<\/h3>\t\t\t\t<\/div>\n\t\t\t\t<div class=\"elementor-element elementor-element-156deaa elementor-widget elementor-widget-text-editor\" data-id=\"156deaa\" data-element_type=\"widget\" data-e-type=\"widget\" data-widget_type=\"text-editor.default\">\n\t\t\t\t\t\t\t\t\t<p>Unbedingt erforderliche Cookies<br \/>Cookie-Schl\u00fcssel Domain Pfad Cookie-Typ Ablauf Beschreibung<br \/>PHPSESSID First-Party-Sitzungs-Cookie, das von Anwendungen basierend auf der PHP-Sprache generiert wird. Dies ist ein allgemeiner Identifikator, der verwendet wird, um Benutzersitzungsvariablen zu verwalten. Es handelt sich normalerweise um eine zuf\u00e4llig generierte Nummer, deren Verwendung spezifisch f\u00fcr die Website sein kann, aber ein gutes Beispiel ist die Aufrechterhaltung des angemeldeten Status eines Benutzers zwischen den Seiten.<br \/>Leistungs-Cookies<br \/>_gid Erstanbieter 1 Tag Dieses Cookie wird von Google Analytics gesetzt. Es speichert und aktualisiert einen eindeutigen Wert f\u00fcr jede besuchte Seite und wird verwendet, um Seitenaufrufe zu z\u00e4hlen und zu verfolgen.<br \/>_gat Erstanbieter 1 Minute Dieser Cookie-Name ist mit Google Universal Analytics verbunden, laut Dokumentation wird er verwendet, um die Anforderungsrate zu drosseln \u2013 was die Datensammlung auf stark frequentierten Seiten einschr\u00e4nkt. _ga Erstanbieter 2 Jahre Dieser Cookie-Name ist mit Google Universal Analytics verbunden \u2013 einem bedeutenden Update des h\u00e4ufigeren verwendeten Analyse-Dienstes von Google. Dieses Cookie wird verwendet, um eindeutige Benutzer zu unterscheiden, indem eine zuf\u00e4llig generierte Nummer als Client-Identifikator zugewiesen wird. Es wird in jede Seitenanforderung auf einer Website aufgenommen und zur Berechnung von Besucher-, Sitzungs- und Kampagnendaten f\u00fcr die Analyseberichte der Website verwendet.<br \/>Targeting-Cookies<br \/>Cookie-Schl\u00fcssel Domain Pfad Cookie-Typ Ablauf Beschreibung YSC Weitere Informationen .youtube.com \/ Drittanbieter Sitzung Dieses Cookie wird von YouTube gesetzt, um die Aufrufe eingebetteter Videos zu verfolgen.<br \/>VISITOR_INFO1_LIVE Mehr Informationen .youtube.com \/ Dritte Partei 6 Monate Dieses Cookie wird von Youtube gesetzt, um die Benutzerpr\u00e4ferenzen f\u00fcr in Websites eingebettete Youtube-Videos zu verfolgen; es kann auch feststellen, ob der Website-Besucher die neue oder alte Version der Youtube-Oberfl\u00e4che verwendet.<\/p>\n\t\t\t\t\t\t\t\t<\/div>\n\t\t\t\t<div data-dce-title-color=\"#212028\" class=\"elementor-element elementor-element-ffe5996 elementor-widget elementor-widget-heading\" data-id=\"ffe5996\" data-element_type=\"widget\" data-e-type=\"widget\" data-widget_type=\"heading.default\">\n\t\t\t\t\t<h3 class=\"elementor-heading-title elementor-size-default\">Ihre Einstellungen zu Cookies<\/h3>\t\t\t\t<\/div>\n\t\t\t\t<div class=\"elementor-element elementor-element-f4143ec elementor-widget elementor-widget-text-editor\" data-id=\"f4143ec\" data-element_type=\"widget\" data-e-type=\"widget\" data-widget_type=\"text-editor.default\">\n\t\t\t\t\t\t\t\t\t<p>Wenn Sie zum ersten Mal auf die Website gelangen, werden Sie in einem Cookie-Banner aufgefordert, Cookies zu akzeptieren oder abzulehnen, die f\u00fcr das Funktionieren der Website nicht wesentlich sind. Sie k\u00f6nnen Cookies jederzeit ablehnen\/deaktivieren, mit Ausnahme von Cookies, die f\u00fcr den stabilen Betrieb der Website erforderlich sind. Sie haben jederzeit die M\u00f6glichkeit, Ihre Pr\u00e4ferenzen bez\u00fcglich der Verwaltung von Cookies zu \u00e4ndern.<\/p>\n\t\t\t\t\t\t\t\t<\/div>\n\t\t\t\t<\/div>\n\t\t\t\t<\/div>\n\t\t\t\t<\/div>\n\t\t","protected":false},"excerpt":{"rendered":"<p>Datenschutzrichtlinie Diese Datenschutzrichtlinie soll Ihnen erkl\u00e4ren, warum wir Ihre Daten erfassen und wie wir uns f\u00fcr den Schutz dieser Daten einsetzen. SARL HOTEL LA FONTAINE setzt sich f\u00fcr den Schutz Ihrer pers\u00f6nlichen Daten und Ihrer Privatsph\u00e4re ein. Aus diesem Grund und in Anwendung der Allgemeinen Datenschutzverordnung (im Folgenden \u201eDSGVO\u201c) teilen wir Ihnen im Folgenden die [&hellip;]<\/p>\n","protected":false},"author":3,"featured_media":4915,"parent":0,"menu_order":0,"comment_status":"closed","ping_status":"open","template":"elementor_header_footer","meta":{"footnotes":""},"class_list":["post-8309","page","type-page","status-publish","has-post-thumbnail","hentry"],"jetpack_sharing_enabled":true,"_links":{"self":[{"href":"https:\/\/fontaine-chamonix.com\/de\/wp-json\/wp\/v2\/pages\/8309","targetHints":{"allow":["GET"]}}],"collection":[{"href":"https:\/\/fontaine-chamonix.com\/de\/wp-json\/wp\/v2\/pages"}],"about":[{"href":"https:\/\/fontaine-chamonix.com\/de\/wp-json\/wp\/v2\/types\/page"}],"author":[{"embeddable":true,"href":"https:\/\/fontaine-chamonix.com\/de\/wp-json\/wp\/v2\/users\/3"}],"replies":[{"embeddable":true,"href":"https:\/\/fontaine-chamonix.com\/de\/wp-json\/wp\/v2\/comments?post=8309"}],"version-history":[{"count":9,"href":"https:\/\/fontaine-chamonix.com\/de\/wp-json\/wp\/v2\/pages\/8309\/revisions"}],"predecessor-version":[{"id":12837,"href":"https:\/\/fontaine-chamonix.com\/de\/wp-json\/wp\/v2\/pages\/8309\/revisions\/12837"}],"wp:featuredmedia":[{"embeddable":true,"href":"https:\/\/fontaine-chamonix.com\/de\/wp-json\/wp\/v2\/media\/4915"}],"wp:attachment":[{"href":"https:\/\/fontaine-chamonix.com\/de\/wp-json\/wp\/v2\/media?parent=8309"}],"curies":[{"name":"wp","href":"https:\/\/api.w.org\/{rel}","templated":true}]}}