{"id":8297,"date":"2025-01-31T22:44:59","date_gmt":"2025-01-31T21:44:59","guid":{"rendered":"https:\/\/fontaine-chamonix.com\/merlet-park\/"},"modified":"2025-07-31T11:40:56","modified_gmt":"2025-07-31T09:40:56","slug":"merlet-park","status":"publish","type":"page","link":"https:\/\/fontaine-chamonix.com\/de\/merlet-park\/","title":{"rendered":"Merlet Park"},"content":{"rendered":"\t\t<div data-elementor-type=\"wp-page\" data-elementor-id=\"8297\" class=\"elementor elementor-8297 elementor-7816\" data-elementor-post-type=\"page\">\n\t\t\t\t<div data-dce-background-image-url=\"https:\/\/fontaine-chamonix.com\/wp-content\/uploads\/2024\/12\/harry-burk-ngzehCvVYdY-unsplash-1-scaled.jpg\" class=\"elementor-element elementor-element-1d263a44 e-con-full e-flex e-con e-parent\" data-id=\"1d263a44\" data-element_type=\"container\" data-e-type=\"container\" data-settings=\"{&quot;background_background&quot;:&quot;classic&quot;,&quot;jet_parallax_layout_list&quot;:[]}\">\n\t\t\t\t<div data-dce-title-color=\"#FFFFFF\" class=\"elementor-element elementor-element-53b57578 elementor-widget elementor-widget-heading\" data-id=\"53b57578\" data-element_type=\"widget\" data-e-type=\"widget\" data-widget_type=\"heading.default\">\n\t\t\t\t\t<h1 class=\"elementor-heading-title elementor-size-default\">Merlet Park<\/h1>\t\t\t\t<\/div>\n\t\t\t\t<\/div>\n\t\t<div class=\"elementor-element elementor-element-519dd56a e-con-full e-flex e-con e-parent\" data-id=\"519dd56a\" data-element_type=\"container\" data-e-type=\"container\" data-settings=\"{&quot;jet_parallax_layout_list&quot;:[]}\">\n\t\t\t\t<div class=\"elementor-element elementor-element-5834a902 elementor-widget elementor-widget-shortcode\" data-id=\"5834a902\" data-element_type=\"widget\" data-e-type=\"widget\" data-widget_type=\"shortcode.default\">\n\t\t\t\t\t\t\t<div class=\"elementor-shortcode\"><nav aria-label=\"breadcrumbs\" class=\"rank-math-breadcrumb\"><p><span class=\"last\">Accueil<\/span><\/p><\/nav><\/div>\n\t\t\t\t\t\t<\/div>\n\t\t\t\t<\/div>\n\t\t<div class=\"elementor-element elementor-element-b4df399 e-con-full e-flex e-con e-parent\" data-id=\"b4df399\" data-element_type=\"container\" data-e-type=\"container\" data-settings=\"{&quot;jet_parallax_layout_list&quot;:[]}\">\n\t\t<div class=\"elementor-element elementor-element-a4af458 e-con-full e-flex e-con e-child\" data-id=\"a4af458\" data-element_type=\"container\" data-e-type=\"container\" data-settings=\"{&quot;background_background&quot;:&quot;classic&quot;,&quot;jet_parallax_layout_list&quot;:[]}\">\n\t\t\t\t<div data-dce-title-color=\"#212028\" class=\"elementor-element elementor-element-b67206d elementor-widget elementor-widget-heading\" data-id=\"b67206d\" data-element_type=\"widget\" data-e-type=\"widget\" data-widget_type=\"heading.default\">\n\t\t\t\t\t<h2 class=\"elementor-heading-title elementor-size-default\">Der Merlet-Park<\/h2>\t\t\t\t<\/div>\n\t\t\t\t<div class=\"elementor-element elementor-element-7fafecc7 elementor-widget elementor-widget-text-editor\" data-id=\"7fafecc7\" data-element_type=\"widget\" data-e-type=\"widget\" data-widget_type=\"text-editor.default\">\n\t\t\t\t\t\t\t\t\t<p>Der Parc de Merlet in Les Houches im Chamonix-Tal ist viel mehr als nur ein Tierpark. Auf einer H\u00f6he von 950 Metern erstreckt er sich \u00fcber 21 Hektar und bietet die M\u00f6glichkeit, vollst\u00e4ndig in die wilde Natur der Alpen einzutauchen. Es ist ein einzigartiger Ort, an dem sich die Bergfauna frei bewegt und den Besuchern ein authentisches Erlebnis bietet, das weit entfernt von den traditionellen Zoos ist.<\/p>\n\t\t\t\t\t\t\t\t<\/div>\n\t\t\t\t<div class=\"elementor-element elementor-element-2469e08 elementor-align-center elementor-widget elementor-widget-button\" data-id=\"2469e08\" data-element_type=\"widget\" data-e-type=\"widget\" data-widget_type=\"button.default\">\n\t\t\t\t\t\t\t\t\t\t<a class=\"elementor-button elementor-button-link elementor-size-sm\" href=\"https:\/\/www.parcdemerlet.com\/\" target=\"_blank\" rel=\"noopener\">\n\t\t\t\t\t\t<span class=\"elementor-button-content-wrapper\">\n\t\t\t\t\t\t\t\t\t<span class=\"elementor-button-text\">Mehr erfahren<\/span>\n\t\t\t\t\t<\/span>\n\t\t\t\t\t<\/a>\n\t\t\t\t\t\t\t\t<\/div>\n\t\t\t\t<div class=\"elementor-element elementor-element-364f3f2d elementor-widget elementor-widget-spacer\" data-id=\"364f3f2d\" data-element_type=\"widget\" data-e-type=\"widget\" data-widget_type=\"spacer.default\">\n\t\t\t\t\t\t\t<div class=\"elementor-spacer\">\n\t\t\t<div class=\"elementor-spacer-inner\"><\/div>\n\t\t<\/div>\n\t\t\t\t\t\t<\/div>\n\t\t<div class=\"elementor-element elementor-element-7f7c8e49 e-con-full e-flex e-con e-child\" data-id=\"7f7c8e49\" data-element_type=\"container\" data-e-type=\"container\" data-settings=\"{&quot;jet_parallax_layout_list&quot;:[]}\">\n\t\t<div class=\"elementor-element elementor-element-6098a145 e-con-full e-flex e-con e-child\" data-id=\"6098a145\" data-element_type=\"container\" data-e-type=\"container\" data-settings=\"{&quot;jet_parallax_layout_list&quot;:[]}\">\n\t\t\t\t<div data-dce-title-color=\"#000000\" class=\"elementor-element elementor-element-760bc193 elementor-widget elementor-widget-heading\" data-id=\"760bc193\" data-element_type=\"widget\" data-e-type=\"widget\" data-widget_type=\"heading.default\">\n\t\t\t\t\t<h2 class=\"elementor-heading-title elementor-size-default\">Eine au\u00dfergew\u00f6hnliche nat\u00fcrliche Umgebung<\/h2>\t\t\t\t<\/div>\n\t\t\t\t<div class=\"elementor-element elementor-element-c7b2dbf elementor-widget elementor-widget-text-editor\" data-id=\"c7b2dbf\" data-element_type=\"widget\" data-e-type=\"widget\" data-widget_type=\"text-editor.default\">\n\t\t\t\t\t\t\t\t\t<p>Im Parc de Merlet tauchen Sie in eine au\u00dfergew\u00f6hnliche Umgebung mit einem atemberaubenden Blick auf den Mont-Blanc ein. Wenn Sie hier \u00fcbernachten, sind Sie nur wenige Schritte von diesem majest\u00e4tischen Bergmassiv entfernt, um eine einzigartige Erfahrung f\u00fcr die Augen und die Sinne zu machen. Genie\u00dfen Sie Ihre Spazierg\u00e4nge durch W\u00e4lder, \u00fcber Weiden und Klippen und beobachten Sie dabei eine vielf\u00e4ltige Tierwelt, die sich in ihrem nat\u00fcrlichen Lebensraum bewegt. Ein v\u00f6lliges Eintauchen in die Natur, nur wenige Minuten von Ihrer Unterkunft entfernt.<\/p>\n\t\t\t\t\t\t\t\t<\/div>\n\t\t\t\t<\/div>\n\t\t<div class=\"elementor-element elementor-element-a61513a e-con-full e-flex e-con e-child\" data-id=\"a61513a\" data-element_type=\"container\" data-e-type=\"container\" data-settings=\"{&quot;background_background&quot;:&quot;slideshow&quot;,&quot;background_slideshow_gallery&quot;:[{&quot;id&quot;:9764,&quot;url&quot;:&quot;https:\\\/\\\/fontaine-chamonix.com\\\/wp-content\\\/uploads\\\/2025\\\/07\\\/jeroen-roegist-nK5YKUzNan4-unsplash-min-scaled.jpg&quot;}],&quot;background_slideshow_slide_duration&quot;:2000,&quot;jet_parallax_layout_list&quot;:[],&quot;background_slideshow_loop&quot;:&quot;yes&quot;,&quot;background_slideshow_slide_transition&quot;:&quot;fade&quot;,&quot;background_slideshow_transition_duration&quot;:500}\">\n\t\t\t\t<\/div>\n\t\t\t\t<\/div>\n\t\t\t\t<div class=\"elementor-element elementor-element-14fe6d5a elementor-widget elementor-widget-spacer\" data-id=\"14fe6d5a\" data-element_type=\"widget\" data-e-type=\"widget\" data-widget_type=\"spacer.default\">\n\t\t\t\t\t\t\t<div class=\"elementor-spacer\">\n\t\t\t<div class=\"elementor-spacer-inner\"><\/div>\n\t\t<\/div>\n\t\t\t\t\t\t<\/div>\n\t\t<div class=\"elementor-element elementor-element-772c8ebf e-con-full e-flex e-con e-child\" data-id=\"772c8ebf\" data-element_type=\"container\" data-e-type=\"container\" data-settings=\"{&quot;jet_parallax_layout_list&quot;:[]}\">\n\t\t<div class=\"elementor-element elementor-element-2565c32 e-con-full e-flex e-con e-child\" data-id=\"2565c32\" data-element_type=\"container\" data-e-type=\"container\" data-settings=\"{&quot;background_background&quot;:&quot;slideshow&quot;,&quot;background_slideshow_gallery&quot;:[{&quot;id&quot;:9758,&quot;url&quot;:&quot;https:\\\/\\\/fontaine-chamonix.com\\\/wp-content\\\/uploads\\\/2025\\\/07\\\/jeroen-roegist-UdHrxqSyl7c-unsplash-1-scaled.jpg&quot;}],&quot;background_slideshow_slide_duration&quot;:2000,&quot;jet_parallax_layout_list&quot;:[],&quot;background_slideshow_loop&quot;:&quot;yes&quot;,&quot;background_slideshow_slide_transition&quot;:&quot;fade&quot;,&quot;background_slideshow_transition_duration&quot;:500}\">\n\t\t\t\t<\/div>\n\t\t<div class=\"elementor-element elementor-element-7c674a1 e-con-full e-flex e-con e-child\" data-id=\"7c674a1\" data-element_type=\"container\" data-e-type=\"container\" data-settings=\"{&quot;jet_parallax_layout_list&quot;:[]}\">\n\t\t\t\t<div data-dce-title-color=\"#000000\" class=\"elementor-element elementor-element-273455af elementor-widget elementor-widget-heading\" data-id=\"273455af\" data-element_type=\"widget\" data-e-type=\"widget\" data-widget_type=\"heading.default\">\n\t\t\t\t\t<h2 class=\"elementor-heading-title elementor-size-default\">Die Bergfauna in freier Wildbahn<\/h2>\t\t\t\t<\/div>\n\t\t\t\t<div class=\"elementor-element elementor-element-227a5824 elementor-widget elementor-widget-text-editor\" data-id=\"227a5824\" data-element_type=\"widget\" data-e-type=\"widget\" data-widget_type=\"text-editor.default\">\n\t\t\t\t\t\t\t\t\t<p>Das Herzst\u00fcck des Parc de Merlet sind seine Tiere. Mehr als 80 Bergtierarten wie G\u00e4msen, Steinb\u00f6cke, Murmeltiere, Sikahirsche und Mufflons k\u00f6nnen sich in diesem gesch\u00fctzten Gebiet frei bewegen. Diese Tiere werden nicht in herk\u00f6mmlichen Gehegen gehalten, sodass Sie die Gelegenheit haben, sie aus n\u00e4chster N\u00e4he in ihrem nat\u00fcrlichen Lebensraum zu beobachten. Ein wahres Spektakel der Tierwelt, das Sie w\u00e4hrend Ihres Aufenthalts in vollen Z\u00fcgen genie\u00dfen k\u00f6nnen.<\/p>\n\t\t\t\t\t\t\t\t<\/div>\n\t\t\t\t<\/div>\n\t\t\t\t<\/div>\n\t\t\t\t<div class=\"elementor-element elementor-element-536f626f elementor-widget elementor-widget-spacer\" data-id=\"536f626f\" data-element_type=\"widget\" data-e-type=\"widget\" data-widget_type=\"spacer.default\">\n\t\t\t\t\t\t\t<div class=\"elementor-spacer\">\n\t\t\t<div class=\"elementor-spacer-inner\"><\/div>\n\t\t<\/div>\n\t\t\t\t\t\t<\/div>\n\t\t<div class=\"elementor-element elementor-element-5628e40e e-con-full e-flex e-con e-child\" data-id=\"5628e40e\" data-element_type=\"container\" data-e-type=\"container\" data-settings=\"{&quot;jet_parallax_layout_list&quot;:[]}\">\n\t\t<div class=\"elementor-element elementor-element-727e5736 e-con-full e-flex e-con e-child\" data-id=\"727e5736\" data-element_type=\"container\" data-e-type=\"container\" data-settings=\"{&quot;jet_parallax_layout_list&quot;:[]}\">\n\t\t<div class=\"elementor-element elementor-element-3357f6aa e-con-full e-flex e-con e-child\" data-id=\"3357f6aa\" data-element_type=\"container\" data-e-type=\"container\" data-settings=\"{&quot;jet_parallax_layout_list&quot;:[]}\">\n\t\t\t\t<div data-dce-title-color=\"#000000\" class=\"elementor-element elementor-element-4b95df7 elementor-widget elementor-widget-heading\" data-id=\"4b95df7\" data-element_type=\"widget\" data-e-type=\"widget\" data-widget_type=\"heading.default\">\n\t\t\t\t\t<h2 class=\"elementor-heading-title elementor-size-default\">Bereichernde Aktivit\u00e4ten f\u00fcr die ganze Familie<\/h2>\t\t\t\t<\/div>\n\t\t\t\t<div class=\"elementor-element elementor-element-21e1ee65 elementor-widget elementor-widget-text-editor\" data-id=\"21e1ee65\" data-element_type=\"widget\" data-e-type=\"widget\" data-widget_type=\"text-editor.default\">\n\t\t\t\t\t\t\t\t\t<p>Der Park bietet weit mehr als nur einen Spaziergang in der Natur. Er bietet :<\/p>\n<p>Immersive Ausstellungen: Entdecken Sie die Tier- und Pflanzenwelt sowie die Geschichte der Region anhand von Videos und Ausstellungen.<\/p>\n<p>Interaktive Workshops: Nehmen Sie an Workshops wie \u201eGeweihe und H\u00f6rner\u201c teil, um mehr \u00fcber die Tiere der Bergregion, insbesondere Hirsche und G\u00e4msen, zu erfahren.<\/p>\n<p>Gef\u00fchrte Touren: Begeisterte F\u00fchrer enth\u00fcllen die Geheimnisse des Parks und erz\u00e4hlen Ihnen von der lokalen Tierwelt und ihrer \u00f6kologischen Rolle.<\/p>\n\t\t\t\t\t\t\t\t<\/div>\n\t\t\t\t<\/div>\n\t\t<div class=\"elementor-element elementor-element-3d5f882d e-con-full e-flex e-con e-child\" data-id=\"3d5f882d\" data-element_type=\"container\" data-e-type=\"container\" data-settings=\"{&quot;background_background&quot;:&quot;slideshow&quot;,&quot;background_slideshow_gallery&quot;:[{&quot;id&quot;:9774,&quot;url&quot;:&quot;https:\\\/\\\/fontaine-chamonix.com\\\/wp-content\\\/uploads\\\/2025\\\/07\\\/ioann-mark-kuznietsov-9QTQFihyles-unsplash-1-scaled.jpg&quot;}],&quot;background_slideshow_slide_duration&quot;:2000,&quot;jet_parallax_layout_list&quot;:[],&quot;background_slideshow_loop&quot;:&quot;yes&quot;,&quot;background_slideshow_slide_transition&quot;:&quot;fade&quot;,&quot;background_slideshow_transition_duration&quot;:500}\">\n\t\t\t\t<\/div>\n\t\t\t\t<\/div>\n\t\t\t\t<\/div>\n\t\t<div class=\"elementor-element elementor-element-39b8e54f e-con-full e-flex e-con e-child\" data-id=\"39b8e54f\" data-element_type=\"container\" data-e-type=\"container\" data-settings=\"{&quot;jet_parallax_layout_list&quot;:[]}\">\n\t\t<div class=\"elementor-element elementor-element-213d64bd e-con-full e-flex e-con e-child\" data-id=\"213d64bd\" data-element_type=\"container\" data-e-type=\"container\" data-settings=\"{&quot;jet_parallax_layout_list&quot;:[]}\">\n\t\t<div class=\"elementor-element elementor-element-bc8563c e-con-full e-flex e-con e-child\" data-id=\"bc8563c\" data-element_type=\"container\" data-e-type=\"container\" data-settings=\"{&quot;background_background&quot;:&quot;slideshow&quot;,&quot;background_slideshow_gallery&quot;:[{&quot;id&quot;:9769,&quot;url&quot;:&quot;https:\\\/\\\/fontaine-chamonix.com\\\/wp-content\\\/uploads\\\/2025\\\/07\\\/catherine-verrecchia-RMWAz0TD4Ic-unsplash-1-scaled.jpg&quot;}],&quot;background_slideshow_slide_duration&quot;:2000,&quot;jet_parallax_layout_list&quot;:[],&quot;background_slideshow_loop&quot;:&quot;yes&quot;,&quot;background_slideshow_slide_transition&quot;:&quot;fade&quot;,&quot;background_slideshow_transition_duration&quot;:500}\">\n\t\t\t\t<\/div>\n\t\t<div class=\"elementor-element elementor-element-5e06a2b2 e-con-full e-flex e-con e-child\" data-id=\"5e06a2b2\" data-element_type=\"container\" data-e-type=\"container\" data-settings=\"{&quot;jet_parallax_layout_list&quot;:[]}\">\n\t\t\t\t<div data-dce-title-color=\"#000000\" class=\"elementor-element elementor-element-21e7e53 elementor-widget elementor-widget-heading\" data-id=\"21e7e53\" data-element_type=\"widget\" data-e-type=\"widget\" data-widget_type=\"heading.default\">\n\t\t\t\t\t<h2 class=\"elementor-heading-title elementor-size-default\">Wie kann man den Parc de Merlet besuchen?<\/h2>\t\t\t\t<\/div>\n\t\t\t\t<div class=\"elementor-element elementor-element-653f20f5 elementor-widget elementor-widget-text-editor\" data-id=\"653f20f5\" data-element_type=\"widget\" data-e-type=\"widget\" data-widget_type=\"text-editor.default\">\n\t\t\t\t\t\t\t\t\t<p>Der Parc de Merlet ist von Mai bis September ge\u00f6ffnet, wobei die \u00d6ffnungszeiten je nach Jahreszeit variieren. Er ist von Chamonix aus leicht mit dem Auto zu erreichen und verf\u00fcgt \u00fcber einen f\u00fcr Besucher reservierten Parkplatz. F\u00fcr Familien und Naturliebhaber ist ein Besuch eine wahre Reise ins Herz der Alpen und ein idealer Moment, um sich wieder mit der Natur zu verbinden.<\/p>\n<p>Tarife:<\/p>\n<p>Erwachsene: 9 \u20ac (Ab 16 Jahren)<br \/>Kinder: 6 \u20ac (Von 4 bis 15 Jahren)<\/p>\n\t\t\t\t\t\t\t\t<\/div>\n\t\t\t\t<\/div>\n\t\t\t\t<\/div>\n\t\t\t\t<\/div>\n\t\t<div class=\"elementor-element elementor-element-7b80c848 e-con-full e-flex e-con e-child\" data-id=\"7b80c848\" data-element_type=\"container\" data-e-type=\"container\" data-settings=\"{&quot;jet_parallax_layout_list&quot;:[]}\">\n\t\t<div class=\"elementor-element elementor-element-3cb23ec0 e-con-full e-flex e-con e-child\" data-id=\"3cb23ec0\" data-element_type=\"container\" data-e-type=\"container\" data-settings=\"{&quot;jet_parallax_layout_list&quot;:[]}\">\n\t\t<div class=\"elementor-element elementor-element-59c05b2d e-con-full e-flex e-con e-child\" data-id=\"59c05b2d\" data-element_type=\"container\" data-e-type=\"container\" data-settings=\"{&quot;jet_parallax_layout_list&quot;:[]}\">\n\t\t\t\t<div data-dce-title-color=\"#000000\" class=\"elementor-element elementor-element-2102a5ff elementor-widget elementor-widget-heading\" data-id=\"2102a5ff\" data-element_type=\"widget\" data-e-type=\"widget\" data-widget_type=\"heading.default\">\n\t\t\t\t\t<h2 class=\"elementor-heading-title elementor-size-default\">Warum sollte man den Parc de Merlet besuchen?<\/h2>\t\t\t\t<\/div>\n\t\t\t\t<div class=\"elementor-element elementor-element-15418cd5 elementor-widget elementor-widget-text-editor\" data-id=\"15418cd5\" data-element_type=\"widget\" data-e-type=\"widget\" data-widget_type=\"text-editor.default\">\n\t\t\t\t\t\t\t\t\t<p>Der Parc de Merlet ist der ideale Ort f\u00fcr alle, die auf der Suche nach einem authentischen Erlebnis in den Bergen sind. Er bietet nicht nur eine unglaubliche Aussicht auf den Mont-Blanc, sondern auch die M\u00f6glichkeit, die alpine Tierwelt in einer gesch\u00fctzten nat\u00fcrlichen Umgebung zu entdecken. Zwischen Wanderungen, Tierentdeckungen und Veranstaltungen f\u00fcr Gro\u00df und Klein ist ein Besuch im Parc de Merlet ein Abenteuer, das Sie sich bei Ihrem Besuch im Chamonix-Tal nicht entgehen lassen sollten.<\/p>\n\t\t\t\t\t\t\t\t<\/div>\n\t\t\t\t<\/div>\n\t\t<div class=\"elementor-element elementor-element-57ddfc96 e-con-full e-flex e-con e-child\" data-id=\"57ddfc96\" data-element_type=\"container\" data-e-type=\"container\" data-settings=\"{&quot;background_background&quot;:&quot;slideshow&quot;,&quot;background_slideshow_gallery&quot;:[{&quot;id&quot;:9779,&quot;url&quot;:&quot;https:\\\/\\\/fontaine-chamonix.com\\\/wp-content\\\/uploads\\\/2025\\\/07\\\/cristian-grecu-k01GW4HSEcw-unsplash-1-scaled.jpg&quot;}],&quot;background_slideshow_slide_duration&quot;:2000,&quot;jet_parallax_layout_list&quot;:[],&quot;background_slideshow_loop&quot;:&quot;yes&quot;,&quot;background_slideshow_slide_transition&quot;:&quot;fade&quot;,&quot;background_slideshow_transition_duration&quot;:500}\">\n\t\t\t\t<\/div>\n\t\t\t\t<\/div>\n\t\t\t\t<\/div>\n\t\t\t\t<\/div>\n\t\t\t\t<\/div>\n\t\t\t\t<\/div>\n\t\t","protected":false},"excerpt":{"rendered":"<p>Merlet Park Der Merlet-Park Der Parc de Merlet in Les Houches im Chamonix-Tal ist viel mehr als nur ein Tierpark. Auf einer H\u00f6he von 950 Metern erstreckt er sich \u00fcber 21 Hektar und bietet die M\u00f6glichkeit, vollst\u00e4ndig in die wilde Natur der Alpen einzutauchen. Es ist ein einzigartiger Ort, an dem sich die Bergfauna frei [&hellip;]<\/p>\n","protected":false},"author":4,"featured_media":6068,"parent":0,"menu_order":0,"comment_status":"closed","ping_status":"closed","template":"elementor_header_footer","meta":{"footnotes":""},"class_list":["post-8297","page","type-page","status-publish","has-post-thumbnail","hentry"],"jetpack_sharing_enabled":true,"_links":{"self":[{"href":"https:\/\/fontaine-chamonix.com\/de\/wp-json\/wp\/v2\/pages\/8297","targetHints":{"allow":["GET"]}}],"collection":[{"href":"https:\/\/fontaine-chamonix.com\/de\/wp-json\/wp\/v2\/pages"}],"about":[{"href":"https:\/\/fontaine-chamonix.com\/de\/wp-json\/wp\/v2\/types\/page"}],"author":[{"embeddable":true,"href":"https:\/\/fontaine-chamonix.com\/de\/wp-json\/wp\/v2\/users\/4"}],"replies":[{"embeddable":true,"href":"https:\/\/fontaine-chamonix.com\/de\/wp-json\/wp\/v2\/comments?post=8297"}],"version-history":[{"count":6,"href":"https:\/\/fontaine-chamonix.com\/de\/wp-json\/wp\/v2\/pages\/8297\/revisions"}],"predecessor-version":[{"id":9786,"href":"https:\/\/fontaine-chamonix.com\/de\/wp-json\/wp\/v2\/pages\/8297\/revisions\/9786"}],"wp:featuredmedia":[{"embeddable":true,"href":"https:\/\/fontaine-chamonix.com\/de\/wp-json\/wp\/v2\/media\/6068"}],"wp:attachment":[{"href":"https:\/\/fontaine-chamonix.com\/de\/wp-json\/wp\/v2\/media?parent=8297"}],"curies":[{"name":"wp","href":"https:\/\/api.w.org\/{rel}","templated":true}]}}