{"id":8281,"date":"2024-12-06T11:49:39","date_gmt":"2024-12-06T10:49:39","guid":{"rendered":"https:\/\/fontaine-chamonix.com\/kinderparadies\/"},"modified":"2025-12-22T19:54:48","modified_gmt":"2025-12-22T18:54:48","slug":"kinderparadies","status":"publish","type":"page","link":"https:\/\/fontaine-chamonix.com\/de\/kinderparadies\/","title":{"rendered":"Kinderparadies"},"content":{"rendered":"\t\t<div data-elementor-type=\"wp-page\" data-elementor-id=\"8281\" class=\"elementor elementor-8281 elementor-4305\" data-elementor-post-type=\"page\">\n\t\t\t\t<div data-dce-background-image-url=\"https:\/\/fontaine-chamonix.com\/wp-content\/uploads\/2024\/12\/aire-de-jeux-exterieure-01.jpg\" class=\"elementor-element elementor-element-e31153e e-con-full e-flex e-con e-parent\" data-id=\"e31153e\" data-element_type=\"container\" data-e-type=\"container\" data-settings=\"{&quot;background_background&quot;:&quot;classic&quot;,&quot;jet_parallax_layout_list&quot;:[]}\">\n\t\t\t\t<div data-dce-title-color=\"#FFFFFF\" class=\"elementor-element elementor-element-75236ef elementor-widget elementor-widget-heading\" data-id=\"75236ef\" data-element_type=\"widget\" data-e-type=\"widget\" data-widget_type=\"heading.default\">\n\t\t\t\t\t<h1 class=\"elementor-heading-title elementor-size-default\">Kinderparadies<\/h1>\t\t\t\t<\/div>\n\t\t\t\t<div data-dce-title-color=\"#FFFFFF\" class=\"elementor-element elementor-element-f2b537f elementor-widget elementor-widget-heading\" data-id=\"f2b537f\" data-element_type=\"widget\" data-e-type=\"widget\" data-widget_type=\"heading.default\">\n\t\t\t\t\t<div class=\"elementor-heading-title elementor-size-default\">(und von denen, die es geblieben sind)<\/div>\t\t\t\t<\/div>\n\t\t\t\t<\/div>\n\t\t<div class=\"elementor-element elementor-element-21359bf e-con-full e-flex e-con e-parent\" data-id=\"21359bf\" data-element_type=\"container\" data-e-type=\"container\" data-settings=\"{&quot;jet_parallax_layout_list&quot;:[]}\">\n\t\t\t\t<div class=\"elementor-element elementor-element-df1313a elementor-widget elementor-widget-shortcode\" data-id=\"df1313a\" data-element_type=\"widget\" data-e-type=\"widget\" data-widget_type=\"shortcode.default\">\n\t\t\t\t\t\t\t<div class=\"elementor-shortcode\"><nav aria-label=\"breadcrumbs\" class=\"rank-math-breadcrumb\"><p><span class=\"last\">Accueil<\/span><\/p><\/nav><\/div>\n\t\t\t\t\t\t<\/div>\n\t\t\t\t<\/div>\n\t\t<div class=\"elementor-element elementor-element-e53acac e-con-full e-flex e-con e-parent\" data-id=\"e53acac\" data-element_type=\"container\" data-e-type=\"container\" data-settings=\"{&quot;jet_parallax_layout_list&quot;:[],&quot;background_background&quot;:&quot;classic&quot;}\">\n\t\t<div class=\"elementor-element elementor-element-d45035a e-con-full e-flex e-con e-child\" data-id=\"d45035a\" data-element_type=\"container\" data-e-type=\"container\" data-settings=\"{&quot;jet_parallax_layout_list&quot;:[]}\">\n\t\t<div class=\"elementor-element elementor-element-ada2c13 e-con-full e-flex e-con e-child\" data-id=\"ada2c13\" data-element_type=\"container\" data-e-type=\"container\" data-settings=\"{&quot;jet_parallax_layout_list&quot;:[]}\">\n\t\t<div class=\"elementor-element elementor-element-6cb3fc2 e-con-full e-flex e-con e-child\" data-id=\"6cb3fc2\" data-element_type=\"container\" data-e-type=\"container\" data-settings=\"{&quot;background_background&quot;:&quot;classic&quot;,&quot;jet_parallax_layout_list&quot;:[]}\">\n\t\t\t\t<div class=\"elementor-element elementor-element-8870509 elementor-widget elementor-widget-heading\" data-id=\"8870509\" data-element_type=\"widget\" data-e-type=\"widget\" data-widget_type=\"heading.default\">\n\t\t\t\t\t<h2 class=\"elementor-heading-title elementor-size-default\">Kleiner Bildschirm, gro\u00dfes Vergn\u00fcgen<\/h2>\t\t\t\t<\/div>\n\t\t\t\t<div class=\"elementor-element elementor-element-58d5d37 elementor-widget elementor-widget-text-editor\" data-id=\"58d5d37\" data-element_type=\"widget\" data-e-type=\"widget\" data-widget_type=\"text-editor.default\">\n\t\t\t\t\t\t\t\t\t<p>Tauchen Sie ein in die Magie der 7. Kunst, mit Vorf\u00fchrungen f\u00fcr kleine Trickfilmfans, die es sich in weichen Sitzs\u00e4cken oder auf einem einladenden Sofa bequem machen k\u00f6nnen. Bunte Animationsfilme f\u00fcr Kinder, aber auch f\u00fcr Eltern auf der Suche nach Erinnerungen &#8211; hier findet jeder sein Gl\u00fcck&#8230;. bereiten Sie sich auf unvergessliche Momente zum Teilen vor.<\/p>\n\t\t\t\t\t\t\t\t<\/div>\n\t\t\t\t<\/div>\n\t\t\t\t<\/div>\n\t\t<div class=\"elementor-element elementor-element-bd02bad e-con-full e-flex e-con e-child\" data-id=\"bd02bad\" data-element_type=\"container\" data-e-type=\"container\" data-settings=\"{&quot;jet_parallax_layout_list&quot;:[],&quot;background_background&quot;:&quot;slideshow&quot;,&quot;motion_fx_motion_fx_scrolling&quot;:&quot;yes&quot;,&quot;motion_fx_translateY_effect&quot;:&quot;yes&quot;,&quot;motion_fx_translateY_affectedRange&quot;:{&quot;unit&quot;:&quot;%&quot;,&quot;size&quot;:&quot;&quot;,&quot;sizes&quot;:{&quot;start&quot;:0,&quot;end&quot;:47}},&quot;background_slideshow_gallery&quot;:[{&quot;id&quot;:3291,&quot;url&quot;:&quot;https:\\\/\\\/fontaine-chamonix.com\\\/wp-content\\\/uploads\\\/2022\\\/12\\\/piece-de-vie-6.jpg&quot;},{&quot;id&quot;:10285,&quot;url&quot;:&quot;https:\\\/\\\/fontaine-chamonix.com\\\/wp-content\\\/uploads\\\/2025\\\/12\\\/Hotel-La-Fontaine-HD-100628-min-scaled.jpg&quot;}],&quot;background_slideshow_slide_duration&quot;:2000,&quot;background_slideshow_loop&quot;:&quot;yes&quot;,&quot;background_slideshow_slide_transition&quot;:&quot;fade&quot;,&quot;background_slideshow_transition_duration&quot;:500,&quot;motion_fx_translateY_speed&quot;:{&quot;unit&quot;:&quot;px&quot;,&quot;size&quot;:4,&quot;sizes&quot;:[]},&quot;motion_fx_devices&quot;:[&quot;desktop&quot;,&quot;tablet&quot;,&quot;mobile&quot;]}\">\n\t\t\t\t<\/div>\n\t\t\t\t<\/div>\n\t\t\t\t<\/div>\n\t\t<div data-dce-background-color=\"#61616212\" class=\"elementor-element elementor-element-b21511b e-con-full e-flex e-con e-parent\" data-id=\"b21511b\" data-element_type=\"container\" data-e-type=\"container\" data-settings=\"{&quot;jet_parallax_layout_list&quot;:[],&quot;background_background&quot;:&quot;classic&quot;}\">\n\t\t<div class=\"elementor-element elementor-element-bba7366 e-con-full e-flex e-con e-child\" data-id=\"bba7366\" data-element_type=\"container\" data-e-type=\"container\" data-settings=\"{&quot;jet_parallax_layout_list&quot;:[]}\">\n\t\t<div class=\"elementor-element elementor-element-2a77684 e-con-full e-flex e-con e-child\" data-id=\"2a77684\" data-element_type=\"container\" data-e-type=\"container\" data-settings=\"{&quot;jet_parallax_layout_list&quot;:[],&quot;background_background&quot;:&quot;slideshow&quot;,&quot;motion_fx_motion_fx_scrolling&quot;:&quot;yes&quot;,&quot;motion_fx_translateY_effect&quot;:&quot;yes&quot;,&quot;motion_fx_translateY_affectedRange&quot;:{&quot;unit&quot;:&quot;%&quot;,&quot;size&quot;:&quot;&quot;,&quot;sizes&quot;:{&quot;start&quot;:0,&quot;end&quot;:47}},&quot;background_slideshow_gallery&quot;:[{&quot;id&quot;:5134,&quot;url&quot;:&quot;https:\\\/\\\/fontaine-chamonix.com\\\/wp-content\\\/uploads\\\/2024\\\/12\\\/salle-de-jeu-02.jpg&quot;},{&quot;id&quot;:10390,&quot;url&quot;:&quot;https:\\\/\\\/fontaine-chamonix.com\\\/wp-content\\\/uploads\\\/2025\\\/12\\\/Hotel-La-Fontaine-HD-100676-min-1-scaled.jpg&quot;},{&quot;id&quot;:10370,&quot;url&quot;:&quot;https:\\\/\\\/fontaine-chamonix.com\\\/wp-content\\\/uploads\\\/2025\\\/12\\\/Hotel-La-Fontaine-HD-100668-min-1-scaled.jpg&quot;},{&quot;id&quot;:10345,&quot;url&quot;:&quot;https:\\\/\\\/fontaine-chamonix.com\\\/wp-content\\\/uploads\\\/2025\\\/12\\\/Hotel-La-Fontaine-HD-100664-min-1-scaled.jpg&quot;}],&quot;background_slideshow_slide_duration&quot;:2000,&quot;background_slideshow_loop&quot;:&quot;yes&quot;,&quot;background_slideshow_slide_transition&quot;:&quot;fade&quot;,&quot;background_slideshow_transition_duration&quot;:500,&quot;motion_fx_translateY_speed&quot;:{&quot;unit&quot;:&quot;px&quot;,&quot;size&quot;:4,&quot;sizes&quot;:[]},&quot;motion_fx_devices&quot;:[&quot;desktop&quot;,&quot;tablet&quot;,&quot;mobile&quot;]}\">\n\t\t\t\t<\/div>\n\t\t<div class=\"elementor-element elementor-element-5291738 e-con-full e-flex e-con e-child\" data-id=\"5291738\" data-element_type=\"container\" data-e-type=\"container\" data-settings=\"{&quot;jet_parallax_layout_list&quot;:[]}\">\n\t\t<div class=\"elementor-element elementor-element-501a8e5 e-con-full e-flex e-con e-child\" data-id=\"501a8e5\" data-element_type=\"container\" data-e-type=\"container\" data-settings=\"{&quot;background_background&quot;:&quot;classic&quot;,&quot;jet_parallax_layout_list&quot;:[]}\">\n\t\t\t\t<div class=\"elementor-element elementor-element-29dc405 elementor-widget elementor-widget-heading\" data-id=\"29dc405\" data-element_type=\"widget\" data-e-type=\"widget\" data-widget_type=\"heading.default\">\n\t\t\t\t\t<h2 class=\"elementor-heading-title elementor-size-default\">Die Spielhalle, die zum Tr\u00e4umen einl\u00e4dt<\/h2>\t\t\t\t<\/div>\n\t\t\t\t<div class=\"elementor-element elementor-element-533cd45 elementor-widget elementor-widget-text-editor\" data-id=\"533cd45\" data-element_type=\"widget\" data-e-type=\"widget\" data-widget_type=\"text-editor.default\">\n\t\t\t\t\t\t\t\t\t<p>Hier hei\u00dft es: Zur\u00fcck in die Vergangenheit und Spa\u00df garantiert! Treten Sie in Kickerduellen gegeneinander an, lassen Sie die Kugeln auf dem Billardtisch rollen oder tauchen Sie in die Welt der Retro-Videospiele wie Nintendo 64 und GameCube ein. Und f\u00fcr die Nostalgiker unter Ihnen wartet eine Arcade-Station auf Sie.<\/p>\n\t\t\t\t\t\t\t\t<\/div>\n\t\t\t\t<\/div>\n\t\t\t\t<\/div>\n\t\t\t\t<\/div>\n\t\t\t\t<\/div>\n\t\t<div class=\"elementor-element elementor-element-6f058b5 e-con-full e-flex e-con e-parent\" data-id=\"6f058b5\" data-element_type=\"container\" data-e-type=\"container\" data-settings=\"{&quot;jet_parallax_layout_list&quot;:[],&quot;background_background&quot;:&quot;classic&quot;}\">\n\t\t<div class=\"elementor-element elementor-element-6f6fde2 e-con-full e-flex e-con e-child\" data-id=\"6f6fde2\" data-element_type=\"container\" data-e-type=\"container\" data-settings=\"{&quot;jet_parallax_layout_list&quot;:[]}\">\n\t\t<div class=\"elementor-element elementor-element-52ad94a e-con-full e-flex e-con e-child\" data-id=\"52ad94a\" data-element_type=\"container\" data-e-type=\"container\" data-settings=\"{&quot;jet_parallax_layout_list&quot;:[]}\">\n\t\t<div class=\"elementor-element elementor-element-bce38b0 e-con-full e-flex e-con e-child\" data-id=\"bce38b0\" data-element_type=\"container\" data-e-type=\"container\" data-settings=\"{&quot;background_background&quot;:&quot;classic&quot;,&quot;jet_parallax_layout_list&quot;:[]}\">\n\t\t\t\t<div class=\"elementor-element elementor-element-b5806cb elementor-widget elementor-widget-heading\" data-id=\"b5806cb\" data-element_type=\"widget\" data-e-type=\"widget\" data-widget_type=\"heading.default\">\n\t\t\t\t\t<h2 class=\"elementor-heading-title elementor-size-default\">Der Spielplatz im Freien, der Abenteuerspielplatz der Kinder<\/h2>\t\t\t\t<\/div>\n\t\t\t\t<div class=\"elementor-element elementor-element-caa2bf8 elementor-widget elementor-widget-text-editor\" data-id=\"caa2bf8\" data-element_type=\"widget\" data-e-type=\"widget\" data-widget_type=\"text-editor.default\">\n\t\t\t\t\t\t\t\t\t<p>Lassen Sie Ihre Kinder auf unserem Spielplatz im Freien frei herumtollen, w\u00e4hrend Sie einen Moment der wohlverdienten Entspannung genie\u00dfen. Rutschen, Trampoline, Schaukeln und Lachen sind garantiert. Mit ruhigem Gewissen k\u00f6nnen Sie eine ruhige Auszeit genie\u00dfen, w\u00e4hrend Ihre kleinen Abenteurer sich an der frischen Luft austoben.<\/p>\n<p>An sonnigen Tagen wird unsere Tischtennisplatte zum Schauplatz epischer Wettk\u00e4mpfe. Wer wird der n\u00e4chste Champion sein? Vielleicht \u00fcbertreffen Sie die ber\u00fchmten Lebrun-Br\u00fcder &#8230; oder vielleicht auch nicht, aber das ist egal, Hauptsache, Sie haben Spa\u00df!<\/p>\n\t\t\t\t\t\t\t\t<\/div>\n\t\t\t\t<\/div>\n\t\t\t\t<\/div>\n\t\t<div class=\"elementor-element elementor-element-edf8072 e-con-full e-flex e-con e-child\" data-id=\"edf8072\" data-element_type=\"container\" data-e-type=\"container\" data-settings=\"{&quot;jet_parallax_layout_list&quot;:[],&quot;background_background&quot;:&quot;slideshow&quot;,&quot;motion_fx_motion_fx_scrolling&quot;:&quot;yes&quot;,&quot;motion_fx_translateY_effect&quot;:&quot;yes&quot;,&quot;motion_fx_translateY_affectedRange&quot;:{&quot;unit&quot;:&quot;%&quot;,&quot;size&quot;:&quot;&quot;,&quot;sizes&quot;:{&quot;start&quot;:0,&quot;end&quot;:47}},&quot;background_slideshow_gallery&quot;:[{&quot;id&quot;:4330,&quot;url&quot;:&quot;https:\\\/\\\/fontaine-chamonix.com\\\/wp-content\\\/uploads\\\/2024\\\/12\\\/aire-de-jeux-exterieure-02.jpg&quot;},{&quot;id&quot;:3251,&quot;url&quot;:&quot;http:\\\/\\\/fontaine-chamonix.com\\\/wp-content\\\/uploads\\\/2022\\\/12\\\/aire-jeux-enfants.jpg&quot;},{&quot;id&quot;:3255,&quot;url&quot;:&quot;http:\\\/\\\/fontaine-chamonix.com\\\/wp-content\\\/uploads\\\/2022\\\/12\\\/aire-jeux-enfants-2.jpg&quot;}],&quot;background_slideshow_slide_duration&quot;:2000,&quot;background_slideshow_loop&quot;:&quot;yes&quot;,&quot;background_slideshow_slide_transition&quot;:&quot;fade&quot;,&quot;background_slideshow_transition_duration&quot;:500,&quot;motion_fx_translateY_speed&quot;:{&quot;unit&quot;:&quot;px&quot;,&quot;size&quot;:4,&quot;sizes&quot;:[]},&quot;motion_fx_devices&quot;:[&quot;desktop&quot;,&quot;tablet&quot;,&quot;mobile&quot;]}\">\n\t\t\t\t<\/div>\n\t\t\t\t<\/div>\n\t\t\t\t<\/div>\n\t\t\t\t<\/div>\n\t\t","protected":false},"excerpt":{"rendered":"<p>Kinderparadies (und von denen, die es geblieben sind) Kleiner Bildschirm, gro\u00dfes Vergn\u00fcgen Tauchen Sie ein in die Magie der 7. Kunst, mit Vorf\u00fchrungen f\u00fcr kleine Trickfilmfans, die es sich in weichen Sitzs\u00e4cken oder auf einem einladenden Sofa bequem machen k\u00f6nnen. Bunte Animationsfilme f\u00fcr Kinder, aber auch f\u00fcr Eltern auf der Suche nach Erinnerungen &#8211; hier [&hellip;]<\/p>\n","protected":false},"author":3,"featured_media":4309,"parent":0,"menu_order":0,"comment_status":"closed","ping_status":"closed","template":"elementor_header_footer","meta":{"footnotes":""},"class_list":["post-8281","page","type-page","status-publish","has-post-thumbnail","hentry"],"jetpack_sharing_enabled":true,"_links":{"self":[{"href":"https:\/\/fontaine-chamonix.com\/de\/wp-json\/wp\/v2\/pages\/8281","targetHints":{"allow":["GET"]}}],"collection":[{"href":"https:\/\/fontaine-chamonix.com\/de\/wp-json\/wp\/v2\/pages"}],"about":[{"href":"https:\/\/fontaine-chamonix.com\/de\/wp-json\/wp\/v2\/types\/page"}],"author":[{"embeddable":true,"href":"https:\/\/fontaine-chamonix.com\/de\/wp-json\/wp\/v2\/users\/3"}],"replies":[{"embeddable":true,"href":"https:\/\/fontaine-chamonix.com\/de\/wp-json\/wp\/v2\/comments?post=8281"}],"version-history":[{"count":4,"href":"https:\/\/fontaine-chamonix.com\/de\/wp-json\/wp\/v2\/pages\/8281\/revisions"}],"predecessor-version":[{"id":11392,"href":"https:\/\/fontaine-chamonix.com\/de\/wp-json\/wp\/v2\/pages\/8281\/revisions\/11392"}],"wp:featuredmedia":[{"embeddable":true,"href":"https:\/\/fontaine-chamonix.com\/de\/wp-json\/wp\/v2\/media\/4309"}],"wp:attachment":[{"href":"https:\/\/fontaine-chamonix.com\/de\/wp-json\/wp\/v2\/media?parent=8281"}],"curies":[{"name":"wp","href":"https:\/\/api.w.org\/{rel}","templated":true}]}}