{"id":8266,"date":"2025-01-31T21:29:11","date_gmt":"2025-01-31T20:29:11","guid":{"rendered":"https:\/\/fontaine-chamonix.com\/museen-ausstellungen\/"},"modified":"2025-07-31T11:27:22","modified_gmt":"2025-07-31T09:27:22","slug":"museen-ausstellungen","status":"publish","type":"page","link":"https:\/\/fontaine-chamonix.com\/de\/museen-ausstellungen\/","title":{"rendered":"Museen &#038; Ausstellungen"},"content":{"rendered":"\t\t<div data-elementor-type=\"wp-page\" data-elementor-id=\"8266\" class=\"elementor elementor-8266\" data-elementor-post-type=\"page\">\n\t\t\t\t<div data-dce-background-image-url=\"https:\/\/fontaine-chamonix.com\/wp-content\/uploads\/2025\/01\/alexander-grey-MhLjFJi3fRY-unsplash-1-scaled.jpg\" class=\"elementor-element elementor-element-4b47a24e e-con-full e-flex e-con e-parent\" data-id=\"4b47a24e\" data-element_type=\"container\" data-e-type=\"container\" data-settings=\"{&quot;background_background&quot;:&quot;classic&quot;,&quot;jet_parallax_layout_list&quot;:[]}\">\n\t\t\t\t<div data-dce-title-color=\"#FFFFFF\" class=\"elementor-element elementor-element-45e20471 elementor-widget elementor-widget-heading\" data-id=\"45e20471\" data-element_type=\"widget\" data-e-type=\"widget\" data-widget_type=\"heading.default\">\n\t\t\t\t\t<h1 class=\"elementor-heading-title elementor-size-default\">Museen &amp; Ausstellungen<\/h1>\t\t\t\t<\/div>\n\t\t\t\t<\/div>\n\t\t<div class=\"elementor-element elementor-element-15b3ac7f e-con-full e-flex e-con e-parent\" data-id=\"15b3ac7f\" data-element_type=\"container\" data-e-type=\"container\" data-settings=\"{&quot;jet_parallax_layout_list&quot;:[]}\">\n\t\t\t\t<div class=\"elementor-element elementor-element-e9bfde2 elementor-widget elementor-widget-shortcode\" data-id=\"e9bfde2\" data-element_type=\"widget\" data-e-type=\"widget\" data-widget_type=\"shortcode.default\">\n\t\t\t\t\t\t\t<div class=\"elementor-shortcode\"><nav aria-label=\"breadcrumbs\" class=\"rank-math-breadcrumb\"><p><span class=\"last\">Accueil<\/span><\/p><\/nav><\/div>\n\t\t\t\t\t\t<\/div>\n\t\t\t\t<\/div>\n\t\t<div class=\"elementor-element elementor-element-16ccf8fe e-con-full e-flex e-con e-parent\" data-id=\"16ccf8fe\" data-element_type=\"container\" data-e-type=\"container\" data-settings=\"{&quot;jet_parallax_layout_list&quot;:[]}\">\n\t\t<div class=\"elementor-element elementor-element-94f8d64 e-con-full e-flex e-con e-child\" data-id=\"94f8d64\" data-element_type=\"container\" data-e-type=\"container\" data-settings=\"{&quot;background_background&quot;:&quot;classic&quot;,&quot;jet_parallax_layout_list&quot;:[]}\">\n\t\t\t\t<div data-dce-title-color=\"#212028\" class=\"elementor-element elementor-element-33958c07 elementor-widget elementor-widget-heading\" data-id=\"33958c07\" data-element_type=\"widget\" data-e-type=\"widget\" data-widget_type=\"heading.default\">\n\t\t\t\t\t<h2 class=\"elementor-heading-title elementor-size-default\">Museen &amp; Ausstellungen<\/h2>\t\t\t\t<\/div>\n\t\t\t\t<div class=\"elementor-element elementor-element-7438e8da elementor-widget elementor-widget-text-editor\" data-id=\"7438e8da\" data-element_type=\"widget\" data-e-type=\"widget\" data-widget_type=\"text-editor.default\">\n\t\t\t\t\t\t\t\t\t<p>Die Museen, Ausstellungen und Bibliotheken im Tal von Chamonix-Mont-Blanc werten das kulturelle Erbe und die lokale Geschichte auf.<\/p>\n<p>Entdecken Sie den Alpinismus, die Mineralogie mit den Kristallen des Mont-Blanc, das Leben auf der Alm sowie die Tier- und Pflanzenwelt der Alpen. Diese kulturellen Orte lassen Sie in die Geschichte und die Traditionen der Bergbewohner eintauchen.<\/p>\n<p>Ob Sie sich f\u00fcr die Berge begeistern oder einfach nur ein Besucher sind, erkunden Sie die historischen und kulturellen Sch\u00e4tze des Tals von Chamonix-Mont-Blanc.<\/p>\n\t\t\t\t\t\t\t\t<\/div>\n\t\t\t\t<div class=\"elementor-element elementor-element-6d343820 elementor-widget elementor-widget-spacer\" data-id=\"6d343820\" data-element_type=\"widget\" data-e-type=\"widget\" data-widget_type=\"spacer.default\">\n\t\t\t\t\t\t\t<div class=\"elementor-spacer\">\n\t\t\t<div class=\"elementor-spacer-inner\"><\/div>\n\t\t<\/div>\n\t\t\t\t\t\t<\/div>\n\t\t<div class=\"elementor-element elementor-element-85cf167 e-con-full e-flex e-con e-child\" data-id=\"85cf167\" data-element_type=\"container\" data-e-type=\"container\" data-settings=\"{&quot;jet_parallax_layout_list&quot;:[]}\">\n\t\t<div class=\"elementor-element elementor-element-3fd7877e e-con-full e-flex e-con e-child\" data-id=\"3fd7877e\" data-element_type=\"container\" data-e-type=\"container\" data-settings=\"{&quot;jet_parallax_layout_list&quot;:[]}\">\n\t\t\t\t<div data-dce-title-color=\"#000000\" class=\"elementor-element elementor-element-5995014b elementor-widget elementor-widget-heading\" data-id=\"5995014b\" data-element_type=\"widget\" data-e-type=\"widget\" data-widget_type=\"heading.default\">\n\t\t\t\t\t<h2 class=\"elementor-heading-title elementor-size-default\">Kristallmuseen<\/h2>\t\t\t\t<\/div>\n\t\t\t\t<div class=\"elementor-element elementor-element-3f79fbb elementor-widget elementor-widget-text-editor\" data-id=\"3f79fbb\" data-element_type=\"widget\" data-e-type=\"widget\" data-widget_type=\"text-editor.default\">\n\t\t\t\t\t\t\t\t\t<p>Das Kristallmuseum in Chamonix-Mont-Blanc l\u00e4dt Sie ein, die alpine und weltweite Mineralogie mithilfe einer immersiven Szenografie zu erkunden. Entdecken Sie au\u00dfergew\u00f6hnliche St\u00fccke aus den Alpenmassiven (darunter der Mont-Blanc) und von f\u00fcnf Kontinenten, darunter rosa-rote Fluorite, Rauchquarze, Aquamarine, Pyrite und viele andere mineralogische Sch\u00e4tze.<\/p>\n<p>Eintrittspreise:<\/p>\n<p>Voller Preis: 8 \u20ac.<br \/>Erm\u00e4\u00dfigter Tarif: 5,50 \u20ac (f\u00fcr Personen \u00fcber 65 Jahre, G\u00e4stekarten, Residenten, Saisonarbeiter, kinderreiche Familien, Studenten, Personen mit eingeschr\u00e4nkter Mobilit\u00e4t, Arbeitsuchende).<br \/>Gruppe Erwachsene: 5,50 \u20ac (ab 10 Personen)<br \/>Gruppe Kinder: 3,60 \u20ac (ab 10 Personen).<br \/>Kostenlos f\u00fcr Personen unter 18 Jahren.<br \/>Gruppentarif ab 10 Personen.<\/p>\n\t\t\t\t\t\t\t\t<\/div>\n\t\t\t\t<div class=\"elementor-element elementor-element-352229ed elementor-widget elementor-widget-button\" data-id=\"352229ed\" data-element_type=\"widget\" data-e-type=\"widget\" data-widget_type=\"button.default\">\n\t\t\t\t\t\t\t\t\t\t<a class=\"elementor-button elementor-button-link elementor-size-sm\" href=\"https:\/\/www.chamonix.com\/activites-et-loisirs-handicap\/musee-des-cristaux-espace-tairraz\" target=\"_blank\" rel=\"noopener\">\n\t\t\t\t\t\t<span class=\"elementor-button-content-wrapper\">\n\t\t\t\t\t\t\t\t\t<span class=\"elementor-button-text\">Mehr erfahren<\/span>\n\t\t\t\t\t<\/span>\n\t\t\t\t\t<\/a>\n\t\t\t\t\t\t\t\t<\/div>\n\t\t\t\t<\/div>\n\t\t<div class=\"elementor-element elementor-element-5ab6cf6a e-con-full e-flex e-con e-child\" data-id=\"5ab6cf6a\" data-element_type=\"container\" data-e-type=\"container\" data-settings=\"{&quot;background_background&quot;:&quot;slideshow&quot;,&quot;background_slideshow_gallery&quot;:[{&quot;id&quot;:9746,&quot;url&quot;:&quot;https:\\\/\\\/fontaine-chamonix.com\\\/wp-content\\\/uploads\\\/2025\\\/07\\\/zdenek-machacek-I0CCBIPHTSE-unsplash-1-scaled.jpg&quot;}],&quot;background_slideshow_slide_duration&quot;:2000,&quot;jet_parallax_layout_list&quot;:[],&quot;background_slideshow_loop&quot;:&quot;yes&quot;,&quot;background_slideshow_slide_transition&quot;:&quot;fade&quot;,&quot;background_slideshow_transition_duration&quot;:500}\">\n\t\t\t\t<\/div>\n\t\t\t\t<\/div>\n\t\t\t\t<div class=\"elementor-element elementor-element-3cb228e6 elementor-widget elementor-widget-spacer\" data-id=\"3cb228e6\" data-element_type=\"widget\" data-e-type=\"widget\" data-widget_type=\"spacer.default\">\n\t\t\t\t\t\t\t<div class=\"elementor-spacer\">\n\t\t\t<div class=\"elementor-spacer-inner\"><\/div>\n\t\t<\/div>\n\t\t\t\t\t\t<\/div>\n\t\t<div class=\"elementor-element elementor-element-142a8551 e-con-full e-flex e-con e-child\" data-id=\"142a8551\" data-element_type=\"container\" data-e-type=\"container\" data-settings=\"{&quot;jet_parallax_layout_list&quot;:[]}\">\n\t\t<div class=\"elementor-element elementor-element-51772653 e-con-full e-flex e-con e-child\" data-id=\"51772653\" data-element_type=\"container\" data-e-type=\"container\" data-settings=\"{&quot;background_background&quot;:&quot;slideshow&quot;,&quot;background_slideshow_gallery&quot;:[{&quot;id&quot;:7695,&quot;url&quot;:&quot;https:\\\/\\\/fontaine-chamonix.com\\\/wp-content\\\/uploads\\\/2025\\\/01\\\/15525422-1.png&quot;}],&quot;background_slideshow_slide_duration&quot;:2000,&quot;jet_parallax_layout_list&quot;:[],&quot;background_slideshow_loop&quot;:&quot;yes&quot;,&quot;background_slideshow_slide_transition&quot;:&quot;fade&quot;,&quot;background_slideshow_transition_duration&quot;:500}\">\n\t\t\t\t<\/div>\n\t\t<div class=\"elementor-element elementor-element-5273f56 e-con-full e-flex e-con e-child\" data-id=\"5273f56\" data-element_type=\"container\" data-e-type=\"container\" data-settings=\"{&quot;jet_parallax_layout_list&quot;:[]}\">\n\t\t\t\t<div data-dce-title-color=\"#000000\" class=\"elementor-element elementor-element-67ff83d5 elementor-widget elementor-widget-heading\" data-id=\"67ff83d5\" data-element_type=\"widget\" data-e-type=\"widget\" data-widget_type=\"heading.default\">\n\t\t\t\t\t<h2 class=\"elementor-heading-title elementor-size-default\">Haus der Erinnerung und des Erbes<\/h2>\t\t\t\t<\/div>\n\t\t\t\t<div class=\"elementor-element elementor-element-3d802d71 elementor-widget elementor-widget-text-editor\" data-id=\"3d802d71\" data-element_type=\"widget\" data-e-type=\"widget\" data-widget_type=\"text-editor.default\">\n\t\t\t\t\t\t\t\t\t<p>Die Maison de la M\u00e9moire et du Patrimoine, die sich seit M\u00e4rz 2011 in einem historischen Geb\u00e4ude im Herzen von Chamonix befindet, bewahrt die Fotoarchive der Region auf und organisiert wechselnde Ausstellungen.<\/p>\n<p>Sie stellt au\u00dferdem ein Zentrum f\u00fcr dokumentarische Ressourcen zur Verf\u00fcgung, das eine Bibliothek und eine historische Fotothek umfasst, um die Forschung zu unterst\u00fctzen. Um seine Best\u00e4nde zu erweitern, bietet das Haus die M\u00f6glichkeit, Dokumente zu spenden oder zu hinterlegen, die dann klassifiziert, inventarisiert, digitalisiert und in seinen Sammlungen und Ausstellungen zur Geltung gebracht werden.<\/p>\n<p>Tarife:<\/p>\n<p>Voller Tarif: 5 \u20ac.<br \/>Erm\u00e4\u00dfigter Tarif: 3,50 \u20ac (f\u00fcr Personen \u00fcber 65 Jahre, G\u00e4stekarten, Residenten, Saisonarbeiter, Gro\u00dffamilien, Studenten, Personen mit eingeschr\u00e4nkter Mobilit\u00e4t, Arbeitssuchende).<br \/>Gruppe Erwachsene: 3,50 \u20ac (ab 10 Personen)<br \/>Gruppe Kinder: 3 \u20ac (ab 10 Personen).<br \/>Kostenlos f\u00fcr Personen unter 18 Jahren.<br \/>Gruppentarif ab 10 Personen.<\/p>\n\t\t\t\t\t\t\t\t<\/div>\n\t\t\t\t<div class=\"elementor-element elementor-element-50f90e3b elementor-widget elementor-widget-button\" data-id=\"50f90e3b\" data-element_type=\"widget\" data-e-type=\"widget\" data-widget_type=\"button.default\">\n\t\t\t\t\t\t\t\t\t\t<a class=\"elementor-button elementor-button-link elementor-size-sm\" href=\"https:\/\/www.chamonix.com\/activites-et-loisirs-handicap\/maison-de-la-memoire-et-du-patrimoine-janny-couttet\" target=\"_blank\" rel=\"noopener\">\n\t\t\t\t\t\t<span class=\"elementor-button-content-wrapper\">\n\t\t\t\t\t\t\t\t\t<span class=\"elementor-button-text\">Mehr erfahren<\/span>\n\t\t\t\t\t<\/span>\n\t\t\t\t\t<\/a>\n\t\t\t\t\t\t\t\t<\/div>\n\t\t\t\t<\/div>\n\t\t\t\t<\/div>\n\t\t\t\t<div class=\"elementor-element elementor-element-1fa43f65 elementor-widget elementor-widget-spacer\" data-id=\"1fa43f65\" data-element_type=\"widget\" data-e-type=\"widget\" data-widget_type=\"spacer.default\">\n\t\t\t\t\t\t\t<div class=\"elementor-spacer\">\n\t\t\t<div class=\"elementor-spacer-inner\"><\/div>\n\t\t<\/div>\n\t\t\t\t\t\t<\/div>\n\t\t<div class=\"elementor-element elementor-element-45cdd4ab e-con-full e-flex e-con e-child\" data-id=\"45cdd4ab\" data-element_type=\"container\" data-e-type=\"container\" data-settings=\"{&quot;jet_parallax_layout_list&quot;:[]}\">\n\t\t<div class=\"elementor-element elementor-element-6bc89697 e-con-full e-flex e-con e-child\" data-id=\"6bc89697\" data-element_type=\"container\" data-e-type=\"container\" data-settings=\"{&quot;jet_parallax_layout_list&quot;:[]}\">\n\t\t<div class=\"elementor-element elementor-element-53119528 e-con-full e-flex e-con e-child\" data-id=\"53119528\" data-element_type=\"container\" data-e-type=\"container\" data-settings=\"{&quot;jet_parallax_layout_list&quot;:[]}\">\n\t\t\t\t<div data-dce-title-color=\"#000000\" class=\"elementor-element elementor-element-3d63b73b elementor-widget elementor-widget-heading\" data-id=\"3d63b73b\" data-element_type=\"widget\" data-e-type=\"widget\" data-widget_type=\"heading.default\">\n\t\t\t\t\t<h2 class=\"elementor-heading-title elementor-size-default\">Alpines Museum<\/h2>\t\t\t\t<\/div>\n\t\t\t\t<div class=\"elementor-element elementor-element-773b5871 elementor-widget elementor-widget-text-editor\" data-id=\"773b5871\" data-element_type=\"widget\" data-e-type=\"widget\" data-widget_type=\"text-editor.default\">\n\t\t\t\t\t\t\t\t\t<p>Das im Herzen von Chamonix gelegene Mus\u00e9e Alpin erz\u00e4hlt die Geschichte des Tals und des Alpinismus anhand einer einzigartigen Sammlung von \u00fcber 15.000 Objekten. Als Museum Frankreichs eingestuft, beleuchtet es die Entwicklung des Tourismus, der Erkundungen und der lokalen Traditionen. Derzeit wird es renoviert und soll zum Mont-Blanc-Museum werden, einem modernisierten Raum mit neuen Ausstellungen und einer neu gestalteten Museographie.<\/p>\n\t\t\t\t\t\t\t\t<\/div>\n\t\t\t\t<div class=\"elementor-element elementor-element-7f8e826c elementor-widget elementor-widget-button\" data-id=\"7f8e826c\" data-element_type=\"widget\" data-e-type=\"widget\" data-widget_type=\"button.default\">\n\t\t\t\t\t\t\t\t\t\t<a class=\"elementor-button elementor-button-link elementor-size-sm\" href=\"https:\/\/www.chamonix.com\/activites-et-loisirs-handicap\/musee-alpin\" target=\"_blank\" rel=\"noopener\">\n\t\t\t\t\t\t<span class=\"elementor-button-content-wrapper\">\n\t\t\t\t\t\t\t\t\t<span class=\"elementor-button-text\">Mehr erfahren<\/span>\n\t\t\t\t\t<\/span>\n\t\t\t\t\t<\/a>\n\t\t\t\t\t\t\t\t<\/div>\n\t\t\t\t<\/div>\n\t\t<div class=\"elementor-element elementor-element-f2dbc6b e-con-full e-flex e-con e-child\" data-id=\"f2dbc6b\" data-element_type=\"container\" data-e-type=\"container\" data-settings=\"{&quot;background_background&quot;:&quot;slideshow&quot;,&quot;background_slideshow_gallery&quot;:[{&quot;id&quot;:6844,&quot;url&quot;:&quot;https:\\\/\\\/fontaine-chamonix.com\\\/wp-content\\\/uploads\\\/2025\\\/01\\\/sebastian-smith-V8YFNLZzy_8-unsplash-1-scaled.jpg&quot;}],&quot;background_slideshow_slide_duration&quot;:2000,&quot;jet_parallax_layout_list&quot;:[],&quot;background_slideshow_loop&quot;:&quot;yes&quot;,&quot;background_slideshow_slide_transition&quot;:&quot;fade&quot;,&quot;background_slideshow_transition_duration&quot;:500}\">\n\t\t\t\t<\/div>\n\t\t\t\t<\/div>\n\t\t\t\t<\/div>\n\t\t<div class=\"elementor-element elementor-element-172205a3 e-con-full e-flex e-con e-child\" data-id=\"172205a3\" data-element_type=\"container\" data-e-type=\"container\" data-settings=\"{&quot;jet_parallax_layout_list&quot;:[]}\">\n\t\t<div class=\"elementor-element elementor-element-44dc6acd e-con-full e-flex e-con e-child\" data-id=\"44dc6acd\" data-element_type=\"container\" data-e-type=\"container\" data-settings=\"{&quot;jet_parallax_layout_list&quot;:[]}\">\n\t\t<div class=\"elementor-element elementor-element-28d29bc8 e-con-full e-flex e-con e-child\" data-id=\"28d29bc8\" data-element_type=\"container\" data-e-type=\"container\" data-settings=\"{&quot;background_background&quot;:&quot;slideshow&quot;,&quot;background_slideshow_gallery&quot;:[{&quot;id&quot;:7711,&quot;url&quot;:&quot;https:\\\/\\\/fontaine-chamonix.com\\\/wp-content\\\/uploads\\\/2025\\\/01\\\/20899474-1.png&quot;}],&quot;background_slideshow_slide_duration&quot;:2000,&quot;jet_parallax_layout_list&quot;:[],&quot;background_slideshow_loop&quot;:&quot;yes&quot;,&quot;background_slideshow_slide_transition&quot;:&quot;fade&quot;,&quot;background_slideshow_transition_duration&quot;:500}\">\n\t\t\t\t<\/div>\n\t\t<div class=\"elementor-element elementor-element-103d84eb e-con-full e-flex e-con e-child\" data-id=\"103d84eb\" data-element_type=\"container\" data-e-type=\"container\" data-settings=\"{&quot;jet_parallax_layout_list&quot;:[]}\">\n\t\t\t\t<div data-dce-title-color=\"#000000\" class=\"elementor-element elementor-element-6b6b3195 elementor-widget elementor-widget-heading\" data-id=\"6b6b3195\" data-element_type=\"widget\" data-e-type=\"widget\" data-widget_type=\"heading.default\">\n\t\t\t\t\t<h2 class=\"elementor-heading-title elementor-size-default\">Maison du Lieutenant Servoz<\/h2>\t\t\t\t<\/div>\n\t\t\t\t<div class=\"elementor-element elementor-element-564547a elementor-widget elementor-widget-text-editor\" data-id=\"564547a\" data-element_type=\"widget\" data-e-type=\"widget\" data-widget_type=\"text-editor.default\">\n\t\t\t\t\t\t\t\t\t<p>Das in einem historischen Geb\u00e4ude untergebrachte Maison du Lieutenant zeigt Ihnen die Berglandwirtschaft, ihr Know-how, ihre lokalen Produkte und ihre Umwelt.<\/p>\n<p>Dauerausstellung: Ein interaktiver Parcours mit animiertem Modell, spielerischen Modulen und alten Gegenst\u00e4nden, um das alpine Erbe und die Herausforderungen der Berglandwirtschaft zu erkunden.<br \/>Veranstaltungen das ganze Jahr \u00fcber: Workshops, Besuche von Almen und Bauernh\u00f6fen, Verkostungen und Entdeckung der Fertigkeiten des Mont-Blanc-Gebiets.<br \/>Freier Eintritt<\/p>\n\t\t\t\t\t\t\t\t<\/div>\n\t\t\t\t<div class=\"elementor-element elementor-element-47ea610f elementor-widget elementor-widget-button\" data-id=\"47ea610f\" data-element_type=\"widget\" data-e-type=\"widget\" data-widget_type=\"button.default\">\n\t\t\t\t\t\t\t\t\t\t<a class=\"elementor-button elementor-button-link elementor-size-sm\" href=\"https:\/\/www.chamonix.com\/la-vallee\/patrimoine-culture\/patrimoine-culturel-de-la-vallee\/maison-du-lieutenant\" target=\"_blank\" rel=\"noopener\">\n\t\t\t\t\t\t<span class=\"elementor-button-content-wrapper\">\n\t\t\t\t\t\t\t\t\t<span class=\"elementor-button-text\">Mehr erfahren<\/span>\n\t\t\t\t\t<\/span>\n\t\t\t\t\t<\/a>\n\t\t\t\t\t\t\t\t<\/div>\n\t\t\t\t<\/div>\n\t\t\t\t<\/div>\n\t\t\t\t<\/div>\n\t\t<div class=\"elementor-element elementor-element-764c4e59 e-con-full e-flex e-con e-child\" data-id=\"764c4e59\" data-element_type=\"container\" data-e-type=\"container\" data-settings=\"{&quot;jet_parallax_layout_list&quot;:[]}\">\n\t\t\t\t<\/div>\n\t\t\t\t<\/div>\n\t\t\t\t<\/div>\n\t\t\t\t<\/div>\n\t\t","protected":false},"excerpt":{"rendered":"<p>Museen &amp; Ausstellungen Museen &amp; Ausstellungen Die Museen, Ausstellungen und Bibliotheken im Tal von Chamonix-Mont-Blanc werten das kulturelle Erbe und die lokale Geschichte auf. Entdecken Sie den Alpinismus, die Mineralogie mit den Kristallen des Mont-Blanc, das Leben auf der Alm sowie die Tier- und Pflanzenwelt der Alpen. Diese kulturellen Orte lassen Sie in die Geschichte [&hellip;]<\/p>\n","protected":false},"author":4,"featured_media":6653,"parent":0,"menu_order":0,"comment_status":"closed","ping_status":"closed","template":"elementor_header_footer","meta":{"footnotes":""},"class_list":["post-8266","page","type-page","status-publish","has-post-thumbnail","hentry"],"jetpack_sharing_enabled":true,"_links":{"self":[{"href":"https:\/\/fontaine-chamonix.com\/de\/wp-json\/wp\/v2\/pages\/8266","targetHints":{"allow":["GET"]}}],"collection":[{"href":"https:\/\/fontaine-chamonix.com\/de\/wp-json\/wp\/v2\/pages"}],"about":[{"href":"https:\/\/fontaine-chamonix.com\/de\/wp-json\/wp\/v2\/types\/page"}],"author":[{"embeddable":true,"href":"https:\/\/fontaine-chamonix.com\/de\/wp-json\/wp\/v2\/users\/4"}],"replies":[{"embeddable":true,"href":"https:\/\/fontaine-chamonix.com\/de\/wp-json\/wp\/v2\/comments?post=8266"}],"version-history":[{"count":5,"href":"https:\/\/fontaine-chamonix.com\/de\/wp-json\/wp\/v2\/pages\/8266\/revisions"}],"predecessor-version":[{"id":9753,"href":"https:\/\/fontaine-chamonix.com\/de\/wp-json\/wp\/v2\/pages\/8266\/revisions\/9753"}],"wp:featuredmedia":[{"embeddable":true,"href":"https:\/\/fontaine-chamonix.com\/de\/wp-json\/wp\/v2\/media\/6653"}],"wp:attachment":[{"href":"https:\/\/fontaine-chamonix.com\/de\/wp-json\/wp\/v2\/media?parent=8266"}],"curies":[{"name":"wp","href":"https:\/\/api.w.org\/{rel}","templated":true}]}}