{"id":8216,"date":"2025-01-31T22:25:23","date_gmt":"2025-01-31T21:25:23","guid":{"rendered":"https:\/\/fontaine-chamonix.com\/die-planards\/"},"modified":"2025-07-18T14:21:06","modified_gmt":"2025-07-18T12:21:06","slug":"die-planards","status":"publish","type":"page","link":"https:\/\/fontaine-chamonix.com\/de\/die-planards\/","title":{"rendered":"Die Planards"},"content":{"rendered":"\t\t<div data-elementor-type=\"wp-page\" data-elementor-id=\"8216\" class=\"elementor elementor-8216\" data-elementor-post-type=\"page\">\n\t\t\t\t<div data-dce-background-image-url=\"https:\/\/fontaine-chamonix.com\/wp-content\/uploads\/2025\/01\/846198-1200x630-1.jpg\" class=\"elementor-element elementor-element-50656321 e-con-full e-flex e-con e-parent\" data-id=\"50656321\" data-element_type=\"container\" data-e-type=\"container\" data-settings=\"{&quot;background_background&quot;:&quot;classic&quot;,&quot;jet_parallax_layout_list&quot;:[]}\">\n\t\t\t\t<div data-dce-title-color=\"#FFFFFF\" class=\"elementor-element elementor-element-4c18c315 elementor-widget elementor-widget-heading\" data-id=\"4c18c315\" data-element_type=\"widget\" data-e-type=\"widget\" data-widget_type=\"heading.default\">\n\t\t\t\t\t<h1 class=\"elementor-heading-title elementor-size-default\">Die Planards<\/h1>\t\t\t\t<\/div>\n\t\t\t\t<\/div>\n\t\t<div class=\"elementor-element elementor-element-531f5a5 e-con-full e-flex e-con e-parent\" data-id=\"531f5a5\" data-element_type=\"container\" data-e-type=\"container\" data-settings=\"{&quot;jet_parallax_layout_list&quot;:[]}\">\n\t\t\t\t<div class=\"elementor-element elementor-element-29737b71 elementor-widget elementor-widget-shortcode\" data-id=\"29737b71\" data-element_type=\"widget\" data-e-type=\"widget\" data-widget_type=\"shortcode.default\">\n\t\t\t\t\t\t\t<div class=\"elementor-shortcode\"><nav aria-label=\"breadcrumbs\" class=\"rank-math-breadcrumb\"><p><span class=\"last\">Accueil<\/span><\/p><\/nav><\/div>\n\t\t\t\t\t\t<\/div>\n\t\t\t\t<\/div>\n\t\t<div class=\"elementor-element elementor-element-29443774 e-con-full e-flex e-con e-parent\" data-id=\"29443774\" data-element_type=\"container\" data-e-type=\"container\" data-settings=\"{&quot;jet_parallax_layout_list&quot;:[]}\">\n\t\t<div class=\"elementor-element elementor-element-59cdc5e7 e-con-full e-flex e-con e-child\" data-id=\"59cdc5e7\" data-element_type=\"container\" data-e-type=\"container\" data-settings=\"{&quot;background_background&quot;:&quot;classic&quot;,&quot;jet_parallax_layout_list&quot;:[]}\">\n\t\t\t\t<div data-dce-title-color=\"#212028\" class=\"elementor-element elementor-element-69bed3a7 elementor-widget elementor-widget-heading\" data-id=\"69bed3a7\" data-element_type=\"widget\" data-e-type=\"widget\" data-widget_type=\"heading.default\">\n\t\t\t\t\t<h2 class=\"elementor-heading-title elementor-size-default\">Entdecken Sie die Domaine des Planards in Chamonix <\/h2>\t\t\t\t<\/div>\n\t\t\t\t<div class=\"elementor-element elementor-element-463d50de elementor-widget elementor-widget-text-editor\" data-id=\"463d50de\" data-element_type=\"widget\" data-e-type=\"widget\" data-widget_type=\"text-editor.default\">\n\t\t\t\t\t\t\t\t\t<p>Die Domaine des Planards in Chamonix liegt im Herzen des Mont-Blanc-Tals und ist ein unumg\u00e4ngliches Ziel f\u00fcr Wintersportbegeisterte, aber auch f\u00fcr Familien und Liebhaber von Freizeitaktivit\u00e4ten in den Bergen. Dank seiner N\u00e4he zum Stadtzentrum (nur 2 Minuten entfernt) bietet dieses Gebiet ein umfassendes Erlebnis, das Schneeaktivit\u00e4ten und eine gesellige Atmosph\u00e4re miteinander verbindet.<\/p>\n\t\t\t\t\t\t\t\t<\/div>\n\t\t\t\t<div class=\"elementor-element elementor-element-8776296 elementor-align-center elementor-widget elementor-widget-button\" data-id=\"8776296\" data-element_type=\"widget\" data-e-type=\"widget\" data-widget_type=\"button.default\">\n\t\t\t\t\t\t\t\t\t\t<a class=\"elementor-button elementor-button-link elementor-size-sm\" href=\"https:\/\/www.planards.fr\/hiver\/\" target=\"_blank\" rel=\"noopener\">\n\t\t\t\t\t\t<span class=\"elementor-button-content-wrapper\">\n\t\t\t\t\t\t\t\t\t<span class=\"elementor-button-text\">Mehr erfahren<\/span>\n\t\t\t\t\t<\/span>\n\t\t\t\t\t<\/a>\n\t\t\t\t\t\t\t\t<\/div>\n\t\t\t\t<div class=\"elementor-element elementor-element-208c219f elementor-widget elementor-widget-spacer\" data-id=\"208c219f\" data-element_type=\"widget\" data-e-type=\"widget\" data-widget_type=\"spacer.default\">\n\t\t\t\t\t\t\t<div class=\"elementor-spacer\">\n\t\t\t<div class=\"elementor-spacer-inner\"><\/div>\n\t\t<\/div>\n\t\t\t\t\t\t<\/div>\n\t\t<div class=\"elementor-element elementor-element-28710b27 e-con-full e-flex e-con e-child\" data-id=\"28710b27\" data-element_type=\"container\" data-e-type=\"container\" data-settings=\"{&quot;jet_parallax_layout_list&quot;:[]}\">\n\t\t<div class=\"elementor-element elementor-element-37852125 e-con-full e-flex e-con e-child\" data-id=\"37852125\" data-element_type=\"container\" data-e-type=\"container\" data-settings=\"{&quot;jet_parallax_layout_list&quot;:[]}\">\n\t\t\t\t<div data-dce-title-color=\"#000000\" class=\"elementor-element elementor-element-5c78d783 elementor-widget elementor-widget-heading\" data-id=\"5c78d783\" data-element_type=\"widget\" data-e-type=\"widget\" data-widget_type=\"heading.default\">\n\t\t\t\t\t<h2 class=\"elementor-heading-title elementor-size-default\">Skigebiet<\/h2>\t\t\t\t<\/div>\n\t\t\t\t<div class=\"elementor-element elementor-element-a7b9a82 elementor-widget elementor-widget-text-editor\" data-id=\"a7b9a82\" data-element_type=\"widget\" data-e-type=\"widget\" data-widget_type=\"text-editor.default\">\n\t\t\t\t\t\t\t\t\t<p>Die Domaine des Planards bietet Skipisten f\u00fcr alle Niveaus, mit roten, blauen und gr\u00fcnen Pisten. Ein 4er-Sessellift bringt Sie auf 1249 Meter und bietet eine sch\u00f6ne Aussicht auf das Tal. Anf\u00e4nger und Kinder k\u00f6nnen F\u00f6rderb\u00e4nder und einen Schneedraht benutzen, um sicher zu lernen. Dank 45 Schneeerzeugern garantiert das Skigebiet die ganze Saison \u00fcber qualitativ hochwertigen Schnee.<\/p>\n\t\t\t\t\t\t\t\t<\/div>\n\t\t\t\t<\/div>\n\t\t<div class=\"elementor-element elementor-element-1245b63c e-con-full e-flex e-con e-child\" data-id=\"1245b63c\" data-element_type=\"container\" data-e-type=\"container\" data-settings=\"{&quot;background_background&quot;:&quot;slideshow&quot;,&quot;background_slideshow_gallery&quot;:[{&quot;id&quot;:7776,&quot;url&quot;:&quot;https:\\\/\\\/fontaine-chamonix.com\\\/wp-content\\\/uploads\\\/2025\\\/01\\\/ski.jpg&quot;}],&quot;background_slideshow_slide_duration&quot;:2000,&quot;jet_parallax_layout_list&quot;:[],&quot;background_slideshow_loop&quot;:&quot;yes&quot;,&quot;background_slideshow_slide_transition&quot;:&quot;fade&quot;,&quot;background_slideshow_transition_duration&quot;:500}\">\n\t\t\t\t<\/div>\n\t\t\t\t<\/div>\n\t\t\t\t<div class=\"elementor-element elementor-element-5f6a0666 elementor-widget elementor-widget-spacer\" data-id=\"5f6a0666\" data-element_type=\"widget\" data-e-type=\"widget\" data-widget_type=\"spacer.default\">\n\t\t\t\t\t\t\t<div class=\"elementor-spacer\">\n\t\t\t<div class=\"elementor-spacer-inner\"><\/div>\n\t\t<\/div>\n\t\t\t\t\t\t<\/div>\n\t\t<div class=\"elementor-element elementor-element-5e577cdc e-con-full e-flex e-con e-child\" data-id=\"5e577cdc\" data-element_type=\"container\" data-e-type=\"container\" data-settings=\"{&quot;jet_parallax_layout_list&quot;:[]}\">\n\t\t<div class=\"elementor-element elementor-element-4159cc8e e-con-full e-flex e-con e-child\" data-id=\"4159cc8e\" data-element_type=\"container\" data-e-type=\"container\" data-settings=\"{&quot;background_background&quot;:&quot;slideshow&quot;,&quot;background_slideshow_gallery&quot;:[{&quot;id&quot;:7725,&quot;url&quot;:&quot;https:\\\/\\\/fontaine-chamonix.com\\\/wp-content\\\/uploads\\\/2025\\\/01\\\/846198-1200x630-1.jpg&quot;}],&quot;background_slideshow_slide_duration&quot;:2000,&quot;jet_parallax_layout_list&quot;:[],&quot;background_slideshow_loop&quot;:&quot;yes&quot;,&quot;background_slideshow_slide_transition&quot;:&quot;fade&quot;,&quot;background_slideshow_transition_duration&quot;:500}\">\n\t\t\t\t<\/div>\n\t\t<div class=\"elementor-element elementor-element-2b28199a e-con-full e-flex e-con e-child\" data-id=\"2b28199a\" data-element_type=\"container\" data-e-type=\"container\" data-settings=\"{&quot;jet_parallax_layout_list&quot;:[]}\">\n\t\t\t\t<div data-dce-title-color=\"#000000\" class=\"elementor-element elementor-element-8e6e89b elementor-widget elementor-widget-heading\" data-id=\"8e6e89b\" data-element_type=\"widget\" data-e-type=\"widget\" data-widget_type=\"heading.default\">\n\t\t\t\t\t<h2 class=\"elementor-heading-title elementor-size-default\">Rodeln auf Schienen<\/h2>\t\t\t\t<\/div>\n\t\t\t\t<div class=\"elementor-element elementor-element-4ec21386 elementor-widget elementor-widget-text-editor\" data-id=\"4ec21386\" data-element_type=\"widget\" data-e-type=\"widget\" data-widget_type=\"text-editor.default\">\n\t\t\t\t\t\t\t\t\t<p>Die Rodelbahn auf Schienen in der Domaine des Planards ist eine Attraktion, die man sich nicht entgehen lassen sollte. Sie ist das ganze Jahr \u00fcber verf\u00fcgbar und erm\u00f6glicht es Ihnen, in aller Sicherheit die Bergh\u00e4nge hinunter zu sausen. Genie\u00dfen Sie den Nervenkitzel, w\u00e4hrend Sie ein au\u00dfergew\u00f6hnliches Panorama \u00fcber das Tal von Chamonix bewundern k\u00f6nnen. Diese Aktivit\u00e4t, die f\u00fcr die ganze Familie zug\u00e4nglich ist.<\/p>\n\t\t\t\t\t\t\t\t<\/div>\n\t\t\t\t<\/div>\n\t\t\t\t<\/div>\n\t\t\t\t<div class=\"elementor-element elementor-element-3c811ba4 elementor-widget elementor-widget-spacer\" data-id=\"3c811ba4\" data-element_type=\"widget\" data-e-type=\"widget\" data-widget_type=\"spacer.default\">\n\t\t\t\t\t\t\t<div class=\"elementor-spacer\">\n\t\t\t<div class=\"elementor-spacer-inner\"><\/div>\n\t\t<\/div>\n\t\t\t\t\t\t<\/div>\n\t\t<div class=\"elementor-element elementor-element-1b2e2a80 e-con-full e-flex e-con e-child\" data-id=\"1b2e2a80\" data-element_type=\"container\" data-e-type=\"container\" data-settings=\"{&quot;jet_parallax_layout_list&quot;:[]}\">\n\t\t<div class=\"elementor-element elementor-element-2c08e21 e-con-full e-flex e-con e-child\" data-id=\"2c08e21\" data-element_type=\"container\" data-e-type=\"container\" data-settings=\"{&quot;jet_parallax_layout_list&quot;:[]}\">\n\t\t<div class=\"elementor-element elementor-element-46018332 e-con-full e-flex e-con e-child\" data-id=\"46018332\" data-element_type=\"container\" data-e-type=\"container\" data-settings=\"{&quot;jet_parallax_layout_list&quot;:[]}\">\n\t\t\t\t<div data-dce-title-color=\"#000000\" class=\"elementor-element elementor-element-1946ee79 elementor-widget elementor-widget-heading\" data-id=\"1946ee79\" data-element_type=\"widget\" data-e-type=\"widget\" data-widget_type=\"heading.default\">\n\t\t\t\t\t<h2 class=\"elementor-heading-title elementor-size-default\">Vergn\u00fcgungspark<\/h2>\t\t\t\t<\/div>\n\t\t\t\t<div class=\"elementor-element elementor-element-3cff1e17 elementor-widget elementor-widget-text-editor\" data-id=\"3cff1e17\" data-element_type=\"widget\" data-e-type=\"widget\" data-widget_type=\"text-editor.default\">\n\t\t\t\t\t\t\t\t\t<p>Im Sommer verwandelt sich die Domaine des Planards in einen wahren Vergn\u00fcgungspark f\u00fcr Familien. Es bietet eine Vielzahl von Aktivit\u00e4ten f\u00fcr Gro\u00df und Klein, mit regelm\u00e4\u00dfigen Animationen und spielerischen Einrichtungen.<\/p>\n\t\t\t\t\t\t\t\t<\/div>\n\t\t\t\t<\/div>\n\t\t<div class=\"elementor-element elementor-element-5da9d53d e-con-full e-flex e-con e-child\" data-id=\"5da9d53d\" data-element_type=\"container\" data-e-type=\"container\" data-settings=\"{&quot;background_background&quot;:&quot;slideshow&quot;,&quot;background_slideshow_gallery&quot;:[{&quot;id&quot;:7784,&quot;url&quot;:&quot;https:\\\/\\\/fontaine-chamonix.com\\\/wp-content\\\/uploads\\\/2025\\\/01\\\/041A8083_0-1.jpg&quot;}],&quot;background_slideshow_slide_duration&quot;:2000,&quot;jet_parallax_layout_list&quot;:[],&quot;background_slideshow_loop&quot;:&quot;yes&quot;,&quot;background_slideshow_slide_transition&quot;:&quot;fade&quot;,&quot;background_slideshow_transition_duration&quot;:500}\">\n\t\t\t\t<\/div>\n\t\t\t\t<\/div>\n\t\t\t\t<\/div>\n\t\t<div class=\"elementor-element elementor-element-66db7454 e-con-full e-flex e-con e-child\" data-id=\"66db7454\" data-element_type=\"container\" data-e-type=\"container\" data-settings=\"{&quot;jet_parallax_layout_list&quot;:[]}\">\n\t\t<div class=\"elementor-element elementor-element-28c12af2 e-con-full e-flex e-con e-child\" data-id=\"28c12af2\" data-element_type=\"container\" data-e-type=\"container\" data-settings=\"{&quot;jet_parallax_layout_list&quot;:[]}\">\n\t\t<div class=\"elementor-element elementor-element-69c1ca8b e-con-full e-flex e-con e-child\" data-id=\"69c1ca8b\" data-element_type=\"container\" data-e-type=\"container\" data-settings=\"{&quot;background_background&quot;:&quot;slideshow&quot;,&quot;background_slideshow_gallery&quot;:[{&quot;id&quot;:7790,&quot;url&quot;:&quot;https:\\\/\\\/fontaine-chamonix.com\\\/wp-content\\\/uploads\\\/2025\\\/01\\\/4278604-1.png&quot;}],&quot;background_slideshow_slide_duration&quot;:2000,&quot;jet_parallax_layout_list&quot;:[],&quot;background_slideshow_loop&quot;:&quot;yes&quot;,&quot;background_slideshow_slide_transition&quot;:&quot;fade&quot;,&quot;background_slideshow_transition_duration&quot;:500}\">\n\t\t\t\t<\/div>\n\t\t<div class=\"elementor-element elementor-element-60fc0023 e-con-full e-flex e-con e-child\" data-id=\"60fc0023\" data-element_type=\"container\" data-e-type=\"container\" data-settings=\"{&quot;jet_parallax_layout_list&quot;:[]}\">\n\t\t\t\t<div data-dce-title-color=\"#000000\" class=\"elementor-element elementor-element-1fe4974f elementor-widget elementor-widget-heading\" data-id=\"1fe4974f\" data-element_type=\"widget\" data-e-type=\"widget\" data-widget_type=\"heading.default\">\n\t\t\t\t\t<h2 class=\"elementor-heading-title elementor-size-default\">Dienstleistungen &amp; Annehmlichkeiten<\/h2>\t\t\t\t<\/div>\n\t\t\t\t<div class=\"elementor-element elementor-element-7b9b4c79 elementor-widget elementor-widget-text-editor\" data-id=\"7b9b4c79\" data-element_type=\"widget\" data-e-type=\"widget\" data-widget_type=\"text-editor.default\">\n\t\t\t\t\t\t\t\t\t<p>Skischule: Dank der \u00c9cole de Ski Fran\u00e7aise (ESF) k\u00f6nnen Sie Skikurse nehmen, die auf Ihr Niveau abgestimmt sind, von den ersten Gleitversuchen bis zu fortgeschrittenen Techniken.<\/p>\n<p>Materialverleih: Brauchen Sie Material? Im Sport 2000-Gesch\u00e4ft vor Ort k\u00f6nnen Sie alle notwendigen Ausr\u00fcstungen mieten, sei es zum Skifahren oder zum Rodeln.<\/p>\n<p>Essen und Trinken: Nach einem Tag auf der Piste gibt es nichts Besseres, als eine gute Mahlzeit im Restaurant des Skigebiets zu genie\u00dfen, das leckere Gerichte f\u00fcr jeden Geschmack anbietet.<\/p>\n\t\t\t\t\t\t\t\t<\/div>\n\t\t\t\t<\/div>\n\t\t\t\t<\/div>\n\t\t\t\t<\/div>\n\t\t<div class=\"elementor-element elementor-element-1f1ca69c e-con-full e-flex e-con e-child\" data-id=\"1f1ca69c\" data-element_type=\"container\" data-e-type=\"container\" data-settings=\"{&quot;jet_parallax_layout_list&quot;:[]}\">\n\t\t<div class=\"elementor-element elementor-element-71806003 e-con-full e-flex e-con e-child\" data-id=\"71806003\" data-element_type=\"container\" data-e-type=\"container\" data-settings=\"{&quot;jet_parallax_layout_list&quot;:[]}\">\n\t\t<div class=\"elementor-element elementor-element-2b6e5159 e-con-full e-flex e-con e-child\" data-id=\"2b6e5159\" data-element_type=\"container\" data-e-type=\"container\" data-settings=\"{&quot;jet_parallax_layout_list&quot;:[]}\">\n\t\t\t\t<div data-dce-title-color=\"#000000\" class=\"elementor-element elementor-element-c0d3fc8 elementor-widget elementor-widget-heading\" data-id=\"c0d3fc8\" data-element_type=\"widget\" data-e-type=\"widget\" data-widget_type=\"heading.default\">\n\t\t\t\t\t<h2 class=\"elementor-heading-title elementor-size-default\">Einfacher Zugang &amp; praktisch<\/h2>\t\t\t\t<\/div>\n\t\t\t\t<div class=\"elementor-element elementor-element-5334a7ef elementor-widget elementor-widget-text-editor\" data-id=\"5334a7ef\" data-element_type=\"widget\" data-e-type=\"widget\" data-widget_type=\"text-editor.default\">\n\t\t\t\t\t\t\t\t\t<p>Die Domaine des Planards ist vom Stadtzentrum von Chamonix aus leicht zu erreichen. Es gibt regelm\u00e4\u00dfige \u00f6ffentliche Verkehrsmittel und einen kostenlosen Parkplatz f\u00fcr diejenigen, die lieber mit dem Auto anreisen m\u00f6chten. Das Skigebiet verf\u00fcgt \u00fcber 200 Parkpl\u00e4tze am Fu\u00dfe der Pisten.<\/p>\n\t\t\t\t\t\t\t\t<\/div>\n\t\t\t\t<\/div>\n\t\t<div class=\"elementor-element elementor-element-41b3dfda e-con-full e-flex e-con e-child\" data-id=\"41b3dfda\" data-element_type=\"container\" data-e-type=\"container\" data-settings=\"{&quot;background_background&quot;:&quot;slideshow&quot;,&quot;background_slideshow_gallery&quot;:[{&quot;id&quot;:7795,&quot;url&quot;:&quot;https:\\\/\\\/fontaine-chamonix.com\\\/wp-content\\\/uploads\\\/2025\\\/01\\\/23773889-1.png&quot;}],&quot;background_slideshow_slide_duration&quot;:2000,&quot;jet_parallax_layout_list&quot;:[],&quot;background_slideshow_loop&quot;:&quot;yes&quot;,&quot;background_slideshow_slide_transition&quot;:&quot;fade&quot;,&quot;background_slideshow_transition_duration&quot;:500}\">\n\t\t\t\t<\/div>\n\t\t\t\t<\/div>\n\t\t\t\t<\/div>\n\t\t\t\t<\/div>\n\t\t\t\t<\/div>\n\t\t\t\t<\/div>\n\t\t","protected":false},"excerpt":{"rendered":"<p>Die Planards Entdecken Sie die Domaine des Planards in Chamonix Die Domaine des Planards in Chamonix liegt im Herzen des Mont-Blanc-Tals und ist ein unumg\u00e4ngliches Ziel f\u00fcr Wintersportbegeisterte, aber auch f\u00fcr Familien und Liebhaber von Freizeitaktivit\u00e4ten in den Bergen. Dank seiner N\u00e4he zum Stadtzentrum (nur 2 Minuten entfernt) bietet dieses Gebiet ein umfassendes Erlebnis, das [&hellip;]<\/p>\n","protected":false},"author":4,"featured_media":7725,"parent":0,"menu_order":0,"comment_status":"closed","ping_status":"closed","template":"elementor_header_footer","meta":{"footnotes":""},"class_list":["post-8216","page","type-page","status-publish","has-post-thumbnail","hentry"],"jetpack_sharing_enabled":true,"_links":{"self":[{"href":"https:\/\/fontaine-chamonix.com\/de\/wp-json\/wp\/v2\/pages\/8216","targetHints":{"allow":["GET"]}}],"collection":[{"href":"https:\/\/fontaine-chamonix.com\/de\/wp-json\/wp\/v2\/pages"}],"about":[{"href":"https:\/\/fontaine-chamonix.com\/de\/wp-json\/wp\/v2\/types\/page"}],"author":[{"embeddable":true,"href":"https:\/\/fontaine-chamonix.com\/de\/wp-json\/wp\/v2\/users\/4"}],"replies":[{"embeddable":true,"href":"https:\/\/fontaine-chamonix.com\/de\/wp-json\/wp\/v2\/comments?post=8216"}],"version-history":[{"count":6,"href":"https:\/\/fontaine-chamonix.com\/de\/wp-json\/wp\/v2\/pages\/8216\/revisions"}],"predecessor-version":[{"id":9411,"href":"https:\/\/fontaine-chamonix.com\/de\/wp-json\/wp\/v2\/pages\/8216\/revisions\/9411"}],"wp:featuredmedia":[{"embeddable":true,"href":"https:\/\/fontaine-chamonix.com\/de\/wp-json\/wp\/v2\/media\/7725"}],"wp:attachment":[{"href":"https:\/\/fontaine-chamonix.com\/de\/wp-json\/wp\/v2\/media?parent=8216"}],"curies":[{"name":"wp","href":"https:\/\/api.w.org\/{rel}","templated":true}]}}