{"id":8198,"date":"2025-01-26T10:46:13","date_gmt":"2025-01-26T09:46:13","guid":{"rendered":"https:\/\/fontaine-chamonix.com\/die-diosazschlucht\/"},"modified":"2025-07-31T10:49:05","modified_gmt":"2025-07-31T08:49:05","slug":"die-diosazschlucht","status":"publish","type":"page","link":"https:\/\/fontaine-chamonix.com\/de\/die-diosazschlucht\/","title":{"rendered":"Die Diosazschlucht"},"content":{"rendered":"\t\t<div data-elementor-type=\"wp-page\" data-elementor-id=\"8198\" class=\"elementor elementor-8198 elementor-7278\" data-elementor-post-type=\"page\">\n\t\t\t\t<div data-dce-background-image-url=\"https:\/\/fontaine-chamonix.com\/wp-content\/uploads\/2021\/01\/gorges-de-la-diosaz.jpg\" class=\"elementor-element elementor-element-1c2bb162 e-con-full e-flex e-con e-parent\" data-id=\"1c2bb162\" data-element_type=\"container\" data-e-type=\"container\" data-settings=\"{&quot;background_background&quot;:&quot;classic&quot;,&quot;jet_parallax_layout_list&quot;:[]}\">\n\t\t\t\t<div data-dce-title-color=\"#FFFFFF\" class=\"elementor-element elementor-element-1c9d58f elementor-widget elementor-widget-heading\" data-id=\"1c9d58f\" data-element_type=\"widget\" data-e-type=\"widget\" data-widget_type=\"heading.default\">\n\t\t\t\t\t<h1 class=\"elementor-heading-title elementor-size-default\">Die Diosazschlucht<\/h1>\t\t\t\t<\/div>\n\t\t\t\t<\/div>\n\t\t<div class=\"elementor-element elementor-element-208a4bf5 e-con-full e-flex e-con e-parent\" data-id=\"208a4bf5\" data-element_type=\"container\" data-e-type=\"container\" data-settings=\"{&quot;jet_parallax_layout_list&quot;:[]}\">\n\t\t\t\t<div class=\"elementor-element elementor-element-b24aa1b elementor-widget elementor-widget-shortcode\" data-id=\"b24aa1b\" data-element_type=\"widget\" data-e-type=\"widget\" data-widget_type=\"shortcode.default\">\n\t\t\t\t\t\t\t<div class=\"elementor-shortcode\"><nav aria-label=\"breadcrumbs\" class=\"rank-math-breadcrumb\"><p><span class=\"last\">Accueil<\/span><\/p><\/nav><\/div>\n\t\t\t\t\t\t<\/div>\n\t\t\t\t<\/div>\n\t\t<div class=\"elementor-element elementor-element-3f44c217 e-con-full e-flex e-con e-parent\" data-id=\"3f44c217\" data-element_type=\"container\" data-e-type=\"container\" data-settings=\"{&quot;jet_parallax_layout_list&quot;:[]}\">\n\t\t<div class=\"elementor-element elementor-element-6756973b e-con-full e-flex e-con e-child\" data-id=\"6756973b\" data-element_type=\"container\" data-e-type=\"container\" data-settings=\"{&quot;background_background&quot;:&quot;classic&quot;,&quot;jet_parallax_layout_list&quot;:[]}\">\n\t\t\t\t<div data-dce-title-color=\"#212028\" class=\"elementor-element elementor-element-457095e4 elementor-widget elementor-widget-heading\" data-id=\"457095e4\" data-element_type=\"widget\" data-e-type=\"widget\" data-widget_type=\"heading.default\">\n\t\t\t\t\t<h2 class=\"elementor-heading-title elementor-size-default\">H\u00e4ngender Weg in der Diosazschlucht<\/h2>\t\t\t\t<\/div>\n\t\t\t\t<div class=\"elementor-element elementor-element-401445e6 elementor-widget elementor-widget-text-editor\" data-id=\"401445e6\" data-element_type=\"widget\" data-e-type=\"widget\" data-widget_type=\"text-editor.default\">\n\t\t\t\t\t\t\t\t\t<p>Die Diosazschlucht befindet sich in einer wilden Naturlandschaft und bietet ein atemberaubendes Schauspiel. Dieser h\u00e4ngende Weg geh\u00f6rt zu den unumg\u00e4nglichen Besichtigungen des Mont-Blanc-Landes und erm\u00f6glicht es Ihnen, eine angelegte Schlucht von au\u00dfergew\u00f6hnlicher Sch\u00f6nheit zu entdecken. Nehmen Sie den schattigen Pfad entlang der steilen W\u00e4nde oder \u00fcberqueren Sie den Wildbach auf soliden Stegen. So k\u00f6nnen Sie die 5 Wasserf\u00e4lle von Diosaz bewundern und in das Herz dieser wundersch\u00f6nen Schlucht eindringen. Nach Ihrer Wanderung finden Sie einen Souvenirladen sowie eine Imbissbude, die Paninis, Eis und Getr\u00e4nke f\u00fcr eine wohlverdiente Pause anbietet.<\/p>\n\t\t\t\t\t\t\t\t<\/div>\n\t\t\t\t<div class=\"elementor-element elementor-element-7153b75 elementor-align-center elementor-widget elementor-widget-button\" data-id=\"7153b75\" data-element_type=\"widget\" data-e-type=\"widget\" data-widget_type=\"button.default\">\n\t\t\t\t\t\t\t\t\t\t<a class=\"elementor-button elementor-button-link elementor-size-sm\" href=\"https:\/\/www.gorgesdeladiosaz.com\/\" target=\"_blank\" rel=\"noopener\">\n\t\t\t\t\t\t<span class=\"elementor-button-content-wrapper\">\n\t\t\t\t\t\t\t\t\t<span class=\"elementor-button-text\">Weitere Informationen<\/span>\n\t\t\t\t\t<\/span>\n\t\t\t\t\t<\/a>\n\t\t\t\t\t\t\t\t<\/div>\n\t\t\t\t<div class=\"elementor-element elementor-element-5f5e9990 elementor-widget elementor-widget-spacer\" data-id=\"5f5e9990\" data-element_type=\"widget\" data-e-type=\"widget\" data-widget_type=\"spacer.default\">\n\t\t\t\t\t\t\t<div class=\"elementor-spacer\">\n\t\t\t<div class=\"elementor-spacer-inner\"><\/div>\n\t\t<\/div>\n\t\t\t\t\t\t<\/div>\n\t\t<div class=\"elementor-element elementor-element-1d8fdbe1 e-con-full e-flex e-con e-child\" data-id=\"1d8fdbe1\" data-element_type=\"container\" data-e-type=\"container\" data-settings=\"{&quot;jet_parallax_layout_list&quot;:[]}\">\n\t\t<div class=\"elementor-element elementor-element-7e120d05 e-con-full e-flex e-con e-child\" data-id=\"7e120d05\" data-element_type=\"container\" data-e-type=\"container\" data-settings=\"{&quot;jet_parallax_layout_list&quot;:[]}\">\n\t\t\t\t<div data-dce-title-color=\"#000000\" class=\"elementor-element elementor-element-5f6af73f elementor-widget elementor-widget-heading\" data-id=\"5f6af73f\" data-element_type=\"widget\" data-e-type=\"widget\" data-widget_type=\"heading.default\">\n\t\t\t\t\t<h2 class=\"elementor-heading-title elementor-size-default\">Tarife<\/h2>\t\t\t\t<\/div>\n\t\t\t\t<div class=\"elementor-element elementor-element-a16db6b elementor-widget elementor-widget-text-editor\" data-id=\"a16db6b\" data-element_type=\"widget\" data-e-type=\"widget\" data-widget_type=\"text-editor.default\">\n\t\t\t\t\t\t\t\t\t<p>Erwachsener: 7,50 \u20ac.<br \/>Kinder: 4 \u20ac (5 bis 15 Jahre \/ Studenten).<\/p>\n<p>Kostenlos f\u00fcr Kinder unter 5 Jahren.<br \/>Gruppenpreis ab 10 Personen.<\/p>\n<p>Erm\u00e4\u00dfigter Preis f\u00fcr Gruppen mit mehr als 10 Personen &amp; kinderreiche Familien.<br \/>Behinderte: 3,50 \u20ac<\/p>\n\t\t\t\t\t\t\t\t<\/div>\n\t\t\t\t<\/div>\n\t\t<div class=\"elementor-element elementor-element-7782fef9 e-con-full e-flex e-con e-child\" data-id=\"7782fef9\" data-element_type=\"container\" data-e-type=\"container\" data-settings=\"{&quot;background_background&quot;:&quot;slideshow&quot;,&quot;background_slideshow_gallery&quot;:[{&quot;id&quot;:9700,&quot;url&quot;:&quot;https:\\\/\\\/fontaine-chamonix.com\\\/wp-content\\\/uploads\\\/2025\\\/07\\\/AdobeStock_203694130_Preview.jpeg&quot;}],&quot;background_slideshow_slide_duration&quot;:2000,&quot;jet_parallax_layout_list&quot;:[],&quot;background_slideshow_loop&quot;:&quot;yes&quot;,&quot;background_slideshow_slide_transition&quot;:&quot;fade&quot;,&quot;background_slideshow_transition_duration&quot;:500}\">\n\t\t\t\t<\/div>\n\t\t\t\t<\/div>\n\t\t\t\t<div class=\"elementor-element elementor-element-525eb061 elementor-widget elementor-widget-spacer\" data-id=\"525eb061\" data-element_type=\"widget\" data-e-type=\"widget\" data-widget_type=\"spacer.default\">\n\t\t\t\t\t\t\t<div class=\"elementor-spacer\">\n\t\t\t<div class=\"elementor-spacer-inner\"><\/div>\n\t\t<\/div>\n\t\t\t\t\t\t<\/div>\n\t\t<div class=\"elementor-element elementor-element-13ecb2be e-con-full e-flex e-con e-child\" data-id=\"13ecb2be\" data-element_type=\"container\" data-e-type=\"container\" data-settings=\"{&quot;jet_parallax_layout_list&quot;:[]}\">\n\t\t<div class=\"elementor-element elementor-element-4a5bcd26 e-con-full e-flex e-con e-child\" data-id=\"4a5bcd26\" data-element_type=\"container\" data-e-type=\"container\" data-settings=\"{&quot;background_background&quot;:&quot;slideshow&quot;,&quot;background_slideshow_gallery&quot;:[{&quot;id&quot;:9705,&quot;url&quot;:&quot;https:\\\/\\\/fontaine-chamonix.com\\\/wp-content\\\/uploads\\\/2025\\\/07\\\/AdobeStock_123209827_Preview.jpeg&quot;}],&quot;background_slideshow_slide_duration&quot;:2000,&quot;jet_parallax_layout_list&quot;:[],&quot;background_slideshow_loop&quot;:&quot;yes&quot;,&quot;background_slideshow_slide_transition&quot;:&quot;fade&quot;,&quot;background_slideshow_transition_duration&quot;:500}\">\n\t\t\t\t<\/div>\n\t\t<div class=\"elementor-element elementor-element-7683638a e-con-full e-flex e-con e-child\" data-id=\"7683638a\" data-element_type=\"container\" data-e-type=\"container\" data-settings=\"{&quot;jet_parallax_layout_list&quot;:[]}\">\n\t\t\t\t<div data-dce-title-color=\"#000000\" class=\"elementor-element elementor-element-da844fc elementor-widget elementor-widget-heading\" data-id=\"da844fc\" data-element_type=\"widget\" data-e-type=\"widget\" data-widget_type=\"heading.default\">\n\t\t\t\t\t<h2 class=\"elementor-heading-title elementor-size-default\">Daten der Er\u00f6ffnungen<\/h2>\t\t\t\t<\/div>\n\t\t\t\t<div class=\"elementor-element elementor-element-6fb32485 elementor-widget elementor-widget-text-editor\" data-id=\"6fb32485\" data-element_type=\"widget\" data-e-type=\"widget\" data-widget_type=\"text-editor.default\">\n\t\t\t\t\t\t\t\t\t<p>Vom 29\/05 bis 28\/09\/2025<br \/>T\u00e4glich von 9:30 bis 18:15 Uhr ge\u00f6ffnet. Daten werden noch best\u00e4tigt.<br \/>Dauer des Besuchs: 1h15.<\/p>\n\t\t\t\t\t\t\t\t<\/div>\n\t\t\t\t<\/div>\n\t\t\t\t<\/div>\n\t\t\t\t<div class=\"elementor-element elementor-element-4e7c3e6f elementor-widget elementor-widget-spacer\" data-id=\"4e7c3e6f\" data-element_type=\"widget\" data-e-type=\"widget\" data-widget_type=\"spacer.default\">\n\t\t\t\t\t\t\t<div class=\"elementor-spacer\">\n\t\t\t<div class=\"elementor-spacer-inner\"><\/div>\n\t\t<\/div>\n\t\t\t\t\t\t<\/div>\n\t\t\t\t<\/div>\n\t\t\t\t<\/div>\n\t\t\t\t<\/div>\n\t\t","protected":false},"excerpt":{"rendered":"<p>Die Diosazschlucht H\u00e4ngender Weg in der Diosazschlucht Die Diosazschlucht befindet sich in einer wilden Naturlandschaft und bietet ein atemberaubendes Schauspiel. Dieser h\u00e4ngende Weg geh\u00f6rt zu den unumg\u00e4nglichen Besichtigungen des Mont-Blanc-Landes und erm\u00f6glicht es Ihnen, eine angelegte Schlucht von au\u00dfergew\u00f6hnlicher Sch\u00f6nheit zu entdecken. Nehmen Sie den schattigen Pfad entlang der steilen W\u00e4nde oder \u00fcberqueren Sie den [&hellip;]<\/p>\n","protected":false},"author":4,"featured_media":2783,"parent":0,"menu_order":0,"comment_status":"closed","ping_status":"closed","template":"elementor_header_footer","meta":{"footnotes":""},"class_list":["post-8198","page","type-page","status-publish","has-post-thumbnail","hentry"],"jetpack_sharing_enabled":true,"_links":{"self":[{"href":"https:\/\/fontaine-chamonix.com\/de\/wp-json\/wp\/v2\/pages\/8198","targetHints":{"allow":["GET"]}}],"collection":[{"href":"https:\/\/fontaine-chamonix.com\/de\/wp-json\/wp\/v2\/pages"}],"about":[{"href":"https:\/\/fontaine-chamonix.com\/de\/wp-json\/wp\/v2\/types\/page"}],"author":[{"embeddable":true,"href":"https:\/\/fontaine-chamonix.com\/de\/wp-json\/wp\/v2\/users\/4"}],"replies":[{"embeddable":true,"href":"https:\/\/fontaine-chamonix.com\/de\/wp-json\/wp\/v2\/comments?post=8198"}],"version-history":[{"count":5,"href":"https:\/\/fontaine-chamonix.com\/de\/wp-json\/wp\/v2\/pages\/8198\/revisions"}],"predecessor-version":[{"id":9712,"href":"https:\/\/fontaine-chamonix.com\/de\/wp-json\/wp\/v2\/pages\/8198\/revisions\/9712"}],"wp:featuredmedia":[{"embeddable":true,"href":"https:\/\/fontaine-chamonix.com\/de\/wp-json\/wp\/v2\/media\/2783"}],"wp:attachment":[{"href":"https:\/\/fontaine-chamonix.com\/de\/wp-json\/wp\/v2\/media?parent=8198"}],"curies":[{"name":"wp","href":"https:\/\/api.w.org\/{rel}","templated":true}]}}