{"id":8178,"date":"2025-01-26T10:46:03","date_gmt":"2025-01-26T09:46:03","guid":{"rendered":"https:\/\/fontaine-chamonix.com\/der-gruene-see\/"},"modified":"2026-03-30T20:55:58","modified_gmt":"2026-03-30T18:55:58","slug":"der-gruene-see","status":"publish","type":"page","link":"https:\/\/fontaine-chamonix.com\/de\/der-gruene-see\/","title":{"rendered":"Der Gr\u00fcne See"},"content":{"rendered":"\t\t<div data-elementor-type=\"wp-page\" data-elementor-id=\"8178\" class=\"elementor elementor-8178 elementor-7151\" data-elementor-post-type=\"page\">\n\t\t\t\t<div data-dce-background-image-url=\"https:\/\/fontaine-chamonix.com\/wp-content\/uploads\/2026\/03\/IMG_3670_Original-scaled.jpg\" class=\"elementor-element elementor-element-65ce5729 e-con-full e-flex e-con e-parent\" data-id=\"65ce5729\" data-element_type=\"container\" data-e-type=\"container\" data-settings=\"{&quot;background_background&quot;:&quot;classic&quot;,&quot;jet_parallax_layout_list&quot;:[]}\">\n\t\t\t\t<div data-dce-title-color=\"#FFFFFF\" class=\"elementor-element elementor-element-69f7211a elementor-widget elementor-widget-heading\" data-id=\"69f7211a\" data-element_type=\"widget\" data-e-type=\"widget\" data-widget_type=\"heading.default\">\n\t\t\t\t\t<h1 class=\"elementor-heading-title elementor-size-default\">Der Gr\u00fcne See<\/h1>\t\t\t\t<\/div>\n\t\t\t\t<\/div>\n\t\t<div class=\"elementor-element elementor-element-63bdd6a e-con-full e-flex e-con e-parent\" data-id=\"63bdd6a\" data-element_type=\"container\" data-e-type=\"container\" data-settings=\"{&quot;jet_parallax_layout_list&quot;:[]}\">\n\t\t\t\t<div class=\"elementor-element elementor-element-38a29bf7 elementor-widget elementor-widget-shortcode\" data-id=\"38a29bf7\" data-element_type=\"widget\" data-e-type=\"widget\" data-widget_type=\"shortcode.default\">\n\t\t\t\t\t\t\t<div class=\"elementor-shortcode\"><nav aria-label=\"breadcrumbs\" class=\"rank-math-breadcrumb\"><p><span class=\"last\">Accueil<\/span><\/p><\/nav><\/div>\n\t\t\t\t\t\t<\/div>\n\t\t\t\t<\/div>\n\t\t<div class=\"elementor-element elementor-element-71a9b398 e-con-full e-flex e-con e-parent\" data-id=\"71a9b398\" data-element_type=\"container\" data-e-type=\"container\" data-settings=\"{&quot;jet_parallax_layout_list&quot;:[]}\">\n\t\t<div class=\"elementor-element elementor-element-700e7170 e-con-full e-flex e-con e-child\" data-id=\"700e7170\" data-element_type=\"container\" data-e-type=\"container\" data-settings=\"{&quot;background_background&quot;:&quot;classic&quot;,&quot;jet_parallax_layout_list&quot;:[]}\">\n\t\t\t\t<div data-dce-title-color=\"#212028\" class=\"elementor-element elementor-element-44bdbfd2 elementor-widget elementor-widget-heading\" data-id=\"44bdbfd2\" data-element_type=\"widget\" data-e-type=\"widget\" data-widget_type=\"heading.default\">\n\t\t\t\t\t<h2 class=\"elementor-heading-title elementor-size-default\">Entdecken Sie den Gr\u00fcnen See!<\/h2>\t\t\t\t<\/div>\n\t\t\t\t<div class=\"elementor-element elementor-element-5f2219f2 elementor-widget elementor-widget-text-editor\" data-id=\"5f2219f2\" data-element_type=\"widget\" data-e-type=\"widget\" data-widget_type=\"text-editor.default\">\n\t\t\t\t\t\t\t\t\t<p>Eingebettet in einen Wald in der N\u00e4he des Ortes Passy Plaine-Joux verdient der Lac Vert seinen Namen voll und ganz. Dieser au\u00dfergew\u00f6hnliche Naturraum, der f\u00fcr Spazierg\u00e4nge eingerichtet wurde, ist f\u00fcr alle zug\u00e4nglich. Dank der bemerkenswerten Transparenz seines Wassers kann man auf dem Grund eine Ansammlung von B\u00e4umen und Pflanzen beobachten, w\u00e4hrend die Blaualgen dem See seine wundersch\u00f6ne smaragdgr\u00fcne Farbe verleihen.<\/p>\n<p>In einer H\u00f6he von 1200 m bietet der See einen herrlichen Blick auf das Mont-Blanc-Massiv und ist somit ein idealer Rahmen f\u00fcr Naturliebhaber.<\/p>\n<p>Zugang und Einschr\u00e4nkungen<br \/>Der Zugang zum Lac Vert ist vom 01. Juni bis zum 30. September und w\u00e4hrend der gesamten Wintersaison f\u00fcr Fahrzeuge verboten. Au\u00dferhalb dieser Zeitr\u00e4ume d\u00fcrfen nur Eigent\u00fcmer und Berechtigte den See betreten. Kostenlose Pendelbusse fahren alle 15 Minuten von Mittwoch bis Sonntag von 10:00 bis 13:00 Uhr und von 14:00 bis 18:00 Uhr.<\/p>\n\t\t\t\t\t\t\t\t<\/div>\n\t\t\t\t<div class=\"elementor-element elementor-element-122f6e5 elementor-align-center elementor-widget elementor-widget-button\" data-id=\"122f6e5\" data-element_type=\"widget\" data-e-type=\"widget\" data-widget_type=\"button.default\">\n\t\t\t\t\t\t\t\t\t\t<a class=\"elementor-button elementor-button-link elementor-size-sm\" href=\"https:\/\/www.chamonix.com\/lacs-d-hiver\/lac-vert\" target=\"_blank\" rel=\"noopener\">\n\t\t\t\t\t\t<span class=\"elementor-button-content-wrapper\">\n\t\t\t\t\t\t\t\t\t<span class=\"elementor-button-text\">Weitere Informationen<\/span>\n\t\t\t\t\t<\/span>\n\t\t\t\t\t<\/a>\n\t\t\t\t\t\t\t\t<\/div>\n\t\t\t\t<div class=\"elementor-element elementor-element-d2475ee elementor-widget elementor-widget-spacer\" data-id=\"d2475ee\" data-element_type=\"widget\" data-e-type=\"widget\" data-widget_type=\"spacer.default\">\n\t\t\t\t\t\t\t<div class=\"elementor-spacer\">\n\t\t\t<div class=\"elementor-spacer-inner\"><\/div>\n\t\t<\/div>\n\t\t\t\t\t\t<\/div>\n\t\t<div class=\"elementor-element elementor-element-1fa9a6d e-con-full e-flex e-con e-child\" data-id=\"1fa9a6d\" data-element_type=\"container\" data-e-type=\"container\" data-settings=\"{&quot;jet_parallax_layout_list&quot;:[]}\">\n\t\t<div class=\"elementor-element elementor-element-c9f0daa e-con-full e-flex e-con e-child\" data-id=\"c9f0daa\" data-element_type=\"container\" data-e-type=\"container\" data-settings=\"{&quot;jet_parallax_layout_list&quot;:[]}\">\n\t\t\t\t<div data-dce-title-color=\"#000000\" class=\"elementor-element elementor-element-c562a02 elementor-widget elementor-widget-heading\" data-id=\"c562a02\" data-element_type=\"widget\" data-e-type=\"widget\" data-widget_type=\"heading.default\">\n\t\t\t\t\t<h2 class=\"elementor-heading-title elementor-size-default\">Gr\u00fcner See-Rundweg<\/h2>\t\t\t\t<\/div>\n\t\t\t\t<div class=\"elementor-element elementor-element-da0acda elementor-widget elementor-widget-text-editor\" data-id=\"da0acda\" data-element_type=\"widget\" data-e-type=\"widget\" data-widget_type=\"text-editor.default\">\n\t\t\t\t\t\t\t\t\t<p>Von Plaine-Joux aus folgen Sie den markierten Wegen durch den Wald hinunter zum Lac Vert. Im Sommer erm\u00f6glicht es eine Anlage, den See in 15 Minuten zu umrunden. Sie k\u00f6nnen die Transparenz des Wassers bewundern, das auf dem Grund B\u00e4ume und Pflanzen enth\u00fcllt, die von zarten Blaualgen geschm\u00fcckt werden. Dieses Ph\u00e4nomen verleiht dem See seine wundersch\u00f6ne smaragdgr\u00fcne Farbe. Manchmal spiegelt sich der Mont-Blanc darin und verleiht der Landschaft einen majest\u00e4tischen Touch.<\/p>\n<p>Um zur\u00fcckzukommen, starten Sie vom Parkplatz des Restaurants Lac Vert, steigen Sie zur Ch\u00e2telet d&#8217;Ay\u00e8res-H\u00fctte auf und folgen Sie dem Pfad \u00fcber den See zur\u00fcck nach Plaine-Joux.<\/p>\n<p>Das Baden in Bergseen ist verboten, um das empfindliche \u00d6kosystem zu erhalten. Die Einf\u00fchrung von Produkten wie Sonnencreme oder Bojen kann das nat\u00fcrliche Gleichgewicht des Sees st\u00f6ren. Weitere Informationen finden Sie unter <a href=\"http:\/\/lacs-sentinelles.org\" target=\"_new\" rel=\"noopener\">lacs-sentinelles.org<\/a>.<\/p>\n\t\t\t\t\t\t\t\t<\/div>\n\t\t\t\t<div class=\"elementor-element elementor-element-3a4827e elementor-widget elementor-widget-button\" data-id=\"3a4827e\" data-element_type=\"widget\" data-e-type=\"widget\" data-widget_type=\"button.default\">\n\t\t\t\t\t\t\t\t\t\t<a class=\"elementor-button elementor-button-link elementor-size-sm\" href=\"https:\/\/www.savoie-mont-blanc.com\/randonnees-et-balades\/boucle-du-lac-vert-124327\/\" target=\"_blank\" rel=\"noopener\">\n\t\t\t\t\t\t<span class=\"elementor-button-content-wrapper\">\n\t\t\t\t\t\t\t\t\t<span class=\"elementor-button-text\">Karte<\/span>\n\t\t\t\t\t<\/span>\n\t\t\t\t\t<\/a>\n\t\t\t\t\t\t\t\t<\/div>\n\t\t\t\t<\/div>\n\t\t<div class=\"elementor-element elementor-element-f4b5ffd e-con-full e-flex e-con e-child\" data-id=\"f4b5ffd\" data-element_type=\"container\" data-e-type=\"container\" data-settings=\"{&quot;background_background&quot;:&quot;slideshow&quot;,&quot;background_slideshow_gallery&quot;:[{&quot;id&quot;:7086,&quot;url&quot;:&quot;https:\\\/\\\/fontaine-chamonix.com\\\/wp-content\\\/uploads\\\/2025\\\/01\\\/2793338.png&quot;}],&quot;background_slideshow_slide_duration&quot;:2000,&quot;jet_parallax_layout_list&quot;:[],&quot;background_slideshow_loop&quot;:&quot;yes&quot;,&quot;background_slideshow_slide_transition&quot;:&quot;fade&quot;,&quot;background_slideshow_transition_duration&quot;:500}\">\n\t\t\t\t<\/div>\n\t\t\t\t<\/div>\n\t\t\t\t<\/div>\n\t\t\t\t<\/div>\n\t\t\t\t<\/div>\n\t\t","protected":false},"excerpt":{"rendered":"<p>Der Gr\u00fcne See Entdecken Sie den Gr\u00fcnen See! Eingebettet in einen Wald in der N\u00e4he des Ortes Passy Plaine-Joux verdient der Lac Vert seinen Namen voll und ganz. Dieser au\u00dfergew\u00f6hnliche Naturraum, der f\u00fcr Spazierg\u00e4nge eingerichtet wurde, ist f\u00fcr alle zug\u00e4nglich. Dank der bemerkenswerten Transparenz seines Wassers kann man auf dem Grund eine Ansammlung von B\u00e4umen [&hellip;]<\/p>\n","protected":false},"author":4,"featured_media":12903,"parent":0,"menu_order":0,"comment_status":"closed","ping_status":"closed","template":"elementor_header_footer","meta":{"footnotes":""},"class_list":["post-8178","page","type-page","status-publish","has-post-thumbnail","hentry"],"jetpack_sharing_enabled":true,"_links":{"self":[{"href":"https:\/\/fontaine-chamonix.com\/de\/wp-json\/wp\/v2\/pages\/8178","targetHints":{"allow":["GET"]}}],"collection":[{"href":"https:\/\/fontaine-chamonix.com\/de\/wp-json\/wp\/v2\/pages"}],"about":[{"href":"https:\/\/fontaine-chamonix.com\/de\/wp-json\/wp\/v2\/types\/page"}],"author":[{"embeddable":true,"href":"https:\/\/fontaine-chamonix.com\/de\/wp-json\/wp\/v2\/users\/4"}],"replies":[{"embeddable":true,"href":"https:\/\/fontaine-chamonix.com\/de\/wp-json\/wp\/v2\/comments?post=8178"}],"version-history":[{"count":10,"href":"https:\/\/fontaine-chamonix.com\/de\/wp-json\/wp\/v2\/pages\/8178\/revisions"}],"predecessor-version":[{"id":12925,"href":"https:\/\/fontaine-chamonix.com\/de\/wp-json\/wp\/v2\/pages\/8178\/revisions\/12925"}],"wp:featuredmedia":[{"embeddable":true,"href":"https:\/\/fontaine-chamonix.com\/de\/wp-json\/wp\/v2\/media\/12903"}],"wp:attachment":[{"href":"https:\/\/fontaine-chamonix.com\/de\/wp-json\/wp\/v2\/media?parent=8178"}],"curies":[{"name":"wp","href":"https:\/\/api.w.org\/{rel}","templated":true}]}}