{"id":8085,"date":"2025-01-05T12:00:23","date_gmt":"2025-01-05T11:00:23","guid":{"rendered":"https:\/\/fontaine-chamonix.com\/pauschalangebote\/"},"modified":"2025-07-31T10:29:03","modified_gmt":"2025-07-31T08:29:03","slug":"pauschalangebote","status":"publish","type":"page","link":"https:\/\/fontaine-chamonix.com\/de\/pauschalangebote\/","title":{"rendered":"Pauschalangebote"},"content":{"rendered":"\t\t<div data-elementor-type=\"wp-page\" data-elementor-id=\"8085\" class=\"elementor elementor-8085 elementor-6672\" data-elementor-post-type=\"page\">\n\t\t\t\t<div data-dce-background-image-url=\"https:\/\/fontaine-chamonix.com\/wp-content\/uploads\/2025\/01\/robert-kalinagil-pRYkEZNYjFY-unsplash-scaled.jpg\" class=\"elementor-element elementor-element-f24ed25 e-con-full e-flex e-con e-parent\" data-id=\"f24ed25\" data-element_type=\"container\" data-e-type=\"container\" data-settings=\"{&quot;background_background&quot;:&quot;classic&quot;,&quot;jet_parallax_layout_list&quot;:[]}\">\n\t\t\t\t<div data-dce-title-color=\"#FFFFFF\" class=\"elementor-element elementor-element-16e7d08 elementor-widget elementor-widget-heading\" data-id=\"16e7d08\" data-element_type=\"widget\" data-e-type=\"widget\" data-widget_type=\"heading.default\">\n\t\t\t\t\t<h1 class=\"elementor-heading-title elementor-size-default\">Pauschalangebote<\/h1>\t\t\t\t<\/div>\n\t\t\t\t<\/div>\n\t\t<div class=\"elementor-element elementor-element-8f71d87 e-con-full e-flex e-con e-parent\" data-id=\"8f71d87\" data-element_type=\"container\" data-e-type=\"container\" data-settings=\"{&quot;jet_parallax_layout_list&quot;:[]}\">\n\t\t\t\t<div class=\"elementor-element elementor-element-58545ce elementor-widget elementor-widget-shortcode\" data-id=\"58545ce\" data-element_type=\"widget\" data-e-type=\"widget\" data-widget_type=\"shortcode.default\">\n\t\t\t\t\t\t\t<div class=\"elementor-shortcode\"><nav aria-label=\"breadcrumbs\" class=\"rank-math-breadcrumb\"><p><span class=\"last\">Accueil<\/span><\/p><\/nav><\/div>\n\t\t\t\t\t\t<\/div>\n\t\t\t\t<\/div>\n\t\t<div class=\"elementor-element elementor-element-f0879ab e-con-full e-flex e-con e-parent\" data-id=\"f0879ab\" data-element_type=\"container\" data-e-type=\"container\" data-settings=\"{&quot;jet_parallax_layout_list&quot;:[]}\">\n\t\t<div class=\"elementor-element elementor-element-e05775c e-con-full e-flex e-con e-child\" data-id=\"e05775c\" data-element_type=\"container\" data-e-type=\"container\" data-settings=\"{&quot;background_background&quot;:&quot;classic&quot;,&quot;jet_parallax_layout_list&quot;:[]}\">\n\t\t\t\t<div data-dce-title-color=\"#212028\" class=\"elementor-element elementor-element-7308fcc elementor-widget elementor-widget-heading\" data-id=\"7308fcc\" data-element_type=\"widget\" data-e-type=\"widget\" data-widget_type=\"heading.default\">\n\t\t\t\t\t<h2 class=\"elementor-heading-title elementor-size-default\">Finden Sie das Paket, das zu Ihnen passt!<\/h2>\t\t\t\t<\/div>\n\t\t\t\t<div class=\"elementor-element elementor-element-f0f4a4c elementor-widget elementor-widget-text-editor\" data-id=\"f0f4a4c\" data-element_type=\"widget\" data-e-type=\"widget\" data-widget_type=\"text-editor.default\">\n\t\t\t\t\t\t\t\t\t<p>Wenn Sie ein begeisterter Skifahrer sind oder einfach nur neugierig darauf, die au\u00dfergew\u00f6hnliche Landschaft des Tals von Chamonix-Mont-Blanc zu entdecken, finden Sie hier Pauschalangebote, die auf Ihre Bed\u00fcrfnisse zugeschnitten sind. Egal, ob Sie einen halben oder einen ganzen Tag verbringen oder mehrere Tage genie\u00dfen m\u00f6chten, Sie haben Zugang zu allen Skigebieten des Tals sowie zu unvergesslichen Ausflugszielen.<\/p>\n<p>Wenn Sie Ihre Skip\u00e4sse mindestens drei Tage vor Ihrem Besuch online buchen, k\u00f6nnen Sie von g\u00fcnstigen Preisen profitieren. So k\u00f6nnen Sie Ihren Aufenthalt planen und von exklusiven Rabatten profitieren, w\u00e4hrend Sie sich auf einen unvergesslichen Aufenthalt vorbereiten.<\/p>\n\t\t\t\t\t\t\t\t<\/div>\n\t\t\t\t<div class=\"elementor-element elementor-element-334cacf elementor-widget elementor-widget-spacer\" data-id=\"334cacf\" data-element_type=\"widget\" data-e-type=\"widget\" data-widget_type=\"spacer.default\">\n\t\t\t\t\t\t\t<div class=\"elementor-spacer\">\n\t\t\t<div class=\"elementor-spacer-inner\"><\/div>\n\t\t<\/div>\n\t\t\t\t\t\t<\/div>\n\t\t\t\t<div class=\"elementor-element elementor-element-375b564 elementor-widget elementor-widget-spacer\" data-id=\"375b564\" data-element_type=\"widget\" data-e-type=\"widget\" data-widget_type=\"spacer.default\">\n\t\t\t\t\t\t\t<div class=\"elementor-spacer\">\n\t\t\t<div class=\"elementor-spacer-inner\"><\/div>\n\t\t<\/div>\n\t\t\t\t\t\t<\/div>\n\t\t<div class=\"elementor-element elementor-element-305ce05 e-con-full e-flex e-con e-child\" data-id=\"305ce05\" data-element_type=\"container\" data-e-type=\"container\" data-settings=\"{&quot;jet_parallax_layout_list&quot;:[]}\">\n\t\t<div class=\"elementor-element elementor-element-010ebd3 e-con-full e-flex e-con e-child\" data-id=\"010ebd3\" data-element_type=\"container\" data-e-type=\"container\" data-settings=\"{&quot;jet_parallax_layout_list&quot;:[]}\">\n\t\t<div class=\"elementor-element elementor-element-f3eb318 e-con-full e-flex e-con e-child\" data-id=\"f3eb318\" data-element_type=\"container\" data-e-type=\"container\" data-settings=\"{&quot;jet_parallax_layout_list&quot;:[]}\">\n\t\t\t\t<div data-dce-title-color=\"#000000\" class=\"elementor-element elementor-element-9fcc60d elementor-widget elementor-widget-heading\" data-id=\"9fcc60d\" data-element_type=\"widget\" data-e-type=\"widget\" data-widget_type=\"heading.default\">\n\t\t\t\t\t<h2 class=\"elementor-heading-title elementor-size-default\">Alle Pakete: Gute Internetangebote<\/h2>\t\t\t\t<\/div>\n\t\t\t\t<div class=\"elementor-element elementor-element-0887d0c elementor-widget elementor-widget-text-editor\" data-id=\"0887d0c\" data-element_type=\"widget\" data-e-type=\"widget\" data-widget_type=\"text-editor.default\">\n\t\t\t\t\t\t\t\t\t<p>Egal, ob Sie einen Tagesausflug oder einen Aufenthalt machen, allein oder mit der Familie unterwegs sind, Sie k\u00f6nnen die besten Preise f\u00fcr diesen Winter nutzen, wenn Sie Ihren Skipass mindestens drei Tage vor der Nutzung online buchen.<\/p>\n<p>Entdecken Sie die verschiedenen Skip\u00e4sse, wie Mont Blanc Unlimited, Chamonix Le Pass und viele andere, um den passenden Skipass f\u00fcr Ihre Bed\u00fcrfnisse zu finden.<\/p>\n\t\t\t\t\t\t\t\t<\/div>\n\t\t\t\t<div class=\"elementor-element elementor-element-aba7a20 elementor-widget elementor-widget-button\" data-id=\"aba7a20\" data-element_type=\"widget\" data-e-type=\"widget\" data-widget_type=\"button.default\">\n\t\t\t\t\t\t\t\t\t\t<a class=\"elementor-button elementor-button-link elementor-size-sm\" href=\"https:\/\/www.montblancnaturalresort.com\/fr\/nos-forfaits?_ecmp=OTCHAM\" target=\"_blank\" rel=\"noopener\">\n\t\t\t\t\t\t<span class=\"elementor-button-content-wrapper\">\n\t\t\t\t\t\t\t\t\t<span class=\"elementor-button-text\">Sparen Sie Zeit: Kaufen Sie Ihr Abo online<\/span>\n\t\t\t\t\t<\/span>\n\t\t\t\t\t<\/a>\n\t\t\t\t\t\t\t\t<\/div>\n\t\t\t\t<\/div>\n\t\t<div class=\"elementor-element elementor-element-23337d5 e-con-full e-flex e-con e-child\" data-id=\"23337d5\" data-element_type=\"container\" data-e-type=\"container\" data-settings=\"{&quot;background_background&quot;:&quot;slideshow&quot;,&quot;background_slideshow_gallery&quot;:[{&quot;id&quot;:9611,&quot;url&quot;:&quot;https:\\\/\\\/fontaine-chamonix.com\\\/wp-content\\\/uploads\\\/2025\\\/07\\\/kevin-bessat-aDP2i04upHU-unsplash-1-scaled.jpg&quot;}],&quot;background_slideshow_slide_duration&quot;:2000,&quot;jet_parallax_layout_list&quot;:[],&quot;background_slideshow_loop&quot;:&quot;yes&quot;,&quot;background_slideshow_slide_transition&quot;:&quot;fade&quot;,&quot;background_slideshow_transition_duration&quot;:500}\">\n\t\t\t\t<\/div>\n\t\t\t\t<\/div>\n\t\t\t\t<\/div>\n\t\t<div class=\"elementor-element elementor-element-1e376e0 e-con-full e-flex e-con e-child\" data-id=\"1e376e0\" data-element_type=\"container\" data-e-type=\"container\" data-settings=\"{&quot;jet_parallax_layout_list&quot;:[]}\">\n\t\t<div class=\"elementor-element elementor-element-3ff4c7f e-con-full e-flex e-con e-child\" data-id=\"3ff4c7f\" data-element_type=\"container\" data-e-type=\"container\" data-settings=\"{&quot;background_background&quot;:&quot;slideshow&quot;,&quot;background_slideshow_gallery&quot;:[{&quot;id&quot;:6524,&quot;url&quot;:&quot;https:\\\/\\\/fontaine-chamonix.com\\\/wp-content\\\/uploads\\\/2025\\\/01\\\/hongbin-u5JUXp3Lfz4-unsplash-1-scaled.jpg&quot;}],&quot;background_slideshow_slide_duration&quot;:2000,&quot;jet_parallax_layout_list&quot;:[],&quot;background_slideshow_loop&quot;:&quot;yes&quot;,&quot;background_slideshow_slide_transition&quot;:&quot;fade&quot;,&quot;background_slideshow_transition_duration&quot;:500}\">\n\t\t\t\t<\/div>\n\t\t<div class=\"elementor-element elementor-element-399c2e3 e-con-full e-flex e-con e-child\" data-id=\"399c2e3\" data-element_type=\"container\" data-e-type=\"container\" data-settings=\"{&quot;jet_parallax_layout_list&quot;:[]}\">\n\t\t\t\t<div data-dce-title-color=\"#000000\" class=\"elementor-element elementor-element-70b282e elementor-widget elementor-widget-heading\" data-id=\"70b282e\" data-element_type=\"widget\" data-e-type=\"widget\" data-widget_type=\"heading.default\">\n\t\t\t\t\t<h2 class=\"elementor-heading-title elementor-size-default\">Mont-Blanc Unlimited-Pauschale<\/h2>\t\t\t\t<\/div>\n\t\t\t\t<div class=\"elementor-element elementor-element-1f1832a elementor-widget elementor-widget-text-editor\" data-id=\"1f1832a\" data-element_type=\"widget\" data-e-type=\"widget\" data-widget_type=\"text-editor.default\">\n\t\t\t\t\t\t\t\t\t<p>Der Skipass MONT BLANC Unlimited \u00f6ffnet Ihnen die T\u00fcren zum Abenteuer: Sie haben Zugang zu allen Skigebieten von Chamonix (ohne den Gipfel von Grands Montets), sowie zu den Skiorten Les Houches &#8211; Saint-Gervais, Evasion Mont-Blanc und sogar zu den Pisten in Italien und der Schweiz. Nutzen Sie auch den Zugang zu den symboltr\u00e4chtigen Ausflugszielen, um die Berge auf andere Weise zu entdecken.<\/p>\n<p>Ein einziger Pass, um in 3 L\u00e4ndern Ski zu fahren und ein au\u00dfergew\u00f6hnliches Gebiet zu erkunden!<\/p>\n\t\t\t\t\t\t\t\t<\/div>\n\t\t\t\t<div class=\"elementor-element elementor-element-93b7b7f elementor-widget elementor-widget-button\" data-id=\"93b7b7f\" data-element_type=\"widget\" data-e-type=\"widget\" data-widget_type=\"button.default\">\n\t\t\t\t\t\t\t\t\t\t<a class=\"elementor-button elementor-button-link elementor-size-sm\" href=\"https:\/\/www.montblancnaturalresort.com\/fr\/montblanc-unlimited?_ecmp=OTCHAM\" target=\"_blank\" rel=\"noopener\">\n\t\t\t\t\t\t<span class=\"elementor-button-content-wrapper\">\n\t\t\t\t\t\t\t\t\t<span class=\"elementor-button-text\">Kaufen Sie Ihr Abonnement online<\/span>\n\t\t\t\t\t<\/span>\n\t\t\t\t\t<\/a>\n\t\t\t\t\t\t\t\t<\/div>\n\t\t\t\t<\/div>\n\t\t\t\t<\/div>\n\t\t\t\t<div class=\"elementor-element elementor-element-b6344e8 elementor-widget elementor-widget-spacer\" data-id=\"b6344e8\" data-element_type=\"widget\" data-e-type=\"widget\" data-widget_type=\"spacer.default\">\n\t\t\t\t\t\t\t<div class=\"elementor-spacer\">\n\t\t\t<div class=\"elementor-spacer-inner\"><\/div>\n\t\t<\/div>\n\t\t\t\t\t\t<\/div>\n\t\t<div class=\"elementor-element elementor-element-3dd234d e-con-full e-flex e-con e-child\" data-id=\"3dd234d\" data-element_type=\"container\" data-e-type=\"container\" data-settings=\"{&quot;jet_parallax_layout_list&quot;:[]}\">\n\t\t<div class=\"elementor-element elementor-element-5694585 e-con-full e-flex e-con e-child\" data-id=\"5694585\" data-element_type=\"container\" data-e-type=\"container\" data-settings=\"{&quot;jet_parallax_layout_list&quot;:[]}\">\n\t\t<div class=\"elementor-element elementor-element-4b914cb e-con-full e-flex e-con e-child\" data-id=\"4b914cb\" data-element_type=\"container\" data-e-type=\"container\" data-settings=\"{&quot;jet_parallax_layout_list&quot;:[]}\">\n\t\t\t\t<div data-dce-title-color=\"#000000\" class=\"elementor-element elementor-element-9599211 elementor-widget elementor-widget-heading\" data-id=\"9599211\" data-element_type=\"widget\" data-e-type=\"widget\" data-widget_type=\"heading.default\">\n\t\t\t\t\t<h2 class=\"elementor-heading-title elementor-size-default\">Les Houches - Saint-Gervais<\/h2>\t\t\t\t<\/div>\n\t\t\t\t<div class=\"elementor-element elementor-element-1d5f2d4 elementor-widget elementor-widget-text-editor\" data-id=\"1d5f2d4\" data-element_type=\"widget\" data-e-type=\"widget\" data-widget_type=\"text-editor.default\">\n\t\t\t\t\t\t\t\t\t<p>Les Houches &#8211; Saint-Gervais ist der erste zug\u00e4ngliche Skiort im Mont-Blanc-Tal und ideal, um Ihren Aufenthalt in den Bergen zu beginnen. Der im Herzen des Massivs gelegene Ort bietet ein au\u00dfergew\u00f6hnliches 360\u00b0-Panorama auf die emblematischen Gipfel: Mont Joly, Kette der Aravis, Massif des Fiz, Aiguilles Rouges, mit dem majest\u00e4tischen Mont-Blanc-Massiv im Hintergrund.<br \/>Dies ist der ideale Rahmen f\u00fcr einen Urlaub in den Bergen, zwischen Wintersport, unber\u00fchrter Natur und spektakul\u00e4ren Alpenlandschaften.<\/p>\n\t\t\t\t\t\t\t\t<\/div>\n\t\t\t\t<div class=\"elementor-element elementor-element-4cbb2f2 elementor-widget elementor-widget-button\" data-id=\"4cbb2f2\" data-element_type=\"widget\" data-e-type=\"widget\" data-widget_type=\"button.default\">\n\t\t\t\t\t\t\t\t\t\t<a class=\"elementor-button elementor-button-link elementor-size-sm\" href=\"https:\/\/leshouches.montblancnaturalresort.com\/fr\/billetterie\" target=\"_blank\" rel=\"noopener\">\n\t\t\t\t\t\t<span class=\"elementor-button-content-wrapper\">\n\t\t\t\t\t\t\t\t\t<span class=\"elementor-button-text\">Kaufen Sie Ihr Abonnement online<\/span>\n\t\t\t\t\t<\/span>\n\t\t\t\t\t<\/a>\n\t\t\t\t\t\t\t\t<\/div>\n\t\t\t\t<\/div>\n\t\t<div class=\"elementor-element elementor-element-dfbe3c0 e-con-full e-flex e-con e-child\" data-id=\"dfbe3c0\" data-element_type=\"container\" data-e-type=\"container\" data-settings=\"{&quot;background_background&quot;:&quot;slideshow&quot;,&quot;background_slideshow_gallery&quot;:[{&quot;id&quot;:6844,&quot;url&quot;:&quot;https:\\\/\\\/fontaine-chamonix.com\\\/wp-content\\\/uploads\\\/2025\\\/01\\\/sebastian-smith-V8YFNLZzy_8-unsplash-1-scaled.jpg&quot;}],&quot;background_slideshow_slide_duration&quot;:2000,&quot;jet_parallax_layout_list&quot;:[],&quot;background_slideshow_loop&quot;:&quot;yes&quot;,&quot;background_slideshow_slide_transition&quot;:&quot;fade&quot;,&quot;background_slideshow_transition_duration&quot;:500}\">\n\t\t\t\t<\/div>\n\t\t\t\t<\/div>\n\t\t\t\t<\/div>\n\t\t<div class=\"elementor-element elementor-element-bb45386 e-con-full e-flex e-con e-child\" data-id=\"bb45386\" data-element_type=\"container\" data-e-type=\"container\" data-settings=\"{&quot;jet_parallax_layout_list&quot;:[]}\">\n\t\t<div class=\"elementor-element elementor-element-ebdd9cb e-con-full e-flex e-con e-child\" data-id=\"ebdd9cb\" data-element_type=\"container\" data-e-type=\"container\" data-settings=\"{&quot;jet_parallax_layout_list&quot;:[]}\">\n\t\t<div class=\"elementor-element elementor-element-de2fae9 e-con-full e-flex e-con e-child\" data-id=\"de2fae9\" data-element_type=\"container\" data-e-type=\"container\" data-settings=\"{&quot;background_background&quot;:&quot;slideshow&quot;,&quot;background_slideshow_gallery&quot;:[{&quot;id&quot;:9656,&quot;url&quot;:&quot;https:\\\/\\\/fontaine-chamonix.com\\\/wp-content\\\/uploads\\\/2025\\\/07\\\/thanh-nguyen-M0oK-Vitr0I-unsplash-1-scaled.jpg&quot;}],&quot;background_slideshow_slide_duration&quot;:2000,&quot;jet_parallax_layout_list&quot;:[],&quot;background_slideshow_loop&quot;:&quot;yes&quot;,&quot;background_slideshow_slide_transition&quot;:&quot;fade&quot;,&quot;background_slideshow_transition_duration&quot;:500}\">\n\t\t\t\t<\/div>\n\t\t<div class=\"elementor-element elementor-element-8cdf23b e-con-full e-flex e-con e-child\" data-id=\"8cdf23b\" data-element_type=\"container\" data-e-type=\"container\" data-settings=\"{&quot;jet_parallax_layout_list&quot;:[]}\">\n\t\t\t\t<div data-dce-title-color=\"#000000\" class=\"elementor-element elementor-element-9095cbe elementor-widget elementor-widget-heading\" data-id=\"9095cbe\" data-element_type=\"widget\" data-e-type=\"widget\" data-widget_type=\"heading.default\">\n\t\t\t\t\t<h2 class=\"elementor-heading-title elementor-size-default\">Ein einziger Pass: 100% Fu\u00dfg\u00e4nger<\/h2>\t\t\t\t<\/div>\n\t\t\t\t<div class=\"elementor-element elementor-element-7a8522c elementor-widget elementor-widget-text-editor\" data-id=\"7a8522c\" data-element_type=\"widget\" data-e-type=\"widget\" data-widget_type=\"text-editor.default\">\n\t\t\t\t\t\t\t\t\t<p>Mit dem Pauschalangebot 100% Fu\u00dfg\u00e4nger in Chamonix k\u00f6nnen Sie die sch\u00f6nsten Panoramen der Alpen entdecken, ohne die Skier anschnallen zu m\u00fcssen. Erreichen Sie problemlos die symboltr\u00e4chtigen Orte: Planpraz, Br\u00e9vent, Fl\u00e9g\u00e8re, Charamillon sowie die unumg\u00e4ngliche Aiguille du Midi und den spektakul\u00e4ren Ort Montenvers &#8211; Mer de Glace.<br \/>Genie\u00dfen Sie atemberaubende Ausblicke, w\u00e4hrend Sie die K\u00fcche der Bergrestaurants genie\u00dfen, die sich an diesen au\u00dfergew\u00f6hnlichen Orten eingenistet haben. Die perfekte Gelegenheit, die Berge auf eine andere Art und Weise zu erkunden, zwischen Gaumenfreuden und Panoramablick.<\/p>\n\t\t\t\t\t\t\t\t<\/div>\n\t\t\t\t<div class=\"elementor-element elementor-element-bfb4f6a elementor-widget elementor-widget-button\" data-id=\"bfb4f6a\" data-element_type=\"widget\" data-e-type=\"widget\" data-widget_type=\"button.default\">\n\t\t\t\t\t\t\t\t\t\t<a class=\"elementor-button elementor-button-link elementor-size-sm\" href=\"https:\/\/www.montblancnaturalresort.com\/fr\/sejour-pietons-chamonix?_ecmp=OTCHAM\" target=\"_blank\" rel=\"noopener\">\n\t\t\t\t\t\t<span class=\"elementor-button-content-wrapper\">\n\t\t\t\t\t\t\t\t\t<span class=\"elementor-button-text\"> Den Fu\u00dfg\u00e4ngerpass online kaufen<\/span>\n\t\t\t\t\t<\/span>\n\t\t\t\t\t<\/a>\n\t\t\t\t\t\t\t\t<\/div>\n\t\t\t\t<\/div>\n\t\t\t\t<\/div>\n\t\t\t\t<\/div>\n\t\t\t\t<\/div>\n\t\t\t\t<\/div>\n\t\t\t\t<\/div>\n\t\t","protected":false},"excerpt":{"rendered":"<p>Pauschalangebote Finden Sie das Paket, das zu Ihnen passt! Wenn Sie ein begeisterter Skifahrer sind oder einfach nur neugierig darauf, die au\u00dfergew\u00f6hnliche Landschaft des Tals von Chamonix-Mont-Blanc zu entdecken, finden Sie hier Pauschalangebote, die auf Ihre Bed\u00fcrfnisse zugeschnitten sind. Egal, ob Sie einen halben oder einen ganzen Tag verbringen oder mehrere Tage genie\u00dfen m\u00f6chten, Sie [&hellip;]<\/p>\n","protected":false},"author":4,"featured_media":6493,"parent":0,"menu_order":0,"comment_status":"closed","ping_status":"closed","template":"elementor_header_footer","meta":{"footnotes":""},"class_list":["post-8085","page","type-page","status-publish","has-post-thumbnail","hentry"],"jetpack_sharing_enabled":true,"_links":{"self":[{"href":"https:\/\/fontaine-chamonix.com\/de\/wp-json\/wp\/v2\/pages\/8085","targetHints":{"allow":["GET"]}}],"collection":[{"href":"https:\/\/fontaine-chamonix.com\/de\/wp-json\/wp\/v2\/pages"}],"about":[{"href":"https:\/\/fontaine-chamonix.com\/de\/wp-json\/wp\/v2\/types\/page"}],"author":[{"embeddable":true,"href":"https:\/\/fontaine-chamonix.com\/de\/wp-json\/wp\/v2\/users\/4"}],"replies":[{"embeddable":true,"href":"https:\/\/fontaine-chamonix.com\/de\/wp-json\/wp\/v2\/comments?post=8085"}],"version-history":[{"count":6,"href":"https:\/\/fontaine-chamonix.com\/de\/wp-json\/wp\/v2\/pages\/8085\/revisions"}],"predecessor-version":[{"id":9663,"href":"https:\/\/fontaine-chamonix.com\/de\/wp-json\/wp\/v2\/pages\/8085\/revisions\/9663"}],"wp:featuredmedia":[{"embeddable":true,"href":"https:\/\/fontaine-chamonix.com\/de\/wp-json\/wp\/v2\/media\/6493"}],"wp:attachment":[{"href":"https:\/\/fontaine-chamonix.com\/de\/wp-json\/wp\/v2\/media?parent=8085"}],"curies":[{"name":"wp","href":"https:\/\/api.w.org\/{rel}","templated":true}]}}