{"id":8017,"date":"2024-12-06T09:56:25","date_gmt":"2024-12-06T08:56:25","guid":{"rendered":"https:\/\/fontaine-chamonix.com\/spa-und-entspannungsbereich\/"},"modified":"2025-12-22T19:51:32","modified_gmt":"2025-12-22T18:51:32","slug":"spa-und-entspannungsbereich","status":"publish","type":"page","link":"https:\/\/fontaine-chamonix.com\/de\/spa-und-entspannungsbereich\/","title":{"rendered":"SPA- und Entspannungsbereich"},"content":{"rendered":"\t\t<div data-elementor-type=\"wp-page\" data-elementor-id=\"8017\" class=\"elementor elementor-8017 elementor-4199\" data-elementor-post-type=\"page\">\n\t\t\t\t<div data-dce-background-image-url=\"https:\/\/fontaine-chamonix.com\/wp-content\/uploads\/2023\/11\/espace-detente.jpg\" class=\"elementor-element elementor-element-77dccf0 e-con-full e-flex e-con e-parent\" data-id=\"77dccf0\" data-element_type=\"container\" data-e-type=\"container\" data-settings=\"{&quot;background_background&quot;:&quot;classic&quot;,&quot;jet_parallax_layout_list&quot;:[]}\">\n\t\t\t\t<div data-dce-title-color=\"#FFFFFF\" class=\"elementor-element elementor-element-4057085 elementor-widget elementor-widget-heading\" data-id=\"4057085\" data-element_type=\"widget\" data-e-type=\"widget\" data-widget_type=\"heading.default\">\n\t\t\t\t\t<h1 class=\"elementor-heading-title elementor-size-default\">SPA-Bereich <\/br>&amp; <\/br>Entspannung<\/h1>\t\t\t\t<\/div>\n\t\t\t\t<\/div>\n\t\t<div class=\"elementor-element elementor-element-c6ccdbf e-con-full e-flex e-con e-parent\" data-id=\"c6ccdbf\" data-element_type=\"container\" data-e-type=\"container\" data-settings=\"{&quot;jet_parallax_layout_list&quot;:[]}\">\n\t\t\t\t<div class=\"elementor-element elementor-element-f887e48 elementor-widget elementor-widget-shortcode\" data-id=\"f887e48\" data-element_type=\"widget\" data-e-type=\"widget\" data-widget_type=\"shortcode.default\">\n\t\t\t\t\t\t\t<div class=\"elementor-shortcode\"><nav aria-label=\"breadcrumbs\" class=\"rank-math-breadcrumb\"><p><span class=\"last\">Accueil<\/span><\/p><\/nav><\/div>\n\t\t\t\t\t\t<\/div>\n\t\t\t\t<\/div>\n\t\t<div class=\"elementor-element elementor-element-7161bad e-con-full e-flex e-con e-parent\" data-id=\"7161bad\" data-element_type=\"container\" data-e-type=\"container\" data-settings=\"{&quot;jet_parallax_layout_list&quot;:[],&quot;background_background&quot;:&quot;classic&quot;}\">\n\t\t<div class=\"elementor-element elementor-element-e15bc51 e-con-full e-flex e-con e-child\" data-id=\"e15bc51\" data-element_type=\"container\" data-e-type=\"container\" data-settings=\"{&quot;jet_parallax_layout_list&quot;:[]}\">\n\t\t<div class=\"elementor-element elementor-element-0752b52 e-con-full e-flex e-con e-child\" data-id=\"0752b52\" data-element_type=\"container\" data-e-type=\"container\" data-settings=\"{&quot;jet_parallax_layout_list&quot;:[]}\">\n\t\t<div class=\"elementor-element elementor-element-0929a5d e-con-full e-flex e-con e-child\" data-id=\"0929a5d\" data-element_type=\"container\" data-e-type=\"container\" data-settings=\"{&quot;background_background&quot;:&quot;classic&quot;,&quot;jet_parallax_layout_list&quot;:[]}\">\n\t\t\t\t<div class=\"elementor-element elementor-element-4dc7b48 elementor-widget elementor-widget-heading\" data-id=\"4dc7b48\" data-element_type=\"widget\" data-e-type=\"widget\" data-widget_type=\"heading.default\">\n\t\t\t\t\t<h2 class=\"elementor-heading-title elementor-size-default\">Beheiztes Hallenbad: Tauchen Sie ein ins Wohlbefinden<\/h2>\t\t\t\t<\/div>\n\t\t\t\t<div class=\"elementor-element elementor-element-e8244f5 elementor-widget elementor-widget-text-editor\" data-id=\"e8244f5\" data-element_type=\"widget\" data-e-type=\"widget\" data-widget_type=\"text-editor.default\">\n\t\t\t\t\t\t\t\t\t<p>Tauchen Sie in unser Hallenbad ein, das das ganze Jahr \u00fcber beheizt ist, um sich nach einem Tag auf der Piste oder beim Skifahren ein entspannendes Bad zu g\u00f6nnen. Ob Sie ein paar Bahnen schwimmen oder sich einfach treiben lassen und Ihre Sorgen hinter sich lassen wollen, die perfekte Temperatur und die ruhige Umgebung sorgen f\u00fcr sofortige Entspannung.<\/p>\n<p>\u00d6ffnungszeiten: Ge\u00f6ffnet von 8:00 bis 10:00 Uhr und von 15:00 bis 20:00 Uhr, wobei f\u00fcr Kinder die Anwesenheit eines Erwachsenen erforderlich ist.<\/p>\n<p>Kostenloser Zugang<\/p>\n\t\t\t\t\t\t\t\t<\/div>\n\t\t\t\t<\/div>\n\t\t\t\t<\/div>\n\t\t<div class=\"elementor-element elementor-element-ea903a9 e-con-full e-flex e-con e-child\" data-id=\"ea903a9\" data-element_type=\"container\" data-e-type=\"container\" data-settings=\"{&quot;jet_parallax_layout_list&quot;:[],&quot;background_background&quot;:&quot;slideshow&quot;,&quot;motion_fx_motion_fx_scrolling&quot;:&quot;yes&quot;,&quot;motion_fx_translateY_effect&quot;:&quot;yes&quot;,&quot;motion_fx_translateY_affectedRange&quot;:{&quot;unit&quot;:&quot;%&quot;,&quot;size&quot;:&quot;&quot;,&quot;sizes&quot;:{&quot;start&quot;:0,&quot;end&quot;:47}},&quot;background_slideshow_gallery&quot;:[{&quot;id&quot;:10405,&quot;url&quot;:&quot;https:\\\/\\\/fontaine-chamonix.com\\\/wp-content\\\/uploads\\\/2025\\\/12\\\/Hotel-La-Fontaine-HD-100645-min-scaled.jpg&quot;},{&quot;id&quot;:10415,&quot;url&quot;:&quot;https:\\\/\\\/fontaine-chamonix.com\\\/wp-content\\\/uploads\\\/2025\\\/12\\\/Hotel-La-Fontaine-HD-100650-min-scaled.jpg&quot;},{&quot;id&quot;:4229,&quot;url&quot;:&quot;https:\\\/\\\/fontaine-chamonix.com\\\/wp-content\\\/uploads\\\/2024\\\/12\\\/spa-et-piscine-08.jpg&quot;},{&quot;id&quot;:10400,&quot;url&quot;:&quot;https:\\\/\\\/fontaine-chamonix.com\\\/wp-content\\\/uploads\\\/2025\\\/12\\\/Hotel-La-Fontaine-HD-100642-min-scaled.jpg&quot;}],&quot;background_slideshow_slide_duration&quot;:2000,&quot;background_slideshow_loop&quot;:&quot;yes&quot;,&quot;background_slideshow_slide_transition&quot;:&quot;fade&quot;,&quot;background_slideshow_transition_duration&quot;:500,&quot;motion_fx_translateY_speed&quot;:{&quot;unit&quot;:&quot;px&quot;,&quot;size&quot;:4,&quot;sizes&quot;:[]},&quot;motion_fx_devices&quot;:[&quot;desktop&quot;,&quot;tablet&quot;,&quot;mobile&quot;]}\">\n\t\t\t\t<\/div>\n\t\t\t\t<\/div>\n\t\t\t\t<\/div>\n\t\t<div data-dce-background-color=\"#61616212\" class=\"elementor-element elementor-element-55c2ab8 e-con-full e-flex e-con e-parent\" data-id=\"55c2ab8\" data-element_type=\"container\" data-e-type=\"container\" data-settings=\"{&quot;jet_parallax_layout_list&quot;:[],&quot;background_background&quot;:&quot;classic&quot;}\">\n\t\t<div class=\"elementor-element elementor-element-5756881 e-con-full e-flex e-con e-child\" data-id=\"5756881\" data-element_type=\"container\" data-e-type=\"container\" data-settings=\"{&quot;jet_parallax_layout_list&quot;:[]}\">\n\t\t<div class=\"elementor-element elementor-element-68c412d e-con-full e-flex e-con e-child\" data-id=\"68c412d\" data-element_type=\"container\" data-e-type=\"container\" data-settings=\"{&quot;jet_parallax_layout_list&quot;:[],&quot;background_background&quot;:&quot;slideshow&quot;,&quot;motion_fx_motion_fx_scrolling&quot;:&quot;yes&quot;,&quot;motion_fx_translateY_effect&quot;:&quot;yes&quot;,&quot;motion_fx_translateY_affectedRange&quot;:{&quot;unit&quot;:&quot;%&quot;,&quot;size&quot;:&quot;&quot;,&quot;sizes&quot;:{&quot;start&quot;:0,&quot;end&quot;:47}},&quot;background_slideshow_gallery&quot;:[{&quot;id&quot;:4248,&quot;url&quot;:&quot;https:\\\/\\\/fontaine-chamonix.com\\\/wp-content\\\/uploads\\\/2024\\\/12\\\/SAUNA-SPA-03.jpg&quot;},{&quot;id&quot;:2879,&quot;url&quot;:&quot;https:\\\/\\\/fontaine-chamonix.com\\\/wp-content\\\/uploads\\\/2021\\\/05\\\/sauna-spa-chamonix.jpeg&quot;},{&quot;id&quot;:2883,&quot;url&quot;:&quot;https:\\\/\\\/fontaine-chamonix.com\\\/wp-content\\\/uploads\\\/2021\\\/05\\\/Sauna-Spa-Fontaine-Mont-Blanc.jpeg&quot;},{&quot;id&quot;:3427,&quot;url&quot;:&quot;https:\\\/\\\/fontaine-chamonix.com\\\/wp-content\\\/uploads\\\/2023\\\/11\\\/SAUNA-SPA-HAMMAM--scaled.jpg&quot;}],&quot;background_slideshow_slide_duration&quot;:2000,&quot;background_slideshow_loop&quot;:&quot;yes&quot;,&quot;background_slideshow_slide_transition&quot;:&quot;fade&quot;,&quot;background_slideshow_transition_duration&quot;:500,&quot;motion_fx_translateY_speed&quot;:{&quot;unit&quot;:&quot;px&quot;,&quot;size&quot;:4,&quot;sizes&quot;:[]},&quot;motion_fx_devices&quot;:[&quot;desktop&quot;,&quot;tablet&quot;,&quot;mobile&quot;]}\">\n\t\t\t\t<\/div>\n\t\t<div class=\"elementor-element elementor-element-19d86a4 e-con-full e-flex e-con e-child\" data-id=\"19d86a4\" data-element_type=\"container\" data-e-type=\"container\" data-settings=\"{&quot;jet_parallax_layout_list&quot;:[]}\">\n\t\t<div class=\"elementor-element elementor-element-76af960 e-con-full e-flex e-con e-child\" data-id=\"76af960\" data-element_type=\"container\" data-e-type=\"container\" data-settings=\"{&quot;background_background&quot;:&quot;classic&quot;,&quot;jet_parallax_layout_list&quot;:[]}\">\n\t\t\t\t<div class=\"elementor-element elementor-element-e8cd390 elementor-widget elementor-widget-heading\" data-id=\"e8cd390\" data-element_type=\"widget\" data-e-type=\"widget\" data-widget_type=\"heading.default\">\n\t\t\t\t\t<h2 class=\"elementor-heading-title elementor-size-default\">Sauna: Eine wohltuende Flucht<\/h2>\t\t\t\t<\/div>\n\t\t\t\t<div class=\"elementor-element elementor-element-1bfba10 elementor-widget elementor-widget-text-editor\" data-id=\"1bfba10\" data-element_type=\"widget\" data-e-type=\"widget\" data-widget_type=\"text-editor.default\">\n\t\t\t\t\t\t\t\t\t<p>Entspannen Sie sich in unserer Sauna, einem Zufluchtsort der W\u00e4rme und Ruhe. Die Sauna wurde entwickelt, um Ihre Muskeln zu beruhigen und Ihre Haut zu reinigen, und bietet Ihnen eine wohlverdiente Pause in einer umh\u00fcllenden Atmosph\u00e4re. Nutzen Sie die trockene Hitze, um Ihren K\u00f6rper nach einem aktiven Tag zu revitalisieren.<\/p>\n<p>\u00d6ffnungszeiten: 17:00 bis 20:00 Uhr, Badekleidung erforderlich.<\/p>\n<p>Kostenloser Zugang<\/p>\n\t\t\t\t\t\t\t\t<\/div>\n\t\t\t\t<\/div>\n\t\t\t\t<\/div>\n\t\t\t\t<\/div>\n\t\t\t\t<\/div>\n\t\t<div class=\"elementor-element elementor-element-c787d82 e-con-full e-flex e-con e-parent\" data-id=\"c787d82\" data-element_type=\"container\" data-e-type=\"container\" data-settings=\"{&quot;jet_parallax_layout_list&quot;:[],&quot;background_background&quot;:&quot;classic&quot;}\">\n\t\t<div class=\"elementor-element elementor-element-377b625 e-con-full e-flex e-con e-child\" data-id=\"377b625\" data-element_type=\"container\" data-e-type=\"container\" data-settings=\"{&quot;jet_parallax_layout_list&quot;:[]}\">\n\t\t<div class=\"elementor-element elementor-element-3b57139 e-con-full e-flex e-con e-child\" data-id=\"3b57139\" data-element_type=\"container\" data-e-type=\"container\" data-settings=\"{&quot;jet_parallax_layout_list&quot;:[]}\">\n\t\t<div class=\"elementor-element elementor-element-8497db1 e-con-full e-flex e-con e-child\" data-id=\"8497db1\" data-element_type=\"container\" data-e-type=\"container\" data-settings=\"{&quot;background_background&quot;:&quot;classic&quot;,&quot;jet_parallax_layout_list&quot;:[]}\">\n\t\t\t\t<div class=\"elementor-element elementor-element-eeed80a elementor-widget elementor-widget-heading\" data-id=\"eeed80a\" data-element_type=\"widget\" data-e-type=\"widget\" data-widget_type=\"heading.default\">\n\t\t\t\t\t<h2 class=\"elementor-heading-title elementor-size-default\">Hammam : Die Sanftheit des Dampfes<\/h2>\t\t\t\t<\/div>\n\t\t\t\t<div class=\"elementor-element elementor-element-1c63c8e elementor-widget elementor-widget-text-editor\" data-id=\"1c63c8e\" data-element_type=\"widget\" data-e-type=\"widget\" data-widget_type=\"text-editor.default\">\n\t\t\t\t\t\t\t\t\t<p>G\u00f6nnen Sie sich eine Auszeit vom Alltag in unserem Hammam, wo die hei\u00dfen D\u00e4mpfe Sie zu einer tiefen Entspannung einladen. Perfekt, um Giftstoffe auszuscheiden, die Durchblutung zu f\u00f6rdern und die Muskeln zu entspannen. Lassen Sie sich von dieser beruhigenden Atmosph\u00e4re umh\u00fcllen, um ein unvergleichliches Gef\u00fchl der Leichtigkeit zu erleben.<\/p>\n<p>\u00d6ffnungszeiten: 17:00 bis 20:00 Uhr, Badekleidung erforderlich.<\/p>\n<p>Kostenloser Zugang<\/p>\n\t\t\t\t\t\t\t\t<\/div>\n\t\t\t\t<\/div>\n\t\t\t\t<\/div>\n\t\t<div class=\"elementor-element elementor-element-82bd3f2 e-con-full e-flex e-con e-child\" data-id=\"82bd3f2\" data-element_type=\"container\" data-e-type=\"container\" data-settings=\"{&quot;jet_parallax_layout_list&quot;:[],&quot;background_background&quot;:&quot;slideshow&quot;,&quot;motion_fx_motion_fx_scrolling&quot;:&quot;yes&quot;,&quot;motion_fx_translateY_effect&quot;:&quot;yes&quot;,&quot;motion_fx_translateY_affectedRange&quot;:{&quot;unit&quot;:&quot;%&quot;,&quot;size&quot;:&quot;&quot;,&quot;sizes&quot;:{&quot;start&quot;:0,&quot;end&quot;:47}},&quot;background_slideshow_gallery&quot;:[{&quot;id&quot;:2863,&quot;url&quot;:&quot;https:\\\/\\\/fontaine-chamonix.com\\\/wp-content\\\/uploads\\\/2021\\\/05\\\/Hammam-spa-Chamonix-Mont-Blanc.jpeg&quot;}],&quot;background_slideshow_slide_duration&quot;:2000,&quot;background_slideshow_loop&quot;:&quot;yes&quot;,&quot;background_slideshow_slide_transition&quot;:&quot;fade&quot;,&quot;background_slideshow_transition_duration&quot;:500,&quot;motion_fx_translateY_speed&quot;:{&quot;unit&quot;:&quot;px&quot;,&quot;size&quot;:4,&quot;sizes&quot;:[]},&quot;motion_fx_devices&quot;:[&quot;desktop&quot;,&quot;tablet&quot;,&quot;mobile&quot;]}\">\n\t\t\t\t<\/div>\n\t\t\t\t<\/div>\n\t\t\t\t<\/div>\n\t\t<div data-dce-background-color=\"#61616212\" class=\"elementor-element elementor-element-f020a40 e-con-full e-flex e-con e-parent\" data-id=\"f020a40\" data-element_type=\"container\" data-e-type=\"container\" data-settings=\"{&quot;jet_parallax_layout_list&quot;:[],&quot;background_background&quot;:&quot;classic&quot;}\">\n\t\t\t\t<\/div>\n\t\t\t\t<\/div>\n\t\t","protected":false},"excerpt":{"rendered":"<p>SPA-Bereich &amp; Entspannung Beheiztes Hallenbad: Tauchen Sie ein ins Wohlbefinden Tauchen Sie in unser Hallenbad ein, das das ganze Jahr \u00fcber beheizt ist, um sich nach einem Tag auf der Piste oder beim Skifahren ein entspannendes Bad zu g\u00f6nnen. Ob Sie ein paar Bahnen schwimmen oder sich einfach treiben lassen und Ihre Sorgen hinter sich [&hellip;]<\/p>\n","protected":false},"author":3,"featured_media":3439,"parent":0,"menu_order":0,"comment_status":"closed","ping_status":"closed","template":"elementor_header_footer","meta":{"footnotes":""},"class_list":["post-8017","page","type-page","status-publish","has-post-thumbnail","hentry"],"jetpack_sharing_enabled":true,"_links":{"self":[{"href":"https:\/\/fontaine-chamonix.com\/de\/wp-json\/wp\/v2\/pages\/8017","targetHints":{"allow":["GET"]}}],"collection":[{"href":"https:\/\/fontaine-chamonix.com\/de\/wp-json\/wp\/v2\/pages"}],"about":[{"href":"https:\/\/fontaine-chamonix.com\/de\/wp-json\/wp\/v2\/types\/page"}],"author":[{"embeddable":true,"href":"https:\/\/fontaine-chamonix.com\/de\/wp-json\/wp\/v2\/users\/3"}],"replies":[{"embeddable":true,"href":"https:\/\/fontaine-chamonix.com\/de\/wp-json\/wp\/v2\/comments?post=8017"}],"version-history":[{"count":5,"href":"https:\/\/fontaine-chamonix.com\/de\/wp-json\/wp\/v2\/pages\/8017\/revisions"}],"predecessor-version":[{"id":11345,"href":"https:\/\/fontaine-chamonix.com\/de\/wp-json\/wp\/v2\/pages\/8017\/revisions\/11345"}],"wp:featuredmedia":[{"embeddable":true,"href":"https:\/\/fontaine-chamonix.com\/de\/wp-json\/wp\/v2\/media\/3439"}],"wp:attachment":[{"href":"https:\/\/fontaine-chamonix.com\/de\/wp-json\/wp\/v2\/media?parent=8017"}],"curies":[{"name":"wp","href":"https:\/\/api.w.org\/{rel}","templated":true}]}}