{"id":8003,"date":"2025-01-26T10:45:15","date_gmt":"2025-01-26T09:45:15","guid":{"rendered":"https:\/\/fontaine-chamonix.com\/skischule\/"},"modified":"2025-07-31T10:22:22","modified_gmt":"2025-07-31T08:22:22","slug":"skischule","status":"publish","type":"page","link":"https:\/\/fontaine-chamonix.com\/de\/skischule\/","title":{"rendered":"Skischule"},"content":{"rendered":"\t\t<div data-elementor-type=\"wp-page\" data-elementor-id=\"8003\" class=\"elementor elementor-8003 elementor-7299\" data-elementor-post-type=\"page\">\n\t\t\t\t<div data-dce-background-image-url=\"https:\/\/fontaine-chamonix.com\/wp-content\/uploads\/2025\/01\/nejc-peternelj-SCXuSA6-Szg-unsplash-1-scaled.jpg\" class=\"elementor-element elementor-element-4f91c8e4 e-con-full e-flex e-con e-parent\" data-id=\"4f91c8e4\" data-element_type=\"container\" data-e-type=\"container\" data-settings=\"{&quot;background_background&quot;:&quot;classic&quot;,&quot;jet_parallax_layout_list&quot;:[]}\">\n\t\t\t\t<div data-dce-title-color=\"#FFFFFF\" class=\"elementor-element elementor-element-7df773dc elementor-widget elementor-widget-heading\" data-id=\"7df773dc\" data-element_type=\"widget\" data-e-type=\"widget\" data-widget_type=\"heading.default\">\n\t\t\t\t\t<h1 class=\"elementor-heading-title elementor-size-default\">Skischule<\/h1>\t\t\t\t<\/div>\n\t\t\t\t<\/div>\n\t\t<div class=\"elementor-element elementor-element-2e3fbbfa e-con-full e-flex e-con e-parent\" data-id=\"2e3fbbfa\" data-element_type=\"container\" data-e-type=\"container\" data-settings=\"{&quot;jet_parallax_layout_list&quot;:[]}\">\n\t\t\t\t<div class=\"elementor-element elementor-element-2bef6e18 elementor-widget elementor-widget-shortcode\" data-id=\"2bef6e18\" data-element_type=\"widget\" data-e-type=\"widget\" data-widget_type=\"shortcode.default\">\n\t\t\t\t\t\t\t<div class=\"elementor-shortcode\"><nav aria-label=\"breadcrumbs\" class=\"rank-math-breadcrumb\"><p><span class=\"last\">Accueil<\/span><\/p><\/nav><\/div>\n\t\t\t\t\t\t<\/div>\n\t\t\t\t<\/div>\n\t\t<div class=\"elementor-element elementor-element-6db2e274 e-con-full e-flex e-con e-parent\" data-id=\"6db2e274\" data-element_type=\"container\" data-e-type=\"container\" data-settings=\"{&quot;jet_parallax_layout_list&quot;:[]}\">\n\t\t<div class=\"elementor-element elementor-element-21dece99 e-con-full e-flex e-con e-child\" data-id=\"21dece99\" data-element_type=\"container\" data-e-type=\"container\" data-settings=\"{&quot;background_background&quot;:&quot;classic&quot;,&quot;jet_parallax_layout_list&quot;:[]}\">\n\t\t\t\t<div data-dce-title-color=\"#212028\" class=\"elementor-element elementor-element-3e2cd9a5 elementor-widget elementor-widget-heading\" data-id=\"3e2cd9a5\" data-element_type=\"widget\" data-e-type=\"widget\" data-widget_type=\"heading.default\">\n\t\t\t\t\t<h2 class=\"elementor-heading-title elementor-size-default\">Es gibt kein Alter, um zu lernen! <\/h2>\t\t\t\t<\/div>\n\t\t\t\t<div class=\"elementor-element elementor-element-5e5e8fa elementor-widget elementor-widget-text-editor\" data-id=\"5e5e8fa\" data-element_type=\"widget\" data-e-type=\"widget\" data-widget_type=\"text-editor.default\">\n\t\t\t\t\t\t\t\t\t<p>Ob Sie Anf\u00e4nger sind oder Ihre Technik verbessern m\u00f6chten, die Skischulen des Tals hei\u00dfen Sie im Herzen der Berge willkommen. Nutzen Sie die passenden Angebote, um Ihre ersten Schritte auf dem Schnee zu machen.<\/p>\n<p>Das Fremdenverkehrsamt bietet ein spezielles Anf\u00e4ngerpaket an, das ideal f\u00fcr diejenigen ist, die noch nie Ski gefahren sind. Sie profitieren von einer pers\u00f6nlichen Betreuung durch einen qualifizierten Skilehrer, um in aller Sicherheit zu lernen. Eine perfekte L\u00f6sung, um die Freuden des Skifahrens zu entdecken und eine einzigartige Erfahrung in den Bergen in einem beruhigenden Rahmen zu machen.<\/p>\n\t\t\t\t\t\t\t\t<\/div>\n\t\t\t\t<div class=\"elementor-element elementor-element-1f00f39 elementor-align-center elementor-widget elementor-widget-button\" data-id=\"1f00f39\" data-element_type=\"widget\" data-e-type=\"widget\" data-widget_type=\"button.default\">\n\t\t\t\t\t\t\t\t\t\t<a class=\"elementor-button elementor-button-link elementor-size-sm\" href=\"https:\/\/booking.chamonix.com\/fr\/serpActivity?type=newActivity&#038;s_st=base_price&#038;ref_c.thematique_activity=1stski\" target=\"_blank\" rel=\"noopener\">\n\t\t\t\t\t\t<span class=\"elementor-button-content-wrapper\">\n\t\t\t\t\t\t\t\t\t<span class=\"elementor-button-text\">Buchen Sie Ihren Kurs jetzt!<\/span>\n\t\t\t\t\t<\/span>\n\t\t\t\t\t<\/a>\n\t\t\t\t\t\t\t\t<\/div>\n\t\t\t\t<div class=\"elementor-element elementor-element-5005f0ad elementor-widget elementor-widget-spacer\" data-id=\"5005f0ad\" data-element_type=\"widget\" data-e-type=\"widget\" data-widget_type=\"spacer.default\">\n\t\t\t\t\t\t\t<div class=\"elementor-spacer\">\n\t\t\t<div class=\"elementor-spacer-inner\"><\/div>\n\t\t<\/div>\n\t\t\t\t\t\t<\/div>\n\t\t\t\t<div class=\"elementor-element elementor-element-6d720ac6 elementor-widget elementor-widget-spacer\" data-id=\"6d720ac6\" data-element_type=\"widget\" data-e-type=\"widget\" data-widget_type=\"spacer.default\">\n\t\t\t\t\t\t\t<div class=\"elementor-spacer\">\n\t\t\t<div class=\"elementor-spacer-inner\"><\/div>\n\t\t<\/div>\n\t\t\t\t\t\t<\/div>\n\t\t<div class=\"elementor-element elementor-element-43d105ad e-con-full e-flex e-con e-child\" data-id=\"43d105ad\" data-element_type=\"container\" data-e-type=\"container\" data-settings=\"{&quot;jet_parallax_layout_list&quot;:[]}\">\n\t\t<div class=\"elementor-element elementor-element-1678814b e-con-full e-flex e-con e-child\" data-id=\"1678814b\" data-element_type=\"container\" data-e-type=\"container\" data-settings=\"{&quot;background_background&quot;:&quot;slideshow&quot;,&quot;background_slideshow_gallery&quot;:[{&quot;id&quot;:9628,&quot;url&quot;:&quot;https:\\\/\\\/fontaine-chamonix.com\\\/wp-content\\\/uploads\\\/2025\\\/07\\\/maxwell-ingham-d3Lm40Dn9rA-unsplash-1-scaled.jpg&quot;}],&quot;background_slideshow_slide_duration&quot;:2000,&quot;jet_parallax_layout_list&quot;:[],&quot;background_slideshow_loop&quot;:&quot;yes&quot;,&quot;background_slideshow_slide_transition&quot;:&quot;fade&quot;,&quot;background_slideshow_transition_duration&quot;:500}\">\n\t\t\t\t<\/div>\n\t\t<div class=\"elementor-element elementor-element-3c834f60 e-con-full e-flex e-con e-child\" data-id=\"3c834f60\" data-element_type=\"container\" data-e-type=\"container\" data-settings=\"{&quot;jet_parallax_layout_list&quot;:[]}\">\n\t\t\t\t<div data-dce-title-color=\"#000000\" class=\"elementor-element elementor-element-7effe45d elementor-widget elementor-widget-heading\" data-id=\"7effe45d\" data-element_type=\"widget\" data-e-type=\"widget\" data-widget_type=\"heading.default\">\n\t\t\t\t\t<h2 class=\"elementor-heading-title elementor-size-default\">Kinderhort &amp; Schneekindergarten ESF Chamonix<\/h2>\t\t\t\t<\/div>\n\t\t\t\t<div class=\"elementor-element elementor-element-73538449 elementor-widget elementor-widget-text-editor\" data-id=\"73538449\" data-element_type=\"widget\" data-e-type=\"widget\" data-widget_type=\"text-editor.default\">\n\t\t\t\t\t\t\t\t\t<p>Bei der ESF Chamonix bieten die Skilehrer angepasste Skikurse an, um einen sanften Lernfortschritt zu erm\u00f6glichen. Dank einer qualitativ hochwertigen Betreuung lernt Ihr Kind in aller Sicherheit Skifahren, mit einer pers\u00f6nlichen Begleitung, die sich an sein Niveau und seine Bed\u00fcrfnisse anpasst.<\/p>\n<p>Im Kindergarten entdecken die J\u00fcngsten die Freuden des Skifahrens in einer sicheren Umgebung. Unter der Anleitung von qualifizierten Skilehrern machen sie in ihrem eigenen Rhythmus Fortschritte und haben gleichzeitig Spa\u00df auf den Pisten.<\/p>\n<p>Bedingungen<br \/>Kinder, die Windeln tragen, k\u00f6nnen nicht am Skikurs oder am Club teilnehmen, und ganze Tage werden f\u00fcr Kinder unter 3 Jahren nicht empfohlen, um ihren Komfort und ihre Sicherheit zu gew\u00e4hrleisten.<\/p>\n<p>Die ESF Chamonix empf\u00e4ngt Sie bis zum 11\/04\/2025 t\u00e4glich, vorbehaltlich g\u00fcnstiger Schnee- und Wetterbedingungen.<\/p>\n<p>Telefon: <a class=\"tel click-tel\" href=\"tel:04 50 53 22 57\" data-num=\"04 50 53 22 57\" data-intuitiv-event=\"telephone\">04 50 53 22 57<\/a><\/p>\n\t\t\t\t\t\t\t\t<\/div>\n\t\t\t\t<div class=\"elementor-element elementor-element-3fb7913 elementor-widget elementor-widget-button\" data-id=\"3fb7913\" data-element_type=\"widget\" data-e-type=\"widget\" data-widget_type=\"button.default\">\n\t\t\t\t\t\t\t\t\t\t<a class=\"elementor-button elementor-button-link elementor-size-sm\" href=\"https:\/\/www.chamonix.com\/activites\/hiver\/le-ski-dans-la-vallee-de-chamonix-mont-blanc\/ecole-de-ski-et-snowboard#:~:text=Garderie%20et%20Jardin%20des%20Neiges%20%2D%20ESF%20de%20Chamonix\" target=\"_blank\" rel=\"noopener\">\n\t\t\t\t\t\t<span class=\"elementor-button-content-wrapper\">\n\t\t\t\t\t\t\t\t\t<span class=\"elementor-button-text\">Mehr erfahren<\/span>\n\t\t\t\t\t<\/span>\n\t\t\t\t\t<\/a>\n\t\t\t\t\t\t\t\t<\/div>\n\t\t\t\t<\/div>\n\t\t\t\t<\/div>\n\t\t\t\t<div class=\"elementor-element elementor-element-27216810 elementor-widget elementor-widget-spacer\" data-id=\"27216810\" data-element_type=\"widget\" data-e-type=\"widget\" data-widget_type=\"spacer.default\">\n\t\t\t\t\t\t\t<div class=\"elementor-spacer\">\n\t\t\t<div class=\"elementor-spacer-inner\"><\/div>\n\t\t<\/div>\n\t\t\t\t\t\t<\/div>\n\t\t<div class=\"elementor-element elementor-element-48a220dd e-con-full e-flex e-con e-child\" data-id=\"48a220dd\" data-element_type=\"container\" data-e-type=\"container\" data-settings=\"{&quot;jet_parallax_layout_list&quot;:[]}\">\n\t\t<div class=\"elementor-element elementor-element-105b009 e-con-full e-flex e-con e-child\" data-id=\"105b009\" data-element_type=\"container\" data-e-type=\"container\" data-settings=\"{&quot;jet_parallax_layout_list&quot;:[]}\">\n\t\t<div class=\"elementor-element elementor-element-3b5944b8 e-con-full e-flex e-con e-child\" data-id=\"3b5944b8\" data-element_type=\"container\" data-e-type=\"container\" data-settings=\"{&quot;jet_parallax_layout_list&quot;:[]}\">\n\t\t\t\t<div data-dce-title-color=\"#000000\" class=\"elementor-element elementor-element-4f0fd12 elementor-widget elementor-widget-heading\" data-id=\"4f0fd12\" data-element_type=\"widget\" data-e-type=\"widget\" data-widget_type=\"heading.default\">\n\t\t\t\t\t<h2 class=\"elementor-heading-title elementor-size-default\">ESF Les Houches<\/h2>\t\t\t\t<\/div>\n\t\t\t\t<div class=\"elementor-element elementor-element-4280cb3b elementor-widget elementor-widget-text-editor\" data-id=\"4280cb3b\" data-element_type=\"widget\" data-e-type=\"widget\" data-widget_type=\"text-editor.default\">\n\t\t\t\t\t\t\t\t\t<p>Die ESF Les Houches verf\u00fcgt \u00fcber mehr als 100 staatlich gepr\u00fcfte Skilehrer, die in zwei B\u00fcros in Les Houches untergebracht sind. Unsere Skilehrer sind von ihrem Beruf begeistert und unterrichten alle Wintersportarten: Skifahren, Snowboarden, Telemark, Langlauf, Sitzskifahren usw.<\/p>\n<p>Skikurse f\u00fcr Erwachsene und Kinder<br \/>Egal, ob Sie Anf\u00e4nger oder Fortgeschrittener sind, die ESF in Les Houches bietet Skikurse f\u00fcr alle Niveaus an, die von qualifizierten Skilehrern betreut werden. Wir unterrichten auch andere Wintersportarten wie Snowboarden und Telemark, um Ihnen ein umfassendes Bergerlebnis zu erm\u00f6glichen.<\/p>\n<p>Skikurse in der Nacht<br \/>Genie\u00dfen Sie w\u00e4hrend der Winterferien ein einzigartiges Erlebnis mit Nachtskikursen auf der Piste von Le Tourchet. Eine ideale Aktivit\u00e4t f\u00fcr Liebhaber des abendlichen Skifahrens.<\/p>\n<p>Zug\u00e4nglichkeit f\u00fcr Menschen mit Behinderungen.<br \/>Die ESF in Les Houches legt gro\u00dfen Wert darauf, Menschen mit Behinderungen eine angepasste Begleitung und spezielles Material anzubieten, um ein inklusives und sicheres Skierlebnis zu gew\u00e4hrleisten.<\/p>\n<p>Schneeschuhwanderungen mit spezialisierten Begleitern<br \/>Erfahrene Begleiter betreuen Schneeschuhwanderungen, um die Berge auf andere Weise zu entdecken und gesellige Momente in der Natur zu genie\u00dfen.<\/p>\n<p>Telefon: 04 50 54 48 79<\/p>\n\t\t\t\t\t\t\t\t<\/div>\n\t\t\t\t<div class=\"elementor-element elementor-element-37096dbc elementor-widget elementor-widget-button\" data-id=\"37096dbc\" data-element_type=\"widget\" data-e-type=\"widget\" data-widget_type=\"button.default\">\n\t\t\t\t\t\t\t\t\t\t<a class=\"elementor-button elementor-button-link elementor-size-sm\" href=\"https:\/\/www.chamonix.com\/activites\/hiver\/ski-de-fond\/ecoles-de-ski-nordique\/esf-les-houches\" target=\"_blank\" rel=\"noopener\">\n\t\t\t\t\t\t<span class=\"elementor-button-content-wrapper\">\n\t\t\t\t\t\t\t\t\t<span class=\"elementor-button-text\">Mehr erfahren<\/span>\n\t\t\t\t\t<\/span>\n\t\t\t\t\t<\/a>\n\t\t\t\t\t\t\t\t<\/div>\n\t\t\t\t<\/div>\n\t\t<div class=\"elementor-element elementor-element-2a61cbb e-con-full e-flex e-con e-child\" data-id=\"2a61cbb\" data-element_type=\"container\" data-e-type=\"container\" data-settings=\"{&quot;background_background&quot;:&quot;slideshow&quot;,&quot;background_slideshow_gallery&quot;:[{&quot;id&quot;:9611,&quot;url&quot;:&quot;https:\\\/\\\/fontaine-chamonix.com\\\/wp-content\\\/uploads\\\/2025\\\/07\\\/kevin-bessat-aDP2i04upHU-unsplash-1-scaled.jpg&quot;}],&quot;background_slideshow_slide_duration&quot;:2000,&quot;jet_parallax_layout_list&quot;:[],&quot;background_slideshow_loop&quot;:&quot;yes&quot;,&quot;background_slideshow_slide_transition&quot;:&quot;fade&quot;,&quot;background_slideshow_transition_duration&quot;:500}\">\n\t\t\t\t<\/div>\n\t\t\t\t<\/div>\n\t\t\t\t<\/div>\n\t\t<div class=\"elementor-element elementor-element-44097361 e-con-full e-flex e-con e-child\" data-id=\"44097361\" data-element_type=\"container\" data-e-type=\"container\" data-settings=\"{&quot;jet_parallax_layout_list&quot;:[]}\">\n\t\t<div class=\"elementor-element elementor-element-763b5024 e-con-full e-flex e-con e-child\" data-id=\"763b5024\" data-element_type=\"container\" data-e-type=\"container\" data-settings=\"{&quot;jet_parallax_layout_list&quot;:[]}\">\n\t\t<div class=\"elementor-element elementor-element-1073e687 e-con-full e-flex e-con e-child\" data-id=\"1073e687\" data-element_type=\"container\" data-e-type=\"container\" data-settings=\"{&quot;background_background&quot;:&quot;slideshow&quot;,&quot;background_slideshow_gallery&quot;:[{&quot;id&quot;:9616,&quot;url&quot;:&quot;https:\\\/\\\/fontaine-chamonix.com\\\/wp-content\\\/uploads\\\/2025\\\/07\\\/aston-holtes-1CSrMUaua8k-unsplash-1-scaled.jpg&quot;}],&quot;background_slideshow_slide_duration&quot;:2000,&quot;jet_parallax_layout_list&quot;:[],&quot;background_slideshow_loop&quot;:&quot;yes&quot;,&quot;background_slideshow_slide_transition&quot;:&quot;fade&quot;,&quot;background_slideshow_transition_duration&quot;:500}\">\n\t\t\t\t<\/div>\n\t\t<div class=\"elementor-element elementor-element-12b02c4e e-con-full e-flex e-con e-child\" data-id=\"12b02c4e\" data-element_type=\"container\" data-e-type=\"container\" data-settings=\"{&quot;jet_parallax_layout_list&quot;:[]}\">\n\t\t\t\t<div data-dce-title-color=\"#000000\" class=\"elementor-element elementor-element-29356a97 elementor-widget elementor-widget-heading\" data-id=\"29356a97\" data-element_type=\"widget\" data-e-type=\"widget\" data-widget_type=\"heading.default\">\n\t\t\t\t\t<h2 class=\"elementor-heading-title elementor-size-default\">ESF Chamonix<\/h2>\t\t\t\t<\/div>\n\t\t\t\t<div class=\"elementor-element elementor-element-4ae174c2 elementor-widget elementor-widget-text-editor\" data-id=\"4ae174c2\" data-element_type=\"widget\" data-e-type=\"widget\" data-widget_type=\"text-editor.default\">\n\t\t\t\t\t\t\t\t\t<p>280 erfahrene Skilehrer und Bergf\u00fchrer bieten in allen Skigebieten des Chamonix-Tals individuelle Kurse f\u00fcr alle Niveaustufen an.<\/p>\n<p>F\u00fcr Kinder ab 3 Jahren bieten die Clubs Savoy und Planards ganz- oder halbt\u00e4gige Kurse mit oder ohne Mahlzeiten an.<\/p>\n<p>Verf\u00fcgbare Aktivit\u00e4ten: Alpinski, Langlauf, Snowboard, Handiski, Schneeschuhwanderungen, Einf\u00fchrung in das Skifahren f\u00fcr Kinder.<\/p>\n<p>Telefon: 04 50 53 22 57<\/p>\n\t\t\t\t\t\t\t\t<\/div>\n\t\t\t\t<div class=\"elementor-element elementor-element-15e6c30b elementor-widget elementor-widget-button\" data-id=\"15e6c30b\" data-element_type=\"widget\" data-e-type=\"widget\" data-widget_type=\"button.default\">\n\t\t\t\t\t\t\t\t\t\t<a class=\"elementor-button elementor-button-link elementor-size-sm\" href=\"https:\/\/static.apidae-tourisme.com\/filestore\/objets-touristiques\/documents\/199\/13\/921031\/produits-esf-cham-FR.pdf\" target=\"_blank\" rel=\"noopener\">\n\t\t\t\t\t\t<span class=\"elementor-button-content-wrapper\">\n\t\t\t\t\t\t\t\t\t<span class=\"elementor-button-text\">Brosch\u00fcre Skischule Chamonix<\/span>\n\t\t\t\t\t<\/span>\n\t\t\t\t\t<\/a>\n\t\t\t\t\t\t\t\t<\/div>\n\t\t\t\t<\/div>\n\t\t\t\t<\/div>\n\t\t\t\t<\/div>\n\t\t\t\t<\/div>\n\t\t\t\t<\/div>\n\t\t\t\t<\/div>\n\t\t","protected":false},"excerpt":{"rendered":"<p>Skischule Es gibt kein Alter, um zu lernen! Ob Sie Anf\u00e4nger sind oder Ihre Technik verbessern m\u00f6chten, die Skischulen des Tals hei\u00dfen Sie im Herzen der Berge willkommen. Nutzen Sie die passenden Angebote, um Ihre ersten Schritte auf dem Schnee zu machen. Das Fremdenverkehrsamt bietet ein spezielles Anf\u00e4ngerpaket an, das ideal f\u00fcr diejenigen ist, die [&hellip;]<\/p>\n","protected":false},"author":4,"featured_media":6607,"parent":0,"menu_order":0,"comment_status":"closed","ping_status":"closed","template":"elementor_header_footer","meta":{"footnotes":""},"class_list":["post-8003","page","type-page","status-publish","has-post-thumbnail","hentry"],"jetpack_sharing_enabled":true,"_links":{"self":[{"href":"https:\/\/fontaine-chamonix.com\/de\/wp-json\/wp\/v2\/pages\/8003","targetHints":{"allow":["GET"]}}],"collection":[{"href":"https:\/\/fontaine-chamonix.com\/de\/wp-json\/wp\/v2\/pages"}],"about":[{"href":"https:\/\/fontaine-chamonix.com\/de\/wp-json\/wp\/v2\/types\/page"}],"author":[{"embeddable":true,"href":"https:\/\/fontaine-chamonix.com\/de\/wp-json\/wp\/v2\/users\/4"}],"replies":[{"embeddable":true,"href":"https:\/\/fontaine-chamonix.com\/de\/wp-json\/wp\/v2\/comments?post=8003"}],"version-history":[{"count":7,"href":"https:\/\/fontaine-chamonix.com\/de\/wp-json\/wp\/v2\/pages\/8003\/revisions"}],"predecessor-version":[{"id":9645,"href":"https:\/\/fontaine-chamonix.com\/de\/wp-json\/wp\/v2\/pages\/8003\/revisions\/9645"}],"wp:featuredmedia":[{"embeddable":true,"href":"https:\/\/fontaine-chamonix.com\/de\/wp-json\/wp\/v2\/media\/6607"}],"wp:attachment":[{"href":"https:\/\/fontaine-chamonix.com\/de\/wp-json\/wp\/v2\/media?parent=8003"}],"curies":[{"name":"wp","href":"https:\/\/api.w.org\/{rel}","templated":true}]}}