{"id":7987,"date":"2020-12-28T17:34:52","date_gmt":"2020-12-28T16:34:52","guid":{"rendered":"https:\/\/fontaine-chamonix.com\/allgemeine-geschaeftsbedingungen\/"},"modified":"2025-02-08T16:44:50","modified_gmt":"2025-02-08T15:44:50","slug":"allgemeine-geschaeftsbedingungen","status":"publish","type":"page","link":"https:\/\/fontaine-chamonix.com\/de\/allgemeine-geschaeftsbedingungen\/","title":{"rendered":"Allgemeine Gesch\u00e4ftsbedingungen"},"content":{"rendered":"\t\t<div data-elementor-type=\"wp-page\" data-elementor-id=\"7987\" class=\"elementor elementor-7987 elementor-972\" data-elementor-post-type=\"page\">\n\t\t\t\t<div data-dce-background-image-url=\"https:\/\/fontaine-chamonix.com\/wp-content\/uploads\/2024\/12\/bg-cgv.jpg\" class=\"elementor-element elementor-element-3ca0faf e-con-full e-flex e-con e-parent\" data-id=\"3ca0faf\" data-element_type=\"container\" data-e-type=\"container\" data-settings=\"{&quot;background_background&quot;:&quot;classic&quot;,&quot;jet_parallax_layout_list&quot;:[]}\">\n\t\t\t\t<div data-dce-title-color=\"#FFFFFF\" class=\"elementor-element elementor-element-75da701 elementor-widget elementor-widget-heading\" data-id=\"75da701\" data-element_type=\"widget\" data-e-type=\"widget\" data-widget_type=\"heading.default\">\n\t\t\t\t\t<h1 class=\"elementor-heading-title elementor-size-default\">Allgemeine Gesch\u00e4ftsbedingungen<\/h1>\t\t\t\t<\/div>\n\t\t\t\t<\/div>\n\t\t<div class=\"elementor-element elementor-element-77bcc13 e-con-full e-flex e-con e-parent\" data-id=\"77bcc13\" data-element_type=\"container\" data-e-type=\"container\" data-settings=\"{&quot;jet_parallax_layout_list&quot;:[]}\">\n\t\t\t\t<div class=\"elementor-element elementor-element-4ef8ba0 elementor-widget elementor-widget-shortcode\" data-id=\"4ef8ba0\" data-element_type=\"widget\" data-e-type=\"widget\" data-widget_type=\"shortcode.default\">\n\t\t\t\t\t\t\t<div class=\"elementor-shortcode\"><nav aria-label=\"breadcrumbs\" class=\"rank-math-breadcrumb\"><p><span class=\"last\">Accueil<\/span><\/p><\/nav><\/div>\n\t\t\t\t\t\t<\/div>\n\t\t\t\t<\/div>\n\t\t<div class=\"elementor-element elementor-element-5dea7f7 e-con-full e-flex e-con e-parent\" data-id=\"5dea7f7\" data-element_type=\"container\" data-e-type=\"container\" data-settings=\"{&quot;jet_parallax_layout_list&quot;:[]}\">\n\t\t<div class=\"elementor-element elementor-element-31c193f e-con-full e-flex e-con e-child\" data-id=\"31c193f\" data-element_type=\"container\" data-e-type=\"container\" data-settings=\"{&quot;background_background&quot;:&quot;classic&quot;,&quot;jet_parallax_layout_list&quot;:[]}\">\n\t\t\t\t<div class=\"elementor-element elementor-element-cfdf8e6 elementor-widget elementor-widget-text-editor\" data-id=\"cfdf8e6\" data-element_type=\"widget\" data-e-type=\"widget\" data-widget_type=\"text-editor.default\">\n\t\t\t\t\t\t\t\t\t<p>Die vorliegenden Allgemeinen Gesch\u00e4ftsbedingungen gelten ohne Einschr\u00e4nkung oder Vorbehalt f\u00fcr den Kauf von Dienstleistungen zur Reservierung von Hotelzimmern und Nebenleistungen, die das Hotel La Fontaine Verbrauchern und Kunden auf der Website des Hotels anbietet.<\/p>\n\t\t\t\t\t\t\t\t<\/div>\n\t\t\t\t<div data-dce-title-color=\"#212028\" class=\"elementor-element elementor-element-c96e7b4 elementor-widget elementor-widget-heading\" data-id=\"c96e7b4\" data-element_type=\"widget\" data-e-type=\"widget\" data-widget_type=\"heading.default\">\n\t\t\t\t\t<h2 class=\"elementor-heading-title elementor-size-default\">Anrufung des Verbraucherombudsmanns<\/h2>\t\t\t\t<\/div>\n\t\t\t\t<div class=\"elementor-element elementor-element-b2d0b48 elementor-widget elementor-widget-text-editor\" data-id=\"b2d0b48\" data-element_type=\"widget\" data-e-type=\"widget\" data-widget_type=\"text-editor.default\">\n\t\t\t\t\t\t\t\t\t<p>Im Falle einer ungel\u00f6sten Streitigkeit mit dem Hotel La Fontaine hat der Kunde gem\u00e4\u00df Artikel L. 616-1 und R. 616-1 des Verbraucherschutzgesetzes das Recht, sich an den Ombudsmann f\u00fcr Tourismus und Reisen zu wenden, um mit dessen Hilfe zu versuchen, eine g\u00fctliche L\u00f6sung des Konflikts zu finden.<br \/>\nDie Kontaktdaten lauten wie folgt:<br \/>\nOmbudsmann f\u00fcr Tourismus und Reisen,<br \/>\nMTV Mediation Tourismus Reisen<br \/>\nBP 80 303<br \/>\n75823 Paris Cedex 17<\/p>\n<p>Die Modalit\u00e4ten seiner Befassung sind auf der folgenden Website angegeben: www.mtv.travel<\/p>\n\t\t\t\t\t\t\t\t<\/div>\n\t\t\t\t<div data-dce-title-color=\"#212028\" class=\"elementor-element elementor-element-baa2c74 elementor-widget elementor-widget-heading\" data-id=\"baa2c74\" data-element_type=\"widget\" data-e-type=\"widget\" data-widget_type=\"heading.default\">\n\t\t\t\t\t<h2 class=\"elementor-heading-title elementor-size-default\">\u00c4nderungen - Stornierung von Buchungen<\/h2>\t\t\t\t<\/div>\n\t\t\t\t<div class=\"elementor-element elementor-element-4b6053d elementor-widget elementor-widget-text-editor\" data-id=\"4b6053d\" data-element_type=\"widget\" data-e-type=\"widget\" data-widget_type=\"text-editor.default\">\n\t\t\t\t\t\t\t\t\t<p>In Anwendung von Artikel 221-28 des Verbraucherschutzgesetzes kann sich der Kunde nicht auf die Widerrufsfrist von 14 Tagen berufen. Reservierungen, die auf der Website des Hotels La Fontaine vorgenommen werden, k\u00f6nnen w\u00e4hrend Ihres Aufenthalts nicht ge\u00e4ndert werden.<\/p>\n\t\t\t\t\t\t\t\t<\/div>\n\t\t\t\t<div data-dce-title-color=\"#212028\" class=\"elementor-element elementor-element-eb9ab16 elementor-widget elementor-widget-heading\" data-id=\"eb9ab16\" data-element_type=\"widget\" data-e-type=\"widget\" data-widget_type=\"heading.default\">\n\t\t\t\t\t<h2 class=\"elementor-heading-title elementor-size-default\">Vorvertragliche Informationen - Annahme durch den Kunden<\/h2>\t\t\t\t<\/div>\n\t\t\t\t<div class=\"elementor-element elementor-element-afc64a7 elementor-widget elementor-widget-text-editor\" data-id=\"afc64a7\" data-element_type=\"widget\" data-e-type=\"widget\" data-widget_type=\"text-editor.default\">\n\t\t\t\t\t\t\t\t\t<p>Der Nutzer muss die vorliegenden Allgemeinen Gesch\u00e4ftsbedingungen und alle in Artikel L. 221-5 des Verbraucherschutzgesetzes aufgef\u00fchrten Informationen kennen, insbesondere die folgenden Informationen:<\/p>\n<p>die wesentlichen Merkmale der Dienste unter Ber\u00fccksichtigung des verwendeten Kommunikationsmediums und des betreffenden Dienstes;<br \/>\nder Preis der Dienste und der Nebenkosten ;<br \/>\nfalls der Vertrag nicht sofort erf\u00fcllt wird, das Datum oder die Frist, zu der sich der Auftragnehmer verpflichtet, die reservierten Dienste zu erbringen ;<br \/>\nInformationen zur Identit\u00e4t des Anbieters, zu seinen postalischen, telefonischen und elektronischen Kontaktdaten und zu seinen Aktivit\u00e4ten, wenn sie sich nicht aus dem Kontext ergeben,<br \/>\nInformationen \u00fcber die gesetzlichen und vertraglichen Garantien und die Art und Weise, wie diese durchgesetzt werden k\u00f6nnen ;<br \/>\nFunktionalit\u00e4ten der digitalen Inhalte und ggf. deren Interoperabilit\u00e4t ;<br \/>\ndie M\u00f6glichkeit, im Streitfall eine konventionelle Schlichtung in Anspruch zu nehmen ;<br \/>\nInformationen \u00fcber wichtige Vertragsbedingungen.<br \/>\ndie akzeptierten Zahlungsmethoden.<br \/>\nDie Tatsache, dass eine nat\u00fcrliche (oder juristische) Person \u00fcber die Internetseite des Hotels bucht, bedeutet, dass sie die vorliegenden Allgemeinen Gesch\u00e4ftsbedingungen voll und ganz akzeptiert und zur Zahlung der bestellten Dienstleistungen verpflichtet ist, was vom Kunden ausdr\u00fccklich anerkannt wird, der insbesondere darauf verzichtet, sich auf jedes widerspr\u00fcchliche Dokument zu berufen, das f\u00fcr den Auftragnehmer nicht einklagbar w\u00e4re.<\/p>\n\t\t\t\t\t\t\t\t<\/div>\n\t\t\t\t<div data-dce-title-color=\"#212028\" class=\"elementor-element elementor-element-ae59ff9 elementor-widget elementor-widget-heading\" data-id=\"ae59ff9\" data-element_type=\"widget\" data-e-type=\"widget\" data-widget_type=\"heading.default\">\n\t\t\t\t\t<h2 class=\"elementor-heading-title elementor-size-default\">Verbraucherinformationen<\/h2>\t\t\t\t<\/div>\n\t\t\t\t<div class=\"elementor-element elementor-element-15fe16c elementor-widget elementor-widget-text-editor\" data-id=\"15fe16c\" data-element_type=\"widget\" data-e-type=\"widget\" data-widget_type=\"text-editor.default\">\n\t\t\t\t\t\t\t\t\t<p>Das Hotel La Fontaine haftet f\u00fcr die Konformit\u00e4tsgarantie der Dienstleistungen unter den Bedingungen der Artikel L. 111-2. des Verbraucherschutzgesetzes, unbeschadet einer eventuellen zus\u00e4tzlichen vertraglichen Garantie, die zwischen den Parteien au\u00dferhalb der vorliegenden allgemeinen Gesch\u00e4ftsbedingungen in einem schriftlichen und ordnungsgem\u00e4\u00df von den Parteien unterzeichneten Vertrag vereinbart werden k\u00f6nnte.<\/p>\n<p>Die vom Hotel La Fontaine vermarkteten Dienstleistungen, die im Rahmen eines Vertrags mit der Einrichtung in der Bereitstellung von Zimmern bestehen, deren wesentliche Merkmale auf der Website fontaine-chamonix.com dargestellt sind, mit oder ohne Fr\u00fchst\u00fccksleistungen und anderen Zusatzleistungen im Zusammenhang mit der vor\u00fcbergehenden Unterbringung. Diese Dienstleistungen gem\u00e4\u00df den Bestimmungen des Artikels L. 111-1 des Verbrauchergesetzbuchs sind auf der Website fontaine-chamonix.com aufgef\u00fchrt.<\/p>\n\t\t\t\t\t\t\t\t<\/div>\n\t\t\t\t<div data-dce-title-color=\"#212028\" class=\"elementor-element elementor-element-d548b0b elementor-widget elementor-widget-heading\" data-id=\"d548b0b\" data-element_type=\"widget\" data-e-type=\"widget\" data-widget_type=\"heading.default\">\n\t\t\t\t\t<h2 class=\"elementor-heading-title elementor-size-default\">Rechtliche Informationen<\/h2>\t\t\t\t<\/div>\n\t\t\t\t<div class=\"elementor-element elementor-element-fbd70c3 elementor-widget elementor-widget-text-editor\" data-id=\"fbd70c3\" data-element_type=\"widget\" data-e-type=\"widget\" data-widget_type=\"text-editor.default\">\n\t\t\t\t\t\t\t\t\t<p>Gem\u00e4\u00df den Bestimmungen der Artikel 6-III und 19 des Gesetzes Nr. 2004-575 vom 21. Juni 2004 \u00fcber das Vertrauen in die digitale Wirtschaft, auch L.C.E.N. genannt, werden den Nutzern und Besuchern der Website fontaine-chamonix.com die vorliegenden rechtlichen Hinweise auf dieser Seite zur Kenntnis gebracht.<br \/>\nDie Website des Hotels La Fontaine ist unter der folgenden Adresse zug\u00e4nglich: fontaine-chamonix.com.<br \/>\nDer Zugang und die Nutzung der Website unterliegen den vorliegenden \u201erechtlichen Hinweisen\u201c, die auf der nachfolgenden Seite &gt;&gt; rechtliche Hinweise n\u00e4her erl\u00e4utert werden, sowie den geltenden Gesetzen und\/oder Vorschriften.<\/p>\n<p>Die Verbindung, die Nutzung und der Zugang zu dieser Website setzen die vollst\u00e4ndige und vorbehaltlose Annahme aller Bestimmungen der vorliegenden rechtlichen Hinweise durch den Internetnutzer voraus.<\/p>\n\t\t\t\t\t\t\t\t<\/div>\n\t\t\t\t<\/div>\n\t\t\t\t<\/div>\n\t\t\t\t<\/div>\n\t\t","protected":false},"excerpt":{"rendered":"<p>Allgemeine Gesch\u00e4ftsbedingungen Die vorliegenden Allgemeinen Gesch\u00e4ftsbedingungen gelten ohne Einschr\u00e4nkung oder Vorbehalt f\u00fcr den Kauf von Dienstleistungen zur Reservierung von Hotelzimmern und Nebenleistungen, die das Hotel La Fontaine Verbrauchern und Kunden auf der Website des Hotels anbietet. Anrufung des Verbraucherombudsmanns Im Falle einer ungel\u00f6sten Streitigkeit mit dem Hotel La Fontaine hat der Kunde gem\u00e4\u00df Artikel L. [&hellip;]<\/p>\n","protected":false},"author":3,"featured_media":4793,"parent":0,"menu_order":0,"comment_status":"closed","ping_status":"open","template":"elementor_header_footer","meta":{"footnotes":""},"class_list":["post-7987","page","type-page","status-publish","has-post-thumbnail","hentry"],"jetpack_sharing_enabled":true,"_links":{"self":[{"href":"https:\/\/fontaine-chamonix.com\/de\/wp-json\/wp\/v2\/pages\/7987","targetHints":{"allow":["GET"]}}],"collection":[{"href":"https:\/\/fontaine-chamonix.com\/de\/wp-json\/wp\/v2\/pages"}],"about":[{"href":"https:\/\/fontaine-chamonix.com\/de\/wp-json\/wp\/v2\/types\/page"}],"author":[{"embeddable":true,"href":"https:\/\/fontaine-chamonix.com\/de\/wp-json\/wp\/v2\/users\/3"}],"replies":[{"embeddable":true,"href":"https:\/\/fontaine-chamonix.com\/de\/wp-json\/wp\/v2\/comments?post=7987"}],"version-history":[{"count":3,"href":"https:\/\/fontaine-chamonix.com\/de\/wp-json\/wp\/v2\/pages\/7987\/revisions"}],"predecessor-version":[{"id":7990,"href":"https:\/\/fontaine-chamonix.com\/de\/wp-json\/wp\/v2\/pages\/7987\/revisions\/7990"}],"wp:featuredmedia":[{"embeddable":true,"href":"https:\/\/fontaine-chamonix.com\/de\/wp-json\/wp\/v2\/media\/4793"}],"wp:attachment":[{"href":"https:\/\/fontaine-chamonix.com\/de\/wp-json\/wp\/v2\/media?parent=7987"}],"curies":[{"name":"wp","href":"https:\/\/api.w.org\/{rel}","templated":true}]}}