{"id":7975,"date":"2025-01-26T10:45:00","date_gmt":"2025-01-26T09:45:00","guid":{"rendered":"https:\/\/fontaine-chamonix.com\/schlittenhunde\/"},"modified":"2025-12-23T17:12:45","modified_gmt":"2025-12-23T16:12:45","slug":"schlittenhunde","status":"publish","type":"page","link":"https:\/\/fontaine-chamonix.com\/de\/schlittenhunde\/","title":{"rendered":"Schlittenhunde"},"content":{"rendered":"\t\t<div data-elementor-type=\"wp-page\" data-elementor-id=\"7975\" class=\"elementor elementor-7975 elementor-7451\" data-elementor-post-type=\"page\">\n\t\t\t\t<div data-dce-background-image-url=\"https:\/\/fontaine-chamonix.com\/wp-content\/uploads\/2025\/01\/rasmus-gundorff-saederup-v1WgKHDi6dU-unsplash-1-scaled.jpg\" class=\"elementor-element elementor-element-3e59ec e-con-full e-flex e-con e-parent\" data-id=\"3e59ec\" data-element_type=\"container\" data-e-type=\"container\" data-settings=\"{&quot;background_background&quot;:&quot;classic&quot;,&quot;jet_parallax_layout_list&quot;:[]}\">\n\t\t\t\t<div data-dce-title-color=\"#FFFFFF\" class=\"elementor-element elementor-element-49868676 elementor-widget elementor-widget-heading\" data-id=\"49868676\" data-element_type=\"widget\" data-e-type=\"widget\" data-widget_type=\"heading.default\">\n\t\t\t\t\t<h1 class=\"elementor-heading-title elementor-size-default\">Schlittenhunde<\/h1>\t\t\t\t<\/div>\n\t\t\t\t<\/div>\n\t\t<div class=\"elementor-element elementor-element-4994d014 e-con-full e-flex e-con e-parent\" data-id=\"4994d014\" data-element_type=\"container\" data-e-type=\"container\" data-settings=\"{&quot;jet_parallax_layout_list&quot;:[]}\">\n\t\t\t\t<div class=\"elementor-element elementor-element-3550d946 elementor-widget elementor-widget-shortcode\" data-id=\"3550d946\" data-element_type=\"widget\" data-e-type=\"widget\" data-widget_type=\"shortcode.default\">\n\t\t\t\t\t\t\t<div class=\"elementor-shortcode\"><nav aria-label=\"breadcrumbs\" class=\"rank-math-breadcrumb\"><p><span class=\"last\">Accueil<\/span><\/p><\/nav><\/div>\n\t\t\t\t\t\t<\/div>\n\t\t\t\t<\/div>\n\t\t<div class=\"elementor-element elementor-element-50a91d4f e-con-full e-flex e-con e-parent\" data-id=\"50a91d4f\" data-element_type=\"container\" data-e-type=\"container\" data-settings=\"{&quot;jet_parallax_layout_list&quot;:[]}\">\n\t\t<div class=\"elementor-element elementor-element-9866cb3 e-con-full e-flex e-con e-child\" data-id=\"9866cb3\" data-element_type=\"container\" data-e-type=\"container\" data-settings=\"{&quot;background_background&quot;:&quot;classic&quot;,&quot;jet_parallax_layout_list&quot;:[]}\">\n\t\t\t\t<div data-dce-title-color=\"#212028\" class=\"elementor-element elementor-element-256c4445 elementor-widget elementor-widget-heading\" data-id=\"256c4445\" data-element_type=\"widget\" data-e-type=\"widget\" data-widget_type=\"heading.default\">\n\t\t\t\t\t<h2 class=\"elementor-heading-title elementor-size-default\">Ein au\u00dfergew\u00f6hnliches Winterabenteuer!<\/h2>\t\t\t\t<\/div>\n\t\t\t\t<div class=\"elementor-element elementor-element-2007ed50 elementor-widget elementor-widget-text-editor\" data-id=\"2007ed50\" data-element_type=\"widget\" data-e-type=\"widget\" data-widget_type=\"text-editor.default\">\n\t\t\t\t\t\t\t\t\t<p>Willkommen im Vall\u00e9e de Chamonix, wo Sie an der Seite unserer Schlittenhunde ein einzigartiges Winterabenteuer erleben k\u00f6nnen. Lernen Sie diese nordischen Athleten kennen, lernen Sie sie zu f\u00fchren und erkunden Sie die verschneiten Landschaften von Chamonix. Begleitet von erfahrenen Mushern werden Sie die Kraft des Rudels und die Sch\u00f6nheit der Berge kennenlernen.<\/p>\n<p>Es erwartet Sie eine ganz andere Erfahrung zwischen Natur und Tradition und ein unvergesslicher Moment im Herzen des alpinen Winters.<\/p>\n\t\t\t\t\t\t\t\t<\/div>\n\t\t<div class=\"elementor-element elementor-element-4ec3c0 e-con-full e-flex e-con e-child\" data-id=\"4ec3c0\" data-element_type=\"container\" data-e-type=\"container\" data-settings=\"{&quot;jet_parallax_layout_list&quot;:[]}\">\n\t\t<div class=\"elementor-element elementor-element-3e97f5fa e-con-full e-flex e-con e-child\" data-id=\"3e97f5fa\" data-element_type=\"container\" data-e-type=\"container\" data-settings=\"{&quot;jet_parallax_layout_list&quot;:[]}\">\n\t\t\t\t<div data-dce-title-color=\"#000000\" class=\"elementor-element elementor-element-2f445e18 elementor-widget elementor-widget-heading\" data-id=\"2f445e18\" data-element_type=\"widget\" data-e-type=\"widget\" data-widget_type=\"heading.default\">\n\t\t\t\t\t<h2 class=\"elementor-heading-title elementor-size-default\">HuskyDalen <\/h2>\t\t\t\t<\/div>\n\t\t\t\t<div class=\"elementor-element elementor-element-5b845ec elementor-widget elementor-widget-text-editor\" data-id=\"5b845ec\" data-element_type=\"widget\" data-e-type=\"widget\" data-widget_type=\"text-editor.default\">\n\t\t\t\t\t\t\t\t\t<p>Erleben Sie vor der Kulisse des Mont Blanc viel mehr als nur einen einfachen Spaziergang: Tauchen Sie ein in die Welt der nordischen Hunde, wo Natur, Tradition und Verbundenheit ihre ganze Bedeutung entfalten. Huskydalen, seit 1999 eine Referenz in Chamonix-Mont-Blanc, l\u00e4dt Sie ein, seine athletischen Huskys, die wahren Stars des Schlittenfahrens, in einer grandiosen Umgebung kennenzulernen. Ob mit der Familie, zu zweit oder mit Freunden, hier ist das Abenteuer f\u00fcr alle zug\u00e4nglich und jede Begegnung mit einem Husky wird zu einem emotionalen Moment des Austauschs.<\/p>\n<p>Reservierung per E-Mail oder Telefon:<\/p>\n<p>+33 (6) 84 99 34 67<\/p>\n<p>contact@huskydalen.com<\/p>\n\t\t\t\t\t\t\t\t<\/div>\n\t\t\t\t<div class=\"elementor-element elementor-element-6a212347 elementor-widget elementor-widget-button\" data-id=\"6a212347\" data-element_type=\"widget\" data-e-type=\"widget\" data-widget_type=\"button.default\">\n\t\t\t\t\t\t\t\t\t\t<a class=\"elementor-button elementor-button-link elementor-size-sm\" href=\"https:\/\/www.huskydalen.com\/\" target=\"_blank\" rel=\"noopener\">\n\t\t\t\t\t\t<span class=\"elementor-button-content-wrapper\">\n\t\t\t\t\t\t\t\t\t<span class=\"elementor-button-text\">Huskydalen.com<\/span>\n\t\t\t\t\t<\/span>\n\t\t\t\t\t<\/a>\n\t\t\t\t\t\t\t\t<\/div>\n\t\t\t\t<\/div>\n\t\t<div class=\"elementor-element elementor-element-6cb230fd e-con-full e-flex e-con e-child\" data-id=\"6cb230fd\" data-element_type=\"container\" data-e-type=\"container\" data-settings=\"{&quot;background_background&quot;:&quot;slideshow&quot;,&quot;background_slideshow_gallery&quot;:[{&quot;id&quot;:9599,&quot;url&quot;:&quot;https:\\\/\\\/fontaine-chamonix.com\\\/wp-content\\\/uploads\\\/2025\\\/07\\\/fredrik-solli-wandem-Sl2cV_6x3-g-unsplash-1-scaled.jpg&quot;}],&quot;background_slideshow_slide_duration&quot;:2000,&quot;jet_parallax_layout_list&quot;:[],&quot;background_slideshow_loop&quot;:&quot;yes&quot;,&quot;background_slideshow_slide_transition&quot;:&quot;fade&quot;,&quot;background_slideshow_transition_duration&quot;:500}\">\n\t\t\t\t<\/div>\n\t\t\t\t<\/div>\n\t\t\t\t<div class=\"elementor-element elementor-element-640939f7 elementor-widget elementor-widget-spacer\" data-id=\"640939f7\" data-element_type=\"widget\" data-e-type=\"widget\" data-widget_type=\"spacer.default\">\n\t\t\t\t\t\t\t<div class=\"elementor-spacer\">\n\t\t\t<div class=\"elementor-spacer-inner\"><\/div>\n\t\t<\/div>\n\t\t\t\t\t\t<\/div>\n\t\t\t\t<div class=\"elementor-element elementor-element-38da04df elementor-widget elementor-widget-spacer\" data-id=\"38da04df\" data-element_type=\"widget\" data-e-type=\"widget\" data-widget_type=\"spacer.default\">\n\t\t\t\t\t\t\t<div class=\"elementor-spacer\">\n\t\t\t<div class=\"elementor-spacer-inner\"><\/div>\n\t\t<\/div>\n\t\t\t\t\t\t<\/div>\n\t\t\t\t<\/div>\n\t\t\t\t<\/div>\n\t\t\t\t<\/div>\n\t\t","protected":false},"excerpt":{"rendered":"<p>Schlittenhunde Ein au\u00dfergew\u00f6hnliches Winterabenteuer! Willkommen im Vall\u00e9e de Chamonix, wo Sie an der Seite unserer Schlittenhunde ein einzigartiges Winterabenteuer erleben k\u00f6nnen. Lernen Sie diese nordischen Athleten kennen, lernen Sie sie zu f\u00fchren und erkunden Sie die verschneiten Landschaften von Chamonix. Begleitet von erfahrenen Mushern werden Sie die Kraft des Rudels und die Sch\u00f6nheit der Berge [&hellip;]<\/p>\n","protected":false},"author":4,"featured_media":6508,"parent":0,"menu_order":0,"comment_status":"closed","ping_status":"closed","template":"elementor_header_footer","meta":{"footnotes":""},"class_list":["post-7975","page","type-page","status-publish","has-post-thumbnail","hentry"],"jetpack_sharing_enabled":true,"_links":{"self":[{"href":"https:\/\/fontaine-chamonix.com\/de\/wp-json\/wp\/v2\/pages\/7975","targetHints":{"allow":["GET"]}}],"collection":[{"href":"https:\/\/fontaine-chamonix.com\/de\/wp-json\/wp\/v2\/pages"}],"about":[{"href":"https:\/\/fontaine-chamonix.com\/de\/wp-json\/wp\/v2\/types\/page"}],"author":[{"embeddable":true,"href":"https:\/\/fontaine-chamonix.com\/de\/wp-json\/wp\/v2\/users\/4"}],"replies":[{"embeddable":true,"href":"https:\/\/fontaine-chamonix.com\/de\/wp-json\/wp\/v2\/comments?post=7975"}],"version-history":[{"count":7,"href":"https:\/\/fontaine-chamonix.com\/de\/wp-json\/wp\/v2\/pages\/7975\/revisions"}],"predecessor-version":[{"id":11416,"href":"https:\/\/fontaine-chamonix.com\/de\/wp-json\/wp\/v2\/pages\/7975\/revisions\/11416"}],"wp:featuredmedia":[{"embeddable":true,"href":"https:\/\/fontaine-chamonix.com\/de\/wp-json\/wp\/v2\/media\/6508"}],"wp:attachment":[{"href":"https:\/\/fontaine-chamonix.com\/de\/wp-json\/wp\/v2\/media?parent=7975"}],"curies":[{"name":"wp","href":"https:\/\/api.w.org\/{rel}","templated":true}]}}